{"id":4045,"date":"2018-11-29T02:36:00","date_gmt":"2018-11-29T02:36:00","guid":{"rendered":"https:\/\/www.stvvalves.com\/?post_type=product&#038;p=4045"},"modified":"2025-02-17T18:18:47","modified_gmt":"2025-02-17T10:18:47","slug":"cast-steel-y-type-flange-strainer","status":"publish","type":"product","link":"https:\/\/www.stvvalves.com\/ro\/products\/cast-steel-y-type-flange-strainer\/","title":{"rendered":"Sita cu flan\u0219\u0103 tip Y din o\u021bel turnat"},"content":{"rendered":"<p><img loading=\"lazy\" decoding=\"async\" class=\"alignnone size-full wp-image-4051\" src=\"https:\/\/www.stvvalves.com\/wp-content\/uploads\/2018\/11\/cast-steel-y-type-flange-strainer-drawing.jpg\" alt=\"\" width=\"2339\" height=\"1654\" srcset=\"https:\/\/www.stvvalves.com\/wp-content\/uploads\/2018\/11\/cast-steel-y-type-flange-strainer-drawing.jpg 2339w, https:\/\/www.stvvalves.com\/wp-content\/uploads\/2018\/11\/cast-steel-y-type-flange-strainer-drawing-600x424.jpg 600w, https:\/\/www.stvvalves.com\/wp-content\/uploads\/2018\/11\/cast-steel-y-type-flange-strainer-drawing-300x212.jpg 300w, https:\/\/www.stvvalves.com\/wp-content\/uploads\/2018\/11\/cast-steel-y-type-flange-strainer-drawing-768x543.jpg 768w, https:\/\/www.stvvalves.com\/wp-content\/uploads\/2018\/11\/cast-steel-y-type-flange-strainer-drawing-1030x728.jpg 1030w, https:\/\/www.stvvalves.com\/wp-content\/uploads\/2018\/11\/cast-steel-y-type-flange-strainer-drawing-1500x1061.jpg 1500w, https:\/\/www.stvvalves.com\/wp-content\/uploads\/2018\/11\/cast-steel-y-type-flange-strainer-drawing-260x185.jpg 260w, https:\/\/www.stvvalves.com\/wp-content\/uploads\/2018\/11\/cast-steel-y-type-flange-strainer-drawing-705x499.jpg 705w\" sizes=\"auto, (max-width: 2339px) 100vw, 2339px\" \/><\/p>","protected":false},"excerpt":{"rendered":"<p>Model: GL41H-150LB<\/p>\n<p>Sita noastr\u0103 cu flan\u0219\u0103 de tip Y din o\u021bel turnat este compact\u0103, u\u0219or de cur\u0103\u021bat \u0219i are un dop de scurgere deta\u0219abil \u0219i o plas\u0103 de ecran din o\u021bel inoxidabil. Ofer\u0103 o solu\u021bie economic\u0103 \u0219i este recomandat\u0103 pentru aplica\u021biile \u00een care trebuie evitat\u0103 deteriorarea supapelor \u0219i a altor echipamente mecanice aferente.<\/p>\n<p>Resturile din conducte, inclusiv murd\u0103ria \u0219i calcarul, sunt adesea cauza defec\u021biunilor, daunelor, pierderii de energie \u0219i reducerii productivit\u0103\u021bii.<\/p>\n<p>Caracteristici cheie:<br \/>\nDisponibil \u00een PN16\/40 sau cu flan\u0219\u0103 ANSI, flan\u0219\u0103 JIS<br \/>\ndimensiuni: 1\/2\u2033 p\u00e2n\u0103 la 24\u2033<br \/>\nInterval de temperatur\u0103: -29 p\u00e2n\u0103 la 560\u00b0C.<br \/>\nPresiune nominal\u0103: DIN PN16-PN40 sau ANSI 150LB-1500LB,JIS10K-30K<br \/>\nMaterial caroserie, WCB, CF8, CF8M, WC6 \u0218I WC9 etc.<br \/>\nInstalarea unei sit\u0103ri este \u00eentotdeauna recomandat\u0103 pentru a asigura un serviciu f\u0103r\u0103 probleme<\/p>\n<p>STV Valve Technology Group Co., Ltd este un lider profesionist ChinaAnsi 150 sit\u0103 cu flan\u0219\u0103, filtru cu flan\u0219\u0103 ANSI, sit\u0103 tip Y din o\u021bel turnat, sit\u0103 cu flan\u0219\u0103, sit\u0103 tip Y, sit\u0103 Y flan\u0219\u0103 Jis 10k, Produc\u0103tor de sit\u0103 Y din o\u021bel carbon de \u00eenalt\u0103 calitate si pret competitiv.<\/p>\n<p>V\u0103 rug\u0103m s\u0103 contacta\u021bi sales@stvvalve.com pentru alte materiale \u0219i detalii.<\/p>\n<p>Fi\u0219\u0103 de date:<br \/>\n<a href=\"https:\/\/www.stvvalves.com\/wp-content\/uploads\/2018\/11\/cast-steel-y-type-flange-strainer-drawing.pdf\">Sita cu flan\u0219\u0103 tip Y din o\u021bel turnat<\/a><\/p>\n<p>&nbsp;<\/p>","protected":false},"featured_media":4047,"template":"","meta":[],"product_brand":[],"product_cat":[72,48],"product_tag":[234,235,1022,233,232,567,236],"class_list":{"0":"post-4045","1":"product","2":"type-product","3":"status-publish","4":"has-post-thumbnail","6":"product_cat-cast-steel-y-type-strainer","7":"product_cat-y-strainer","8":"product_tag-ansi-150-flanged-strainer","9":"product_tag-ansi-flange-filter","10":"product_tag-carbon-steel-y-strainer","11":"product_tag-cast-steel-y-type-strainer","12":"product_tag-flanged-strainer","13":"product_tag-jis-10k-flange-y-strainer","14":"product_tag-y-type-strainer","16":"first","17":"instock","18":"shipping-taxable","19":"product-type-simple"},"_links":{"self":[{"href":"https:\/\/www.stvvalves.com\/ro\/wp-json\/wp\/v2\/product\/4045","targetHints":{"allow":["GET"]}}],"collection":[{"href":"https:\/\/www.stvvalves.com\/ro\/wp-json\/wp\/v2\/product"}],"about":[{"href":"https:\/\/www.stvvalves.com\/ro\/wp-json\/wp\/v2\/types\/product"}],"wp:featuredmedia":[{"embeddable":true,"href":"https:\/\/www.stvvalves.com\/ro\/wp-json\/wp\/v2\/media\/4047"}],"wp:attachment":[{"href":"https:\/\/www.stvvalves.com\/ro\/wp-json\/wp\/v2\/media?parent=4045"}],"wp:term":[{"taxonomy":"product_brand","embeddable":true,"href":"https:\/\/www.stvvalves.com\/ro\/wp-json\/wp\/v2\/product_brand?post=4045"},{"taxonomy":"product_cat","embeddable":true,"href":"https:\/\/www.stvvalves.com\/ro\/wp-json\/wp\/v2\/product_cat?post=4045"},{"taxonomy":"product_tag","embeddable":true,"href":"https:\/\/www.stvvalves.com\/ro\/wp-json\/wp\/v2\/product_tag?post=4045"}],"curies":[{"name":"wp","href":"https:\/\/api.w.org\/{rel}","templated":true}]}}