{"id":4061,"date":"2018-11-29T06:03:40","date_gmt":"2018-11-29T06:03:40","guid":{"rendered":"https:\/\/www.stvvalves.com\/?post_type=product&#038;p=4061"},"modified":"2025-02-17T18:18:44","modified_gmt":"2025-02-17T10:18:44","slug":"stainless-steel-flange-foot-valve","status":"publish","type":"product","link":"https:\/\/www.stvvalves.com\/ro\/products\/stainless-steel-flange-foot-valve\/","title":{"rendered":"Supap\u0103 de picior cu flan\u0219\u0103 din o\u021bel inoxidabil"},"content":{"rendered":"<p><img loading=\"lazy\" decoding=\"async\" class=\"alignnone size-full wp-image-4062\" src=\"https:\/\/www.stvvalves.com\/wp-content\/uploads\/2018\/11\/stainless-steel-flange-foot-valve-drawing.jpg\" alt=\"\" width=\"1653\" height=\"2338\" srcset=\"https:\/\/www.stvvalves.com\/wp-content\/uploads\/2018\/11\/stainless-steel-flange-foot-valve-drawing.jpg 1653w, https:\/\/www.stvvalves.com\/wp-content\/uploads\/2018\/11\/stainless-steel-flange-foot-valve-drawing-600x849.jpg 600w, https:\/\/www.stvvalves.com\/wp-content\/uploads\/2018\/11\/stainless-steel-flange-foot-valve-drawing-212x300.jpg 212w, https:\/\/www.stvvalves.com\/wp-content\/uploads\/2018\/11\/stainless-steel-flange-foot-valve-drawing-768x1086.jpg 768w, https:\/\/www.stvvalves.com\/wp-content\/uploads\/2018\/11\/stainless-steel-flange-foot-valve-drawing-728x1030.jpg 728w, https:\/\/www.stvvalves.com\/wp-content\/uploads\/2018\/11\/stainless-steel-flange-foot-valve-drawing-1061x1500.jpg 1061w, https:\/\/www.stvvalves.com\/wp-content\/uploads\/2018\/11\/stainless-steel-flange-foot-valve-drawing-498x705.jpg 498w\" sizes=\"auto, (max-width: 1653px) 100vw, 1653px\" \/><\/p>","protected":false},"excerpt":{"rendered":"<p>Supapa de picior cu flan\u0219\u0103 din o\u021bel inoxidabil este un fel de supap\u0103 de economisire a energiei, instalat\u0103 de obicei \u00een partea de jos a conductei de aspira\u021bie a pompei, pentru a preveni curgerea fluidului din conduct\u0103 \u00eenapoi la sursa de ap\u0103. Exist\u0103 multe orificii de admisie \u0219i nervuri de \u00eent\u0103rire \u00een capacul supapei, astfel \u00eenc\u00e2t conducta nu va fi \u00eenfundat\u0103 u\u0219or.<\/p>\n<p>Supapa de picior const\u0103 din capot\u0103, disc, buc\u0219\u0103, inel de etan\u0219are etc. Apa intr\u0103 \u00een corpul supapei prin capot\u0103. Sub influen\u021ba presiunii de curgere, discul va fi deschis. C\u00e2nd se opre\u0219te, presiunea din conducta de evacuare va \u00eenchide discul instantaneu, apa nu va curge \u00eenapoi la sursa de ap\u0103. Efecteaz\u0103 func\u021biile de pompare lin\u0103 \u0219i economise\u0219te pierderile de ap\u0103.<\/p>\n<p>Detalii produs:<\/p>\n<p>1.Standard de proiectare: API, ANSI, DIN, JIS, BS, GOST, GB etc;<br \/>\n2.Diametru nominal: 1\/2\u201d \u2013 48\u201d(DN15-DN1200);<br \/>\n3.Presiune nominal\u0103: Class150 \u2013 Class2500 (PN6-PN420);<br \/>\n4.Material principal: WCB, WC6, LCB, LC1, C5, CF8, CF8M, CF3, CF3M, CF8C, CN7M, Hastelloy C etc.<br \/>\n5. De asemenea, putem turna \u0219i produce supape \u00een func\u021bie de cerin\u021bele speciale ale clien\u021bilor.<\/p>\n<p>STV Valve Technology Group Co., Ltd este un lider profesionist din China Produc\u0103tor de supape de picior, supap\u0103 de picior cu arc din o\u021bel inoxidabil, supap\u0103 de picior din o\u021bel inoxidabil, supap\u0103 de picior pentru pomp\u0103 de ap\u0103 din o\u021bel inoxidabil cu flan\u0219\u0103, de \u00eenalt\u0103 calitate \u0219i pre\u021b competitiv.<\/p>\n<p>V\u0103 rug\u0103m s\u0103 contacta\u021bi sales@stvvalve.com pentru alte materiale \u0219i detalii.<\/p>\n<p>Fi\u0219\u0103 de date:<br \/>\n<a href=\"https:\/\/www.stvvalves.com\/wp-content\/uploads\/2018\/11\/stainless-steel-flange-foot-valve-drawing.pdf\">Supap\u0103 de picior cu flan\u0219\u0103 din o\u021bel inoxidabil<\/a><\/p>","protected":false},"featured_media":4064,"template":"","meta":[],"product_brand":[],"product_cat":[46,67],"product_tag":[241,242,244,243],"class_list":{"0":"post-4061","1":"product","2":"type-product","3":"status-publish","4":"has-post-thumbnail","6":"product_cat-check-valves","7":"product_cat-stainless-steel-check-valve","8":"product_tag-foot-valve","9":"product_tag-spring-stainless-steel-foot-valve","10":"product_tag-stainless-steel-foot-valve","11":"product_tag-stainless-steel-water-pump-foot-valve-with-flange-end","13":"first","14":"instock","15":"shipping-taxable","16":"product-type-simple"},"_links":{"self":[{"href":"https:\/\/www.stvvalves.com\/ro\/wp-json\/wp\/v2\/product\/4061","targetHints":{"allow":["GET"]}}],"collection":[{"href":"https:\/\/www.stvvalves.com\/ro\/wp-json\/wp\/v2\/product"}],"about":[{"href":"https:\/\/www.stvvalves.com\/ro\/wp-json\/wp\/v2\/types\/product"}],"wp:featuredmedia":[{"embeddable":true,"href":"https:\/\/www.stvvalves.com\/ro\/wp-json\/wp\/v2\/media\/4064"}],"wp:attachment":[{"href":"https:\/\/www.stvvalves.com\/ro\/wp-json\/wp\/v2\/media?parent=4061"}],"wp:term":[{"taxonomy":"product_brand","embeddable":true,"href":"https:\/\/www.stvvalves.com\/ro\/wp-json\/wp\/v2\/product_brand?post=4061"},{"taxonomy":"product_cat","embeddable":true,"href":"https:\/\/www.stvvalves.com\/ro\/wp-json\/wp\/v2\/product_cat?post=4061"},{"taxonomy":"product_tag","embeddable":true,"href":"https:\/\/www.stvvalves.com\/ro\/wp-json\/wp\/v2\/product_tag?post=4061"}],"curies":[{"name":"wp","href":"https:\/\/api.w.org\/{rel}","templated":true}]}}