{"id":4070,"date":"2018-11-29T08:14:58","date_gmt":"2018-11-29T08:14:58","guid":{"rendered":"https:\/\/www.stvvalves.com\/?post_type=product&#038;p=4070"},"modified":"2025-02-17T18:18:42","modified_gmt":"2025-02-17T10:18:42","slug":"3-piece-stainless-steel-disc-check-valve","status":"publish","type":"product","link":"https:\/\/www.stvvalves.com\/ro\/products\/3-piece-stainless-steel-disc-check-valve\/","title":{"rendered":"Supap\u0103 de re\u021binere cu disc din o\u021bel inoxidabil din 3 buc\u0103\u021bi"},"content":{"rendered":"<p><img loading=\"lazy\" decoding=\"async\" class=\"alignnone size-full wp-image-4076\" src=\"https:\/\/www.stvvalves.com\/wp-content\/uploads\/2018\/11\/3-piece-stainless-steel-disc-check-valve-drawing.jpg\" alt=\"\" width=\"2339\" height=\"1653\" srcset=\"https:\/\/www.stvvalves.com\/wp-content\/uploads\/2018\/11\/3-piece-stainless-steel-disc-check-valve-drawing.jpg 2339w, https:\/\/www.stvvalves.com\/wp-content\/uploads\/2018\/11\/3-piece-stainless-steel-disc-check-valve-drawing-600x424.jpg 600w, https:\/\/www.stvvalves.com\/wp-content\/uploads\/2018\/11\/3-piece-stainless-steel-disc-check-valve-drawing-300x212.jpg 300w, https:\/\/www.stvvalves.com\/wp-content\/uploads\/2018\/11\/3-piece-stainless-steel-disc-check-valve-drawing-768x543.jpg 768w, https:\/\/www.stvvalves.com\/wp-content\/uploads\/2018\/11\/3-piece-stainless-steel-disc-check-valve-drawing-1030x728.jpg 1030w, https:\/\/www.stvvalves.com\/wp-content\/uploads\/2018\/11\/3-piece-stainless-steel-disc-check-valve-drawing-1500x1060.jpg 1500w, https:\/\/www.stvvalves.com\/wp-content\/uploads\/2018\/11\/3-piece-stainless-steel-disc-check-valve-drawing-260x185.jpg 260w, https:\/\/www.stvvalves.com\/wp-content\/uploads\/2018\/11\/3-piece-stainless-steel-disc-check-valve-drawing-705x498.jpg 705w\" sizes=\"auto, (max-width: 2339px) 100vw, 2339px\" \/><\/p>","protected":false},"excerpt":{"rendered":"<p>Model: H11H-PN63<\/p>\n<p>Supap\u0103 de re\u021binere cu disc din o\u021bel inoxidabil 3 buc<br \/>\nSupapa noastr\u0103 de re\u021binere cu disc din o\u021bel inoxidabil 3 piese este potrivit\u0103 pentru aplica\u021bii industriale; medii, inclusiv aer, gaz \u0219i ap\u0103. O supap\u0103 complet \u00eentre\u021binut\u0103, cu corp din o\u021bel inoxidabil \u0219i etan\u0219are din PTFE.<\/p>\n<p>Garniturile corpului sunt u\u0219or de \u00eenlocuit \u0219i\/sau men\u021binut \u00een linie f\u0103r\u0103 a fi nevoie de dezasamblare, pur \u0219i simplu prin sc\u0103parea corpului balansoar.<\/p>\n<p>Potrivit pentru a fi sudat \u00een linie.<\/p>\n<p>Caracteristici cheie:<br \/>\nMaterial: CF8, CF8M.<br \/>\nDisponibil \u00een \u0219uruburi BSPT, NPT sau Socket Weld.<br \/>\nDimensiuni: 1\/2\u2033 p\u00e2n\u0103 la 4\u2033.<br \/>\nPresiune nominal\u0103: PN63.<br \/>\nInterval de temperatur\u0103: -10\u00b0C p\u00e2n\u0103 la 180\u00b0C.<\/p>\n<p>STV Valve Technology Group Co., Ltd este un lider profesionist din China, supap\u0103 de re\u021binere cu disc Wafer 1-PC, supap\u0103 de re\u021binere \u00een 3 buc\u0103\u021bi, supap\u0103 de re\u021binere disco 3-PC, supap\u0103 de re\u021binere disc Wafer 3-PC, supap\u0103 de re\u021binere cu arc 3 buc, disc Wafer 3 buc. Supape de re\u021binere, supap\u0103 de re\u021binere cu arc din o\u021bel inoxidabil 3 buc, supap\u0103 de re\u021binere cu disc din o\u021bel inoxidabil Produc\u0103tor de \u00eenalt\u0103 calitate \u0219i pre\u021b competitiv.<\/p>\n<p>V\u0103 rug\u0103m s\u0103 contacta\u021bi sales@stvvalve.com pentru alte materiale \u0219i detalii.<\/p>\n<p>Fi\u0219\u0103 de date:<br \/>\n<a href=\"https:\/\/www.stvvalves.com\/wp-content\/uploads\/2018\/11\/3-piece-stainless-steel-disc-check-valve-drawing.pdf\">Supap\u0103 de re\u021binere cu disc din o\u021bel inoxidabil din 3 buc\u0103\u021bi<\/a><\/p>","protected":false},"featured_media":4071,"template":"","meta":[],"product_brand":[],"product_cat":[46,67],"product_tag":[246,251,252,247,249,250,245,248],"class_list":{"0":"post-4070","1":"product","2":"type-product","3":"status-publish","4":"has-post-thumbnail","6":"product_cat-check-valves","7":"product_cat-stainless-steel-check-valve","8":"product_tag-1-pc-wafer-disc-check-valve","9":"product_tag-3-piece-check-valve","10":"product_tag-3-pc-disco-check-valve","11":"product_tag-316-3-pc-wafer-disc-check-valve","12":"product_tag-3pc-spring-check-valve","13":"product_tag-3pc-wafer-disc-check-valves","14":"product_tag-stainless-steel-3-piece-spring-check-valve","15":"product_tag-stainless-steel-disc-check-valve-3-piece","17":"first","18":"instock","19":"shipping-taxable","20":"product-type-simple"},"_links":{"self":[{"href":"https:\/\/www.stvvalves.com\/ro\/wp-json\/wp\/v2\/product\/4070","targetHints":{"allow":["GET"]}}],"collection":[{"href":"https:\/\/www.stvvalves.com\/ro\/wp-json\/wp\/v2\/product"}],"about":[{"href":"https:\/\/www.stvvalves.com\/ro\/wp-json\/wp\/v2\/types\/product"}],"wp:featuredmedia":[{"embeddable":true,"href":"https:\/\/www.stvvalves.com\/ro\/wp-json\/wp\/v2\/media\/4071"}],"wp:attachment":[{"href":"https:\/\/www.stvvalves.com\/ro\/wp-json\/wp\/v2\/media?parent=4070"}],"wp:term":[{"taxonomy":"product_brand","embeddable":true,"href":"https:\/\/www.stvvalves.com\/ro\/wp-json\/wp\/v2\/product_brand?post=4070"},{"taxonomy":"product_cat","embeddable":true,"href":"https:\/\/www.stvvalves.com\/ro\/wp-json\/wp\/v2\/product_cat?post=4070"},{"taxonomy":"product_tag","embeddable":true,"href":"https:\/\/www.stvvalves.com\/ro\/wp-json\/wp\/v2\/product_tag?post=4070"}],"curies":[{"name":"wp","href":"https:\/\/api.w.org\/{rel}","templated":true}]}}