{"id":4078,"date":"2018-11-29T08:57:16","date_gmt":"2018-11-29T08:57:16","guid":{"rendered":"https:\/\/www.stvvalves.com\/?post_type=product&#038;p=4078"},"modified":"2025-02-17T18:18:42","modified_gmt":"2025-02-17T10:18:42","slug":"screwed-stainless-steel-y-type-strainer","status":"publish","type":"product","link":"https:\/\/www.stvvalves.com\/ro\/products\/screwed-stainless-steel-y-type-strainer\/","title":{"rendered":"Filtru de tip Y din o\u021bel inoxidabil cu \u0219uruburi"},"content":{"rendered":"<p><img loading=\"lazy\" decoding=\"async\" class=\"alignnone size-full wp-image-4079\" src=\"https:\/\/www.stvvalves.com\/wp-content\/uploads\/2018\/11\/Screwed-Stainless-Steel-Y-Type-Strainer-drawing.jpg\" alt=\"\" width=\"1653\" height=\"2338\" srcset=\"https:\/\/www.stvvalves.com\/wp-content\/uploads\/2018\/11\/Screwed-Stainless-Steel-Y-Type-Strainer-drawing.jpg 1653w, https:\/\/www.stvvalves.com\/wp-content\/uploads\/2018\/11\/Screwed-Stainless-Steel-Y-Type-Strainer-drawing-600x849.jpg 600w, https:\/\/www.stvvalves.com\/wp-content\/uploads\/2018\/11\/Screwed-Stainless-Steel-Y-Type-Strainer-drawing-212x300.jpg 212w, https:\/\/www.stvvalves.com\/wp-content\/uploads\/2018\/11\/Screwed-Stainless-Steel-Y-Type-Strainer-drawing-768x1086.jpg 768w, https:\/\/www.stvvalves.com\/wp-content\/uploads\/2018\/11\/Screwed-Stainless-Steel-Y-Type-Strainer-drawing-728x1030.jpg 728w, https:\/\/www.stvvalves.com\/wp-content\/uploads\/2018\/11\/Screwed-Stainless-Steel-Y-Type-Strainer-drawing-1061x1500.jpg 1061w, https:\/\/www.stvvalves.com\/wp-content\/uploads\/2018\/11\/Screwed-Stainless-Steel-Y-Type-Strainer-drawing-498x705.jpg 498w\" sizes=\"auto, (max-width: 1653px) 100vw, 1653px\" \/><\/p>","protected":false},"excerpt":{"rendered":"<p>Model: GL11H-1000WOG<\/p>\n<p>Filtrul nostru de tip Y din o\u021bel inoxidabil \u00een\u0219urubat este compact, u\u0219or de cur\u0103\u021bat \u0219i are un dop de scurgere deta\u0219abil \u0219i plas\u0103 de ecran din o\u021bel inoxidabil 316 de 1 mm cu pas de 2 mm. Ofer\u0103 o solu\u021bie economic\u0103 \u0219i este recomandat\u0103 pentru aplica\u021biile \u00een care trebuie evitat\u0103 deteriorarea supapelor \u0219i a altor echipamente mecanice aferente.<\/p>\n<p>Resturile din conducte, inclusiv murd\u0103ria \u0219i calcarul, sunt adesea cauza defec\u021biunilor, daunelor, pierderii de energie \u0219i reducerii productivit\u0103\u021bii.<\/p>\n<p>Potrivit pentru aplica\u021bii semi-agresive g\u0103site \u00een industriile chimice \u0219i de proces.<\/p>\n<p>Caracteristici cheie:<br \/>\nDisponibil cu corp 316 (CF8M) \u0219i capac din BSPP cu \u0219uruburi,<br \/>\ndimensiuni: 1\/4\u2033 p\u00e2n\u0103 la 4\u2033.<br \/>\nCorp de turnare SS 316<br \/>\nPresiune de lucru de 800 psi<br \/>\nPotrivit pentru o gam\u0103 complet\u0103 de lichide \u0219i gaze (WOG)<br \/>\nInterval de temperatur\u0103: -20\u00b0C p\u00e2n\u0103 la 180\u00b0C.<br \/>\nDisponibil \u00een ecrane de 20 mesh (\u2248 1 mm) sau 140 mesh (\u2248 100 mc)<br \/>\nCapetele filetate FxF NPT conform ANSI B1.20.1<br \/>\nDenumire \u2013 Material<\/p>\n<p>Caroseria \u2013 SS 316 (CF8M)<\/p>\n<p>Capota \u2013 SS 316 (CF8M)<\/p>\n<p>Garnitura \u2013 PTFE<\/p>\n<p>Ecran \u2013 SS 304<\/p>\n<p>STV Valve Technology Group Co., Ltd este un lider profesionist China 800 WOG Y Filtru, Filtru \u00een\u0219urubat, Filtru \u00een\u0219urubat Y Filtru \u00een\u0219urubat Y, STAINER Y-STRAINER INOX (316), Filtru din o\u021bel inoxidabil, Filtru tip Y, Filtru Y NPT, Produc\u0103tor de strecur\u0103toare Bspp Y feminin cu \u00eenalt\u0103 calitate \u0219i pre\u021b competitiv.<\/p>\n<p>V\u0103 rug\u0103m s\u0103 contacta\u021bi sales@stvvalve.com pentru alte materiale \u0219i detalii.<\/p>\n<p>Fi\u0219\u0103 de date:<br \/>\n<a href=\"https:\/\/www.stvvalves.com\/wp-content\/uploads\/2018\/11\/Screwed-Stainless-Steel-Y-Type-Strainer-drawing.pdf\">Filtru de tip Y din o\u021bel inoxidabil cu \u0219uruburi<\/a><\/p>","protected":false},"featured_media":4081,"template":"","meta":[],"product_brand":[],"product_cat":[85,48],"product_tag":[257,1028,1027,256,1026,253,255,236],"class_list":{"0":"post-4078","1":"product","2":"type-product","3":"status-publish","4":"has-post-thumbnail","6":"product_cat-stainless-steel-y-type-strainer","7":"product_cat-y-strainer","8":"product_tag-800-wog-y-strainer","9":"product_tag-female-bspp-y-strainer","10":"product_tag-npt-y-strainer","11":"product_tag-screwed-strainer","12":"product_tag-screwed-y-strainer-screwed-y-strainer","13":"product_tag-stainless-steel-316-y-strainer","14":"product_tag-stainless-steel-strainer","15":"product_tag-y-type-strainer","17":"first","18":"instock","19":"shipping-taxable","20":"product-type-simple"},"_links":{"self":[{"href":"https:\/\/www.stvvalves.com\/ro\/wp-json\/wp\/v2\/product\/4078","targetHints":{"allow":["GET"]}}],"collection":[{"href":"https:\/\/www.stvvalves.com\/ro\/wp-json\/wp\/v2\/product"}],"about":[{"href":"https:\/\/www.stvvalves.com\/ro\/wp-json\/wp\/v2\/types\/product"}],"wp:featuredmedia":[{"embeddable":true,"href":"https:\/\/www.stvvalves.com\/ro\/wp-json\/wp\/v2\/media\/4081"}],"wp:attachment":[{"href":"https:\/\/www.stvvalves.com\/ro\/wp-json\/wp\/v2\/media?parent=4078"}],"wp:term":[{"taxonomy":"product_brand","embeddable":true,"href":"https:\/\/www.stvvalves.com\/ro\/wp-json\/wp\/v2\/product_brand?post=4078"},{"taxonomy":"product_cat","embeddable":true,"href":"https:\/\/www.stvvalves.com\/ro\/wp-json\/wp\/v2\/product_cat?post=4078"},{"taxonomy":"product_tag","embeddable":true,"href":"https:\/\/www.stvvalves.com\/ro\/wp-json\/wp\/v2\/product_tag?post=4078"}],"curies":[{"name":"wp","href":"https:\/\/api.w.org\/{rel}","templated":true}]}}