{"id":4088,"date":"2018-11-29T13:08:18","date_gmt":"2018-11-29T13:08:18","guid":{"rendered":"https:\/\/www.stvvalves.com\/?post_type=product&#038;p=4088"},"modified":"2025-02-17T18:18:40","modified_gmt":"2025-02-17T10:18:40","slug":"stainless-steel-spring-disc-check-valve","status":"publish","type":"product","link":"https:\/\/www.stvvalves.com\/ro\/products\/stainless-steel-spring-disc-check-valve\/","title":{"rendered":"Supap\u0103 de re\u021binere cu disc cu arc din o\u021bel inoxidabil"},"content":{"rendered":"<p>CARACTERISTICI TEHNICE:<br \/>\nSupap\u0103 de re\u021binere pentru napolitan\u0103 (un singur disc)<br \/>\nSupap\u0103 de corp, disc \u0219i arc:<br \/>\notel inoxidabil Aisi 316<br \/>\nAsamblare intre flanse:<br \/>\nDIN PN 10\/40 \u0219i ANSI 150 lbs<br \/>\nPresiune nominal\u0103 de lucru: 40 bar (25 bar pentru<br \/>\nDN125, 150 \u0219i 200)<br \/>\nPresiune de deschidere:<br \/>\nMin. 0,025 bar Max. 0,045 bar<br \/>\nInterval de temperatur\u0103: 0\u00b0C p\u00e2n\u0103 la 200\u00b0C.<br \/>\nInstalare: curgere orizontal\u0103, vertical\u0103 sau \u00eenclinat\u0103<\/p>\n<table>\n<tbody>\n<tr>\n<td width=\"200\"><strong>numele produsului<\/strong><\/td>\n<td width=\"481\">Supap\u0103 de re\u021binere cu disc cu arc din o\u021bel inoxidabil<\/td>\n<\/tr>\n<tr>\n<td width=\"200\">1. Material<\/td>\n<td width=\"481\">CF8<\/td>\n<\/tr>\n<tr>\n<td width=\"200\">2. Dimensiunea<\/td>\n<td width=\"481\">4\u201d<\/td>\n<\/tr>\n<tr>\n<td width=\"200\">4. Port<\/td>\n<td width=\"481\">Port complet<\/td>\n<\/tr>\n<tr>\n<td width=\"200\">5. Presiunea de lucru<\/td>\n<td width=\"481\">150 lb<\/td>\n<\/tr>\n<tr>\n<td width=\"200\">6. Conexiunea se termin\u0103<\/td>\n<td width=\"481\">RF<\/td>\n<\/tr>\n<tr>\n<td width=\"200\">7. Temp. de lucru.<\/td>\n<td width=\"481\">-29~300\u00baC,<\/td>\n<\/tr>\n<tr>\n<td width=\"200\">8. Mediu potrivit<\/td>\n<td width=\"481\">Ap\u0103, gaze naturale, ulei \u0219i ceva lichid coroziv<\/td>\n<\/tr>\n<tr>\n<td width=\"200\">9. Operat<\/td>\n<td width=\"481\">\/<\/td>\n<\/tr>\n<tr>\n<td width=\"200\">10. Inspec\u021bie \u0219i testare<\/td>\n<td width=\"481\">Conform API594<\/td>\n<\/tr>\n<tr>\n<td width=\"200\"><strong>Expediere<\/strong><\/td>\n<td width=\"481\"><\/td>\n<\/tr>\n<tr>\n<td width=\"200\">Timpul de livrare<\/td>\n<td width=\"481\">30 de zile<\/td>\n<\/tr>\n<tr>\n<td width=\"200\">Pachet<\/td>\n<td width=\"481\">Carcas\u0103 standard de export de placaj<\/td>\n<\/tr>\n<tr>\n<td width=\"200\">Portul de expediere<\/td>\n<td width=\"481\">Ningbo\/Shanghai, China<\/td>\n<\/tr>\n<tr>\n<td width=\"200\">Termeni de livrare<\/td>\n<td width=\"481\">Exw, FOB, CFR, CIF etc.<\/td>\n<\/tr>\n<tr>\n<td width=\"200\">Termeni de plat\u0103<\/td>\n<td width=\"481\">T\/T, Western Union, PayPal etc.<\/td>\n<\/tr>\n<tr>\n<td width=\"200\"><\/td>\n<td width=\"481\">Plat\u0103 anticipat\u0103 30%, sold 70% pl\u0103tit \u00eenainte de expediere<\/td>\n<\/tr>\n<tr>\n<td width=\"200\">\u021aara de origine<\/td>\n<td width=\"481\">Ora\u0219ul Wenzhou, China<\/td>\n<\/tr>\n<tr>\n<td width=\"200\">Capacitatea de produc\u021bie<\/td>\n<td width=\"481\">6000 tone\/an<\/td>\n<\/tr>\n<tr>\n<td width=\"200\">MOQ<\/td>\n<td width=\"481\">1 buc\/dimensiune<\/td>\n<\/tr>\n<\/tbody>\n<\/table>","protected":false},"excerpt":{"rendered":"<p>Model: H71H-150LB-1\u2033<\/p>\n<p>Modelul nostru din o\u021bel inoxidabil pentru supap\u0103 de re\u021binere cu arc de disc ofer\u0103 capacit\u0103\u021bi excelente de etan\u0219are at\u00e2t pentru presiuni \u00eenalte, c\u00e2t \u0219i pentru cele sc\u0103zute; aplica\u021biile de uz general, industriale \u0219i HVAC includ ap\u0103, \u00eenc\u0103lzire, instala\u021bii de aer condi\u021bionat \u0219i sisteme de aer comprimat. O supap\u0103 cu arc economic\u0103, care economise\u0219te spa\u021biu, cu corp din o\u021bel inoxidabil \u0219i etan\u0219are metalic\u0103.<\/p>\n<p>Instalat fie vertical (numai \u00een sus) sau orizontal.<\/p>\n<p>&nbsp;<\/p>\n<p>STV Valve Technology Group Co., Ltd este un lider profesionist din China: supape de re\u021binere cu disc, supape de re\u021binere cu dou\u0103 discuri, supape de re\u021binere cu arc cu arc, supape de re\u021binere cu arc din o\u021bel inoxidabil, supape de re\u021binere cu disc Wafer, produc\u0103tor de supape de re\u021binere cu disc Wafer din China, Supap\u0103 de re\u021binere cu disc din o\u021bel inoxidabil cu model de napolitan\u0103, supape de re\u021binere cu disc stil napolitan\u0103, supape de re\u021binere tip napolitan\u0103, supap\u0103 de re\u021binere tip wafer cu un singur disc Produc\u0103tor cu \u00eenalt\u0103 calitate \u0219i pre\u021b competitiv.<\/p>\n<p>V\u0103 rug\u0103m s\u0103 contacta\u021bi sales@stvvalve.com pentru alte materiale \u0219i detalii.<\/p>\n<p>Fi\u0219\u0103 de date:<\/p>\n<p><a href=\"https:\/\/www.stvvalves.com\/wp-content\/uploads\/2018\/11\/stainless-steel-spring-disc-check-valve-drawing.pdf\">Supap\u0103 de re\u021binere cu disc cu arc din o\u021bel inoxidabil<\/a><\/p>","protected":false},"featured_media":4094,"template":"","meta":[],"product_brand":[],"product_cat":[46,84],"product_tag":[263,267,266,260,259,264,265,262,261,258],"class_list":{"0":"post-4088","1":"product","2":"type-product","3":"status-publish","4":"has-post-thumbnail","6":"product_cat-check-valves","7":"product_cat-wafer-check-valve","8":"product_tag-disc-check-valve","9":"product_tag-dual-disc-check-valves","10":"product_tag-spring-loaded-disc-type-check-valves","11":"product_tag-stainless-steel-spring-disc-check-valve","12":"product_tag-wafer-disc-check-valves","13":"product_tag-wafer-disc-check-valves-manufacturer-from-china","14":"product_tag-wafer-pattern-stainless-steel-disc-check-valve","15":"product_tag-wafer-style-disc-check-valves","16":"product_tag-wafer-type-check-valves","17":"product_tag-wafer-type-single-disc-lift-check-valve","19":"first","20":"instock","21":"shipping-taxable","22":"product-type-simple"},"_links":{"self":[{"href":"https:\/\/www.stvvalves.com\/ro\/wp-json\/wp\/v2\/product\/4088","targetHints":{"allow":["GET"]}}],"collection":[{"href":"https:\/\/www.stvvalves.com\/ro\/wp-json\/wp\/v2\/product"}],"about":[{"href":"https:\/\/www.stvvalves.com\/ro\/wp-json\/wp\/v2\/types\/product"}],"wp:featuredmedia":[{"embeddable":true,"href":"https:\/\/www.stvvalves.com\/ro\/wp-json\/wp\/v2\/media\/4094"}],"wp:attachment":[{"href":"https:\/\/www.stvvalves.com\/ro\/wp-json\/wp\/v2\/media?parent=4088"}],"wp:term":[{"taxonomy":"product_brand","embeddable":true,"href":"https:\/\/www.stvvalves.com\/ro\/wp-json\/wp\/v2\/product_brand?post=4088"},{"taxonomy":"product_cat","embeddable":true,"href":"https:\/\/www.stvvalves.com\/ro\/wp-json\/wp\/v2\/product_cat?post=4088"},{"taxonomy":"product_tag","embeddable":true,"href":"https:\/\/www.stvvalves.com\/ro\/wp-json\/wp\/v2\/product_tag?post=4088"}],"curies":[{"name":"wp","href":"https:\/\/api.w.org\/{rel}","templated":true}]}}