{"id":4112,"date":"2018-12-01T02:27:02","date_gmt":"2018-12-01T02:27:02","guid":{"rendered":"https:\/\/www.stvvalves.com\/?post_type=product&#038;p=4112"},"modified":"2025-02-17T18:18:40","modified_gmt":"2025-02-17T10:18:40","slug":"api-602-forged-steel-y-strainer-800lb","status":"publish","type":"product","link":"https:\/\/www.stvvalves.com\/ro\/products\/api-602-forged-steel-y-strainer-800lb\/","title":{"rendered":"Sita Y din o\u021bel forjat API 602 800LB"},"content":{"rendered":"<p>1. Capot\u0103 \u0219urub, capot\u0103 \u0219urub,<br \/>\nCapot\u0103 sudat\u0103 cap la cap<br \/>\n2. Port complet \u0219i Port de reducere<br \/>\n3. Un capac filetat \u0219i de etan\u0219are la presiune<br \/>\n4. Materialele sunt conforme cu ANSI\/ASTM<\/p>\n<p>Standard: 1. Standard de proiectare: API602,BS5352<br \/>\n2. Material Presiune-Temperatura Standard: ASME B16.34<br \/>\n3. Standard de dimensiuni fa\u021b\u0103 \u00een fa\u021b\u0103: ASME B16.10<br \/>\n4. Standard de dimensiune a flan\u0219ei: ASME B16.5<br \/>\n5. Capetele sudate cu muf\u0103 sunt conforme cu ANSI B16.11<br \/>\n6. Capetele \u0219uruburilor sunt conforme cu ANSI B1.20.1<br \/>\n7. Standard de inspec\u021bie \u0219i testare: API598<\/p>\n<p>&nbsp;<\/p>\n<p>Dimensiune: 1\/4 &quot;~ 2&quot;<\/p>\n<p>Presiune nominal\u0103: clasa 150-2500LB<\/p>\n<p>Material caroserie: ASTM A105, ASTM A182 LF2, ASTM A182 F11, ASTM A182 F22, ASTM A182 F51, ASTM A182 F91, ASTM A182 F304, ASTM A182 F316, ASTM A182 F304L, ASTM A182 F304L, etc.<\/p>\n<p>Conexiunea final\u0103: NPT,BW,SW,RF,RTJ.<\/p>\n<p>Temperatura de lucru: -29\u2103~650\u2103<\/p>\n<table>\n<tbody>\n<tr>\n<td width=\"200\"><strong>numele produsului<\/strong><\/td>\n<td width=\"481\">API 602 Forged Steel Y Strainer 800LB<\/td>\n<\/tr>\n<tr>\n<td width=\"200\">1. Material<\/td>\n<td width=\"481\">A105N<\/td>\n<\/tr>\n<tr>\n<td width=\"200\">2. Dimensiunea<\/td>\n<td width=\"481\">1\u201d<\/td>\n<\/tr>\n<tr>\n<td width=\"200\">4. Port<\/td>\n<td width=\"481\">\u00a0Port reductor<\/td>\n<\/tr>\n<tr>\n<td width=\"200\">5. Presiunea de lucru<\/td>\n<td width=\"481\">800 lb<\/td>\n<\/tr>\n<tr>\n<td width=\"200\">6. Conexiunea se termin\u0103<\/td>\n<td width=\"481\">BW<\/td>\n<\/tr>\n<tr>\n<td width=\"200\">7. Temp. de lucru.<\/td>\n<td width=\"481\">-29~425\u00baC,<\/td>\n<\/tr>\n<tr>\n<td width=\"200\">8. Mediu potrivit<\/td>\n<td width=\"481\">Ap\u0103, gaze naturale, ulei \u0219i ceva lichid coroziv<\/td>\n<\/tr>\n<tr>\n<td width=\"200\">9. Operat<\/td>\n<td width=\"481\"><\/td>\n<\/tr>\n<tr>\n<td width=\"200\">10. Inspec\u021bie \u0219i testare<\/td>\n<td width=\"481\">Conform API598<\/td>\n<\/tr>\n<tr>\n<td width=\"200\"><strong>Expediere<\/strong><\/td>\n<td width=\"481\"><\/td>\n<\/tr>\n<tr>\n<td width=\"200\">Timpul de livrare<\/td>\n<td width=\"481\">30 de zile<\/td>\n<\/tr>\n<tr>\n<td width=\"200\">Pachet<\/td>\n<td width=\"481\">Carcas\u0103 standard de export de placaj<\/td>\n<\/tr>\n<tr>\n<td width=\"200\">Portul de expediere<\/td>\n<td width=\"481\">Ningbo\/Shanghai, China<\/td>\n<\/tr>\n<tr>\n<td width=\"200\">Termeni de livrare<\/td>\n<td width=\"481\">Exw, FOB, CFR, CIF etc.<\/td>\n<\/tr>\n<tr>\n<td width=\"200\">Termeni de plat\u0103<\/td>\n<td width=\"481\">T\/T, Western Union, PayPal etc.<\/td>\n<\/tr>\n<tr>\n<td width=\"200\"><\/td>\n<td width=\"481\">Plat\u0103 anticipat\u0103 30%, sold 70% pl\u0103tit \u00eenainte de expediere<\/td>\n<\/tr>\n<tr>\n<td width=\"200\">\u021aara de origine<\/td>\n<td width=\"481\">Ora\u0219ul Wenzhou, China<\/td>\n<\/tr>\n<tr>\n<td width=\"200\">Capacitatea de produc\u021bie<\/td>\n<td width=\"481\">6000 tone\/an<\/td>\n<\/tr>\n<tr>\n<td width=\"200\">MOQ<\/td>\n<td width=\"481\">1 buc\/dimensiune<\/td>\n<\/tr>\n<\/tbody>\n<\/table>","protected":false},"excerpt":{"rendered":"<p>Model:FGL11H-800LB<br \/>\nforged steel class 800 strainer is used to protect expensive equipment installed in a pipeline from dirt, debris and particulates. Having a bolted bonnet which ensures safety coupled with easy removal of the standard fine screen that provides effective filtration down to 20 mesh (920\u03bcm or 0.037\u201d).<br \/>\nAvailable in forged steel and conforming to API 602 and ASME B16.34. Offered in various end connections for use with a wide range of applications including: Steam, Thermal Oil, Air, Gas and water.<\/p>\n<p>Size: 1\/4\u201d~2\u201d(DN7~DN50)<\/p>\n<p>Rating:150Lb~2500Lb(PN100~PN420)<\/p>\n<p>Materials: Forged Carbon steel \/Stainless steel \/ Alloy steel \/Special ( Monel \/Inconel \/Hastelly etc.)alloy steel\/ Albronze<\/p>\n<p>End connection :RF\/RTJ\/BW\/ SW\/Thread<\/p>\n<p>Bonnet Type\uff1b Bolt Bonnet,Weld Bonnet,Pressure Seal Bonnet.<\/p>\n<p>Optional features :<\/p>\n<p>Drain plug<\/p>\n<p>Stainless steel screen<\/p>\n<p>&nbsp;<\/p>\n<p>STV Valve Technology Group Co., Ltd is a professional leader China Forged Stainless Steel Y Strainer,FORGED STEEL CLASS 2500 \u201cY\u201d TYPE WELDED COVER STRAINER,Forged Steel Y Type Strainer,Forged Steel Y Type Strainer Class 800,Forged Steel Y- Type Strainers,Forged Steel Y-Pattern Strainer,NPT or BW END,Y Type Strainers and Filters,Y-type strainer Manufacturer with high quality and competitive price.<\/p>\n<p>V\u0103 rug\u0103m s\u0103 contacta\u021bi sales@stvvalve.com pentru alte materiale \u0219i detalii.<\/p>\n<p>Fi\u0219\u0103 de date:<br \/>\n<a href=\"http:\/\/api-602-forged-steel-y-strainer-800lb-DRAWING\">API 602 Forged Steel Y Strainer 800LB<\/a><\/p>","protected":false},"featured_media":4123,"template":"","meta":[],"product_brand":[],"product_cat":[964,48],"product_tag":[288,283,284,280,282,281,286,285,287,236],"class_list":{"0":"post-4112","1":"product","2":"type-product","3":"status-publish","4":"has-post-thumbnail","6":"product_cat-forged-steel-y-type-strainer","7":"product_cat-y-strainer","8":"product_tag-forged-stainless-steel-y-strainer","9":"product_tag-forged-steel-class-2500-y-type-welded-cover-strainer","10":"product_tag-forged-steel-y-type-strainer","11":"product_tag-forged-steel-y-type-strainer-class-800","12":"product_tag-forged-steel-y-type-strainers","13":"product_tag-forged-steel-y-pattern-strainer","14":"product_tag-npt-or-bw-end","15":"product_tag-sw","16":"product_tag-y-type-strainers-and-filters","17":"product_tag-y-type-strainer","19":"first","20":"instock","21":"shipping-taxable","22":"product-type-simple"},"_links":{"self":[{"href":"https:\/\/www.stvvalves.com\/ro\/wp-json\/wp\/v2\/product\/4112","targetHints":{"allow":["GET"]}}],"collection":[{"href":"https:\/\/www.stvvalves.com\/ro\/wp-json\/wp\/v2\/product"}],"about":[{"href":"https:\/\/www.stvvalves.com\/ro\/wp-json\/wp\/v2\/types\/product"}],"wp:featuredmedia":[{"embeddable":true,"href":"https:\/\/www.stvvalves.com\/ro\/wp-json\/wp\/v2\/media\/4123"}],"wp:attachment":[{"href":"https:\/\/www.stvvalves.com\/ro\/wp-json\/wp\/v2\/media?parent=4112"}],"wp:term":[{"taxonomy":"product_brand","embeddable":true,"href":"https:\/\/www.stvvalves.com\/ro\/wp-json\/wp\/v2\/product_brand?post=4112"},{"taxonomy":"product_cat","embeddable":true,"href":"https:\/\/www.stvvalves.com\/ro\/wp-json\/wp\/v2\/product_cat?post=4112"},{"taxonomy":"product_tag","embeddable":true,"href":"https:\/\/www.stvvalves.com\/ro\/wp-json\/wp\/v2\/product_tag?post=4112"}],"curies":[{"name":"wp","href":"https:\/\/api.w.org\/{rel}","templated":true}]}}