{"id":4124,"date":"2018-12-01T03:46:27","date_gmt":"2018-12-01T03:46:27","guid":{"rendered":"https:\/\/www.stvvalves.com\/?post_type=product&#038;p=4124"},"modified":"2025-02-17T18:18:38","modified_gmt":"2025-02-17T10:18:38","slug":"forged-stainless-steel-y-strainer","status":"publish","type":"product","link":"https:\/\/www.stvvalves.com\/ro\/products\/forged-stainless-steel-y-strainer\/","title":{"rendered":"Sita Y din otel inoxidabil forjat"},"content":{"rendered":"<p><img loading=\"lazy\" decoding=\"async\" class=\"alignnone size-full wp-image-4132\" src=\"https:\/\/www.stvvalves.com\/wp-content\/uploads\/2018\/12\/forged-stainless-steel-y-strainer-drawing.jpg\" alt=\"\" width=\"2338\" height=\"1653\" srcset=\"https:\/\/www.stvvalves.com\/wp-content\/uploads\/2018\/12\/forged-stainless-steel-y-strainer-drawing.jpg 2338w, https:\/\/www.stvvalves.com\/wp-content\/uploads\/2018\/12\/forged-stainless-steel-y-strainer-drawing-600x424.jpg 600w, https:\/\/www.stvvalves.com\/wp-content\/uploads\/2018\/12\/forged-stainless-steel-y-strainer-drawing-300x212.jpg 300w, https:\/\/www.stvvalves.com\/wp-content\/uploads\/2018\/12\/forged-stainless-steel-y-strainer-drawing-768x543.jpg 768w, https:\/\/www.stvvalves.com\/wp-content\/uploads\/2018\/12\/forged-stainless-steel-y-strainer-drawing-1030x728.jpg 1030w, https:\/\/www.stvvalves.com\/wp-content\/uploads\/2018\/12\/forged-stainless-steel-y-strainer-drawing-1500x1061.jpg 1500w, https:\/\/www.stvvalves.com\/wp-content\/uploads\/2018\/12\/forged-stainless-steel-y-strainer-drawing-260x185.jpg 260w, https:\/\/www.stvvalves.com\/wp-content\/uploads\/2018\/12\/forged-stainless-steel-y-strainer-drawing-705x498.jpg 705w\" sizes=\"auto, (max-width: 2338px) 100vw, 2338px\" \/><\/p>","protected":false},"excerpt":{"rendered":"<p>Model:FSGL11Y-800LB<\/p>\n<p>We have made available for our esteemed customers a wide range of Forged Stainless Steel Y Strainer . Our offered spectrum is used to filter sand particles, chemicals and other impurities from the water. The professionals working with us manufacture these strainers using high quality material that is sourced from reliable vendors of the market.<br \/>\nCaracteristici cheie<br \/>\nCap\u0103 cu \u0219uruburi<br \/>\nOptional: Welded Cap\uff0cSeal Pressure Cap.<br \/>\nSingle or Dual Screens<br \/>\nManufacture and Design : API6D \/ API594<br \/>\nTest hidrostatic: Shell 3000 PSI \/ Seat 2200 PSI<br \/>\nTest de aer: 80 \u2013 100 PSI<br \/>\nUn design compact, dar extrem de robust pentru servicii la presiune \u00eenalt\u0103 \u0219i temperatur\u0103<br \/>\nInspec\u021bie \u0219i testare: API 598<br \/>\nValve Material : ASTM A105,A182<br \/>\nF304\/F316\/F11\/F22\/F304L\/F316L<br \/>\nValve Rating : 150LB-2500LB<br \/>\nPort Size : Full Port\/Standard Port<br \/>\nSize Range : 1\/2&#8243; &#8211; 2&#8243;<br \/>\nEnd Connections : Threaded(NPT,BSPT,DIN),Socket Weld<br \/>\nTemperatura de lucru: (A105) -20\u00b0F ~ 800\u00b0F, (SS) -20\u00b0F ~ 950\u00b0F<br \/>\nAplica\u021bie de service: hidraulic, abur, chimic, petrol\/gaz<br \/>\nPower,Petrochemical,Marine,Mining,Construction<\/p>\n<p>STV Valve Technology Group Co., Ltd is a professional leader China API Y-Strainer Cast Steel Y-Strainer,Y type strainer,DIN -Strainer,Forged Steel Strainers, Forged Steel Y-Strainer,Stainless Steel Y Strainers,strainer catalog,strainer valve Y type Manufacturer with high quality and competitive price.<\/p>\n<p>V\u0103 rug\u0103m s\u0103 contacta\u021bi sales@stvvalve.com pentru alte materiale \u0219i detalii.<\/p>\n<p>Fi\u0219\u0103 de date:<br \/>\n<a href=\"https:\/\/www.stvvalves.com\/wp-content\/uploads\/2018\/12\/forged-stainless-steel-y-strainer-drawing.pdf\">Sita Y din otel inoxidabil forjat<\/a><\/p>","protected":false},"featured_media":4129,"template":"","meta":[],"product_brand":[],"product_cat":[964,48],"product_tag":[1023,296,291,1024,290,293,1025,236],"class_list":{"0":"post-4124","1":"product","2":"type-product","3":"status-publish","4":"has-post-thumbnail","6":"product_cat-forged-steel-y-type-strainer","7":"product_cat-y-strainer","8":"product_tag-api-y-strainer-cast-steel-y-strainer","9":"product_tag-din-strainer","10":"product_tag-forged-steel-strainers","11":"product_tag-forged-steel-y-strainer","12":"product_tag-stainless-steel-y-strainers","13":"product_tag-strainer-catalog","14":"product_tag-strainer-valve-y-type","15":"product_tag-y-type-strainer","17":"first","18":"instock","19":"shipping-taxable","20":"product-type-simple"},"_links":{"self":[{"href":"https:\/\/www.stvvalves.com\/ro\/wp-json\/wp\/v2\/product\/4124","targetHints":{"allow":["GET"]}}],"collection":[{"href":"https:\/\/www.stvvalves.com\/ro\/wp-json\/wp\/v2\/product"}],"about":[{"href":"https:\/\/www.stvvalves.com\/ro\/wp-json\/wp\/v2\/types\/product"}],"wp:featuredmedia":[{"embeddable":true,"href":"https:\/\/www.stvvalves.com\/ro\/wp-json\/wp\/v2\/media\/4129"}],"wp:attachment":[{"href":"https:\/\/www.stvvalves.com\/ro\/wp-json\/wp\/v2\/media?parent=4124"}],"wp:term":[{"taxonomy":"product_brand","embeddable":true,"href":"https:\/\/www.stvvalves.com\/ro\/wp-json\/wp\/v2\/product_brand?post=4124"},{"taxonomy":"product_cat","embeddable":true,"href":"https:\/\/www.stvvalves.com\/ro\/wp-json\/wp\/v2\/product_cat?post=4124"},{"taxonomy":"product_tag","embeddable":true,"href":"https:\/\/www.stvvalves.com\/ro\/wp-json\/wp\/v2\/product_tag?post=4124"}],"curies":[{"name":"wp","href":"https:\/\/api.w.org\/{rel}","templated":true}]}}