{"id":4147,"date":"2018-12-04T05:44:29","date_gmt":"2018-12-04T05:44:29","guid":{"rendered":"https:\/\/www.stvvalves.com\/?post_type=product&#038;p=4147"},"modified":"2025-02-18T14:16:47","modified_gmt":"2025-02-18T06:16:47","slug":"screw-end-stainless-steel-foot-valve","status":"publish","type":"product","link":"https:\/\/www.stvvalves.com\/ro\/products\/screw-end-stainless-steel-foot-valve\/","title":{"rendered":"Supap\u0103 de picior din o\u021bel inoxidabil cu cap\u0103t cu \u0219urub"},"content":{"rendered":"<p><img loading=\"lazy\" decoding=\"async\" class=\"alignnone size-full wp-image-4148\" src=\"https:\/\/www.stvvalves.com\/wp-content\/uploads\/2018\/12\/Screwed-Stainless-Steel-Foot-Valve-drawing.jpg\" alt=\"\" width=\"1653\" height=\"2338\" srcset=\"https:\/\/www.stvvalves.com\/wp-content\/uploads\/2018\/12\/Screwed-Stainless-Steel-Foot-Valve-drawing.jpg 1653w, https:\/\/www.stvvalves.com\/wp-content\/uploads\/2018\/12\/Screwed-Stainless-Steel-Foot-Valve-drawing-600x849.jpg 600w, https:\/\/www.stvvalves.com\/wp-content\/uploads\/2018\/12\/Screwed-Stainless-Steel-Foot-Valve-drawing-212x300.jpg 212w, https:\/\/www.stvvalves.com\/wp-content\/uploads\/2018\/12\/Screwed-Stainless-Steel-Foot-Valve-drawing-768x1086.jpg 768w, https:\/\/www.stvvalves.com\/wp-content\/uploads\/2018\/12\/Screwed-Stainless-Steel-Foot-Valve-drawing-728x1030.jpg 728w, https:\/\/www.stvvalves.com\/wp-content\/uploads\/2018\/12\/Screwed-Stainless-Steel-Foot-Valve-drawing-1061x1500.jpg 1061w, https:\/\/www.stvvalves.com\/wp-content\/uploads\/2018\/12\/Screwed-Stainless-Steel-Foot-Valve-drawing-498x705.jpg 498w\" sizes=\"auto, (max-width: 1653px) 100vw, 1653px\" \/><\/p>","protected":false},"excerpt":{"rendered":"<p>Supap\u0103 de picior din o\u021bel inoxidabil cu cap\u0103t cu \u0219urub<\/p>\n<p>Supapa de picior este un tip special de supap\u0103 de re\u021binere care are o sit\u0103 \u00eencorporat\u0103. Este instalat\u0103 pe partea de admisie a unei conducte de aspira\u021bie \u0219i a pompei. Scopul s\u0103u este de a preveni pierderea amorsului atunci c\u00e2nd sursa de lichid (pu\u021bul umed) este mai sc\u0103zut\u0103. dec\u00e2t pompa. Primul este proiectat ca \u00eenc\u0103rc\u0103tura de lichid necesar\u0103 pentru a \u00eencepe ac\u021biunea de pompare, iar amorsarea este procesul de umplere a pompei \u0219i a conductei de aspira\u021bie cu lichid. conducta de aspira\u021bie \u0219i pompa.atunci c\u00e2nd pompa se opre\u0219te supapele de re\u021binere se \u00eenchid \u0219i \u00eempiedic\u0103 golirea lichidului.astfel supapa de picior elimin\u0103 necesitatea amors\u0103rii pompei de fiecare dat\u0103 c\u00e2nd este pornit\u0103.componenta de sit\u0103 a supapei de picior ajut\u0103 la \u00eendep\u0103rtarea resturilor nedorite din lichid care poate cauza deteriorarea pompei.<br \/>\nSupapele noastre de picior \u00eempiedic\u0103 scurgerea coloanei pompei la oprirea pompei. Silen\u021bioas\u0103 \u00een timpul func\u021bion\u0103rii \u0219i normal \u00eenchis\u0103, supapa are un disc ghidat central cu un scaun Buna-N pentru a asigura o etan\u0219are etan\u0219\u0103 la picurare.<\/p>\n<p>Caracteristica cheie:<\/p>\n<p>\u2022 Scaunul elastic asigur\u0103 o oprire pozitiv\u0103<br \/>\n\u2022 Zona de debit complet<br \/>\n\u2022 Construc\u021bie robust\u0103 pentru materiale standard de lung\u0103 durat\u0103<br \/>\n\u2022 Corp din o\u021bel inoxidabil \u2022 disc \u0219i inel de scaun<br \/>\n\u2022 Arc \u0219i sit\u0103 de admisie din o\u021bel inoxidabil<br \/>\n\u2022 Scaun elastic Buna-N<br \/>\n\u2022BSPT,BSPP,NPT-F<\/p>\n<p>STV Valve Technology Group Co., Ltd este un lider profesionist din China Supap\u0103 de re\u021binere Supap\u0103 de picior \u00een\u0219urubat, Supap\u0103 de picior, Supap\u0103 de picior din o\u021bel inoxidabil cu cap\u0103t cu \u0219urub, Supap\u0103 de picior din o\u021bel inoxidabil Cap\u0103t cu flan\u0219\u0103 \u0219i Capat \u0219urub, Produc\u0103tor de supape de picior cu filet din China cu \u00eenalt\u0103 calitate \u0219i pre\u021b competitiv .<\/p>\n<p>V\u0103 rug\u0103m s\u0103 contacta\u021bi sales@stvvalve.com pentru alte materiale \u0219i detalii.<\/p>\n<p>Fi\u0219\u0103 de date:<br \/>\n<a href=\"https:\/\/www.stvvalves.com\/wp-content\/uploads\/2018\/12\/Screwed-Stainless-Steel-Foot-Valve-drawing.pdf\">Supap\u0103 de picior din o\u021bel inoxidabil cu cap\u0103t cu \u0219urub<\/a><\/p>\n<p>&nbsp;<\/p>","protected":false},"featured_media":4149,"template":"","meta":[],"product_brand":[],"product_cat":[46,67],"product_tag":[312,241,310,244,311,313],"class_list":{"0":"post-4147","1":"product","2":"type-product","3":"status-publish","4":"has-post-thumbnail","6":"product_cat-check-valves","7":"product_cat-stainless-steel-check-valve","8":"product_tag-check-valve-screwed-foot-valve","9":"product_tag-foot-valve","10":"product_tag-screw-end-stainless-steel-foot-valve","11":"product_tag-stainless-steel-foot-valve","12":"product_tag-stainless-steel-foot-valve-flanged-end-screw-end","13":"product_tag-threaded-foot-valves","15":"first","16":"instock","17":"shipping-taxable","18":"product-type-simple"},"_links":{"self":[{"href":"https:\/\/www.stvvalves.com\/ro\/wp-json\/wp\/v2\/product\/4147","targetHints":{"allow":["GET"]}}],"collection":[{"href":"https:\/\/www.stvvalves.com\/ro\/wp-json\/wp\/v2\/product"}],"about":[{"href":"https:\/\/www.stvvalves.com\/ro\/wp-json\/wp\/v2\/types\/product"}],"wp:featuredmedia":[{"embeddable":true,"href":"https:\/\/www.stvvalves.com\/ro\/wp-json\/wp\/v2\/media\/4149"}],"wp:attachment":[{"href":"https:\/\/www.stvvalves.com\/ro\/wp-json\/wp\/v2\/media?parent=4147"}],"wp:term":[{"taxonomy":"product_brand","embeddable":true,"href":"https:\/\/www.stvvalves.com\/ro\/wp-json\/wp\/v2\/product_brand?post=4147"},{"taxonomy":"product_cat","embeddable":true,"href":"https:\/\/www.stvvalves.com\/ro\/wp-json\/wp\/v2\/product_cat?post=4147"},{"taxonomy":"product_tag","embeddable":true,"href":"https:\/\/www.stvvalves.com\/ro\/wp-json\/wp\/v2\/product_tag?post=4147"}],"curies":[{"name":"wp","href":"https:\/\/api.w.org\/{rel}","templated":true}]}}