{"id":4160,"date":"2018-12-05T15:31:22","date_gmt":"2018-12-05T15:31:22","guid":{"rendered":"https:\/\/www.stvvalves.com\/?post_type=product&#038;p=4160"},"modified":"2025-02-18T14:16:46","modified_gmt":"2025-02-18T06:16:46","slug":"high-pressure-power-station-2500lb-globe-valve","status":"publish","type":"product","link":"https:\/\/www.stvvalves.com\/ro\/products\/high-pressure-power-station-2500lb-globe-valve\/","title":{"rendered":"Central\u0103 de \u00eenalt\u0103 presiune 2500LB Supap\u0103 cu glob"},"content":{"rendered":"<p>Standard de referin\u021b\u0103 pentru produs:<\/p>\n<p>Proiectare si fabricatie: B16.34 E101 ANSI<\/p>\n<p>Lungimea structurii: B16.10 E101 ANSI<\/p>\n<p>Temperatura de presiune nominal\u0103: B16.34 E101 ANSI<\/p>\n<p>Experiment \u0219i testare: E101 API598<\/p>\n<p>Dimensiune: 2\u2033~60\u201d<\/p>\n<p>Presiune nominal\u0103: clasa 150-2500LB<\/p>\n<p>Material caroserie: ASTM A216 WCB, A217 WC6, A351 CF8, A351 CF8M,<\/p>\n<p>A351 CF3, A351 CF3M, A351 CN7M etc.<\/p>\n<p>Conexiunea final\u0103: RF, RTJ, BW<\/p>\n<p>Temperatura de lucru: -29\u2103~650\u2103<\/p>\n<p>Func\u021bionare: roat\u0103 de m\u00e2n\u0103, cutie de viteze, electric\u0103 etc.<\/p>\n<table>\n<tbody>\n<tr>\n<td width=\"200\"><strong>numele produsului<\/strong><\/td>\n<td width=\"481\">Central\u0103 de \u00eenalt\u0103 presiune 2500LB Supap\u0103 cu glob<\/td>\n<\/tr>\n<tr>\n<td width=\"200\">1. Material<\/td>\n<td width=\"481\">WCB<\/td>\n<\/tr>\n<tr>\n<td width=\"200\">2. Dimensiunea<\/td>\n<td width=\"481\">6\u201d<\/td>\n<\/tr>\n<tr>\n<td width=\"200\">4. Port<\/td>\n<td width=\"481\">Port complet<\/td>\n<\/tr>\n<tr>\n<td width=\"200\">5. Presiunea de lucru<\/td>\n<td width=\"481\">2500 lb<\/td>\n<\/tr>\n<tr>\n<td width=\"200\">6. Conexiunea se termin\u0103<\/td>\n<td width=\"481\">RF<\/td>\n<\/tr>\n<tr>\n<td width=\"200\">7. Temp. de lucru.<\/td>\n<td width=\"481\">-29~425\u00baC,<\/td>\n<\/tr>\n<tr>\n<td width=\"200\">8. Mediu potrivit<\/td>\n<td width=\"481\">Ap\u0103, gaze naturale, ulei \u0219i ceva lichid coroziv<\/td>\n<\/tr>\n<tr>\n<td width=\"200\">9. Operat<\/td>\n<td width=\"481\">Cutie de viteze<\/td>\n<\/tr>\n<tr>\n<td width=\"200\">10. Inspec\u021bie \u0219i testare<\/td>\n<td width=\"481\">Conform API598<\/td>\n<\/tr>\n<tr>\n<td width=\"200\"><strong>Expediere<\/strong><\/td>\n<td width=\"481\"><\/td>\n<\/tr>\n<tr>\n<td width=\"200\">Timpul de livrare<\/td>\n<td width=\"481\">30 de zile<\/td>\n<\/tr>\n<tr>\n<td width=\"200\">Pachet<\/td>\n<td width=\"481\">Carcas\u0103 standard de export de placaj<\/td>\n<\/tr>\n<tr>\n<td width=\"200\">Portul de expediere<\/td>\n<td width=\"481\">Ningbo\/Shanghai, China<\/td>\n<\/tr>\n<tr>\n<td width=\"200\">Termeni de livrare<\/td>\n<td width=\"481\">Exw, FOB, CFR, CIF etc.<\/td>\n<\/tr>\n<tr>\n<td width=\"200\">Termeni de plat\u0103<\/td>\n<td width=\"481\">T\/T, Western Union, PayPal etc.<\/td>\n<\/tr>\n<tr>\n<td width=\"200\"><\/td>\n<td width=\"481\">Plat\u0103 anticipat\u0103 30%, sold 70% pl\u0103tit \u00eenainte de expediere<\/td>\n<\/tr>\n<tr>\n<td width=\"200\">\u021aara de origine<\/td>\n<td width=\"481\">Ora\u0219ul Wenzhou, China<\/td>\n<\/tr>\n<tr>\n<td width=\"200\">Capacitatea de produc\u021bie<\/td>\n<td width=\"481\">6000 tone\/an<\/td>\n<\/tr>\n<tr>\n<td width=\"200\">MOQ<\/td>\n<td width=\"481\">1 buc\/dimensiune<\/td>\n<\/tr>\n<\/tbody>\n<\/table>","protected":false},"excerpt":{"rendered":"<p>Model: J561Y-2500LB-6<br \/>\nSupapa noastr\u0103 de \u00eenalt\u0103 presiune a centralei electrice de 2500 LB este utilizat\u0103 pe scar\u0103 larg\u0103 \u00een condi\u021bii de lucru cu presiune \u00eenalt\u0103 \u0219i temperatur\u0103 \u00een sta\u021biile electrice. Supapa de \u00eenalt\u0103 presiune \u0219i de \u00eenalt\u0103 presiune este potrivit\u0103 pentru Class1500 ANSI ~ 2500Lb, temperatura de func\u021bionare de -29 ~ 570 C a centralele petroliere, chimice, termice \u0219i alte condi\u021bii de func\u021bionare ale conductei, \u00eentrerupte sau conectate la medii. Mediu aplicabil: apa, abur, etc. Metodele de operare sunt: manuala, cu transmisie, electrica, etc.<\/p>\n<p>Standard de referin\u021b\u0103 pentru produs:<\/p>\n<p>Proiectare si fabricatie: B16.34 E101 ANSI<\/p>\n<p>Lungimea structurii: B16.10 E101 ANSI<\/p>\n<p>Temperatura de presiune nominal\u0103: B16.34 E101 ANSI<\/p>\n<p>Experiment \u0219i testare: E101 API598<\/p>\n<p>Caracteristicile structurii produsului:<\/p>\n<p>1 proiectare \u0219i fabricare a produsului conform standardului E101, ANSIB16.34, poate fi echipat cu utilizarea echipamentelor importate.<\/p>\n<p>2 supape \u00een cavitate cu o structur\u0103 de etan\u0219are automat\u0103 la presiune, cu c\u00e2t presiunea intern\u0103 este mai mare, cu at\u00e2t performan\u021ba de etan\u0219are este mai bun\u0103.<\/p>\n<p>3 Suprafa\u021ba de etan\u0219are a clapei supapei \u0219i a scaunului supapei cu suprafa\u021b\u0103 din aliaj Stellite Stellite pe baz\u0103 de cobalt \u0219i suprafa\u021b\u0103 de etan\u0219are<\/p>\n<p>Ad\u00e2ncime de umplere a capacului cu 4 supape rezonabil\u0103, umplutur\u0103 \u0219i inhibitor, etan\u0219are fiabil\u0103, comutator lin\u0103.<\/p>\n<p>5 supap\u0103 cu structur\u0103 pentru a se asigura c\u0103 supapa este deschis\u0103 pentru a func\u021biona f\u0103r\u0103 scurgerea tijei supapei.<\/p>\n<p>6 deschiderea \u0219i \u00eenchiderea supapei electrice de \u00eentrerupere este controlat\u0103 de dispozitivul electric, iar dispozitivul electric este echipat cu un motor special, un reductor de vitez\u0103, un mecanism de control al cuplului, un mecanism de ac\u021bionare \u00een c\u00e2mp, o m\u00e2n\u0103 \u0219i un electric. mecanism de comutare. Pe l\u00e2ng\u0103 operarea local\u0103, dar \u0219i pentru operarea de la distan\u021b\u0103.<\/p>\n<p>STV Valve Technology Group Co., Ltd este un lider profesionist China 2500LB Globe Supape, China Produc\u0103tori de Supape Globe de \u00eenalt\u0103 temperatur\u0103 \u0219i presiune, China Power Station Globe Supape, Supap\u0103 de oprire a centralei de \u00eenalt\u0103 presiune \u0219i temperatur\u0103 \u00eenalt\u0103, Supap\u0103 Globe de etan\u0219are de presiune, 2500LB WC9 Globe Supap\u0103, 2500LB WC6 Produc\u0103tor de supape cu glob cu \u00eenalt\u0103 calitate \u0219i pre\u021b competitiv.<\/p>\n<p>V\u0103 rug\u0103m s\u0103 contacta\u021bi sales@stvvalve.com pentru alte materiale \u0219i detalii.<\/p>\n<p>Fi\u0219\u0103 de date:<br \/>\n<a href=\"https:\/\/www.stvvalves.com\/wp-content\/uploads\/2018\/12\/High-Pressure-Power-Station-2500LB-Globe-Valve-Drawing.pdf\">Central\u0103 de \u00eenalt\u0103 presiune 2500LB Supap\u0103 cu glob<\/a><\/p>","protected":false},"featured_media":4163,"template":"","meta":[],"product_brand":[],"product_cat":[63,45],"product_tag":[210,1013,1012,320,319,318,321],"class_list":{"0":"post-4160","1":"product","2":"type-product","3":"status-publish","4":"has-post-thumbnail","6":"product_cat-cast-steel-globe-valve","7":"product_cat-globe-valve","8":"product_tag-2500lb-globe-valve","9":"product_tag-2500lb-wc6-globe-valve","10":"product_tag-2500lb-wc9-globe-valve","11":"product_tag-china-high-temperature-high-pressure-globe-valve-manufacturers","12":"product_tag-china-power-station-globe-valve","13":"product_tag-high-temperature-and-high-pressure-power-station-stop-valve","14":"product_tag-pressure-seal-globe-valve","16":"first","17":"instock","18":"shipping-taxable","19":"product-type-simple"},"_links":{"self":[{"href":"https:\/\/www.stvvalves.com\/ro\/wp-json\/wp\/v2\/product\/4160","targetHints":{"allow":["GET"]}}],"collection":[{"href":"https:\/\/www.stvvalves.com\/ro\/wp-json\/wp\/v2\/product"}],"about":[{"href":"https:\/\/www.stvvalves.com\/ro\/wp-json\/wp\/v2\/types\/product"}],"wp:featuredmedia":[{"embeddable":true,"href":"https:\/\/www.stvvalves.com\/ro\/wp-json\/wp\/v2\/media\/4163"}],"wp:attachment":[{"href":"https:\/\/www.stvvalves.com\/ro\/wp-json\/wp\/v2\/media?parent=4160"}],"wp:term":[{"taxonomy":"product_brand","embeddable":true,"href":"https:\/\/www.stvvalves.com\/ro\/wp-json\/wp\/v2\/product_brand?post=4160"},{"taxonomy":"product_cat","embeddable":true,"href":"https:\/\/www.stvvalves.com\/ro\/wp-json\/wp\/v2\/product_cat?post=4160"},{"taxonomy":"product_tag","embeddable":true,"href":"https:\/\/www.stvvalves.com\/ro\/wp-json\/wp\/v2\/product_tag?post=4160"}],"curies":[{"name":"wp","href":"https:\/\/api.w.org\/{rel}","templated":true}]}}