{"id":4165,"date":"2018-12-05T16:14:27","date_gmt":"2018-12-05T16:14:27","guid":{"rendered":"https:\/\/www.stvvalves.com\/?post_type=product&#038;p=4165"},"modified":"2025-02-18T14:16:45","modified_gmt":"2025-02-18T06:16:45","slug":"150lb-cast-steel-flange-globe-valve","status":"publish","type":"product","link":"https:\/\/www.stvvalves.com\/ro\/products\/150lb-cast-steel-flange-globe-valve\/","title":{"rendered":"Supap\u0103 cu glob cu flan\u0219\u0103 din o\u021bel turnat de 150LB"},"content":{"rendered":"<p>Proiectare conform ASME B16.34<br \/>\nFa\u021b\u0103 \u00een fa\u021b\u0103\/Cap la cap\u0103t: ASME B16.10<br \/>\nDimensiuni flansa: ASME B16.5<br \/>\nCap\u0103t sudat: ASME B.16.25<br \/>\nDesign de baz\u0103: BS 1873<br \/>\nTestare la API 598<\/p>\n<p>Dimensiune: 2\u2033~60\u201d<\/p>\n<p>Presiune nominal\u0103: clasa 150-2500LB<\/p>\n<p>Material caroserie: ASTM A216 WCB, A217 WC6, A351 CF8, A351 CF8M,<\/p>\n<p>A351 CF3, A351 CF3M, A351 CN7M etc.<\/p>\n<p>Conexiunea final\u0103: RF, RTJ, BW<\/p>\n<p>Temperatura de lucru: -29\u2103~650\u2103<\/p>\n<p>Func\u021bionare: roat\u0103 de m\u00e2n\u0103, cutie de viteze, electric\u0103 etc<\/p>\n<table>\n<tbody>\n<tr>\n<td width=\"200\"><strong>numele produsului<\/strong><\/td>\n<td width=\"481\">Supap\u0103 cu glob cu flan\u0219\u0103 din o\u021bel turnat de 150LB<\/td>\n<\/tr>\n<tr>\n<td width=\"200\">1. Material<\/td>\n<td width=\"481\">WCB<\/td>\n<\/tr>\n<tr>\n<td width=\"200\">2. Dimensiunea<\/td>\n<td width=\"481\">4\u201d<\/td>\n<\/tr>\n<tr>\n<td width=\"200\">4. Port<\/td>\n<td width=\"481\">Port complet<\/td>\n<\/tr>\n<tr>\n<td width=\"200\">5. Presiunea de lucru<\/td>\n<td width=\"481\">150 lb<\/td>\n<\/tr>\n<tr>\n<td width=\"200\">6. Conexiunea se termin\u0103<\/td>\n<td width=\"481\">RF<\/td>\n<\/tr>\n<tr>\n<td width=\"200\">7. Temp. de lucru.<\/td>\n<td width=\"481\">-29~425\u00baC,<\/td>\n<\/tr>\n<tr>\n<td width=\"200\">8. Mediu potrivit<\/td>\n<td width=\"481\">Ap\u0103, gaze naturale, ulei \u0219i ceva lichid coroziv<\/td>\n<\/tr>\n<tr>\n<td width=\"200\">9. Operat<\/td>\n<td width=\"481\">Roat\u0103 de m\u00e2n\u0103<\/td>\n<\/tr>\n<tr>\n<td width=\"200\">10. Inspec\u021bie \u0219i testare<\/td>\n<td width=\"481\">Conform API598<\/td>\n<\/tr>\n<tr>\n<td width=\"200\"><strong>Expediere<\/strong><\/td>\n<td width=\"481\"><\/td>\n<\/tr>\n<tr>\n<td width=\"200\">Timpul de livrare<\/td>\n<td width=\"481\">30 de zile<\/td>\n<\/tr>\n<tr>\n<td width=\"200\">Pachet<\/td>\n<td width=\"481\">Carcas\u0103 standard de export de placaj<\/td>\n<\/tr>\n<tr>\n<td width=\"200\">Portul de expediere<\/td>\n<td width=\"481\">Ningbo\/Shanghai, China<\/td>\n<\/tr>\n<tr>\n<td width=\"200\">Termeni de livrare<\/td>\n<td width=\"481\">Exw, FOB, CFR, CIF etc.<\/td>\n<\/tr>\n<tr>\n<td width=\"200\">Termeni de plat\u0103<\/td>\n<td width=\"481\">T\/T, Western Union, PayPal etc.<\/td>\n<\/tr>\n<tr>\n<td width=\"200\"><\/td>\n<td width=\"481\">Plat\u0103 anticipat\u0103 30%, sold 70% pl\u0103tit \u00eenainte de expediere<\/td>\n<\/tr>\n<tr>\n<td width=\"200\">\u021aara de origine<\/td>\n<td width=\"481\">Ora\u0219ul Wenzhou, China<\/td>\n<\/tr>\n<tr>\n<td width=\"200\">Capacitatea de produc\u021bie<\/td>\n<td width=\"481\">6000 tone\/an<\/td>\n<\/tr>\n<tr>\n<td width=\"200\">MOQ<\/td>\n<td width=\"481\">1 buc\/dimensiune<\/td>\n<\/tr>\n<\/tbody>\n<\/table>","protected":false},"excerpt":{"rendered":"<p>Model: J41Y-150LB-4<br \/>\nSupapa noastr\u0103 cu glob din o\u021bel turnat este strict conform standardului API de proiectare, fabricare \u0219i acceptare, structur\u0103 compact\u0103, etan\u0219are fiabil\u0103, func\u021bionare flexibil\u0103, aplicabil\u0103 petrochimic, energie electric\u0103, metalurgie, textil \u0219i alte sectoare industriale.<br \/>\nSpecifica\u021bie<br \/>\nProiectare conform ASME B16.34<br \/>\nFa\u021b\u0103 \u00een fa\u021b\u0103\/Cap la cap\u0103t: ASME B16.10<br \/>\nDimensiuni flansa: ASME B16.5<br \/>\nCap\u0103t sudat: ASME B.16.25<br \/>\nDesign de baz\u0103: BS 1873<br \/>\nTestare la API 598<\/p>\n<p>&nbsp;<\/p>\n<p>Caracteristici cheie:<br \/>\nConstruc\u021bia corpului din o\u021bel turnat ofer\u0103 o rezisten\u021b\u0103 liberal\u0103 pentru a \u00eendeplini majoritatea condi\u021biilor<br \/>\nJug integral \u0219i capot\u0103; \u0219urub \u0219i jug exterior, capot\u0103 cu \u0219uruburi.<br \/>\nInelul scaunului sudat cu etan\u0219are elimin\u0103 calea de scurgere \u00een spatele inelelor \u0219i pentru o \u00eentre\u021binere \u00eendelungat\u0103 f\u0103r\u0103 probleme.<br \/>\nDisponibil \u00een conexiune cu flan\u0219\u0103; Capetele de sudur\u0103 cap la cap disponibile.<br \/>\nSupap\u0103 testat\u0103 conform API 598.<\/p>\n<p>STV Valve Technology Group Co., Ltd este un lider profesionist China Supap\u0103 cu glob cu capot\u0103 cu \u0219uruburi, supap\u0103 cu glob din o\u021bel turnat, supap\u0103 cu glob cu flan\u0219\u0103, supap\u0103 cu glob cu \u0219urub \u0219i jug exterior, supap\u0103 cu glob cu tij\u0103 \u00een cre\u0219tere, supap\u0103 cu glob BS 1873, supap\u0103 cu glob din o\u021bel carbon, glob cu flan\u0219\u0103 de 150LB Produc\u0103tor de supape cu \u00eenalt\u0103 calitate \u0219i pre\u021b competitiv.<\/p>\n<p>V\u0103 rug\u0103m s\u0103 contacta\u021bi sales@stvvalve.com pentru alte materiale \u0219i detalii.<\/p>\n<p>Fi\u0219\u0103 de date:<br \/>\n<a href=\"https:\/\/www.stvvalves.com\/wp-content\/uploads\/2018\/12\/150lb-cast-steel-flange-globe-valve-drawing.pdf\">Supap\u0103 cu glob cu flan\u0219\u0103 din o\u021bel turnat de 150LB<\/a><\/p>","protected":false},"featured_media":4166,"template":"","meta":[],"product_brand":[],"product_cat":[63,45],"product_tag":[1016,324,1014,1015,323,322,326,325],"class_list":{"0":"post-4165","1":"product","2":"type-product","3":"status-publish","4":"has-post-thumbnail","6":"product_cat-cast-steel-globe-valve","7":"product_cat-globe-valve","8":"product_tag-150lb-flange-globe-valve","9":"product_tag-bolted-bonnet-globe-valve","10":"product_tag-bs-1873-globe-valve","11":"product_tag-carbon-steel-globe-valve","12":"product_tag-cast-steel-globe-valve","13":"product_tag-flanged-globe-valve","14":"product_tag-outside-screwyoke-globe-valve","15":"product_tag-rising-stem-globe-valve","17":"first","18":"instock","19":"shipping-taxable","20":"product-type-simple"},"_links":{"self":[{"href":"https:\/\/www.stvvalves.com\/ro\/wp-json\/wp\/v2\/product\/4165","targetHints":{"allow":["GET"]}}],"collection":[{"href":"https:\/\/www.stvvalves.com\/ro\/wp-json\/wp\/v2\/product"}],"about":[{"href":"https:\/\/www.stvvalves.com\/ro\/wp-json\/wp\/v2\/types\/product"}],"wp:featuredmedia":[{"embeddable":true,"href":"https:\/\/www.stvvalves.com\/ro\/wp-json\/wp\/v2\/media\/4166"}],"wp:attachment":[{"href":"https:\/\/www.stvvalves.com\/ro\/wp-json\/wp\/v2\/media?parent=4165"}],"wp:term":[{"taxonomy":"product_brand","embeddable":true,"href":"https:\/\/www.stvvalves.com\/ro\/wp-json\/wp\/v2\/product_brand?post=4165"},{"taxonomy":"product_cat","embeddable":true,"href":"https:\/\/www.stvvalves.com\/ro\/wp-json\/wp\/v2\/product_cat?post=4165"},{"taxonomy":"product_tag","embeddable":true,"href":"https:\/\/www.stvvalves.com\/ro\/wp-json\/wp\/v2\/product_tag?post=4165"}],"curies":[{"name":"wp","href":"https:\/\/api.w.org\/{rel}","templated":true}]}}