{"id":4170,"date":"2018-12-06T13:23:49","date_gmt":"2018-12-06T13:23:49","guid":{"rendered":"https:\/\/www.stvvalves.com\/?post_type=product&#038;p=4170"},"modified":"2026-01-17T20:47:41","modified_gmt":"2026-01-17T12:47:41","slug":"wafer-single-disc-swing-check-valve-150lb","status":"publish","type":"product","link":"https:\/\/www.stvvalves.com\/ro\/products\/wafer-single-disc-swing-check-valve-150lb\/","title":{"rendered":"Supap\u0103 de re\u021binere rotativ\u0103 Wafer cu un singur disc 150LB"},"content":{"rendered":"<p>Specifica\u021bia parametrului principal<\/p>\n<p>Proiectare \u0219i fabrica\u021bie:API594,API 6D<br \/>\nFa\u021b\u0103 \u00een fa\u021b\u0103 \u0219i cap\u0103t la cap\u0103t: API594, API6D, DIN3202<br \/>\nEvaluare presiune-temperatura: ASME B16.34, DIN2410<br \/>\nInspec\u021bie \u0219i testare: API598<br \/>\nFlan\u0219\u0103 de \u021beav\u0103: ASME B16.5,DIN2543~2548,GB\/T13402,API605,ASME B16.47.<\/p>\n<p>Gam\u0103 de produse<\/p>\n<p>Material corpului: o\u021bel carbon, o\u021bel inoxidabil, o\u021bel aliat, bronz<\/p>\n<p>Diametru nominal: 1\/2\u2033~48\u2033(DN15~DN1200)<\/p>\n<p>Termina\u021bi conexiunea: RF,RTJ<\/p>\n<p>Interval de presiune: Class150~900(PN16~PN150)<\/p>\n<p>Temperatura de lucru: -196\u2103~+560\u2103<\/p>\n<table>\n<tbody>\n<tr>\n<td width=\"200\"><strong>numele produsului<\/strong><\/td>\n<td width=\"481\">Supap\u0103 de re\u021binere rotativ\u0103 Wafer cu un singur disc 150LB<\/td>\n<\/tr>\n<tr>\n<td width=\"200\">1. Material<\/td>\n<td width=\"481\">F316<\/td>\n<\/tr>\n<tr>\n<td width=\"200\">2. Dimensiunea<\/td>\n<td width=\"481\">4\u201d<\/td>\n<\/tr>\n<tr>\n<td width=\"200\">4. Port<\/td>\n<td width=\"481\">Port complet<\/td>\n<\/tr>\n<tr>\n<td width=\"200\">5. Presiunea de lucru<\/td>\n<td width=\"481\">150 lb<\/td>\n<\/tr>\n<tr>\n<td width=\"200\">6. Conexiunea se termin\u0103<\/td>\n<td width=\"481\">RF<\/td>\n<\/tr>\n<tr>\n<td width=\"200\">7. Temp. de lucru.<\/td>\n<td width=\"481\">-29~300\u00baC,<\/td>\n<\/tr>\n<tr>\n<td width=\"200\">8. Mediu potrivit<\/td>\n<td width=\"481\">Ap\u0103, gaze naturale, ulei \u0219i ceva lichid coroziv<\/td>\n<\/tr>\n<tr>\n<td width=\"200\">9. Operat<\/td>\n<td width=\"481\">\/<\/td>\n<\/tr>\n<tr>\n<td width=\"200\">10. Inspec\u021bie \u0219i testare<\/td>\n<td width=\"481\">Conform API594<\/td>\n<\/tr>\n<tr>\n<td width=\"200\"><strong>Expediere<\/strong><\/td>\n<td width=\"481\"><\/td>\n<\/tr>\n<tr>\n<td width=\"200\">Timpul de livrare<\/td>\n<td width=\"481\">30 de zile<\/td>\n<\/tr>\n<tr>\n<td width=\"200\">Pachet<\/td>\n<td width=\"481\">Carcas\u0103 standard de export de placaj<\/td>\n<\/tr>\n<tr>\n<td width=\"200\">Portul de expediere<\/td>\n<td width=\"481\">Ningbo\/Shanghai, China<\/td>\n<\/tr>\n<tr>\n<td width=\"200\">Termeni de livrare<\/td>\n<td width=\"481\">Exw, FOB, CFR, CIF etc.<\/td>\n<\/tr>\n<tr>\n<td width=\"200\">Termeni de plat\u0103<\/td>\n<td width=\"481\">T\/T, Western Union, PayPal etc.<\/td>\n<\/tr>\n<tr>\n<td width=\"200\"><\/td>\n<td width=\"481\">Plat\u0103 anticipat\u0103 30%, sold 70% pl\u0103tit \u00eenainte de expediere<\/td>\n<\/tr>\n<tr>\n<td width=\"200\">\u021aara de origine<\/td>\n<td width=\"481\">Ora\u0219ul Wenzhou, China<\/td>\n<\/tr>\n<tr>\n<td width=\"200\">Capacitatea de produc\u021bie<\/td>\n<td width=\"481\">6000 tone\/an<\/td>\n<\/tr>\n<tr>\n<td width=\"200\">MOQ<\/td>\n<td width=\"481\">1 buc\/dimensiune<\/td>\n<\/tr>\n<\/tbody>\n<\/table>","protected":false},"excerpt":{"rendered":"<p>Model: H74F-150LB-3<br \/>\nWafer Single Disc Swing Check Valve este o supap\u0103 de re\u021binere ultra-sub\u021bire, care are avantajele unei structuri simple, aspect frumos, greutate u\u0219oar\u0103 \u0219i instalare convenabil\u0103. Supapa de re\u021binere sub\u021bire este potrivit\u0103 \u00een principal pentru sistemul de alimentare cu ap\u0103, petrol, chimie, metalurgie \u0219i alte sectoare industriale, care este cea mai potrivit\u0103 pentru locurile cu restric\u021bii de spa\u021biu de instalare.<\/p>\n<p>Lungime structural\u0103 scurt\u0103, doar 1\/4 ~ 1\/8 din cea a supapei tradi\u021bionale de re\u021binere cu flan\u0219\u0103;<\/p>\n<p>Volum redus, greutate redus\u0103, doar 1\/4 ~ 1\/20 din cele ale supapei tradi\u021bionale de re\u021binere cu flan\u0219\u0103;<\/p>\n<p>\u00cenchidere rapid\u0103 a discului cu supap\u0103, presiune sc\u0103zut\u0103 a ciocanului de ariete;<\/p>\n<p>Aplicabil \u0219i u\u0219or de instalat pentru conducte verticale sau orizontale;<\/p>\n<p>Pasaj de curgere lin\u0103 \u0219i rezisten\u021b\u0103 mic\u0103 la fluid;<\/p>\n<p>Ac\u021biune flexibil\u0103 \u0219i performan\u021b\u0103 bun\u0103 de etan\u0219are;<\/p>\n<p>Curs\u0103 \u00eengust\u0103 a supapei \u0219i impact mic de \u00eenchidere;<\/p>\n<p>Structur\u0103 integrat\u0103, simpl\u0103 \u0219i compact\u0103, \u00eentr-o form\u0103 frumoas\u0103;<\/p>\n<p>Durat\u0103 lung\u0103 de via\u021b\u0103 \u0219i fiabilitate bun\u0103.<\/p>\n<p>&nbsp;<\/p>\n<p>V\u0103 rug\u0103m s\u0103 contacta\u021bi v\u00e2nz\u0103rile noastre pentru alte materiale \u0219i detalii.<\/p>\n<p>Fi\u0219\u0103 de date:<br \/>\n<a href=\"https:\/\/www.stvvalves.com\/wp-content\/uploads\/2018\/12\/wafer-single-disc-swing-check-valve-150lb-DRAWING.pdf\">Supap\u0103 de re\u021binere rotativ\u0103 Wafer cu un singur disc 150LB<\/a><\/p>","protected":false},"featured_media":4171,"template":"","meta":[],"product_brand":[],"product_cat":[46,84],"product_tag":[185,328,330,333,332,334,327,329,225,331],"class_list":{"0":"post-4170","1":"product","2":"type-product","3":"status-publish","4":"has-post-thumbnail","6":"product_cat-check-valves","7":"product_cat-wafer-check-valve","8":"product_tag-check-valve","9":"product_tag-single-disc-check-valve-class-150","10":"product_tag-single-disc-swing-check-valve","11":"product_tag-single-disc-swing-check-valveforging-body","12":"product_tag-single-disc-wafer-swing-check-valve","13":"product_tag-single-plate-wafer-check-valves","14":"product_tag-thin-type-swing-check-valve","15":"product_tag-thin-type-wafer-check-valve","16":"product_tag-wafer-check-valve","17":"product_tag-wafer-type-single-disc-swing-check-valve","19":"first","20":"instock","21":"shipping-taxable","22":"product-type-simple"},"_links":{"self":[{"href":"https:\/\/www.stvvalves.com\/ro\/wp-json\/wp\/v2\/product\/4170","targetHints":{"allow":["GET"]}}],"collection":[{"href":"https:\/\/www.stvvalves.com\/ro\/wp-json\/wp\/v2\/product"}],"about":[{"href":"https:\/\/www.stvvalves.com\/ro\/wp-json\/wp\/v2\/types\/product"}],"wp:featuredmedia":[{"embeddable":true,"href":"https:\/\/www.stvvalves.com\/ro\/wp-json\/wp\/v2\/media\/4171"}],"wp:attachment":[{"href":"https:\/\/www.stvvalves.com\/ro\/wp-json\/wp\/v2\/media?parent=4170"}],"wp:term":[{"taxonomy":"product_brand","embeddable":true,"href":"https:\/\/www.stvvalves.com\/ro\/wp-json\/wp\/v2\/product_brand?post=4170"},{"taxonomy":"product_cat","embeddable":true,"href":"https:\/\/www.stvvalves.com\/ro\/wp-json\/wp\/v2\/product_cat?post=4170"},{"taxonomy":"product_tag","embeddable":true,"href":"https:\/\/www.stvvalves.com\/ro\/wp-json\/wp\/v2\/product_tag?post=4170"}],"curies":[{"name":"wp","href":"https:\/\/api.w.org\/{rel}","templated":true}]}}