{"id":4177,"date":"2018-12-06T13:45:02","date_gmt":"2018-12-06T13:45:02","guid":{"rendered":"https:\/\/www.stvvalves.com\/?post_type=product&#038;p=4177"},"modified":"2025-02-18T14:16:42","modified_gmt":"2025-02-18T06:16:42","slug":"cast-steel-swing-check-valve-150lb-12-inch-flange-end","status":"publish","type":"product","link":"https:\/\/www.stvvalves.com\/ro\/products\/cast-steel-swing-check-valve-150lb-12-inch-flange-end\/","title":{"rendered":"Supap\u0103 de re\u021binere pivotant\u0103 din o\u021bel turnat 150LB, 12 inch, cap\u0103t cu flan\u0219\u0103"},"content":{"rendered":"<p>Proiectare \u0219i fabrica\u021bie: BS 1868, ASME B16.34, API 6D<\/p>\n<p>Inspec\u021bie \u0219i testare: API598, API600 sau API 6D<\/p>\n<p>Dimensiunea flan\u0219ei de cap\u0103t: ASME B16.5 (pentru NPS\u226424, ASME B 16.47 seria B, API 605, ASME B16.47 A Series, MSS SP-44 (pentru NPS\uff1e24)<\/p>\n<p>Dimensiune final\u0103 BW: ASME B16.25<\/p>\n<p>Fa\u021b\u0103 \u00een fa\u021b\u0103 \u0219i cap\u0103t la cap\u0103t: ASME B16.10<\/p>\n<p>Evalu\u0103ri presiune-temperatura: ASME B16.34<\/p>\n<p>Dimensiunea grosimii peretelui: API 600, BS 1868<\/p>\n<p>Gam\u0103 de produse<\/p>\n<p>Material corpului: o\u021bel carbon, o\u021bel inoxidabil, o\u021bel aliat, bronz<\/p>\n<p>Diametru nominal: 1\/2\u2033~48\u2033(DN15~DN1200)<\/p>\n<p>Termina\u021bi conexiunea: RF,RTJ, BW<\/p>\n<p>Interval de presiune: Class150~2500(PN16~PN420)<\/p>\n<p>Temperatura de lucru: -196\u2103~+560\u2103<\/p>\n<table style=\"height: 339px;\" width=\"705\">\n<tbody>\n<tr>\n<td>Numele produsului:<\/td>\n<td>Supap\u0103 de re\u021binere pivotant\u0103 din o\u021bel turnat 150LB, 12 inch, cap\u0103t cu flan\u0219\u0103<\/td>\n<\/tr>\n<tr>\n<td>Material corpul supapei:<\/td>\n<td>WCB<\/td>\n<\/tr>\n<tr>\n<td>Port<\/td>\n<td>Port complet<\/td>\n<\/tr>\n<tr>\n<td>Presiune de lucru Mex:<\/td>\n<td>150 lb<\/td>\n<\/tr>\n<tr>\n<td>Max. Temperatura de lucru:<\/td>\n<td>-29-425\u00b0C<\/td>\n<\/tr>\n<tr>\n<td>Dimensiune disponibila:<\/td>\n<td>DN50-DN1000<\/td>\n<\/tr>\n<tr>\n<td>Conexiune disponibil\u0103:<\/td>\n<td>RF, BW, RTJ<\/td>\n<\/tr>\n<tr>\n<td>Disponibil standard:<\/td>\n<td>ANSI<\/td>\n<\/tr>\n<tr>\n<td>Operat:<\/td>\n<td>\/<\/td>\n<\/tr>\n<tr>\n<td>Certificat:<\/td>\n<td>ISO, API600,API 6D<\/td>\n<\/tr>\n<tr>\n<td>Mediu potrivit:<\/td>\n<td>\u00a0Ap\u0103, abur, petrol \u0219i gaze naturale etc.<\/td>\n<\/tr>\n<\/tbody>\n<\/table>","protected":false},"excerpt":{"rendered":"<p>Model: H44H-150LB-12\u2033<\/p>\n<p>Supapa de re\u021binere oscilant\u0103 din o\u021bel turnat se refer\u0103 la o supap\u0103 care deschide \u0219i \u00eenchide automat clapeta supapei prin intermediul fluxului de mediu \u00een sine \u0219i este utilizat\u0103 pentru a preveni curgerea invers\u0103 a mediului, care este numit\u0103 \u0219i supap\u0103 de re\u021binere, supap\u0103 de re\u021binere. , o supap\u0103 de curgere invers\u0103 \u0219i o supap\u0103 de contrapresiune. Func\u021bia acestui tip de supap\u0103 este de a permite curgerea numai a mediului \u00eentr-o singur\u0103 direc\u021bie \u0219i de a preveni curgerea direc\u021biei. De obicei, supapa este ac\u021bionat\u0103 automat, iar clapeta supapei este deschis\u0103 de presiunea fluidului care curge \u00eentr-o direc\u021bie; c\u00e2nd fluidul curge \u00een direc\u021bia opus\u0103, presiunea fluidului \u0219i clapeta supapei cu auto-\u00eenchidere a discului supapei ac\u021bioneaz\u0103 asupra scaunului supapei pentru a \u00eentrerupe fluxul.<br \/>\nSupapa de re\u021binere oscilant\u0103 din o\u021bel turnat este potrivit\u0103 pentru conducte \u00een diferite condi\u021bii de lucru, cum ar fi centrale petroliere, chimice, hidraulice, termice etc., t\u0103ind sau conectand mediul. Mediu aplicabil: ap\u0103, ulei, abur etc.<\/p>\n<p>Specifica\u021bia parametrului principal<\/p>\n<p>Proiectare \u0219i fabrica\u021bie: supap\u0103 de re\u021binere din o\u021bel turnat conform BS 1868, ASME B16.34, API 6D<\/p>\n<p>Inspec\u021bie \u0219i testare: API598, API600 sau API 6D<\/p>\n<p>Dimensiunea flan\u0219ei de cap\u0103t: ASME B16.5 (pentru NPS\u226424, ASME B 16.47 seria B, API 605, ASME B16.47 A Series, MSS SP-44 (pentru NPS\uff1e24)<\/p>\n<p>Dimensiune final\u0103 BW: ASME B16.25<\/p>\n<p>Fa\u021b\u0103 \u00een fa\u021b\u0103 \u0219i cap\u0103t la cap\u0103t: ASME B16.10<\/p>\n<p>Evalu\u0103ri presiune-temperatura: ASME B16.34<\/p>\n<p>Dimensiunea grosimii peretelui: API 600, BS 1868<\/p>\n<p>Gam\u0103 de produse<\/p>\n<p>Material corpului: o\u021bel carbon, o\u021bel inoxidabil, o\u021bel aliat, bronz<\/p>\n<p>Diametru nominal: 1\/2\u2033~48\u2033(DN15~DN1200)<\/p>\n<p>Termina\u021bi conexiunea: RF,RTJ, BW<\/p>\n<p>Interval de presiune: Class150~2500(PN16~PN420)<\/p>\n<p>Temperatura de lucru: -196\u2103~+560\u2103<\/p>\n<p>STV Valve Technology Group Co., Ltd este un lider profesionist din China. Supapa de re\u021binere oscilant\u0103 ANSI, supap\u0103 de re\u021binere oscilant\u0103 API 600, supap\u0103 de re\u021binere oscilant\u0103 din o\u021bel turnat, supap\u0103 de re\u021binere, supap\u0103 de re\u021binere oscilant\u0103 la cap\u0103tul flan\u0219ei, supap\u0103 de re\u021binere oscilant\u0103, supap\u0103 de re\u021binere swing WCB, 150LB. Supap\u0103 de re\u021binere, supap\u0103 de re\u021binere din o\u021bel turnat, supap\u0103 de re\u021binere din o\u021bel carbon Produc\u0103tor cu \u00eenalt\u0103 calitate \u0219i pre\u021b competitiv.<\/p>\n<p>V\u0103 rug\u0103m s\u0103 contacta\u021bi sales@stvvalve.com pentru alte materiale \u0219i detalii.<\/p>\n<p>Fi\u0219\u0103 de date:<br \/>\n<a href=\"https:\/\/www.stvvalves.com\/wp-content\/uploads\/2018\/12\/cast-steel-swing-check-valve-150lb-drawing.pdf\">Supap\u0103 de re\u021binere pivotant\u0103 din o\u021bel turnat 150LB, 12 inch, cap\u0103t cu flan\u0219\u0103<\/a><\/p>\n<p>&nbsp;<\/p>\n<p>&nbsp;<\/p>","protected":false},"featured_media":4181,"template":"","meta":[],"product_brand":[],"product_cat":[83,46],"product_tag":[335,338,337,185,339,152,336],"class_list":{"0":"post-4177","1":"product","2":"type-product","3":"status-publish","4":"has-post-thumbnail","6":"product_cat-cast-steel-check-valve","7":"product_cat-check-valves","8":"product_tag-ansi-swing-check-valve","9":"product_tag-api-600-swing-check-valve","10":"product_tag-cast-steel-swing-check-valve","11":"product_tag-check-valve","12":"product_tag-flange-end-swing-check-valve","13":"product_tag-swing-check-valve","14":"product_tag-wcb-swing-check-valve","16":"first","17":"instock","18":"shipping-taxable","19":"product-type-simple"},"_links":{"self":[{"href":"https:\/\/www.stvvalves.com\/ro\/wp-json\/wp\/v2\/product\/4177","targetHints":{"allow":["GET"]}}],"collection":[{"href":"https:\/\/www.stvvalves.com\/ro\/wp-json\/wp\/v2\/product"}],"about":[{"href":"https:\/\/www.stvvalves.com\/ro\/wp-json\/wp\/v2\/types\/product"}],"wp:featuredmedia":[{"embeddable":true,"href":"https:\/\/www.stvvalves.com\/ro\/wp-json\/wp\/v2\/media\/4181"}],"wp:attachment":[{"href":"https:\/\/www.stvvalves.com\/ro\/wp-json\/wp\/v2\/media?parent=4177"}],"wp:term":[{"taxonomy":"product_brand","embeddable":true,"href":"https:\/\/www.stvvalves.com\/ro\/wp-json\/wp\/v2\/product_brand?post=4177"},{"taxonomy":"product_cat","embeddable":true,"href":"https:\/\/www.stvvalves.com\/ro\/wp-json\/wp\/v2\/product_cat?post=4177"},{"taxonomy":"product_tag","embeddable":true,"href":"https:\/\/www.stvvalves.com\/ro\/wp-json\/wp\/v2\/product_tag?post=4177"}],"curies":[{"name":"wp","href":"https:\/\/api.w.org\/{rel}","templated":true}]}}