{"id":4195,"date":"2018-12-07T12:05:51","date_gmt":"2018-12-07T12:05:51","guid":{"rendered":"https:\/\/www.stvvalves.com\/?post_type=product&#038;p=4195"},"modified":"2025-02-17T18:19:30","modified_gmt":"2025-02-17T10:19:30","slug":"1500lb-wc9-high-pressure-flange-globe-valve","status":"publish","type":"product","link":"https:\/\/www.stvvalves.com\/ro\/products\/1500lb-wc9-high-pressure-flange-globe-valve\/","title":{"rendered":"1500LB WC9 Supap\u0103 cu glob cu flan\u0219\u0103 de \u00eenalt\u0103 presiune"},"content":{"rendered":"<p>Standarde de implementare a supapei cu glob cu flan\u0219\u0103 de \u00eenalt\u0103 presiune WC9:<\/p>\n<p>Proiectare \u0219i fabrica\u021bie: ANSI B16.34 E101<\/p>\n<p>Lungimea structurii: ANSI B16.10 E101<\/p>\n<p>Temperatura de presiune nominal\u0103: ANSI B16.34 E101<\/p>\n<p>Experiment \u0219i testare: E101 API598<\/p>\n<p>Material: A216 WCB, WCC, A217 WC6, WC9, C5, C12A, A352 LCB, LCC<br \/>\nA351 CF8, CF8M, CF3M, CF8C, CN3MN, CK3MCUN, CN7M,<br \/>\nA890 4A(CD3MN), 5A(CE3MN), 6A(CD3MWCuN),<br \/>\nASTM B 148 C95800, C95500<\/p>\n<p>Presiune: clasa 150 ~ 2500<\/p>\n<table>\n<tbody>\n<tr>\n<td width=\"200\"><strong>numele produsului<\/strong><\/td>\n<td width=\"481\">1500LB WC9 Supap\u0103 cu glob cu flan\u0219\u0103 de \u00eenalt\u0103 presiune<\/td>\n<\/tr>\n<tr>\n<td width=\"200\">1. Material<\/td>\n<td width=\"481\">WC9<\/td>\n<\/tr>\n<tr>\n<td width=\"200\">2. Dimensiunea<\/td>\n<td width=\"481\">10\u201d<\/td>\n<\/tr>\n<tr>\n<td width=\"200\">4. Port<\/td>\n<td width=\"481\">Port complet<\/td>\n<\/tr>\n<tr>\n<td width=\"200\">5. Presiunea de lucru<\/td>\n<td width=\"481\">1500 lb<\/td>\n<\/tr>\n<tr>\n<td width=\"200\">6. Conexiunea se termin\u0103<\/td>\n<td width=\"481\">RF<\/td>\n<\/tr>\n<tr>\n<td width=\"200\">7. Temp. de lucru.<\/td>\n<td width=\"481\">-29~560\u00baC,<\/td>\n<\/tr>\n<tr>\n<td width=\"200\">8. Mediu potrivit<\/td>\n<td width=\"481\">Ap\u0103, gaze naturale, ulei \u0219i ceva lichid coroziv<\/td>\n<\/tr>\n<tr>\n<td width=\"200\">9. Operat<\/td>\n<td width=\"481\">Roat\u0103 de m\u00e2n\u0103<\/td>\n<\/tr>\n<tr>\n<td width=\"200\">10. Inspec\u021bie \u0219i testare<\/td>\n<td width=\"481\">Conform API598<\/td>\n<\/tr>\n<tr>\n<td width=\"200\"><strong>Expediere<\/strong><\/td>\n<td width=\"481\"><\/td>\n<\/tr>\n<tr>\n<td width=\"200\">Timpul de livrare<\/td>\n<td width=\"481\">30 de zile<\/td>\n<\/tr>\n<tr>\n<td width=\"200\">Pachet<\/td>\n<td width=\"481\">Carcas\u0103 standard de export de placaj<\/td>\n<\/tr>\n<tr>\n<td width=\"200\">Portul de expediere<\/td>\n<td width=\"481\">Ningbo\/Shanghai, China<\/td>\n<\/tr>\n<tr>\n<td width=\"200\">Termeni de livrare<\/td>\n<td width=\"481\">Exw, FOB, CFR, CIF etc.<\/td>\n<\/tr>\n<tr>\n<td width=\"200\">Termeni de plat\u0103<\/td>\n<td width=\"481\">T\/T, Western Union, PayPal etc.<\/td>\n<\/tr>\n<tr>\n<td width=\"200\"><\/td>\n<td width=\"481\">Plat\u0103 anticipat\u0103 30%, sold 70% pl\u0103tit \u00eenainte de expediere<\/td>\n<\/tr>\n<tr>\n<td width=\"200\">\u021aara de origine<\/td>\n<td width=\"481\">Ora\u0219ul Wenzhou, China<\/td>\n<\/tr>\n<tr>\n<td width=\"200\">Capacitatea de produc\u021bie<\/td>\n<td width=\"481\">6000 tone\/an<\/td>\n<\/tr>\n<tr>\n<td width=\"200\">MOQ<\/td>\n<td width=\"481\">1 buc\/dimensiune<\/td>\n<\/tr>\n<\/tbody>\n<\/table>","protected":false},"excerpt":{"rendered":"<p>Model: J541Y-1500lb-12\u2033-WC9<\/p>\n<p>Caracteristicile structurii supapei cu glob cu flan\u0219\u0103 de \u00eenalt\u0103 presiune WC9:<\/p>\n<p>1 proiectare \u0219i fabricare a produsului conform E101, standardul ANSI B 16.34, poate fi echipat cu utilizarea echipamentelor importate.<\/p>\n<p>2 supape \u00een cavitate cu o structur\u0103 de etan\u0219are automat\u0103 la presiune, cu c\u00e2t presiunea intern\u0103 este mai mare, cu at\u00e2t performan\u021ba de etan\u0219are este mai bun\u0103. \u021aeava se termin\u0103 la<\/p>\n<p>3 Suprafa\u021ba de etan\u0219are a clapei supapei \u0219i a scaunului supapei cu suprafa\u021b\u0103 din aliaj Stellite pe baz\u0103 de cobalt \u0219i suprafa\u021b\u0103 de etan\u0219are<\/p>\n<p>Ad\u00e2ncime de umplere a capacului cu 4 supape rezonabil\u0103, umplutur\u0103 \u0219i inhibitor, etan\u0219are fiabil\u0103, comutator lin\u0103.<\/p>\n<p>5 supap\u0103 cu structur\u0103 pentru a se asigura c\u0103 supapa este deschis\u0103 pentru a func\u021biona f\u0103r\u0103 scurgerea tijei supapei.<\/p>\n<p>6 deschiderea \u0219i \u00eenchiderea supapei electrice de \u00eentrerupere este controlat\u0103 de dispozitivul electric, iar dispozitivul electric este echipat cu un motor special, un reductor de vitez\u0103, un mecanism de control al cuplului, un mecanism de ac\u021bionare \u00een c\u00e2mp, o m\u00e2n\u0103 \u0219i un electric. mecanism de comutare. Pe l\u00e2ng\u0103 operarea local\u0103, dar \u0219i pentru operarea de la distan\u021b\u0103.<\/p>\n<p>Principiul de func\u021bionare al supapei cu glob cu flan\u0219\u0103 de \u00eenalt\u0103 presiune WC9 Proiectarea \u0219i fabricarea produsului conform standardului E101, structura este rezonabil\u0103, performan\u021ba este bun\u0103, modelarea este frumoas\u0103. Supapa din cavitate care folose\u0219te o structur\u0103 de etan\u0219are auto-etan\u0219\u0103 cu presiune, cu at\u00e2t performan\u021ba de etan\u0219are este mai bun\u0103. Structura sudat\u0103 a capetelor \u021bevilor. Canelura de sudare poate fi asortat\u0103 cu standardul sau conform cerin\u021belor utilizatorului. Supap\u0103 cu clapet\u0103, suprafa\u021b\u0103 de etan\u0219are a scaunului supapei cu suprafa\u021b\u0103 din aliaj Stellite Stellite pe baz\u0103 de cobalt \u0219i, rezisten\u021b\u0103 la uzur\u0103, rezisten\u021b\u0103 la temperaturi ridicate, performan\u021b\u0103 bun\u0103 anti abraziune, durat\u0103 lung\u0103 de via\u021b\u0103. Tulpina prin c\u0103lire \u0219i c\u0103lire \u0219i tratament de nitrurare a suprafe\u021bei, rezisten\u021b\u0103 bun\u0103 la coroziune \u0219i rezisten\u021b\u0103 la zg\u00e2rieturi. Ad\u00e2ncimea capacului cutiei de umplere este rezonabil\u0103, se adaug\u0103 inhibitorul de umplere \u0219i coroziune, iar etan\u0219area este fiabil\u0103. Supap\u0103 de conectare de sudur\u0103 pentru presiunea nominal\u0103 pentru 20,0 \u2013 32,0 mpa \u0219i P54100V \u2013 P57170V \u0219i temperatura de lucru este egal\u0103 sau mai mic\u0103 de 540 C (care P57170VT temperatur\u0103 pentru 570 C) din petrol, industria chimic\u0103, hidrocentrale \u0219i alte centrale termice \u0219i alte diferite condi\u021bii ale conductei, t\u0103iate sau conectate la medii. Mediu aplicabil: ap\u0103, ulei, abur, etc. Metodele de operare sunt: manual\u0103, cu viteze, electrice, etc.<\/p>\n<p>STV Valve Technology Group Co., Ltd este un lider profesionist din China ASTM A217 WC9 Globe Supape, Supap\u0103 Globe de 10 inch, Supap\u0103 Globe Clasa 1500 LB, Supap\u0103 Globe RF, Supap\u0103 Globe ASME B16.34, Supap\u0103 Globe BS 1873, ASME B16.10 Supap\u0103 cu glob, supap\u0103 cu glob din o\u021bel carbon Produc\u0103tor de \u00eenalt\u0103 calitate \u0219i pre\u021b competitiv.<\/p>\n<p>V\u0103 rug\u0103m s\u0103 contacta\u021bi v\u00e2nz\u0103rile noastre pentru alte materiale \u0219i detalii.<\/p>\n<p>Fi\u0219\u0103 de date:<br \/>\n<a href=\"https:\/\/www.stvvalves.com\/wp-content\/uploads\/2018\/12\/1500LB-WC9-High-Pressure-Globe-Valve-Drawing.pdf\">1500LB WC9 Supap\u0103 cu glob cu flan\u0219\u0103 de \u00eenalt\u0103 presiune<\/a><\/p>\n<p>&nbsp;<\/p>","protected":false},"featured_media":4197,"template":"","meta":[],"product_brand":[],"product_cat":[63,45],"product_tag":[346,347,190,348,349],"class_list":{"0":"post-4195","1":"product","2":"type-product","3":"status-publish","4":"has-post-thumbnail","6":"product_cat-cast-steel-globe-valve","7":"product_cat-globe-valve","8":"product_tag-cast-steel-globe-valves","9":"product_tag-china-ansi-wc9-class1500-flange-globe-valve","10":"product_tag-globe-valve","11":"product_tag-pressure-seal-cast-globe-valves","12":"product_tag-wc9-high-pressure-flanged-globe-valve","14":"first","15":"instock","16":"shipping-taxable","17":"product-type-simple"},"_links":{"self":[{"href":"https:\/\/www.stvvalves.com\/ro\/wp-json\/wp\/v2\/product\/4195","targetHints":{"allow":["GET"]}}],"collection":[{"href":"https:\/\/www.stvvalves.com\/ro\/wp-json\/wp\/v2\/product"}],"about":[{"href":"https:\/\/www.stvvalves.com\/ro\/wp-json\/wp\/v2\/types\/product"}],"wp:featuredmedia":[{"embeddable":true,"href":"https:\/\/www.stvvalves.com\/ro\/wp-json\/wp\/v2\/media\/4197"}],"wp:attachment":[{"href":"https:\/\/www.stvvalves.com\/ro\/wp-json\/wp\/v2\/media?parent=4195"}],"wp:term":[{"taxonomy":"product_brand","embeddable":true,"href":"https:\/\/www.stvvalves.com\/ro\/wp-json\/wp\/v2\/product_brand?post=4195"},{"taxonomy":"product_cat","embeddable":true,"href":"https:\/\/www.stvvalves.com\/ro\/wp-json\/wp\/v2\/product_cat?post=4195"},{"taxonomy":"product_tag","embeddable":true,"href":"https:\/\/www.stvvalves.com\/ro\/wp-json\/wp\/v2\/product_tag?post=4195"}],"curies":[{"name":"wp","href":"https:\/\/api.w.org\/{rel}","templated":true}]}}