{"id":4211,"date":"2018-12-11T12:50:56","date_gmt":"2018-12-11T12:50:56","guid":{"rendered":"https:\/\/www.stvvalves.com\/?post_type=product&#038;p=4211"},"modified":"2026-01-07T09:13:42","modified_gmt":"2026-01-07T01:13:42","slug":"ansi-bellow-seal-wcb-globe-valve-150lb-21-2-rf-end","status":"publish","type":"product","link":"https:\/\/www.stvvalves.com\/ro\/products\/ansi-bellow-seal-wcb-globe-valve-150lb-21-2-rf-end\/","title":{"rendered":"ANSI Bellow Seal WCB Globe Valve,150LB,21\/2&#8243;,RF End"},"content":{"rendered":"<h2>ANSI Bellow Seal WCB Globe Valve,150LB,21\/2&#8243;,RF End<\/h2>\n<p>1. Acest produs are structur\u0103 logic\u0103, etan\u0219are fiabil\u0103, performan\u021b\u0103 excelent\u0103 \u0219i design frumos.<br \/>\n2. Suprafa\u021ba de etan\u0219are este sudat\u0103 prin acumulare cu aliaj dur Co, care este rezistent la uzur\u0103, rezistent la coroziune, are o bun\u0103 rezisten\u021b\u0103 la frecare \u0219i o via\u021b\u0103 lung\u0103.<br \/>\n3. Tija este stins\u0103 \u0219i c\u0103lit\u0103, iar suprafa\u021ba sa este tratat\u0103 prin tratament cu azot, astfel \u00eenc\u00e2t are o bun\u0103 rezisten\u021b\u0103 la coroziune \u0219i la frecare.<br \/>\n4. Are capacitate de etan\u0219are dubl\u0103, astfel este mai fiabil\u0103.<br \/>\n5. Tija poate ar\u0103ta pozi\u021bia de ridicare, astfel este mai clar\u0103.<br \/>\n6. Materialul piesei, flan\u0219a \u0219i dimensiunea cap\u0103tului de sudur\u0103 cap la cap pot fi selectate \u00een func\u021bie de condi\u021biile actuale de func\u021bionare \u0219i de cerin\u021bele utilizatorilor, astfel \u00eenc\u00e2t s\u0103 \u00eendeplineasc\u0103 cerin\u021bele diferitelor inginerie.<br \/>\nFormare structural\u0103: BB-BG-OS&amp;Y<br \/>\n7, Materiale: WCB, WC6, SS304, SS316<br \/>\n8, Materiale burduf: SS304, SS316, SS316L, SS310, Hastelly C.<br \/>\n9, Interval de dimensiuni: 2\u2033-16\u2033<br \/>\n10, Presiune: 150LB-900LB<br \/>\n11. Mod de conducere: ac\u021bionat manual, ac\u021bionat electric<\/p>\n<p>Globe valve with bellow seal acc. to ANSI is applicable to the cutting and connection of pipelines medium that are used in various industries such as peroleum, chemical industry,pharmacy,chemical fertilizer,electric power industry etc under nominal pressure of CLASS150-900LBS and working tem\u00acperature of-29~350&#8217;C.<\/p>\n<p>Structural Features<br \/>\n1 .This product has logical structure,reliable seal, excellent performance and nice design.<br \/>\n2.The seal surface is build-up welding with Co hard alloy, which is attrition-resistant, corrosion-resistant, has good friction resistant and long life.<br \/>\n3.The stem is quenched and tempered, and its surface is treated by nitriding treatment, thus it has good corrosion resistant and friction resistant.<br \/>\n4.It has double seal capability, thus is more reliable.<br \/>\n5.The stem may show the position of lift, thus it is clearer.<br \/>\n6.The part material, flange and butt weld end dimension may be selected according to current operating condition and users&#8217; requirement, so that meet the requirements of various engineering.<\/p>\n<p>Technical Specificastion<br \/>\nStructural formation\uff1a BB-BG-OS &amp; Y<br \/>\nDriving maner\uff1a Hand-operated, Electric-actuated<br \/>\nDesign standard\uff1a AMSE B16.10\u3001BS1873<br \/>\nFace to face\uff1a ASME B16.10<br \/>\nFlange ends : ASME B16.5<br \/>\nTest &amp; inspection\uff1a API598<br \/>\n<img decoding=\"async\" src=\"https:\/\/www.lonzevalve.com\/zyupload\/201910\/15\/1-201910151537083676.jpg\" alt=\"\" \/><\/p>\n<table>\n<tbody>\n<tr>\n<td width=\"200\"><strong>numele produsului<\/strong><\/td>\n<td width=\"481\">ANSI Bellow Seal WCB Globe Valve,150LB,21\/2&#8243;,RF End<\/td>\n<\/tr>\n<tr>\n<td width=\"200\">1. Material<\/td>\n<td width=\"481\">WCB<\/td>\n<\/tr>\n<tr>\n<td width=\"200\">2. Dimensiunea<\/td>\n<td width=\"481\">2\u201d<\/td>\n<\/tr>\n<tr>\n<td width=\"200\">4. Port<\/td>\n<td width=\"481\">Port complet<\/td>\n<\/tr>\n<tr>\n<td width=\"200\">5. Presiunea de lucru<\/td>\n<td width=\"481\">150 lb<\/td>\n<\/tr>\n<tr>\n<td width=\"200\">6. Conexiunea se termin\u0103<\/td>\n<td width=\"481\">RF<\/td>\n<\/tr>\n<tr>\n<td width=\"200\">7. Temp. de lucru.<\/td>\n<td width=\"481\">-29~425\u00baC,<\/td>\n<\/tr>\n<tr>\n<td width=\"200\">8. Mediu potrivit<\/td>\n<td width=\"481\">Ap\u0103, gaze naturale, ulei \u0219i ceva lichid coroziv<\/td>\n<\/tr>\n<tr>\n<td width=\"200\">9. Operat<\/td>\n<td width=\"481\">Roat\u0103 de m\u00e2n\u0103<\/td>\n<\/tr>\n<tr>\n<td width=\"200\">10. Inspec\u021bie \u0219i testare<\/td>\n<td width=\"481\">Conform API598<\/td>\n<\/tr>\n<tr>\n<td width=\"200\"><strong>Expediere<\/strong><\/td>\n<td width=\"481\"><\/td>\n<\/tr>\n<tr>\n<td width=\"200\">Timpul de livrare<\/td>\n<td width=\"481\">30 de zile<\/td>\n<\/tr>\n<tr>\n<td width=\"200\">Pachet<\/td>\n<td width=\"481\">Carcas\u0103 standard de export de placaj<\/td>\n<\/tr>\n<tr>\n<td width=\"200\">Portul de expediere<\/td>\n<td width=\"481\">Ningbo\/Shanghai, China<\/td>\n<\/tr>\n<tr>\n<td width=\"200\">Termeni de livrare<\/td>\n<td width=\"481\">Exw, FOB, CFR, CIF etc.<\/td>\n<\/tr>\n<tr>\n<td width=\"200\">Termeni de plat\u0103<\/td>\n<td width=\"481\">T\/T, Western Union, PayPal etc.<\/td>\n<\/tr>\n<tr>\n<td width=\"200\"><\/td>\n<td width=\"481\">Plat\u0103 anticipat\u0103 30%, sold 70% pl\u0103tit \u00eenainte de expediere<\/td>\n<\/tr>\n<tr>\n<td width=\"200\">\u021aara de origine<\/td>\n<td width=\"481\">Ora\u0219ul Wenzhou, China<\/td>\n<\/tr>\n<tr>\n<td width=\"200\">Capacitatea de produc\u021bie<\/td>\n<td width=\"481\">6000 tone\/an<\/td>\n<\/tr>\n<tr>\n<td width=\"200\">MOQ<\/td>\n<td width=\"481\">1 buc\/dimensiune<\/td>\n<\/tr>\n<\/tbody>\n<\/table>","protected":false},"excerpt":{"rendered":"<p>Model:WJ41Y-150LB-21\/2&#8243;<\/p>\n<p>Supapa cu burduf ANSI 150LB folose\u0219te burduf ca element de etan\u0219are a tijei supapei, care poate \u00eempiedica scurgerea tijei supapei pentru a preveni scurgerea mediului. Nicio pierdere de fluid cre\u0219te eficien\u021ba energetic\u0103, cre\u0219te siguran\u021ba echipamentelor de produc\u021bie, reduce costurile de \u00eentre\u021binere \u0219i men\u021bine costurile de \u00eentre\u021binere. De asemenea, ofer\u0103 un mediu de lucru curat \u0219i sigur. Este cel mai potrivit pentru conducte de abur, inflamabil, exploziv, ulei de transfer de c\u0103ldur\u0103, puritate ridicat\u0103, toxice \u0219i alte medii. Supapa de \u00eenchidere este utilizat\u0103 pentru presiunea nominal\u0103 150LB-300LB, iar flan\u0219a de conectare este ANSI B16.5. La temperaturi ridicate, tulpina nu intr\u0103 \u00een contact cu mediul, asigur\u00e2nd o scurgere zero a tulpinii. \u00cen acela\u0219i timp, asigura\u021bi suficient\u0103 rezisten\u021b\u0103 \u0219i duritate, pute\u021bi comuta de zeci de mii de ori. Roata de m\u00e2n\u0103 este proiectat\u0103 ergonomic pentru o durat\u0103 mai lung\u0103 de via\u021b\u0103 \u0219i o operare u\u0219oar\u0103.<\/p>\n<p>Caracteristica cheie:<\/p>\n<p>1.Element de etan\u0219are cu burduf. Partea cheie a supapelor cu glob sigilate cu burduf este burduful mental. Este leg\u0103tura dintre capac \u0219i tij\u0103 cu sudare automat\u0103 cu rol\u0103. Burduful mental poate men\u021bine partea tijei f\u0103r\u0103 scurgeri.<br \/>\n2. Beneficia\u021bi de designul formei con \u0219i ra\u021bionalizate, discul are o etan\u0219are fiabil\u0103 \u0219i o durat\u0103 de via\u021b\u0103 mai lung\u0103.<br \/>\n3. Design dublu de etan\u0219are (burduf + ambalaj). Burduful \u0219i garnitura pot proteja \u00eempotriva scurgerilor \u0219i pot oferi o etan\u0219are excelent\u0103.<br \/>\n4.Matina de ungere. Poate lubrifia direct tija, piuli\u021ba \u0219i man\u0219onul.<br \/>\n5, indica\u021bia pozi\u021biei de ridicare a tijei, mai intuitiv\u0103;<br \/>\n6, materialul pieselor, dimensiunea num\u0103rului de sudur\u0103 cap la cap \u0219i flan\u0219a poate fi potrivit\u0103 \u00een mod rezonabil \u00een func\u021bie de condi\u021biile reale de lucru sau de cerin\u021bele utilizatorului pentru a satisface diferitele nevoi de inginerie<br \/>\n7, Materiale: WCB, WC6, SS304, SS316<br \/>\n8, Materiale burduf: SS304, SS316, SS316L, SS310, Hastelly C.<br \/>\n9, Interval de dimensiuni: 2\u2033-16\u2033<br \/>\n10, Presiune: 150LB-900LB<br \/>\nSpecifica\u021bie tehnic\u0103<br \/>\nStandard de proiectare: ASME B16.34<br \/>\nDimensiune fa\u021b\u0103 \u00een fa\u021b\u0103: ASME B16.10<br \/>\nCapetele cu flan\u0219e: ASME B16.5<br \/>\nTest \u0219i inspec\u021bie: API 598<br \/>\nSpecifica\u021bie de performan\u021b\u0103<\/p>\n<p>STV Valve Technology Group Co., Ltd este un lider profesionist China ANSI Supap\u0103 cu glob cu burduf, supap\u0103 cu glob cu etan\u0219are cu burduf standard ANSI, supap\u0103 cu glob cu etan\u0219are cu burduf ANSI 150LB, supap\u0103 cu glob cu etan\u0219are cu burduf din o\u021bel turnat ANSI din China, supap\u0103 cu glob cu etan\u0219are cu burduf cu flan\u0219\u0103, supap\u0103 cu glob pentru Wcb , Produc\u0103tor de supape glob de etan\u0219are de \u00eenalt\u0103 calitate \u0219i pre\u021b competitiv.<\/p>\n<p>V\u0103 rug\u0103m s\u0103 contacta\u021bi sales@stvvalve.com pentru alte materiale \u0219i detalii.<\/p>\n<h1>ANSI Bellow Seal WCB Globe Valve<\/h1>","protected":false},"featured_media":8802,"template":"","meta":[],"product_brand":[],"product_cat":[65,45],"product_tag":[370,365,371,369,368,366,367],"class_list":{"0":"post-4211","1":"product","2":"type-product","3":"status-publish","4":"has-post-thumbnail","6":"product_cat-bellow-seal-globe-valve","7":"product_cat-globe-valve","8":"product_tag-ansi-bellows-globe-valve","9":"product_tag-ansi-standard-bellows-seal-globe-valve","10":"product_tag-bellow-seal-globe-valve","11":"product_tag-bellows-seal-globe-valve-ansi-150lb","12":"product_tag-china-ansi-cast-steel-bellow-seal-globe-valve","13":"product_tag-flanged-bellow-seal-globe-valve","14":"product_tag-wcb-globe-valve","16":"first","17":"instock","18":"shipping-taxable","19":"product-type-simple"},"_links":{"self":[{"href":"https:\/\/www.stvvalves.com\/ro\/wp-json\/wp\/v2\/product\/4211","targetHints":{"allow":["GET"]}}],"collection":[{"href":"https:\/\/www.stvvalves.com\/ro\/wp-json\/wp\/v2\/product"}],"about":[{"href":"https:\/\/www.stvvalves.com\/ro\/wp-json\/wp\/v2\/types\/product"}],"wp:featuredmedia":[{"embeddable":true,"href":"https:\/\/www.stvvalves.com\/ro\/wp-json\/wp\/v2\/media\/8802"}],"wp:attachment":[{"href":"https:\/\/www.stvvalves.com\/ro\/wp-json\/wp\/v2\/media?parent=4211"}],"wp:term":[{"taxonomy":"product_brand","embeddable":true,"href":"https:\/\/www.stvvalves.com\/ro\/wp-json\/wp\/v2\/product_brand?post=4211"},{"taxonomy":"product_cat","embeddable":true,"href":"https:\/\/www.stvvalves.com\/ro\/wp-json\/wp\/v2\/product_cat?post=4211"},{"taxonomy":"product_tag","embeddable":true,"href":"https:\/\/www.stvvalves.com\/ro\/wp-json\/wp\/v2\/product_tag?post=4211"}],"curies":[{"name":"wp","href":"https:\/\/api.w.org\/{rel}","templated":true}]}}