{"id":4215,"date":"2018-12-11T16:02:56","date_gmt":"2018-12-11T16:02:56","guid":{"rendered":"https:\/\/www.stvvalves.com\/?post_type=product&#038;p=4215"},"modified":"2026-01-07T09:23:37","modified_gmt":"2026-01-07T01:23:37","slug":"din-pn16-cast-steel-bellow-globe-valve","status":"publish","type":"product","link":"https:\/\/www.stvvalves.com\/ro\/products\/din-pn16-cast-steel-bellow-globe-valve\/","title":{"rendered":"Supap\u0103 cu burduf din o\u021bel turnat DIN PN16"},"content":{"rendered":"<p>Specifica\u021bie tehnic\u0103<\/p>\n<p>Standard de proiectare: DIN 3356<\/p>\n<p>Dimensiune fa\u021b\u0103 \u00een fa\u021b\u0103: DIN 3202<\/p>\n<p>Capetele flan\u0219e: DIN 2543-2545<\/p>\n<p>Test \u0219i inspec\u021bie: DIN 3230<\/p>\n<p>Aplica\u021bie: sistem de ulei cald, sistem de abur, sistem de ap\u0103 cald\u0103 \u0219i rece etc.<\/p>\n<p>Mediu: abur, gaze, ap\u0103 cald\u0103, ulei termic, amoniac etc.<br \/>\nMateriale: GG25(EN-GJL-250),GGG40,1.0619+N(GS-C25),1.4308(CF8), 1.4408(CF8M)<br \/>\nMateriale burduf: SS304, SS316, SS316L, SS 310S, Hasstelly C<br \/>\nGama de dimensiuni: DN15-DN400<br \/>\nPresiune: PN16-PN40<br \/>\nTemperatura: \u2264600 \u2103<\/p>\n<table>\n<tbody>\n<tr>\n<td width=\"200\"><strong>numele produsului<\/strong><\/td>\n<td width=\"481\">Supap\u0103 cu burduf din o\u021bel turnat DIN PN16<\/td>\n<\/tr>\n<tr>\n<td width=\"200\">1. Material<\/td>\n<td width=\"481\">WCB<\/td>\n<\/tr>\n<tr>\n<td width=\"200\">2. Dimensiunea<\/td>\n<td width=\"481\">2\u201d<\/td>\n<\/tr>\n<tr>\n<td width=\"200\">4. Port<\/td>\n<td width=\"481\">Port complet<\/td>\n<\/tr>\n<tr>\n<td width=\"200\">5. Presiunea de lucru<\/td>\n<td width=\"481\">PN16<\/td>\n<\/tr>\n<tr>\n<td width=\"200\">6. Conexiunea se termin\u0103<\/td>\n<td width=\"481\">RF<\/td>\n<\/tr>\n<tr>\n<td width=\"200\">7. Temp. de lucru.<\/td>\n<td width=\"481\">-29~425\u00baC,<\/td>\n<\/tr>\n<tr>\n<td width=\"200\">8. Mediu potrivit<\/td>\n<td width=\"481\">Ap\u0103, gaze naturale, ulei \u0219i ceva lichid coroziv<\/td>\n<\/tr>\n<tr>\n<td width=\"200\">9. Operat<\/td>\n<td width=\"481\">Roat\u0103 de m\u00e2n\u0103<\/td>\n<\/tr>\n<tr>\n<td width=\"200\">10. Inspec\u021bie \u0219i testare<\/td>\n<td width=\"481\">Conform DIN 3230<\/td>\n<\/tr>\n<tr>\n<td width=\"200\"><strong>Expediere<\/strong><\/td>\n<td width=\"481\"><\/td>\n<\/tr>\n<tr>\n<td width=\"200\">Timpul de livrare<\/td>\n<td width=\"481\">30 de zile<\/td>\n<\/tr>\n<tr>\n<td width=\"200\">Pachet<\/td>\n<td width=\"481\">Carcas\u0103 standard de export de placaj<\/td>\n<\/tr>\n<tr>\n<td width=\"200\">Portul de expediere<\/td>\n<td width=\"481\">Ningbo\/Shanghai, China<\/td>\n<\/tr>\n<tr>\n<td width=\"200\">Termeni de livrare<\/td>\n<td width=\"481\">Exw, FOB, CFR, CIF etc.<\/td>\n<\/tr>\n<tr>\n<td width=\"200\">Termeni de plat\u0103<\/td>\n<td width=\"481\">T\/T, Western Union, PayPal etc.<\/td>\n<\/tr>\n<tr>\n<td width=\"200\"><\/td>\n<td width=\"481\">Plat\u0103 anticipat\u0103 30%, sold 70% pl\u0103tit \u00eenainte de expediere<\/td>\n<\/tr>\n<tr>\n<td width=\"200\">\u021aara de origine<\/td>\n<td width=\"481\">Ora\u0219ul Wenzhou, China<\/td>\n<\/tr>\n<tr>\n<td width=\"200\">Capacitatea de produc\u021bie<\/td>\n<td width=\"481\">6000 tone\/an<\/td>\n<\/tr>\n<tr>\n<td width=\"200\">MOQ<\/td>\n<td width=\"481\">1 buc\/dimensiune<\/td>\n<\/tr>\n<\/tbody>\n<\/table>","protected":false},"excerpt":{"rendered":"<p>Model: WJ41H-WCB-PN16<br \/>\nSupapa cu burduf din o\u021bel turnat este potrivit\u0103 pentru presiune medie PN1.6 ~ 16MPa, temperatur\u0103 de lucru -29 ~ 350 \u00b0C fluid inflamabil, exploziv, foarte toxic, toxic, ulei de transfer termic la temperatur\u0103 \u00eenalt\u0103, amoniac lichid \u0219i alte medii.<br \/>\nUtilizat pe scar\u0103 larg\u0103 \u00een: petrochimie, textile din fibre chimice, h\u00e2rtie de plastic, o\u021bel electric, cauciuc de imprimare \u0219i vopsire, gaze naturale \u0219i alte sisteme de gaz, performan\u021ba este sigur\u0103 \u0219i fiabil\u0103, utilizat\u0103 pe scar\u0103 larg\u0103 \u00een fluide industriale, cum ar fi etilenglicolul. Metodele de conducere sunt manuale, transmisie cu viteze, electrice, pneumatice \u0219i a\u0219a mai departe.<\/p>\n<p>&nbsp;<\/p>\n<p>Caracteristica cheie:<\/p>\n<p>1.Element de etan\u0219are cu burduf. Partea cheie a supapelor cu glob sigilate cu burduf este burduful metalic. Este leg\u0103tura dintre capac \u0219i tij\u0103 cu sudare automat\u0103 cu rol\u0103. Burduful metalic poate men\u021bine partea tijei f\u0103r\u0103 scurgeri.<\/p>\n<p>2. Beneficia\u021bi de designul formei con \u0219i ra\u021bionalizate, discul are o etan\u0219are fiabil\u0103 \u0219i o durat\u0103 de via\u021b\u0103 mai lung\u0103.<\/p>\n<p>3. Design dublu de etan\u0219are (burduf + ambalaj). Burduful \u0219i garnitura pot proteja \u00eempotriva scurgerilor \u0219i pot oferi o etan\u0219are excelent\u0103.<\/p>\n<p>4.Matina de ungere. Poate lubrifia direct tija, piuli\u021ba \u0219i man\u0219onul.<\/p>\n<p>5.Roat\u0103 de m\u00e2n\u0103 ergonomic\u0103. Ofer\u0103 o durat\u0103 de via\u021b\u0103 mai lung\u0103 \u0219i o func\u021bionare mai u\u0219oar\u0103.<\/p>\n<p>&nbsp;<\/p>\n<p>STV Valve Technology Group Co., Ltd este un lider profesionist din China Supape cu etan\u0219are cu burduf, supape cu glob etan\u0219at cu burduf din o\u021bel turnat, supape cu glob etan\u0219at cu burduf din o\u021bel turnat cu flan\u0219\u0103 PN 16, supap\u0103 cu etan\u0219are cu burduf DIN, supap\u0103 cu etan\u0219are cu burduf WCB Produc\u0103tor de \u00eenalt\u0103 calitate si pret competitiv.<\/p>\n<p>V\u0103 rug\u0103m s\u0103 contacta\u021bi sales@stvvalve.com pentru alte materiale \u0219i detalii.<\/p>\n<p>Fi\u0219\u0103 de date:<br \/>\n<a href=\"https:\/\/www.stvvalves.com\/wp-content\/uploads\/2018\/12\/din-pn16-cast-steel-bellow-globe-valve-drawing.pdf\">Supap\u0103 cu burduf din o\u021bel turnat DIN PN16<\/a><\/p>","protected":false},"featured_media":4216,"template":"","meta":[],"product_brand":[],"product_cat":[65,45],"product_tag":[371,374,373,372,375],"class_list":{"0":"post-4215","1":"product","2":"type-product","3":"status-publish","4":"has-post-thumbnail","6":"product_cat-bellow-seal-globe-valve","7":"product_cat-globe-valve","8":"product_tag-bellow-seal-globe-valve","9":"product_tag-cast-steel-bellow-sealed-globe-valves","10":"product_tag-cast-steel-bellow-sealed-globe-valves-flanged-pn-16","11":"product_tag-din-bellow-seal-globe-valve","12":"product_tag-wcb-bellow-seal-globe-valve","14":"first","15":"instock","16":"shipping-taxable","17":"product-type-simple"},"_links":{"self":[{"href":"https:\/\/www.stvvalves.com\/ro\/wp-json\/wp\/v2\/product\/4215","targetHints":{"allow":["GET"]}}],"collection":[{"href":"https:\/\/www.stvvalves.com\/ro\/wp-json\/wp\/v2\/product"}],"about":[{"href":"https:\/\/www.stvvalves.com\/ro\/wp-json\/wp\/v2\/types\/product"}],"wp:featuredmedia":[{"embeddable":true,"href":"https:\/\/www.stvvalves.com\/ro\/wp-json\/wp\/v2\/media\/4216"}],"wp:attachment":[{"href":"https:\/\/www.stvvalves.com\/ro\/wp-json\/wp\/v2\/media?parent=4215"}],"wp:term":[{"taxonomy":"product_brand","embeddable":true,"href":"https:\/\/www.stvvalves.com\/ro\/wp-json\/wp\/v2\/product_brand?post=4215"},{"taxonomy":"product_cat","embeddable":true,"href":"https:\/\/www.stvvalves.com\/ro\/wp-json\/wp\/v2\/product_cat?post=4215"},{"taxonomy":"product_tag","embeddable":true,"href":"https:\/\/www.stvvalves.com\/ro\/wp-json\/wp\/v2\/product_tag?post=4215"}],"curies":[{"name":"wp","href":"https:\/\/api.w.org\/{rel}","templated":true}]}}