{"id":4230,"date":"2018-12-12T15:30:22","date_gmt":"2018-12-12T15:30:22","guid":{"rendered":"https:\/\/www.stvvalves.com\/?post_type=product&#038;p=4230"},"modified":"2025-02-17T18:19:24","modified_gmt":"2025-02-17T10:19:24","slug":"3-way-sanitary-ball-valve-aisi-316l","status":"publish","type":"product","link":"https:\/\/www.stvvalves.com\/ro\/products\/3-way-sanitary-ball-valve-aisi-316l\/","title":{"rendered":"Supap\u0103 cu bil\u0103 sanitar\u0103 cu 3 c\u0103i AISI 316L"},"content":{"rendered":"<p><img loading=\"lazy\" decoding=\"async\" class=\"alignnone size-full wp-image-4231\" src=\"https:\/\/www.stvvalves.com\/wp-content\/uploads\/2018\/12\/3-way-sanitary-ball-valve-aisi-316l-drawing.jpg\" alt=\"\" width=\"2200\" height=\"1700\" srcset=\"https:\/\/www.stvvalves.com\/wp-content\/uploads\/2018\/12\/3-way-sanitary-ball-valve-aisi-316l-drawing.jpg 2200w, https:\/\/www.stvvalves.com\/wp-content\/uploads\/2018\/12\/3-way-sanitary-ball-valve-aisi-316l-drawing-600x464.jpg 600w, https:\/\/www.stvvalves.com\/wp-content\/uploads\/2018\/12\/3-way-sanitary-ball-valve-aisi-316l-drawing-300x232.jpg 300w, https:\/\/www.stvvalves.com\/wp-content\/uploads\/2018\/12\/3-way-sanitary-ball-valve-aisi-316l-drawing-768x593.jpg 768w, https:\/\/www.stvvalves.com\/wp-content\/uploads\/2018\/12\/3-way-sanitary-ball-valve-aisi-316l-drawing-1030x796.jpg 1030w, https:\/\/www.stvvalves.com\/wp-content\/uploads\/2018\/12\/3-way-sanitary-ball-valve-aisi-316l-drawing-1500x1159.jpg 1500w, https:\/\/www.stvvalves.com\/wp-content\/uploads\/2018\/12\/3-way-sanitary-ball-valve-aisi-316l-drawing-705x545.jpg 705w\" sizes=\"auto, (max-width: 2200px) 100vw, 2200px\" \/><\/p>","protected":false},"excerpt":{"rendered":"<p>Model: Q15F-1000WOG<\/p>\n<p>Supapele cu bil\u0103 sanitar\u0103 cu 3 c\u0103i sunt dotate standard cu un scaun complet \u00eencapsulat sau umplut cu cavitate \u2013 aceasta nu este o op\u021biune, deoarece scaunul din teflon complet \u00eencapsulat reduce amenin\u021barea de contaminare pentru procesele sau produsele critice. Supapele cu bil\u0103 cu 3 c\u0103i nu necesit\u0103 instrumente speciale \u00een teren pentru a lucra la supap\u0103, ceea ce este un plus atunci c\u00e2nd vine vorba de \u00eentre\u021binere u\u0219oar\u0103 \u0219i costuri reduse de instalare. Avem fiecare supap\u0103 acoperit\u0103 \u0219i ambalat\u0103, astfel \u00eenc\u00e2t s\u0103 nu ave\u021bi urme la capete, precum \u0219i s\u0103 grava\u021bi permanent dimensiunea, aliajul \u0219i num\u0103rul de c\u0103ldur\u0103 pentru o capacitate de urm\u0103rire complet\u0103.<br \/>\nRobinetele sanitare cu sfera cu 3 c\u0103i din o\u021bel inoxidabil sunt utilizate \u00eentr-o mare varietate de aplica\u021bii de \u00eenalt\u0103 presiune. Un flux complet, nerestric\u021bionat, nu permite restric\u021bii de produs prin supap\u0103, permi\u021b\u00e2nd o deviere u\u0219oar\u0103. Oferim robinete cu bil\u0103 cu trei c\u0103i din o\u021bel inoxidabil T316L (CF3M) cu scaune din PTFE care se demonteaz\u0103 u\u0219or. Capetele de prindere \u0219i sudur\u0103 sunt standard. Alte conexiuni sunt disponibile la cerere. Supapele cu bil\u0103 \u00eendeplinesc cerin\u021bele 3A. L-Port este standard, dar T-Port este disponibil la cerere. Avem un stoc mare de robinete cu sfera sanitare cu 3 c\u0103i din inox de \u00eenalt\u0103 calitate.<\/p>\n<p>Caracteristica cheie:<\/p>\n<p>Disponibil \u00een dimensiuni 1\/2\u2033 \u2013 4\u2033<br \/>\nCorp \u0219i capace turnare de calitate<br \/>\nDisponibil \u00een o\u021bel inoxidabil AISI 304, AISI 316L<br \/>\nPlac\u0103 de montare direct\u0103 ISO 5211<br \/>\nGarnitur\u0103 reglabil\u0103 a tijei<br \/>\nDesign tulpin\u0103 rezistent la explozie<br \/>\nDisponibil \u00een portul L\/ T\/ X\/ I<br \/>\n100% testat cu aer sub ap\u0103 la 80-100 psi<br \/>\nInterval de temperatur\u0103 -29 \u00b0C p\u00e2n\u0103 la 120 \u00b0C<br \/>\nTip de cap\u0103t: clem\u0103 \u00een T, sudur\u0103 tub, sudur\u0103 tub extins<\/p>\n<p>V\u0103 rug\u0103m s\u0103 contacta\u021bi v\u00e2nz\u0103rile noastre pentru alte materiale \u0219i detalii.<\/p>\n<p>Fi\u0219\u0103 de date:<br \/>\n<a href=\"https:\/\/www.stvvalves.com\/wp-content\/uploads\/2018\/12\/3-way-sanitary-ball-valve-aisi-316l.jpg\">Supap\u0103 cu bil\u0103 sanitar\u0103 cu 3 c\u0103i AISI 316L<\/a><\/p>","protected":false},"featured_media":4233,"template":"","meta":[],"product_brand":[],"product_cat":[966,969],"product_tag":[397,394,390,396,392,393,391,395],"class_list":{"0":"post-4230","1":"product","2":"type-product","3":"status-publish","4":"has-post-thumbnail","6":"product_cat-pipe-fitting","7":"product_cat-sanitary-pipe-fitting-and-valves","8":"product_tag-3-way-ball-valves","9":"product_tag-3-way-multi-port-sanitary-stainless-steel-ball-valve","10":"product_tag-3-way-sanitary-ball-valves","11":"product_tag-3-way-sanitary-tri-clamp-valve","12":"product_tag-316l-stainless","13":"product_tag-sanitary-3-4-way-ball-valve","14":"product_tag-sanitary-3-way-ball-valve","15":"product_tag-t-port-three-way-sanitary-ball-valve","17":"first","18":"instock","19":"shipping-taxable","20":"product-type-simple"},"_links":{"self":[{"href":"https:\/\/www.stvvalves.com\/ro\/wp-json\/wp\/v2\/product\/4230","targetHints":{"allow":["GET"]}}],"collection":[{"href":"https:\/\/www.stvvalves.com\/ro\/wp-json\/wp\/v2\/product"}],"about":[{"href":"https:\/\/www.stvvalves.com\/ro\/wp-json\/wp\/v2\/types\/product"}],"wp:featuredmedia":[{"embeddable":true,"href":"https:\/\/www.stvvalves.com\/ro\/wp-json\/wp\/v2\/media\/4233"}],"wp:attachment":[{"href":"https:\/\/www.stvvalves.com\/ro\/wp-json\/wp\/v2\/media?parent=4230"}],"wp:term":[{"taxonomy":"product_brand","embeddable":true,"href":"https:\/\/www.stvvalves.com\/ro\/wp-json\/wp\/v2\/product_brand?post=4230"},{"taxonomy":"product_cat","embeddable":true,"href":"https:\/\/www.stvvalves.com\/ro\/wp-json\/wp\/v2\/product_cat?post=4230"},{"taxonomy":"product_tag","embeddable":true,"href":"https:\/\/www.stvvalves.com\/ro\/wp-json\/wp\/v2\/product_tag?post=4230"}],"curies":[{"name":"wp","href":"https:\/\/api.w.org\/{rel}","templated":true}]}}