{"id":4234,"date":"2018-12-14T12:52:59","date_gmt":"2018-12-14T12:52:59","guid":{"rendered":"https:\/\/www.stvvalves.com\/?post_type=product&#038;p=4234"},"modified":"2025-02-17T18:19:22","modified_gmt":"2025-02-17T10:19:22","slug":"pn16-flange-ball-valve-with-direct-mount","status":"publish","type":"product","link":"https:\/\/www.stvvalves.com\/ro\/products\/pn16-flange-ball-valve-with-direct-mount\/","title":{"rendered":"Supap\u0103 cu bil\u0103 cu flan\u0219\u0103 PN16 cu montare direct\u0103"},"content":{"rendered":"<p>Supap\u0103 cu bil\u0103 cu flan\u0219\u0103 PN16 cu montare direct\u0103<\/p>\n<p>Caracteristicile produsului:<\/p>\n<p>Material din o\u021bel inoxidabil turnat<\/p>\n<p>Bil\u0103 solid\u0103 din o\u021bel inoxidabil<\/p>\n<p>Tija din o\u021bel inoxidabil rezistent\u0103 la explozie<\/p>\n<p>Scaune PTFE ranforsate<\/p>\n<p>Deschidere complet\u0103 pentru flux nerestric\u021bionat<\/p>\n<p>Blocabil \u00een pozi\u021bii complet deschis sau \u00eenchis<\/p>\n<p>API 607 Fire Safe Design disponibil<\/p>\n<p>Pad de montare pentru ac\u021bionare u\u0219oar\u0103<\/p>\n<p>Lungime reglabil\u0103\/m\u00e2nere deta\u0219abile pentru a se potrivi \u00een zone cu spa\u021biu limitat<\/p>\n<p>M\u00e2nerul cu dispozitiv de blocare este op\u021bional<\/p>\n<p>Certificat pentru a satisface cerin\u021bele diferitelor pie\u021be.<\/p>\n<p>Specificatii tehnice:<\/p>\n<p>Standard de proiectare \u0219i fabrica\u021bie: API 6D, API 608, BS 5351\/DIN3357\/JIS B2071<\/p>\n<p>Standard de presiune \u0219i temperatur\u0103: ASME B16.34\/DIN3230<\/p>\n<p>Standard de dimensiuni fa\u021b\u0103 \u00een fa\u021b\u0103: ASME B16.10\/DIN3202\/JIS B2002<\/p>\n<p>Standard de flan\u0219\u0103: ASME B16.5, ASME B16.47\/DIN2543-2545-2501\/JIS B2220<\/p>\n<p>Standard de testare \u0219i inspectare: API 598, API 6D\/DIN2401\/JIS B2003.<\/p>\n<p><img loading=\"lazy\" decoding=\"async\" class=\"alignnone size-full wp-image-4235\" src=\"https:\/\/www.stvvalves.com\/wp-content\/uploads\/2018\/12\/pn16-flange-ball-valve-with-direct-mount-drawing.jpg\" alt=\"\" width=\"2339\" height=\"1653\" srcset=\"https:\/\/www.stvvalves.com\/wp-content\/uploads\/2018\/12\/pn16-flange-ball-valve-with-direct-mount-drawing.jpg 2339w, https:\/\/www.stvvalves.com\/wp-content\/uploads\/2018\/12\/pn16-flange-ball-valve-with-direct-mount-drawing-600x424.jpg 600w, https:\/\/www.stvvalves.com\/wp-content\/uploads\/2018\/12\/pn16-flange-ball-valve-with-direct-mount-drawing-300x212.jpg 300w, https:\/\/www.stvvalves.com\/wp-content\/uploads\/2018\/12\/pn16-flange-ball-valve-with-direct-mount-drawing-768x543.jpg 768w, https:\/\/www.stvvalves.com\/wp-content\/uploads\/2018\/12\/pn16-flange-ball-valve-with-direct-mount-drawing-1030x728.jpg 1030w, https:\/\/www.stvvalves.com\/wp-content\/uploads\/2018\/12\/pn16-flange-ball-valve-with-direct-mount-drawing-1500x1060.jpg 1500w, https:\/\/www.stvvalves.com\/wp-content\/uploads\/2018\/12\/pn16-flange-ball-valve-with-direct-mount-drawing-260x185.jpg 260w, https:\/\/www.stvvalves.com\/wp-content\/uploads\/2018\/12\/pn16-flange-ball-valve-with-direct-mount-drawing-705x498.jpg 705w\" sizes=\"auto, (max-width: 2339px) 100vw, 2339px\" \/><\/p>","protected":false},"excerpt":{"rendered":"<p>Model: Q41F-PN40<\/p>\n<p>Supapa noastr\u0103 cu bil\u0103 cu flan\u0219\u0103 PN 16 cu monturi directe prezint\u0103 un corp \u0219i un cap\u0103t turnat de \u00eenalt\u0103 calitate. sunt disponibile \u00een 1\/2\u201d p\u00e2n\u0103 la 6\u201d \u0219i sunt port obi\u0219nuit. Protec\u021bia superioar\u0103 \u00eempotriva scurgerilor este realizat\u0103 prin utilizarea sistemului nostru brevetat de etan\u0219are a tijei \u201epiramidale\u201d, prezentat \u00een graficul de mai jos. Acest sistem avansat protejeaz\u0103 \u00eempotriva uzurii \u0219i scurgerilor suferite de supapele cu bil\u0103 obi\u0219nuite.<\/p>\n<p>Disponibil cu op\u021biuni de flan\u0219\u0103 PN16\/40 \u0219i ANSI 150 \u0219i \u00een dimensiuni de la 1\/2\u2033 la 6\u2033.<br \/>\nCu un suport de ac\u0163ionare cu montare direct\u0103 ISO 5211, aceste supape sunt u\u015for de ac\u0163ionat.<\/p>\n<p>STV Valve Technology Group Co., Ltd este un lider profesionist din China, supap\u0103 cu bil\u0103 plutitoare din 2 piese, supap\u0103 cu bil\u0103 2 buc cu suport de montare direct\u0103, supap\u0103 cu bil\u0103 2 buc cu flan\u0219\u0103 DIN PN16, supap\u0103 cu sfer\u0103 cu flan\u0219\u0103 cu cap\u0103t Pn16\/40, China Robinet cu bil\u0103 cu flan\u0219\u0103 DIN Pn16\/Pn40 2PC, China Produc\u0103tor de supape cu bil\u0103 cu flan\u0219\u0103 PN16 cu montare direct\u0103 la temperatur\u0103 ridicat\u0103, cu \u00eenalt\u0103 calitate \u0219i pre\u021b competitiv.<\/p>\n<p>V\u0103 rug\u0103m s\u0103 contacta\u021bi sales@stvvalve.com pentru alte materiale \u0219i detalii.<\/p>\n<p>Fi\u0219\u0103 de date: <a href=\"https:\/\/www.stvvalves.com\/wp-content\/uploads\/2018\/12\/pn16-flange-ball-valve-with-direct-mount-drawing.pdf\">Supap\u0103 cu bil\u0103 cu flan\u0219\u0103 PN16 cu montare direct\u0103<\/a><\/p>\n<p>&nbsp;<\/p>","protected":false},"featured_media":4236,"template":"","meta":[],"product_brand":[],"product_cat":[43,80,78,53],"product_tag":[398,404,399,400,402,401,403],"class_list":{"0":"post-4234","1":"product","2":"type-product","3":"status-publish","4":"has-post-thumbnail","6":"product_cat-ball-valve","7":"product_cat-flange-ball-valve","8":"product_cat-floating-ball-valve","9":"product_cat-stainless-steel-ball-valve","10":"product_tag-2-piece-floating-ball-valve","11":"product_tag-2pc-ball-valve-with-direct-mounting-pad","12":"product_tag-ball-valve-2-pce-full-bore-flanged-din-pn16","13":"product_tag-ball-valve-flanged-end-direct-mounting-pad-pn16-40","14":"product_tag-china-din-pn16-pn40-2pc-flange-ball-valve","15":"product_tag-flanged-ball-valves","16":"product_tag-high-temperature-direct-mount-flanged-pn16-ball-valve","18":"first","19":"instock","20":"shipping-taxable","21":"product-type-simple"},"_links":{"self":[{"href":"https:\/\/www.stvvalves.com\/ro\/wp-json\/wp\/v2\/product\/4234","targetHints":{"allow":["GET"]}}],"collection":[{"href":"https:\/\/www.stvvalves.com\/ro\/wp-json\/wp\/v2\/product"}],"about":[{"href":"https:\/\/www.stvvalves.com\/ro\/wp-json\/wp\/v2\/types\/product"}],"wp:featuredmedia":[{"embeddable":true,"href":"https:\/\/www.stvvalves.com\/ro\/wp-json\/wp\/v2\/media\/4236"}],"wp:attachment":[{"href":"https:\/\/www.stvvalves.com\/ro\/wp-json\/wp\/v2\/media?parent=4234"}],"wp:term":[{"taxonomy":"product_brand","embeddable":true,"href":"https:\/\/www.stvvalves.com\/ro\/wp-json\/wp\/v2\/product_brand?post=4234"},{"taxonomy":"product_cat","embeddable":true,"href":"https:\/\/www.stvvalves.com\/ro\/wp-json\/wp\/v2\/product_cat?post=4234"},{"taxonomy":"product_tag","embeddable":true,"href":"https:\/\/www.stvvalves.com\/ro\/wp-json\/wp\/v2\/product_tag?post=4234"}],"curies":[{"name":"wp","href":"https:\/\/api.w.org\/{rel}","templated":true}]}}