{"id":4238,"date":"2018-12-17T13:24:35","date_gmt":"2018-12-17T13:24:35","guid":{"rendered":"https:\/\/www.stvvalves.com\/?post_type=product&#038;p=4238"},"modified":"2025-12-31T19:57:37","modified_gmt":"2025-12-31T11:57:37","slug":"carbon-steel-flange-ball-valve-dn50-150lb-304-trim-rf-end","status":"publish","type":"product","link":"https:\/\/www.stvvalves.com\/ro\/products\/carbon-steel-flange-ball-valve-dn50-150lb-304-trim-rf-end\/","title":{"rendered":"Supap\u0103 cu bil\u0103 cu flan\u0219\u0103 din o\u021bel carbon, DN50,150LB, 304 TRIM, RF END"},"content":{"rendered":"<p>Disponibil \u00een o\u021bel inoxidabil sau o\u021bel carbon<br \/>\nCorpul \u0219i cap\u0103tul sunt caz de investi\u021bie<br \/>\nGarnitur\u0103 auto-reglabil\u0103 a tijei<br \/>\nDesign tulpin\u0103 rezistent la explozie<br \/>\nDublu 100 de aer testat sub ap\u0103 la 100 psi<br \/>\nPresiune de lucru ANSI 150<br \/>\nInterval de temperatur\u0103: -29\u00b0C p\u00e2n\u0103 la +120\u00b0C<br \/>\nsuport de montare ISO 5211<br \/>\nTip capac: cap\u0103t cu flan\u0219\u0103 (ANSI 150)<br \/>\nDimensiunea flan\u0219ei: fa\u021b\u0103 \u00een fa\u021b\u0103 ANSI<br \/>\nB16.10; racord cu flansa ANSI B16.50<\/p>\n<p>Specificatii tehnice:<\/p>\n<p>Standard de proiectare \u0219i fabrica\u021bie: API 6D, API 608<\/p>\n<p>Standard de presiune \u0219i temperatur\u0103: ASME B16.34<\/p>\n<p>Standard de dimensiuni fa\u021b\u0103 \u00een fa\u021b\u0103: ASME B16.10<\/p>\n<p>Standard de flan\u0219\u0103: ASME B16.5, ASME B16.47<\/p>\n<p>Standard de testare \u0219i inspectare: API 598, API 6D<\/p>\n<p>&nbsp;<\/p>\n<table>\n<tbody>\n<tr>\n<td width=\"200\"><strong>numele produsului<\/strong><\/td>\n<td width=\"481\">Supap\u0103 cu bil\u0103 cu flan\u0219\u0103 din o\u021bel carbon, DN50,150LB, 304 TRIM, RF END<\/td>\n<\/tr>\n<tr>\n<td width=\"200\">1. Material<\/td>\n<td width=\"481\">WCB<\/td>\n<\/tr>\n<tr>\n<td width=\"200\">2. Dimensiunea<\/td>\n<td width=\"481\">2\u201d<\/td>\n<\/tr>\n<tr>\n<td width=\"200\">4. Port<\/td>\n<td width=\"481\">Port complet<\/td>\n<\/tr>\n<tr>\n<td width=\"200\">5. Presiunea de lucru<\/td>\n<td width=\"481\">150 lb<\/td>\n<\/tr>\n<tr>\n<td width=\"200\">6. Conexiunea se termin\u0103<\/td>\n<td width=\"481\">RF<\/td>\n<\/tr>\n<tr>\n<td width=\"200\">7. Temp. de lucru.<\/td>\n<td width=\"481\">-29~180\u00baC,<\/td>\n<\/tr>\n<tr>\n<td width=\"200\">8. Mediu potrivit<\/td>\n<td width=\"481\">Ap\u0103, gaze naturale, ulei \u0219i ceva lichid coroziv<\/td>\n<\/tr>\n<tr>\n<td width=\"200\">9. Operat<\/td>\n<td width=\"481\">Roat\u0103 de m\u00e2n\u0103<\/td>\n<\/tr>\n<tr>\n<td width=\"200\">10. Inspec\u021bie \u0219i testare<\/td>\n<td width=\"481\">Conform API598<\/td>\n<\/tr>\n<tr>\n<td width=\"200\"><strong>Expediere<\/strong><\/td>\n<td width=\"481\"><\/td>\n<\/tr>\n<tr>\n<td width=\"200\">Timpul de livrare<\/td>\n<td width=\"481\">30 de zile<\/td>\n<\/tr>\n<tr>\n<td width=\"200\">Pachet<\/td>\n<td width=\"481\">Carcas\u0103 standard de export de placaj<\/td>\n<\/tr>\n<tr>\n<td width=\"200\">Portul de expediere<\/td>\n<td width=\"481\">Ningbo\/Shanghai, China<\/td>\n<\/tr>\n<tr>\n<td width=\"200\">Termeni de livrare<\/td>\n<td width=\"481\">Exw, FOB, CFR, CIF etc.<\/td>\n<\/tr>\n<tr>\n<td width=\"200\">Termeni de plat\u0103<\/td>\n<td width=\"481\">T\/T, Western Union, PayPal etc.<\/td>\n<\/tr>\n<tr>\n<td width=\"200\"><\/td>\n<td width=\"481\">Plat\u0103 anticipat\u0103 30%, sold 70% pl\u0103tit \u00eenainte de expediere<\/td>\n<\/tr>\n<tr>\n<td width=\"200\">\u021aara de origine<\/td>\n<td width=\"481\">Ora\u0219ul Wenzhou, China<\/td>\n<\/tr>\n<tr>\n<td width=\"200\">Capacitatea de produc\u021bie<\/td>\n<td width=\"481\">6000 tone\/an<\/td>\n<\/tr>\n<tr>\n<td width=\"200\">MOQ<\/td>\n<td width=\"481\">1 buc\/dimensiune<\/td>\n<\/tr>\n<\/tbody>\n<\/table>","protected":false},"excerpt":{"rendered":"<p>Model: Q41F-150LB-WCB<\/p>\n<p>Supapa cu bil\u0103 cu flan\u0219\u0103 din o\u021bel carbon este o supap\u0103 cu bil\u0103 din 2 piese cu pas complet. Flan\u0219\u0103 de 150 lB, este un corp WCB \u0219i o bil\u0103 din o\u021bel inoxidabil 316\/304, cu scaune TFM pentru temperaturi ridicate.<\/p>\n<p>Supapa este conform\u0103 cu ISO 5211 suport de montare direct\u0103 pentru o ac\u021bionare u\u0219oar\u0103 \u0219i este furnizat\u0103 cu un m\u00e2ner de p\u00e2rghie capabil de lac\u0103t.<\/p>\n<p>Supapa ofer\u0103 o func\u021bionare sigur\u0103 \u00een multe aplica\u021bii industriale \u0219i chimice \u0219i este ideal\u0103 at\u00e2t pentru izolarea manual\u0103, c\u00e2t \u0219i pentru ac\u021bionarea u\u0219oar\u0103, av\u00e2nd caracteristici de cuplu sc\u0103zut cuplate cu debite mari.<\/p>\n<p>STV Valve Technology Group Co., Ltd este un lider profesionist din China Van\u0103 cu bil\u0103 din o\u021bel carbon, supap\u0103 cu bil\u0103 cu corp divizat din o\u021bel carbon, supape cu bil\u0103 cu flan\u0219\u0103, supap\u0103 cu bil\u0103 cu flan\u0219\u0103 din o\u021bel carbon cu dispozitiv de blocare, supap\u0103 cu bil\u0103 cu flan\u0219\u0103 din o\u021bel carbon cu port complet, China WCB ANSI 150 Produc\u0103tor de supape cu bil\u0103 de siguran\u021b\u0103 la foc cu flan\u0219\u0103, de \u00eenalt\u0103 calitate \u0219i pre\u021b competitiv.<\/p>\n<p>V\u0103 rug\u0103m s\u0103 contacta\u021bi sales@stvvalve.com pentru alte materiale \u0219i detalii.<\/p>\n<p>Fi\u0219\u0103 de date:\u00a0<a href=\"https:\/\/www.stvvalves.com\/wp-content\/uploads\/2018\/12\/carbon-steel-flange-ball-valve-dn50-150lb-304-trim-rf-end-drawing.pdf\">Supap\u0103 cu bil\u0103 cu flan\u0219\u0103 din o\u021bel carbon, DN50,150LB, 304 TRIM, RF END<\/a><\/p>","protected":false},"featured_media":4240,"template":"","meta":[],"product_brand":[],"product_cat":[43,54,80,78],"product_tag":[406,412,410,401,409,408,407,411,405],"class_list":{"0":"post-4238","1":"product","2":"type-product","3":"status-publish","4":"has-post-thumbnail","6":"product_cat-ball-valve","7":"product_cat-cast-steel-ball-valve","8":"product_cat-flange-ball-valve","9":"product_cat-floating-ball-valve","10":"product_tag-carbon-steel-ball-valve","11":"product_tag-carbon-steel-ball-valves","12":"product_tag-carbon-steel-split-body-ball-valve","13":"product_tag-flanged-ball-valves","14":"product_tag-flanged-carbon-steel-ball-valve-with-locking-device","15":"product_tag-flanged-full-port-carbon-steel-ball-valve","16":"product_tag-flanged-standard-bore-ball-valves","17":"product_tag-full-port-flanged-ball-valves","18":"product_tag-wcb-ansi-150-flanged-fire-safe-ball-valve","20":"first","21":"instock","22":"shipping-taxable","23":"product-type-simple"},"_links":{"self":[{"href":"https:\/\/www.stvvalves.com\/ro\/wp-json\/wp\/v2\/product\/4238","targetHints":{"allow":["GET"]}}],"collection":[{"href":"https:\/\/www.stvvalves.com\/ro\/wp-json\/wp\/v2\/product"}],"about":[{"href":"https:\/\/www.stvvalves.com\/ro\/wp-json\/wp\/v2\/types\/product"}],"wp:featuredmedia":[{"embeddable":true,"href":"https:\/\/www.stvvalves.com\/ro\/wp-json\/wp\/v2\/media\/4240"}],"wp:attachment":[{"href":"https:\/\/www.stvvalves.com\/ro\/wp-json\/wp\/v2\/media?parent=4238"}],"wp:term":[{"taxonomy":"product_brand","embeddable":true,"href":"https:\/\/www.stvvalves.com\/ro\/wp-json\/wp\/v2\/product_brand?post=4238"},{"taxonomy":"product_cat","embeddable":true,"href":"https:\/\/www.stvvalves.com\/ro\/wp-json\/wp\/v2\/product_cat?post=4238"},{"taxonomy":"product_tag","embeddable":true,"href":"https:\/\/www.stvvalves.com\/ro\/wp-json\/wp\/v2\/product_tag?post=4238"}],"curies":[{"name":"wp","href":"https:\/\/api.w.org\/{rel}","templated":true}]}}