{"id":4245,"date":"2018-12-17T14:51:05","date_gmt":"2018-12-17T14:51:05","guid":{"rendered":"https:\/\/www.stvvalves.com\/?post_type=product&#038;p=4245"},"modified":"2025-03-04T20:50:15","modified_gmt":"2025-03-04T12:50:15","slug":"ansi-150lb-3-way-ball-valve-flange-end-t-port-with-iso-direct-mounting-pad","status":"publish","type":"product","link":"https:\/\/www.stvvalves.com\/ro\/products\/ansi-150lb-3-way-ball-valve-flange-end-t-port-with-iso-direct-mounting-pad\/","title":{"rendered":"Supap\u0103 cu bil\u0103 ANSI 150LB cu 3 c\u0103i, cap\u0103t cu flan\u0219\u0103, port T, cu suport de montare direct\u0103 ISO"},"content":{"rendered":"<p>Construc\u021bie cu \u0219uruburi<br \/>\nCorp turnat de investi\u021bie<br \/>\n1\/2\u2033 \u2013 4\u2033; suport \u0219i cuplaj 6\u2033)<br \/>\nGarnitur\u0103 de PTFE reglabil\u0103, \u00eenc\u0103rcat\u0103 sub tensiune<br \/>\nProiectat \u0219i construit pentru performan\u021be superioare<br \/>\nPresiune nominal\u0103 pentru ANSI 150<br \/>\nOp\u021biuni L-Port \u0219i T-Port<br \/>\nOprire pozitiv\u0103 pe oricare dintre cele trei porturi<br \/>\nPlac\u0103 de montare direct\u0103 ISO 5211 \u00eencorporat\u0103 pentru o automatizare u\u0219oar\u0103<br \/>\nTija rezistent\u0103 la explozie adaug\u0103 siguran\u021b\u0103 \u0219i fiabilitate<br \/>\nConstruc\u021bie complet\u0103 din o\u021bel inoxidabil 316<\/p>\n<p>&nbsp;<\/p>\n<table>\n<tbody>\n<tr>\n<td width=\"200\"><strong>numele produsului<\/strong><\/td>\n<td width=\"481\">Supap\u0103 cu bil\u0103 ANSI 150LB cu 3 c\u0103i, cap\u0103t cu flan\u0219\u0103, port T, cu suport de montare direct\u0103 ISO<\/td>\n<\/tr>\n<tr>\n<td width=\"200\">1. Material<\/td>\n<td width=\"481\">WCB<\/td>\n<\/tr>\n<tr>\n<td width=\"200\">2. Dimensiunea3<\/td>\n<td width=\"481\">\u201d<\/td>\n<\/tr>\n<tr>\n<td width=\"200\">4. Port<\/td>\n<td width=\"481\">Port complet<\/td>\n<\/tr>\n<tr>\n<td width=\"200\">5. Presiunea de lucru<\/td>\n<td width=\"481\">150 lb<\/td>\n<\/tr>\n<tr>\n<td width=\"200\">6. Conexiunea se termin\u0103<\/td>\n<td width=\"481\">RF<\/td>\n<\/tr>\n<tr>\n<td width=\"200\">7. Temp. de lucru.<\/td>\n<td width=\"481\">-29~180\u00baC,<\/td>\n<\/tr>\n<tr>\n<td width=\"200\">8. Mediu potrivit<\/td>\n<td width=\"481\">Ap\u0103, gaze naturale, ulei \u0219i ceva lichid coroziv<\/td>\n<\/tr>\n<tr>\n<td width=\"200\">9. Operat<\/td>\n<td width=\"481\">Roat\u0103 de m\u00e2n\u0103<\/td>\n<\/tr>\n<tr>\n<td width=\"200\">10. Inspec\u021bie \u0219i testare<\/td>\n<td width=\"481\">Conform API598<\/td>\n<\/tr>\n<tr>\n<td width=\"200\"><strong>Expediere<\/strong><\/td>\n<td width=\"481\"><\/td>\n<\/tr>\n<tr>\n<td width=\"200\">Timpul de livrare<\/td>\n<td width=\"481\">30 de zile<\/td>\n<\/tr>\n<tr>\n<td width=\"200\">Pachet<\/td>\n<td width=\"481\">Carcas\u0103 standard de export de placaj<\/td>\n<\/tr>\n<tr>\n<td width=\"200\">Portul de expediere<\/td>\n<td width=\"481\">Ningbo\/Shanghai, China<\/td>\n<\/tr>\n<tr>\n<td width=\"200\">Termeni de livrare<\/td>\n<td width=\"481\">Exw, FOB, CFR, CIF etc.<\/td>\n<\/tr>\n<tr>\n<td width=\"200\">Termeni de plat\u0103<\/td>\n<td width=\"481\">T\/T, Western Union, PayPal etc.<\/td>\n<\/tr>\n<tr>\n<td width=\"200\"><\/td>\n<td width=\"481\">Plat\u0103 anticipat\u0103 30%, sold 70% pl\u0103tit \u00eenainte de expediere<\/td>\n<\/tr>\n<tr>\n<td width=\"200\">\u021aara de origine<\/td>\n<td width=\"481\">Ora\u0219ul Wenzhou, China<\/td>\n<\/tr>\n<tr>\n<td width=\"200\">Capacitatea de produc\u021bie<\/td>\n<td width=\"481\">6000 tone\/an<\/td>\n<\/tr>\n<tr>\n<td width=\"200\">MOQ<\/td>\n<td width=\"481\">1 buc\/dimensiune<\/td>\n<\/tr>\n<\/tbody>\n<\/table>","protected":false},"excerpt":{"rendered":"<p>Model: Q45F-150LB-3\u2033<\/p>\n<p>Supapa cu bil\u0103 cu trei c\u0103i este un tip relativ nou de supap\u0103 cu bil\u0103. Are o structur\u0103 compact\u0103, aspect frumos \u0219i performan\u021b\u0103 bun\u0103 de etan\u0219are. Nu numai c\u0103 poate comuta direc\u021bia de curgere a mediului, ci \u0219i s\u0103 conecteze cele trei canale unul la cel\u0103lalt \u0219i, de asemenea, poate \u00eenchide orice canal pentru a face un altul Cele dou\u0103 canale sunt conectate pentru a controla \u00een mod flexibil confluen\u021ba sau separarea mediului \u00een conduct\u0103. Are c\u00e2teva avantaje unice unice pentru structura sa, cum ar fi lipsa frec\u0103rii comutatorului, etan\u0219area nu este u\u0219or de purtat \u0219i cuplul de deschidere \u0219i \u00eenchidere este mic. Acest lucru reduce dimensiunea actuatoarelor care sunt furnizate. Cu actuatoare electrice cu mai multe ture, mediul poate fi reglat \u0219i \u00eenchis etan\u0219. Este utilizat pe scar\u0103 larg\u0103 \u00een petrol, produse chimice, alimentare cu ap\u0103 urban\u0103 \u0219i drenaj \u0219i alte condi\u021bii care necesit\u0103 t\u0103iere strict\u0103.<\/p>\n<p>STV Valve Technology Group Co., Ltd este un lider profesionist din China, supap\u0103 cu bil\u0103 cu flan\u0219\u0103 ANSI de 150 lb, supap\u0103 cu sfer\u0103 cu 3 c\u0103i, supap\u0103 cu bil\u0103 cu 3 c\u0103i din o\u021bel inoxidabil 316 L, robinet cu bil\u0103 cu 3 c\u0103i din o\u021bel inoxidabil 316 L, robinet cu bil\u0103 cu 3 c\u0103i O\u021bel inoxidabil cu flan\u0219\u0103 ANSI de 150 lb, supap\u0103 cu bil\u0103 cu 3 c\u0103i din China, Pad de montare ISO-Direct ANSI 150 lb, supap\u0103 cu bil\u0103 cu orificiu complet cu flan\u0219\u0103, supape cu bil\u0103 cu flan\u0219\u0103 cu trei c\u0103i, China WCB ANSI 150 Produc\u0103tor de supape cu bil\u0103 sigure la foc cu flan\u0219\u0103 de \u00eenalt\u0103 calitate \u0219i competitiv Pre\u021b.<\/p>\n<div class=\"woocommerce-product-details__short-description\">\n<p>V\u0103 rug\u0103m s\u0103 contacta\u021bi sales@stvvalve.com pentru alte materiale \u0219i detalii.<\/p>\n<p>Fi\u0219\u0103 de date: <a href=\"https:\/\/www.stvvalves.com\/wp-content\/uploads\/2018\/12\/ansi-150LB-3-way-ball-valve-flange-end-t-port-with-iso-direct-mounting-pad-drawing.pdf\">Supap\u0103 cu bil\u0103 cu 3 c\u0103i ANSI150LB, cap\u0103t cu flan\u0219\u0103, port T, cu suport de montare direct\u0103 ISO<\/a><\/p>\n<\/div>\n<form class=\"cart\" action=\"https:\/\/www.stvvalves.com\/ro\/product\/carbon-steel-flange-ball-valve-dn50-150lb-304-trim-rf-end\/\" enctype=\"multipart\/form-data\" method=\"post\" data-trp-original-action=\"https:\/\/www.stvvalves.com\/product\/carbon-steel-flange-ball-valve-dn50-150lb-304-trim-rf-end\/\">\n<div class=\"wcpa_form_outer\"><\/div>\n<div class=\"quantity\"><\/div>\n<div class=\"addquotelistlink\">\n<div class=\"quotelistadd_prodpage\"><\/div>\n<\/div>\n<input type=\"hidden\" name=\"trp-form-language\" value=\"ro\"\/><\/form>","protected":false},"featured_media":4248,"template":"","meta":[],"product_brand":[],"product_cat":[43,54,80,78,53],"product_tag":[414,171,417,415,413,419,416,418,405],"class_list":{"0":"post-4245","1":"product","2":"type-product","3":"status-publish","4":"has-post-thumbnail","6":"product_cat-ball-valve","7":"product_cat-cast-steel-ball-valve","8":"product_cat-flange-ball-valve","9":"product_cat-floating-ball-valve","10":"product_cat-stainless-steel-ball-valve","11":"product_tag-150-lb-ansi-flange-ball-valve","12":"product_tag-3-way-ball-valve","13":"product_tag-3-way-ball-valve-stainless-steel-316-l-port","14":"product_tag-316-stainless-steel-ansi-150-flanged-fire-safe-ball-valve-lever","15":"product_tag-ball-valve-3-way-flanged-ansi-150lb-full-bore-stainless-steel","16":"product_tag-china-3-way-ball-valve-iso-direct-mounting-pad-ansi-150lb","17":"product_tag-flange-full-port-ball-valve","18":"product_tag-three-way-flanged-ball-valves","19":"product_tag-wcb-ansi-150-flanged-fire-safe-ball-valve","21":"first","22":"instock","23":"shipping-taxable","24":"product-type-simple"},"_links":{"self":[{"href":"https:\/\/www.stvvalves.com\/ro\/wp-json\/wp\/v2\/product\/4245","targetHints":{"allow":["GET"]}}],"collection":[{"href":"https:\/\/www.stvvalves.com\/ro\/wp-json\/wp\/v2\/product"}],"about":[{"href":"https:\/\/www.stvvalves.com\/ro\/wp-json\/wp\/v2\/types\/product"}],"wp:featuredmedia":[{"embeddable":true,"href":"https:\/\/www.stvvalves.com\/ro\/wp-json\/wp\/v2\/media\/4248"}],"wp:attachment":[{"href":"https:\/\/www.stvvalves.com\/ro\/wp-json\/wp\/v2\/media?parent=4245"}],"wp:term":[{"taxonomy":"product_brand","embeddable":true,"href":"https:\/\/www.stvvalves.com\/ro\/wp-json\/wp\/v2\/product_brand?post=4245"},{"taxonomy":"product_cat","embeddable":true,"href":"https:\/\/www.stvvalves.com\/ro\/wp-json\/wp\/v2\/product_cat?post=4245"},{"taxonomy":"product_tag","embeddable":true,"href":"https:\/\/www.stvvalves.com\/ro\/wp-json\/wp\/v2\/product_tag?post=4245"}],"curies":[{"name":"wp","href":"https:\/\/api.w.org\/{rel}","templated":true}]}}