{"id":4250,"date":"2018-12-17T15:36:00","date_gmt":"2018-12-17T15:36:00","guid":{"rendered":"https:\/\/www.stvvalves.com\/?post_type=product&#038;p=4250"},"modified":"2025-02-17T18:19:17","modified_gmt":"2025-02-17T10:19:17","slug":"globe-valve-class-2500lb-f22-body-304-trim-flange-end","status":"publish","type":"product","link":"https:\/\/www.stvvalves.com\/ro\/products\/globe-valve-class-2500lb-f22-body-304-trim-flange-end\/","title":{"rendered":"Clasa de supap\u0103 cu glob 2500LB, corp F22, garnitur\u0103 304, cap\u0103t cu flan\u0219\u0103"},"content":{"rendered":"<p>Specifica\u021bia parametrului principal:<br \/>\nProiectarea \u0219i fabricarea sunt conforme cu BS 5352, ANSI B16.34<\/p>\n<p>Capetele de conectare sunt conforme cu:<\/p>\n<p>1. Capetele sudate cu muf\u0103 sunt conforme cu ANSI B16.11<\/p>\n<p>2. Capetele \u0219uruburilor sunt conforme cu ANSI B1.20.1<\/p>\n<p>3. Capetele sudate cap la cap sunt conforme cu ANSI B16.25<\/p>\n<p>4. Capetele cu flan\u0219\u0103 sunt conforme cu ANSI B16.5, JB79<\/p>\n<p>Testarea \u0219i inspec\u021bia sunt conforme cu: API 598<\/p>\n<p>Caracteristici structurii: capot\u0103 cu \u0219uruburi, capot\u0103 sudat\u0103, capot\u0103 de etan\u0219are sub presiune, \u0219urub \u0219i jug exterior<\/p>\n<p>Gam\u0103 de produse<\/p>\n<p>Material corp: o\u021bel carbon, o\u021bel inoxidabil, o\u021bel aliat<\/p>\n<p>Diametru nominal: 1\/2\u2033~2\u2033 (DN15 ~ DN50)<\/p>\n<p>Termina\u021bi conexiunea: THR,SW, BW,RF,RTJ<\/p>\n<p>Interval de presiune: Class150~2500\uff08PN16~PN420\uff09<\/p>\n<p>Temperatura de lucru: -196\u2103~+560\u2103<\/p>\n<p>Func\u021bionare: roat\u0103 de m\u00e2n\u0103<\/p>\n<p><img loading=\"lazy\" decoding=\"async\" class=\"alignnone size-full wp-image-4251\" src=\"https:\/\/www.stvvalves.com\/wp-content\/uploads\/2018\/12\/globe-valve-class-2500lb-f22-body-304-trim-flange-end-DRAWING.jpg\" alt=\"\" width=\"2338\" height=\"1653\" srcset=\"https:\/\/www.stvvalves.com\/wp-content\/uploads\/2018\/12\/globe-valve-class-2500lb-f22-body-304-trim-flange-end-DRAWING.jpg 2338w, https:\/\/www.stvvalves.com\/wp-content\/uploads\/2018\/12\/globe-valve-class-2500lb-f22-body-304-trim-flange-end-DRAWING-600x424.jpg 600w, https:\/\/www.stvvalves.com\/wp-content\/uploads\/2018\/12\/globe-valve-class-2500lb-f22-body-304-trim-flange-end-DRAWING-300x212.jpg 300w, https:\/\/www.stvvalves.com\/wp-content\/uploads\/2018\/12\/globe-valve-class-2500lb-f22-body-304-trim-flange-end-DRAWING-768x543.jpg 768w, https:\/\/www.stvvalves.com\/wp-content\/uploads\/2018\/12\/globe-valve-class-2500lb-f22-body-304-trim-flange-end-DRAWING-1030x728.jpg 1030w, https:\/\/www.stvvalves.com\/wp-content\/uploads\/2018\/12\/globe-valve-class-2500lb-f22-body-304-trim-flange-end-DRAWING-1500x1061.jpg 1500w, https:\/\/www.stvvalves.com\/wp-content\/uploads\/2018\/12\/globe-valve-class-2500lb-f22-body-304-trim-flange-end-DRAWING-260x185.jpg 260w, https:\/\/www.stvvalves.com\/wp-content\/uploads\/2018\/12\/globe-valve-class-2500lb-f22-body-304-trim-flange-end-DRAWING-705x498.jpg 705w\" sizes=\"auto, (max-width: 2338px) 100vw, 2338px\" \/><\/p>","protected":false},"excerpt":{"rendered":"<p>Model: j41y-2500lb-F22<\/p>\n<p>Caracteristicile structurii produsului:<br \/>\n1. Produsul este proiectat \u0219i fabricat conform standardelor ANSIB16.34 \u0219i E101 \u0219i poate fi utilizat cu echipamente importate.<br \/>\n2. Cavitatea supapei adopt\u0103 o structur\u0103 de etan\u0219are cu auto-str\u00e2ngere la presiune, iar cu c\u00e2t presiunea \u00een cavitatea intern\u0103 este mai mare, cu at\u00e2t performan\u021ba de etan\u0219are este mai bun\u0103. Capetele conductei de ramifica\u021bie sunt 4. Densitatea discului supapei \u0219i a scaunului supapei<br \/>\nCapacul este realizat din aliaj dur pe baz\u0103 de stellit cobalt, iar suprafa\u021ba de etan\u0219are este de 6. Ad\u00e2ncimea cutiei de umplere a capotei este rezonabil\u0103, iar umplutura este ad\u0103ugat\u0103 cu inhibare a coroziunii.<br \/>\nAgentul este de \u00eencredere \u00een etan\u0219are, iar comutatorul este stabil.<br \/>\n7. Supapa are o structur\u0103 superioar\u0103 de etan\u0219are pentru a se asigura c\u0103 supapa nu se scurge \u00een afara tijei supapei atunci c\u00e2nd este deschis\u0103.<br \/>\n8. Deschiderea \u0219i \u00eenchiderea supapei electrice de \u00eenchidere este controlat\u0103 de un dispozitiv electric, iar dispozitivul electric este echipat cu un motor special, un reductor de vitez\u0103 \u0219i un mecanism de control al cuplului.<br \/>\nMecanism de operare la fa\u021ba locului, manual, mecanism de comutare electric. Pe l\u00e2ng\u0103 opera\u021biunile locale, este posibil\u0103 \u0219i operarea de la distan\u021b\u0103.<\/p>\n<p>STV Valve Technology Group Co., Ltd este un lider profesionist din China 2500LB Globe Supape, API 602 Globe Supape, Supap\u0103 Globe din o\u021bel forjat, Supap\u0103 din o\u021bel forjat, Supap\u0103 Globe de etan\u0219are sub presiune, Supap\u0103 Globe F22, Flan\u0219\u0103 de sudare Produc\u0103tor de supape Globe de \u00eenalt\u0103 calitate \u0219i competitiv Pre\u021b.<\/p>\n<p>V\u0103 rug\u0103m s\u0103 contacta\u021bi sales@stvvalve.com pentru alte materiale \u0219i detalii.<\/p>\n<p>Fi\u0219\u0103 de date:<a href=\"https:\/\/www.stvvalves.com\/wp-content\/uploads\/2018\/12\/globe-valve-class-2500lb-f22-body-304-trim-flange-end-DRAWING.jpg\">Clasa de supap\u0103 cu glob 2500LB, corp F22, garnitur\u0103 304, cap\u0103t cu flan\u0219\u0103<\/a><\/p>","protected":false},"featured_media":4252,"template":"","meta":[],"product_brand":[],"product_cat":[64,45],"product_tag":[210,212,591,197,420,321,1017],"class_list":{"0":"post-4250","1":"product","2":"type-product","3":"status-publish","4":"has-post-thumbnail","6":"product_cat-foreged-steel-globe-valve","7":"product_cat-globe-valve","8":"product_tag-2500lb-globe-valve","9":"product_tag-api-602-globe-valve","10":"product_tag-f22-globe-valve","11":"product_tag-forged-steel-globe-valve","12":"product_tag-forged-steel-valve","13":"product_tag-pressure-seal-globe-valve","14":"product_tag-welding-flange-globe-valve","16":"first","17":"instock","18":"shipping-taxable","19":"product-type-simple"},"_links":{"self":[{"href":"https:\/\/www.stvvalves.com\/ro\/wp-json\/wp\/v2\/product\/4250","targetHints":{"allow":["GET"]}}],"collection":[{"href":"https:\/\/www.stvvalves.com\/ro\/wp-json\/wp\/v2\/product"}],"about":[{"href":"https:\/\/www.stvvalves.com\/ro\/wp-json\/wp\/v2\/types\/product"}],"wp:featuredmedia":[{"embeddable":true,"href":"https:\/\/www.stvvalves.com\/ro\/wp-json\/wp\/v2\/media\/4252"}],"wp:attachment":[{"href":"https:\/\/www.stvvalves.com\/ro\/wp-json\/wp\/v2\/media?parent=4250"}],"wp:term":[{"taxonomy":"product_brand","embeddable":true,"href":"https:\/\/www.stvvalves.com\/ro\/wp-json\/wp\/v2\/product_brand?post=4250"},{"taxonomy":"product_cat","embeddable":true,"href":"https:\/\/www.stvvalves.com\/ro\/wp-json\/wp\/v2\/product_cat?post=4250"},{"taxonomy":"product_tag","embeddable":true,"href":"https:\/\/www.stvvalves.com\/ro\/wp-json\/wp\/v2\/product_tag?post=4250"}],"curies":[{"name":"wp","href":"https:\/\/api.w.org\/{rel}","templated":true}]}}