{"id":4263,"date":"2018-12-19T15:14:04","date_gmt":"2018-12-19T15:14:04","guid":{"rendered":"https:\/\/www.stvvalves.com\/?post_type=product&#038;p=4263"},"modified":"2025-02-27T15:09:05","modified_gmt":"2025-02-27T07:09:05","slug":"1500lb-pressure-seal-gate-valve-wc6-body-dn250-flange-end","status":"publish","type":"product","link":"https:\/\/www.stvvalves.com\/ro\/products\/1500lb-pressure-seal-gate-valve-wc6-body-dn250-flange-end\/","title":{"rendered":"Supap\u0103 cu etan\u0219are de presiune de 1500 LB, corp WC6, DN250, cap\u0103t cu flan\u0219\u0103"},"content":{"rendered":"<p>Proiectare \u0219i fabrica\u021bie: supap\u0103 cu gur\u0103 din o\u021bel turnat la API 600 (16.34)<\/p>\n<p>Inspec\u021bie \u0219i testare: API598, API600 sau API 6D<br \/>\nASME B16.5(pentru NPS\u226424,ASME B 16.47 seria B,API 605,ASME B16.47A seria,MSS SP-44(pentru NPS\uff1e24)<\/p>\n<p>Dimensiune final\u0103 BW: ASME B16.25<\/p>\n<p>Fa\u021b\u0103 \u00een fa\u021b\u0103 \u0219i cap\u0103t la cap\u0103t: ASME B16.10<\/p>\n<p>Evalu\u0103ri presiune-temperatura: ASME B16.34<\/p>\n<p>Gam\u0103 de produse<\/p>\n<p>Material corp: o\u021bel carbon, o\u021bel inoxidabil, o\u021bel aliat<\/p>\n<p>Diametru nominal: 2\u2033~36\u2033(DN50~DN900)<\/p>\n<p>Termina\u021bi conexiunea: RF,RTJ, BW<\/p>\n<p>Interval de presiune: Class150~2500(PN16~PN420)<\/p>\n<p>Temperatura de lucru: -29\u2103~+560\u2103<\/p>\n<p>Operare: roat\u0103 de m\u00e2n\u0103, angrenaj, actuator electric, etc.<\/p>\n<p>&nbsp;<\/p>\n<table>\n<tbody>\n<tr>\n<td width=\"200\"><strong>numele produsului<\/strong><\/td>\n<td width=\"481\">Supap\u0103 cu etan\u0219are de presiune de 1500 LB, corp WC6, DN250, cap\u0103t cu flan\u0219\u0103<\/td>\n<\/tr>\n<tr>\n<td width=\"200\">1. Material<\/td>\n<td width=\"481\">WC6<\/td>\n<\/tr>\n<tr>\n<td width=\"200\">2. Dimensiunea<\/td>\n<td width=\"481\">10\u201d<\/td>\n<\/tr>\n<tr>\n<td width=\"200\">4. Port<\/td>\n<td width=\"481\">Port complet<\/td>\n<\/tr>\n<tr>\n<td width=\"200\">5. Presiunea de lucru<\/td>\n<td width=\"481\">1500 lb<\/td>\n<\/tr>\n<tr>\n<td width=\"200\">6. Conexiunea se termin\u0103<\/td>\n<td width=\"481\">RF<\/td>\n<\/tr>\n<tr>\n<td width=\"200\">7. Temp. de lucru.<\/td>\n<td width=\"481\">-29~520\u00baC,<\/td>\n<\/tr>\n<tr>\n<td width=\"200\">8. Mediu potrivit<\/td>\n<td width=\"481\">Ap\u0103, gaze naturale, ulei \u0219i ceva lichid coroziv<\/td>\n<\/tr>\n<tr>\n<td width=\"200\">9. Operat<\/td>\n<td width=\"481\">Cutie de viteze<\/td>\n<\/tr>\n<tr>\n<td width=\"200\">10. Inspec\u021bie \u0219i testare<\/td>\n<td width=\"481\">Conform API598<\/td>\n<\/tr>\n<tr>\n<td width=\"200\"><strong>Expediere<\/strong><\/td>\n<td width=\"481\"><\/td>\n<\/tr>\n<tr>\n<td width=\"200\">Timpul de livrare<\/td>\n<td width=\"481\">30 de zile<\/td>\n<\/tr>\n<tr>\n<td width=\"200\">Pachet<\/td>\n<td width=\"481\">Carcas\u0103 standard de export de placaj<\/td>\n<\/tr>\n<tr>\n<td width=\"200\">Portul de expediere<\/td>\n<td width=\"481\">Ningbo\/Shanghai, China<\/td>\n<\/tr>\n<tr>\n<td width=\"200\">Termeni de livrare<\/td>\n<td width=\"481\">Exw, FOB, CFR, CIF etc.<\/td>\n<\/tr>\n<tr>\n<td width=\"200\">Termeni de plat\u0103<\/td>\n<td width=\"481\">T\/T, Western Union, PayPal etc.<\/td>\n<\/tr>\n<tr>\n<td width=\"200\"><\/td>\n<td width=\"481\">Plat\u0103 anticipat\u0103 30%, sold 70% pl\u0103tit \u00eenainte de expediere<\/td>\n<\/tr>\n<tr>\n<td width=\"200\">\u021aara de origine<\/td>\n<td width=\"481\">Ora\u0219ul Wenzhou, China<\/td>\n<\/tr>\n<tr>\n<td width=\"200\">Capacitatea de produc\u021bie<\/td>\n<td width=\"481\">6000 tone\/an<\/td>\n<\/tr>\n<tr>\n<td width=\"200\">MOQ<\/td>\n<td width=\"481\">1 buc\/dimensiune<\/td>\n<\/tr>\n<\/tbody>\n<\/table>","protected":false},"excerpt":{"rendered":"<p>Model: Z541Y-1500LB-10\u2033-WC6<\/p>\n<p>Supapa de etan\u0219are cu presiune de 1500 LB este utilizat\u0103 \u00een principal \u00een conductele sta\u021biei de pompieri \u00eentr-o varietate de sisteme, medii de conducte t\u0103iate sau conectate. Mediu aplicabil: ap\u0103, abur \u0219i alte medii non-corozive. \u00cen compara\u021bie cu supapele centralei electrice \u0219i alte produse cu supape, se caracterizeaz\u0103 prin temperatur\u0103 ridicat\u0103 \u0219i presiune ridicat\u0103, designul unic de autoetan\u0219are, cu c\u00e2t presiunea este mai mare, etan\u0219area mai fiabil\u0103. Datorit\u0103 propriet\u0103\u021bilor speciale ale caracteristicilor tehnice, condi\u021biile de formare a produselor nu pot fi \u00eenlocuite cu alte caracteristici ale produsului.<\/p>\n<p>\u00cen compara\u021bie cu supapele centralei electrice \u0219i alte produse de supap\u0103 se caracterizeaz\u0103 prin temperatur\u0103 ridicat\u0103 \u0219i presiune ridicat\u0103, chiar dac\u0103 numai de la presiune dec\u00e2t supapa comun\u0103 sc\u0103zut\u0103, simplu de la temperatura dec\u00e2t a fost mai mic\u0103 dec\u00e2t supapa comun\u0103. Datorit\u0103 propriet\u0103\u021bilor speciale ale caracteristicilor tehnice, condi\u021biile de formare a produselor nu pot fi \u00eenlocuite cu alte caracteristici ale produsului.<\/p>\n<p>STV Valve Technology Group Co., Ltd este un lider profesionist din China 1500Lb o\u021bel turnat Supap\u0103 de etan\u0219are de presiune, VALV\u0102 DE GATE din o\u021bel turnat 1500Lb, 1500 lb Garnitur\u0103 de presiune pentru supap\u0103 de o\u021bel turnat, Supap\u0103 de etan\u0219are cu flan\u0219\u0103, Supap\u0103 de etan\u0219are de \u00eenalt\u0103 presiune, Produc\u0103tor de supape de etan\u0219are de presiune cu \u00eenalt\u0103 calitate \u0219i pre\u021b competitiv.<\/p>\n<p>V\u0103 rug\u0103m s\u0103 contacta\u021bi sales@stvvalve.com pentru alte materiale \u0219i detalii.<\/p>\n<p>Fi\u0219\u0103 de date:<a href=\"https:\/\/www.stvvalves.com\/wp-content\/uploads\/2018\/12\/1500lb-pressure-seal-gate-valve-wc6-body-dn250-flange-end-drawing.pdf\">Supap\u0103 cu etan\u0219are de presiune de 1500 LB, corp WC6, DN250, cap\u0103t cu flan\u0219\u0103<\/a><\/p>","protected":false},"featured_media":4264,"template":"","meta":[],"product_brand":[],"product_cat":[58,44],"product_tag":[435,437,436,224,195,352],"class_list":{"0":"post-4263","1":"product","2":"type-product","3":"status-publish","4":"has-post-thumbnail","6":"product_cat-cast-steel-gate-valve","7":"product_cat-gate-valve","8":"product_tag-1500lb-cast-steel-pressure-seal-gate-valve","9":"product_tag-cast-steel-gate-valve-1500lb","10":"product_tag-cast-steel-gate-valve-pressure-seal-1500-lb","11":"product_tag-flange-gate-valve","12":"product_tag-high-pressure-gate-valve","13":"product_tag-pressure-seal-gate-valve","15":"first","16":"instock","17":"featured","18":"shipping-taxable","19":"product-type-simple"},"_links":{"self":[{"href":"https:\/\/www.stvvalves.com\/ro\/wp-json\/wp\/v2\/product\/4263","targetHints":{"allow":["GET"]}}],"collection":[{"href":"https:\/\/www.stvvalves.com\/ro\/wp-json\/wp\/v2\/product"}],"about":[{"href":"https:\/\/www.stvvalves.com\/ro\/wp-json\/wp\/v2\/types\/product"}],"wp:featuredmedia":[{"embeddable":true,"href":"https:\/\/www.stvvalves.com\/ro\/wp-json\/wp\/v2\/media\/4264"}],"wp:attachment":[{"href":"https:\/\/www.stvvalves.com\/ro\/wp-json\/wp\/v2\/media?parent=4263"}],"wp:term":[{"taxonomy":"product_brand","embeddable":true,"href":"https:\/\/www.stvvalves.com\/ro\/wp-json\/wp\/v2\/product_brand?post=4263"},{"taxonomy":"product_cat","embeddable":true,"href":"https:\/\/www.stvvalves.com\/ro\/wp-json\/wp\/v2\/product_cat?post=4263"},{"taxonomy":"product_tag","embeddable":true,"href":"https:\/\/www.stvvalves.com\/ro\/wp-json\/wp\/v2\/product_tag?post=4263"}],"curies":[{"name":"wp","href":"https:\/\/api.w.org\/{rel}","templated":true}]}}