{"id":4278,"date":"2018-12-27T15:09:26","date_gmt":"2018-12-27T15:09:26","guid":{"rendered":"https:\/\/www.stvvalves.com\/?post_type=product&#038;p=4278"},"modified":"2025-02-17T18:19:11","modified_gmt":"2025-02-17T10:19:11","slug":"api-602-forged-steel-globe-valve-800lb-butt-weld-end-2","status":"publish","type":"product","link":"https:\/\/www.stvvalves.com\/ro\/products\/api-602-forged-steel-globe-valve-800lb-butt-weld-end-2\/","title":{"rendered":"Supap\u0103 cu glob din o\u021bel forjat API 602, 800 LB, cap\u0103t cu sudur\u0103 cap la cap"},"content":{"rendered":"<p>Specifica\u021bia parametrului principal<\/p>\n<p>Proiectarea \u0219i fabricarea sunt conforme cu BS 5352, ANSI B16.34<\/p>\n<p>Capetele de conectare sunt conforme cu:<\/p>\n<p>1. Capetele sudate cu muf\u0103 sunt conforme cu ANSI B16.11<\/p>\n<p>2. Capetele \u0219uruburilor sunt conforme cu ANSI B1.20.1<\/p>\n<p>3..Capetele sudate cap la cap sunt conforme cu ANSI B16.25<\/p>\n<p>Testarea \u0219i inspec\u021bia sunt conforme cu: API 598<\/p>\n<p>Caracteristici structurii: capot\u0103 cu \u0219uruburi, capot\u0103 sudat\u0103, capot\u0103 de etan\u0219are sub presiune, \u0219urub \u0219i jug exterior<\/p>\n<p>Gam\u0103 de produse<\/p>\n<p>Material corp: o\u021bel carbon, o\u021bel inoxidabil, o\u021bel aliat<\/p>\n<p>Diametru nominal: 1\/2\u2033~2\u2033 (DN15 ~ DN50)<\/p>\n<p>Termina\u021bi conexiunea: BW,RF,RTJ<\/p>\n<p>Interval de presiune: Class150~2500\uff08PN16~PN420\uff09<\/p>\n<p>Temperatura de lucru: -196\u2103~+560\u2103<\/p>\n<p>Func\u021bionare: roat\u0103 de m\u00e2n\u0103<\/p>\n<p>&nbsp;<\/p>\n<p><img loading=\"lazy\" decoding=\"async\" class=\"alignnone size-full wp-image-4285\" src=\"https:\/\/www.stvvalves.com\/wp-content\/uploads\/2018\/12\/api-602-forged-steel-globe-valve-800lb-butt-weld-end-drawing.jpg\" alt=\"\" width=\"2339\" height=\"1653\" srcset=\"https:\/\/www.stvvalves.com\/wp-content\/uploads\/2018\/12\/api-602-forged-steel-globe-valve-800lb-butt-weld-end-drawing.jpg 2339w, https:\/\/www.stvvalves.com\/wp-content\/uploads\/2018\/12\/api-602-forged-steel-globe-valve-800lb-butt-weld-end-drawing-600x424.jpg 600w, https:\/\/www.stvvalves.com\/wp-content\/uploads\/2018\/12\/api-602-forged-steel-globe-valve-800lb-butt-weld-end-drawing-300x212.jpg 300w, https:\/\/www.stvvalves.com\/wp-content\/uploads\/2018\/12\/api-602-forged-steel-globe-valve-800lb-butt-weld-end-drawing-768x543.jpg 768w, https:\/\/www.stvvalves.com\/wp-content\/uploads\/2018\/12\/api-602-forged-steel-globe-valve-800lb-butt-weld-end-drawing-1030x728.jpg 1030w, https:\/\/www.stvvalves.com\/wp-content\/uploads\/2018\/12\/api-602-forged-steel-globe-valve-800lb-butt-weld-end-drawing-1500x1060.jpg 1500w, https:\/\/www.stvvalves.com\/wp-content\/uploads\/2018\/12\/api-602-forged-steel-globe-valve-800lb-butt-weld-end-drawing-260x185.jpg 260w, https:\/\/www.stvvalves.com\/wp-content\/uploads\/2018\/12\/api-602-forged-steel-globe-valve-800lb-butt-weld-end-drawing-705x498.jpg 705w\" sizes=\"auto, (max-width: 2339px) 100vw, 2339px\" \/><\/p>","protected":false},"excerpt":{"rendered":"<p>Furnizori de supape cu glob din o\u021bel forjat API 602 de \u00eenalt\u0103 calitate, Companie, personalizate, m\u0103rci, China Angrosisti cu robinet cu glob din o\u021bel forjat API 602, pre\u021b, fabrica\u021bie, comer\u021b cu ridicata, Promo\u021bii pentru supape cu glob din o\u021bel forjat API 602, toat\u0103 lumea are preocup\u0103ri speciale diferite despre aceasta \u0219i ceea ce avem este de a maximiza cerin\u021bele de produs ale fiec\u0103rui client, astfel \u00eenc\u00e2t calitatea valvei noastre cu glob din o\u021bel forjat API 602 a fost bine primit\u0103 de mul\u021bi clien\u021bi \u0219i sa bucurat de o bun\u0103 reputa\u021bie \u00een multe \u021b\u0103ri. STV Valve Technology Group Co., Ltd Oferta API 602 Supapa cu glob din o\u021bel forjat are un design caracteristic \u0219i performan\u021b\u0103 practic\u0103 \u0219i pre\u021b competitiv.<\/p>\n<p>V\u0103 rug\u0103m s\u0103 contacta\u021bi sales@stvvalve.com pentru alte materiale \u0219i mai multe detalii.<\/p>\n<p>Fi\u0219\u0103 de date:<a href=\"https:\/\/www.stvvalves.com\/wp-content\/uploads\/2018\/12\/api-602-forged-steel-globe-valve-800lb-butt-weld-end-drawing.pdf\">Supap\u0103 cu glob din o\u021bel forjat API 602, 800 LB, cap\u0103t cu sudur\u0103 cap la cap<\/a><\/p>","protected":false},"featured_media":4283,"template":"","meta":[],"product_brand":[],"product_cat":[64,45],"product_tag":[448,454,197,453],"class_list":{"0":"post-4278","1":"product","2":"type-product","3":"status-publish","4":"has-post-thumbnail","6":"product_cat-foreged-steel-globe-valve","7":"product_cat-globe-valve","8":"product_tag-api-602-forged-valves","9":"product_tag-china-forged-steel-globe-valve","10":"product_tag-forged-steel-globe-valve","11":"product_tag-forged-steel-globe-valves-ansi-class-800","13":"first","14":"instock","15":"shipping-taxable","16":"product-type-simple"},"_links":{"self":[{"href":"https:\/\/www.stvvalves.com\/ro\/wp-json\/wp\/v2\/product\/4278","targetHints":{"allow":["GET"]}}],"collection":[{"href":"https:\/\/www.stvvalves.com\/ro\/wp-json\/wp\/v2\/product"}],"about":[{"href":"https:\/\/www.stvvalves.com\/ro\/wp-json\/wp\/v2\/types\/product"}],"wp:featuredmedia":[{"embeddable":true,"href":"https:\/\/www.stvvalves.com\/ro\/wp-json\/wp\/v2\/media\/4283"}],"wp:attachment":[{"href":"https:\/\/www.stvvalves.com\/ro\/wp-json\/wp\/v2\/media?parent=4278"}],"wp:term":[{"taxonomy":"product_brand","embeddable":true,"href":"https:\/\/www.stvvalves.com\/ro\/wp-json\/wp\/v2\/product_brand?post=4278"},{"taxonomy":"product_cat","embeddable":true,"href":"https:\/\/www.stvvalves.com\/ro\/wp-json\/wp\/v2\/product_cat?post=4278"},{"taxonomy":"product_tag","embeddable":true,"href":"https:\/\/www.stvvalves.com\/ro\/wp-json\/wp\/v2\/product_tag?post=4278"}],"curies":[{"name":"wp","href":"https:\/\/api.w.org\/{rel}","templated":true}]}}