{"id":4302,"date":"2018-12-28T15:22:02","date_gmt":"2018-12-28T15:22:02","guid":{"rendered":"https:\/\/www.stvvalves.com\/?post_type=product&#038;p=4302"},"modified":"2025-02-17T18:19:15","modified_gmt":"2025-02-17T10:19:15","slug":"api-602-piston-check-valve-dn-40-1500lb-flange-end","status":"publish","type":"product","link":"https:\/\/www.stvvalves.com\/ro\/products\/api-602-piston-check-valve-dn-40-1500lb-flange-end\/","title":{"rendered":"Supap\u0103 de re\u021binere cu piston API 602, DN 40,1500LB, cap\u0103t cu flan\u0219\u0103"},"content":{"rendered":"<p>Specifica\u021bia parametrului principal<\/p>\n<p>Proiectarea \u0219i fabricarea sunt conforme cu BS5351, MSS SP-118<\/p>\n<p>Capetele de conectare sunt conforme cu:<\/p>\n<p>1. Capetele sudate cu muf\u0103 sunt conforme cu ANSI B16.11<\/p>\n<p>2. Capetele \u0219uruburilor sunt conforme cu ANSI B1.20.1<\/p>\n<p>3. Capetele sudate cap la cap sunt conforme cu ANSI B16.25<\/p>\n<p>4. Capetele flan\u0219ei sunt conforme cu ANSI B16.5<\/p>\n<p>5. Testarea \u0219i inspec\u021bia sunt conforme cu: API 598<\/p>\n<p>Caracteristicile structurii:<\/p>\n<p>Capot\u0103 cu \u0219uruburi, Capot\u0103 sudat\u0103, Capot\u0103 cu etan\u0219are sub presiune<\/p>\n<p>O\u021bel forjat, piston, bil\u0103 sau tip balansoar<\/p>\n<p>Scaun de corp integral pentru supape de re\u021binere cu piston \u0219i bil\u0103<\/p>\n<p>Design cu inel de scaun separat pentru supapele de re\u021binere basculante<\/p>\n<p>Garnitur\u0103 \u00eenf\u0103\u015furat\u0103 \u00een spiral\u0103 sau garnitur\u0103 de \u00eembinare cu inel oval<\/p>\n<p>Orificiu redus sau orificiu complet,<\/p>\n<p>T-Pattern sau Y-Pattern,<\/p>\n<p>Gam\u0103 de produse<\/p>\n<p>Material caroserie: A105,LF2,F5,F11,F22,304,304L,316,316L,F51,F91,20#,Inconel .Ect<\/p>\n<p>Nominal diameter:1\/2&#8243;~2&#8243;\uff08DN15~DN50\uff09<\/p>\n<p>Termina\u021bi conexiunea: THR,SW,BW,RF,RTJ<\/p>\n<p>Temperatura de lucru: -196\u2103~+560\u2103<\/p>\n<p>&nbsp;<\/p>\n<table>\n<tbody>\n<tr>\n<td width=\"200\"><strong>numele produsului<\/strong><\/td>\n<td width=\"481\">Supap\u0103 de re\u021binere cu piston API 602, DN 40,1500LB, cap\u0103t cu flan\u0219\u0103<\/td>\n<\/tr>\n<tr>\n<td width=\"200\">1. Material<\/td>\n<td width=\"481\">A105N<\/td>\n<\/tr>\n<tr>\n<td width=\"200\">2. Dimensiunea<\/td>\n<td width=\"481\">11\/2\u201d<\/td>\n<\/tr>\n<tr>\n<td width=\"200\">4. Port<\/td>\n<td width=\"481\">Port complet<\/td>\n<\/tr>\n<tr>\n<td width=\"200\">5. Presiunea de lucru<\/td>\n<td width=\"481\">1500 lb<\/td>\n<\/tr>\n<tr>\n<td width=\"200\">6. Conexiunea se termin\u0103<\/td>\n<td width=\"481\">RF<\/td>\n<\/tr>\n<tr>\n<td width=\"200\">7. Temp. de lucru.<\/td>\n<td width=\"481\">-29~425\u00baC,<\/td>\n<\/tr>\n<tr>\n<td width=\"200\">8. Mediu potrivit<\/td>\n<td width=\"481\">Ap\u0103, gaze naturale, ulei \u0219i ceva lichid coroziv<\/td>\n<\/tr>\n<tr>\n<td width=\"200\">9. Operat<\/td>\n<td width=\"481\">\/<\/td>\n<\/tr>\n<tr>\n<td width=\"200\">10. Inspec\u021bie \u0219i testare<\/td>\n<td width=\"481\">Conform API598<\/td>\n<\/tr>\n<tr>\n<td width=\"200\"><strong>Expediere<\/strong><\/td>\n<td width=\"481\"><\/td>\n<\/tr>\n<tr>\n<td width=\"200\">Timpul de livrare<\/td>\n<td width=\"481\">30 de zile<\/td>\n<\/tr>\n<tr>\n<td width=\"200\">Pachet<\/td>\n<td width=\"481\">Carcas\u0103 standard de export de placaj<\/td>\n<\/tr>\n<tr>\n<td width=\"200\">Portul de expediere<\/td>\n<td width=\"481\">Ningbo\/Shanghai, China<\/td>\n<\/tr>\n<tr>\n<td width=\"200\">Termeni de livrare<\/td>\n<td width=\"481\">Exw, FOB, CFR, CIF etc.<\/td>\n<\/tr>\n<tr>\n<td width=\"200\">Termeni de plat\u0103<\/td>\n<td width=\"481\">T\/T, Western Union, PayPal etc.<\/td>\n<\/tr>\n<tr>\n<td width=\"200\"><\/td>\n<td width=\"481\">Plat\u0103 anticipat\u0103 30%, sold 70% pl\u0103tit \u00eenainte de expediere<\/td>\n<\/tr>\n<tr>\n<td width=\"200\">\u021aara de origine<\/td>\n<td width=\"481\">Ora\u0219ul Wenzhou, China<\/td>\n<\/tr>\n<tr>\n<td width=\"200\">Capacitatea de produc\u021bie<\/td>\n<td width=\"481\">6000 tone\/an<\/td>\n<\/tr>\n<tr>\n<td width=\"200\">MOQ<\/td>\n<td width=\"481\">1 buc\/dimensiune<\/td>\n<\/tr>\n<\/tbody>\n<\/table>","protected":false},"excerpt":{"rendered":"<p>Model:H61H-1500LB-F316-11\/2<\/p>\n<p>API 602 Piston Check Valve refers to a valve that automatically opens according to the flow of the medium itself, closes the valve flap, prevents the medium from flowing backward, and the check valve rotates around the pin shaft in the valve seat.<br \/>\nSTV Valve Technology Group Co., Ltd is a professional leader China API 602 Piston Check Valve,Forged A105N check valve,Forged steel F304 check valve,Forged F22 swing check valve,welded bonnet check valve,forged steel Flange check valve manufacturer with high quality and low price.To learn more about these valve Welcome to contact our sales@stvvalve.com<br \/>\nFi\u0219\u0103 de date:<br \/>\n<a href=\"https:\/\/www.stvvalves.com\/wp-content\/uploads\/2018\/12\/api-602-piston-check-valve-dn-40-1500lb-flange-end-drawing.pdf\">Supap\u0103 de re\u021binere cu piston API 602, DN 40,1500LB, cap\u0103t cu flan\u0219\u0103<\/a><\/p>","protected":false},"featured_media":4308,"template":"","meta":[],"product_brand":[],"product_cat":[46,66],"product_tag":[473,301,448,216,472,471,470,215,469],"class_list":{"0":"post-4302","1":"product","2":"type-product","3":"status-publish","4":"has-post-thumbnail","6":"product_cat-check-valves","7":"product_cat-swing-check-valve","8":"product_tag-316-forged-piston-check-valve","9":"product_tag-api-602-forged-steel-check-valves","10":"product_tag-api-602-forged-valves","11":"product_tag-api-602-piston-check-valve","12":"product_tag-api-design-swing-and-piston-check-valve","13":"product_tag-china-api-602-forged-steel-spring-lift-piston-check-valve","14":"product_tag-class-800-forged-steel-piston-check-valve","15":"product_tag-forged-steel-piston-check-valve","16":"product_tag-forged-steel-piston-check-valves","18":"first","19":"instock","20":"shipping-taxable","21":"product-type-simple"},"_links":{"self":[{"href":"https:\/\/www.stvvalves.com\/ro\/wp-json\/wp\/v2\/product\/4302","targetHints":{"allow":["GET"]}}],"collection":[{"href":"https:\/\/www.stvvalves.com\/ro\/wp-json\/wp\/v2\/product"}],"about":[{"href":"https:\/\/www.stvvalves.com\/ro\/wp-json\/wp\/v2\/types\/product"}],"wp:featuredmedia":[{"embeddable":true,"href":"https:\/\/www.stvvalves.com\/ro\/wp-json\/wp\/v2\/media\/4308"}],"wp:attachment":[{"href":"https:\/\/www.stvvalves.com\/ro\/wp-json\/wp\/v2\/media?parent=4302"}],"wp:term":[{"taxonomy":"product_brand","embeddable":true,"href":"https:\/\/www.stvvalves.com\/ro\/wp-json\/wp\/v2\/product_brand?post=4302"},{"taxonomy":"product_cat","embeddable":true,"href":"https:\/\/www.stvvalves.com\/ro\/wp-json\/wp\/v2\/product_cat?post=4302"},{"taxonomy":"product_tag","embeddable":true,"href":"https:\/\/www.stvvalves.com\/ro\/wp-json\/wp\/v2\/product_tag?post=4302"}],"curies":[{"name":"wp","href":"https:\/\/api.w.org\/{rel}","templated":true}]}}