{"id":4326,"date":"2019-01-01T09:40:19","date_gmt":"2019-01-01T09:40:19","guid":{"rendered":"https:\/\/www.stvvalves.com\/?post_type=product&#038;p=4326"},"modified":"2025-02-17T18:20:56","modified_gmt":"2025-02-17T10:20:56","slug":"api-600-1500lb-swing-check-valve-pressure-seal-bonnet-dn200-bw-end","status":"publish","type":"product","link":"https:\/\/www.stvvalves.com\/ro\/products\/api-600-1500lb-swing-check-valve-pressure-seal-bonnet-dn200-bw-end\/","title":{"rendered":"Supap\u0103 de re\u021binere pivotant\u0103 API 600 1500LB, capot\u0103 de etan\u0219are sub presiune, DN200, cap\u0103t BW"},"content":{"rendered":"<p>Proiectare \u0219i fabrica\u021bie: supap\u0103 de re\u021binere din o\u021bel turnat conform BS 1868, ASME B16.34, API 6D<\/p>\n<p>Inspec\u021bie \u0219i testare: API598, API600 sau API 6D<\/p>\n<p>Dimensiunea flan\u0219ei de cap\u0103t: ASME B16.5 (pentru NPS\u226424, ASME B 16.47 seria B, API 605, ASME B16.47 A Series, MSS SP-44 (pentru NPS\uff1e24)<\/p>\n<p>Dimensiune final\u0103 BW: ASME B16.25<\/p>\n<p>Fa\u021b\u0103 \u00een fa\u021b\u0103 \u0219i cap\u0103t la cap\u0103t: ASME B16.10<\/p>\n<p>Evalu\u0103ri presiune-temperatura: ASME B16.34<\/p>\n<p>Dimensiunea grosimii peretelui: API 600, BS 1868<\/p>\n<p>Gam\u0103 de produse<\/p>\n<p>Body material: WCB, LCB, LCC, CF8, CF8M, CF3, CF3M, A105, LF2, F11, F22, F5, F304, F316, F304L, F316L<\/p>\n<p>Diametru nominal: 1\/2\u2033~48\u2033(DN15~DN1200)<\/p>\n<p>Termina\u021bi conexiunea: RF,RTJ, BW<\/p>\n<p>Interval de presiune: Class150~2500(PN16~PN420)<\/p>\n<p>Temperatura de lucru: -196\u2103~+560\u2103<\/p>\n<p>&nbsp;<\/p>\n<table width=\"751\">\n<tbody>\n<tr>\n<td>Numele produsului:<\/td>\n<td>Supap\u0103 de re\u021binere pivotant\u0103 API 600 1500LB, capot\u0103 de etan\u0219are sub presiune, DN200, cap\u0103t BW<\/td>\n<\/tr>\n<tr>\n<td>1.Material:<\/td>\n<td>WCB<\/td>\n<\/tr>\n<tr>\n<td>2. Dimensiune:<\/td>\n<td>8 inchi<\/td>\n<\/tr>\n<tr>\n<td>3.Port:<\/td>\n<td>DEPLIN<\/td>\n<\/tr>\n<tr>\n<td>4. Temperatura de lucru:<\/td>\n<td>-29 \u00b0C-425 \u00b0C<\/td>\n<\/tr>\n<tr>\n<td>5. Sf\u00e2r\u0219itul conexiunii:<\/td>\n<td>BW<\/td>\n<\/tr>\n<tr>\n<td>6. Presiune de lucru:<\/td>\n<td>1500 LB<\/td>\n<\/tr>\n<tr>\n<td>7. Mediu potrivit:<\/td>\n<td>Ap\u0103, gaze naturale, ulei \u0219i ceva lichid coroziv<\/td>\n<\/tr>\n<tr>\n<td>8. Operat:<\/td>\n<td>\/<\/td>\n<\/tr>\n<tr>\n<td>9. Inspec\u021bie \u0219i testare<\/td>\n<td>Conform API 598<\/td>\n<\/tr>\n<tr>\n<td>Certificat:<\/td>\n<td>ISO, CE\/API 6D<\/td>\n<\/tr>\n<tr>\n<td><strong>Expediere<\/strong><\/td>\n<td><\/td>\n<\/tr>\n<tr>\n<td>Timpul de livrare<\/td>\n<td>30 de zile<\/td>\n<\/tr>\n<tr>\n<td>Pachet<\/td>\n<td>Carcas\u0103 standard de export de placaj<\/td>\n<\/tr>\n<tr>\n<td>Portul de expediere<\/td>\n<td>Ningbo\/Shanghai, China<\/td>\n<\/tr>\n<tr>\n<td>Termeni de livrare<\/td>\n<td>Exw, FOB, CFR, CIF etc.<\/td>\n<\/tr>\n<tr>\n<td>Termeni de plat\u0103<\/td>\n<td>T\/T, Western Union, PayPal etc.<\/td>\n<\/tr>\n<tr>\n<td><\/td>\n<td>Plat\u0103 anticipat\u0103 30%, sold 70% pl\u0103tit \u00eenainte de expediere<\/td>\n<\/tr>\n<tr>\n<td>\u021aara de origine<\/td>\n<td>Ora\u0219ul Wenzhou, China<\/td>\n<\/tr>\n<tr>\n<td>Capacitatea de produc\u021bie<\/td>\n<td>6000 tone\/an<\/td>\n<\/tr>\n<tr>\n<td>MOQ<\/td>\n<td>10 buc\/dimensiune<\/td>\n<\/tr>\n<\/tbody>\n<\/table>","protected":false},"excerpt":{"rendered":"<p>Model:H64Y-1500LB-WCB-DN200<\/p>\n<p>Our API 600 1500LB Swing Check Valve are designed in accordance with BS1868 and ASME B16.34 for service of high temperature and high pressure and are widely used in fossil fuel power plant.Compared with bolted bonnet joint valves, it provides absolute reliable sealing of the bonnet joint, so that the pressure seal valves are more compact and rigid as well as maintenance cost-effective at high temperature and high pressure service.<br \/>\nIt is an automatic valve when it is automatically opened or closed by the force generated by the medium flowing within the pipeline. Its major function is to prevent the backflow of the medium in the pipeline, reverse rotation of the pump and its driving motor, and discharge of the medium in the container<\/p>\n<p>STV Valve Technology Group Co., Ltd is China pressure seal check valve,ANSI pressure seal check valve,high pressure seal check valve,cast steel pressure seal check valve,API 600 pressure seal check valve,stainless steel pressure seal check valve manufacturer with high quality and low price,To learn more about this valve Welcome to contact our sales@stvvalve.com<br \/>\nFi\u0219\u0103 de date:<br \/>\n<a href=\"https:\/\/www.stvvalves.com\/wp-content\/uploads\/2019\/01\/api-600-1500lb-swing-check-valve-pressure-seal-bonnet-dn200-bw-end-drawing.pdf\">Supap\u0103 de re\u021binere pivotant\u0103 API 600 1500LB, capot\u0103 de etan\u0219are sub presiune, DN200, cap\u0103t BW<\/a><\/p>","protected":false},"featured_media":4332,"template":"","meta":[],"product_brand":[],"product_cat":[83,46],"product_tag":[485,487,488,486,489],"class_list":{"0":"post-4326","1":"product","2":"type-product","3":"status-publish","4":"has-post-thumbnail","6":"product_cat-cast-steel-check-valve","7":"product_cat-check-valves","8":"product_tag-1500lb-pressure-seal-swing-check-valve","9":"product_tag-api-600-pressure-seal-swing-check-valve","10":"product_tag-api-cast-steel-swing-check-valve","11":"product_tag-pressure-seal-swing-check-valve","12":"product_tag-swing-check-valve-class-1500lb","14":"first","15":"instock","16":"shipping-taxable","17":"product-type-simple"},"_links":{"self":[{"href":"https:\/\/www.stvvalves.com\/ro\/wp-json\/wp\/v2\/product\/4326","targetHints":{"allow":["GET"]}}],"collection":[{"href":"https:\/\/www.stvvalves.com\/ro\/wp-json\/wp\/v2\/product"}],"about":[{"href":"https:\/\/www.stvvalves.com\/ro\/wp-json\/wp\/v2\/types\/product"}],"wp:featuredmedia":[{"embeddable":true,"href":"https:\/\/www.stvvalves.com\/ro\/wp-json\/wp\/v2\/media\/4332"}],"wp:attachment":[{"href":"https:\/\/www.stvvalves.com\/ro\/wp-json\/wp\/v2\/media?parent=4326"}],"wp:term":[{"taxonomy":"product_brand","embeddable":true,"href":"https:\/\/www.stvvalves.com\/ro\/wp-json\/wp\/v2\/product_brand?post=4326"},{"taxonomy":"product_cat","embeddable":true,"href":"https:\/\/www.stvvalves.com\/ro\/wp-json\/wp\/v2\/product_cat?post=4326"},{"taxonomy":"product_tag","embeddable":true,"href":"https:\/\/www.stvvalves.com\/ro\/wp-json\/wp\/v2\/product_tag?post=4326"}],"curies":[{"name":"wp","href":"https:\/\/api.w.org\/{rel}","templated":true}]}}