{"id":4333,"date":"2019-01-01T13:20:02","date_gmt":"2019-01-01T13:20:02","guid":{"rendered":"https:\/\/www.stvvalves.com\/?post_type=product&#038;p=4333"},"modified":"2025-02-17T18:20:54","modified_gmt":"2025-02-17T10:20:54","slug":"900lb-full-port-swing-check-valve-seal-pressure-bonnet-flange-end","status":"publish","type":"product","link":"https:\/\/www.stvvalves.com\/ro\/products\/900lb-full-port-swing-check-valve-seal-pressure-bonnet-flange-end\/","title":{"rendered":"Supap\u0103 de re\u021binere cu orificiu complet de 900 lb, capot\u0103 de presiune a etan\u0219\u0103rii, cap\u0103tul flan\u0219ei"},"content":{"rendered":"<p><strong>Supap\u0103 de re\u021binere oscilant\u0103<\/strong>, Clasa Ansi 900lbs, Api 6d, cu \u0219uruburi, capot\u0103 de etan\u0219are la presiune, cu flan\u0219\u0103, Rf, Rtj, capete Bw, o\u021bel carbon, o\u021bel inoxidabil, supape de re\u021binere pivotante din o\u021bel duplex, supap\u0103 de re\u021binere, furnizor de supape de re\u021binere oscilante din o\u021bel turnat industrial, exportator.<\/p>\n<p>Specifica\u021bii pentru\u00a0<strong>Supap\u0103 de re\u021binere oscilant\u0103 900LBS (cu flan\u0219\u0103, capete Bw)<\/strong><\/p>\n<p>1. Proiectare \u0219i fabrica\u021bie: API6D, ANSI B16.34, BS1868<br \/>\n2. Capot\u0103 cu \u0219uruburi, capot\u0103 de etan\u0219are sub presiune, disc de tip balansoar,<br \/>\n3. Interval de dimensiuni: 2\u2033 p\u00e2n\u0103 la 24\u2033.<br \/>\n4. Presiune nominal\u0103: ANSI 900Lbs<br \/>\n5. Conexiuni la cap\u0103t: cu flan\u0219\u0103, sudare cap la cap.<br \/>\n6. Materiale: WCB, LCB, CF8, CF8M, CF3, CF3M, WC6, WC9, C5, C12, 4A sau echivalent,<br \/>\n7. Diverse materiale de finisare disponibile pentru a se potrivi condi\u021biilor de service<br \/>\n8. NACE MR 0175 la cerere<\/p>\n<table>\n<tbody>\n<tr>\n<td width=\"200\"><strong>numele produsului<\/strong><\/td>\n<td width=\"481\">Supap\u0103 de re\u021binere cu orificiu complet de 900 lb, capot\u0103 de presiune a etan\u0219\u0103rii, cap\u0103tul flan\u0219ei<\/td>\n<\/tr>\n<tr>\n<td width=\"200\">1. Material<\/td>\n<td width=\"481\">WCB<\/td>\n<\/tr>\n<tr>\n<td width=\"200\">2. Dimensiunea<\/td>\n<td width=\"481\">12\u201d<\/td>\n<\/tr>\n<tr>\n<td width=\"200\">4. Port<\/td>\n<td width=\"481\">Port complet<\/td>\n<\/tr>\n<tr>\n<td width=\"200\">5. Presiunea de lucru<\/td>\n<td width=\"481\">900 lb<\/td>\n<\/tr>\n<tr>\n<td width=\"200\">6. Conexiunea se termin\u0103<\/td>\n<td width=\"481\">RF<\/td>\n<\/tr>\n<tr>\n<td width=\"200\">7. Temp. de lucru.<\/td>\n<td width=\"481\">-29~425\u00baC,<\/td>\n<\/tr>\n<tr>\n<td width=\"200\">8. Mediu potrivit<\/td>\n<td width=\"481\">Ap\u0103, gaze naturale, ulei \u0219i ceva lichid coroziv<\/td>\n<\/tr>\n<tr>\n<td width=\"200\">9. Operat<\/td>\n<td width=\"481\">\/<\/td>\n<\/tr>\n<tr>\n<td width=\"200\">10. Inspec\u021bie \u0219i testare<\/td>\n<td width=\"481\">Conform API 598<\/td>\n<\/tr>\n<tr>\n<td width=\"200\"><strong>Expediere<\/strong><\/td>\n<td width=\"481\"><\/td>\n<\/tr>\n<tr>\n<td width=\"200\">Timpul de livrare<\/td>\n<td width=\"481\">30 de zile<\/td>\n<\/tr>\n<tr>\n<td width=\"200\">Pachet<\/td>\n<td width=\"481\">Carcas\u0103 standard de export de placaj<\/td>\n<\/tr>\n<tr>\n<td width=\"200\">Portul de expediere<\/td>\n<td width=\"481\">Ningbo\/Shanghai, China<\/td>\n<\/tr>\n<tr>\n<td width=\"200\">Termeni de livrare<\/td>\n<td width=\"481\">Exw, FOB, CFR, CIF etc.<\/td>\n<\/tr>\n<tr>\n<td width=\"200\">Termeni de plat\u0103<\/td>\n<td width=\"481\">T\/T, Western Union, PayPal etc.<\/td>\n<\/tr>\n<tr>\n<td width=\"200\"><\/td>\n<td width=\"481\">Plat\u0103 anticipat\u0103 30%, sold 70% pl\u0103tit \u00eenainte de expediere<\/td>\n<\/tr>\n<tr>\n<td width=\"200\">\u021aara de origine<\/td>\n<td width=\"481\">Ora\u0219ul Wenzhou, China<\/td>\n<\/tr>\n<tr>\n<td width=\"200\">Capacitatea de produc\u021bie<\/td>\n<td width=\"481\">6000 tone\/an<\/td>\n<\/tr>\n<tr>\n<td width=\"200\">MOQ<\/td>\n<td width=\"481\">10 buc\/dimensiune<\/td>\n<\/tr>\n<\/tbody>\n<\/table>","protected":false},"excerpt":{"rendered":"<p>Model: H44Y-900LB-12\u2033-WCB<\/p>\n<p>Valvele noastre de re\u021binere cu port complet de 900 lb sunt proiectate \u00een primul r\u00e2nd complet deschise sau complet \u00eenchise, cu caracteristici de capot\u0103 de etan\u0219are sub presiune, scaun regenerabil sau inel de scaun sudat.<br \/>\nSupapa de re\u021binere este \u00eemp\u0103r\u021bit\u0103 \u00een structur\u0103 \u00een supap\u0103 de re\u021binere de ridicare, supap\u0103 de re\u021binere pivotant\u0103 \u0219i supap\u0103 de re\u021binere tip fluture. Supapa de re\u021binere de tip lift este \u00eemp\u0103r\u021bit\u0103 \u00een vertical\u0103 \u0219i orizontal\u0103. Supapa de re\u021binere tip fluture este de tip drept. C\u00e2teva supape de re\u021binere de mai sus pot fi \u00eemp\u0103r\u021bite \u00een conexiune cu \u0219uruburi, conexiune cu flan\u0219\u0103 \u0219i conexiune de sudare prin modul de conectare.<\/p>\n<p>STV Valve Technology Group Co., Ltd este supap\u0103 de re\u021binere oscilant\u0103, supap\u0103 de re\u021binere oscilant\u0103 de clas\u0103 Ansi 900lbs, supap\u0103 de re\u021binere oscilant\u0103 Api 6d, supap\u0103 de re\u021binere oscilant\u0103 industrial\u0103, supap\u0103 de re\u021binere oscilant\u0103 din o\u021bel carbon, supape de re\u021binere oscilante din o\u021bel inoxidabil, supap\u0103 de re\u021binere pivotant\u0103, A216 - Supap\u0103 de re\u021binere oscilant\u0103 WCB, supap\u0103 de re\u021binere oscilant\u0103 A351-CF8, supap\u0103 de re\u021binere oscilant\u0103 CF8M, supap\u0103 de re\u021binere oscilant\u0103 CF3M, supap\u0103 de re\u021binere oscilant\u0103 Nace Mr0175, supap\u0103 de re\u021binere oscilant\u0103 cu flan\u0219\u0103, supap\u0103 de re\u021binere oscilant\u0103 Bw, supap\u0103 de re\u021binere oscilant\u0103 de \u00eenalt\u0103 presiune, supap\u0103 de re\u021binere oscilante cu etan\u0219are de presiune , Swing din o\u021bel turnat cu autoetan\u0219are Verifica\u021bi produc\u0103torul cu calitate \u00eenalt\u0103 \u0219i pre\u021b sc\u0103zut. Pentru a afla mai multe despre aceast\u0103 supap\u0103 Bine a\u021bi venit s\u0103 contacta\u021bi sales@stvvalve.com<br \/>\nFi\u0219\u0103 de date:<a href=\"https:\/\/www.stvvalves.com\/wp-content\/uploads\/2019\/01\/900lb-full-port-swing-check-valve-seal-pressure-bonnet-flange-end-drawing.pdf\">Supap\u0103 de re\u021binere cu orificiu complet de 900 lb, capot\u0103 de presiune a etan\u0219\u0103rii, cap\u0103tul flan\u0219ei<\/a><\/p>","protected":false},"featured_media":4335,"template":"","meta":[],"product_brand":[],"product_cat":[83,46],"product_tag":[493,490,492,496,491,494,495],"class_list":{"0":"post-4333","1":"product","2":"type-product","3":"status-publish","4":"has-post-thumbnail","6":"product_cat-cast-steel-check-valve","7":"product_cat-check-valves","8":"product_tag-900-lb-cast-steel-swing-pressure-seal-check-valve","9":"product_tag-900lb-full-port-swing-check-valve","10":"product_tag-api-swing-check-valve","11":"product_tag-china-900lb-full-port-swing-check-valve","12":"product_tag-full-port-swing-check-valve","13":"product_tag-pressure-seal-swing-check-valve-900lb2500lb","14":"product_tag-swing-check-valve-class-900lb","16":"first","17":"instock","18":"shipping-taxable","19":"product-type-simple"},"_links":{"self":[{"href":"https:\/\/www.stvvalves.com\/ro\/wp-json\/wp\/v2\/product\/4333","targetHints":{"allow":["GET"]}}],"collection":[{"href":"https:\/\/www.stvvalves.com\/ro\/wp-json\/wp\/v2\/product"}],"about":[{"href":"https:\/\/www.stvvalves.com\/ro\/wp-json\/wp\/v2\/types\/product"}],"wp:featuredmedia":[{"embeddable":true,"href":"https:\/\/www.stvvalves.com\/ro\/wp-json\/wp\/v2\/media\/4335"}],"wp:attachment":[{"href":"https:\/\/www.stvvalves.com\/ro\/wp-json\/wp\/v2\/media?parent=4333"}],"wp:term":[{"taxonomy":"product_brand","embeddable":true,"href":"https:\/\/www.stvvalves.com\/ro\/wp-json\/wp\/v2\/product_brand?post=4333"},{"taxonomy":"product_cat","embeddable":true,"href":"https:\/\/www.stvvalves.com\/ro\/wp-json\/wp\/v2\/product_cat?post=4333"},{"taxonomy":"product_tag","embeddable":true,"href":"https:\/\/www.stvvalves.com\/ro\/wp-json\/wp\/v2\/product_tag?post=4333"}],"curies":[{"name":"wp","href":"https:\/\/api.w.org\/{rel}","templated":true}]}}