{"id":4362,"date":"2019-01-10T13:40:19","date_gmt":"2019-01-10T13:40:19","guid":{"rendered":"https:\/\/www.stvvalves.com\/?post_type=product&#038;p=4362"},"modified":"2024-12-25T14:58:32","modified_gmt":"2024-12-25T06:58:32","slug":"flange-stainless-steel-globe-valve-300lb-cf8-body-dn50","status":"publish","type":"product","link":"https:\/\/www.stvvalves.com\/ro\/products\/flange-stainless-steel-globe-valve-300lb-cf8-body-dn50\/","title":{"rendered":"Supap\u0103 cu flan\u0219\u0103 din o\u021bel inoxidabil, 300 LB, corp CF8, DN50"},"content":{"rendered":"<p>Proiectare \u0219i fabrica\u021bie: supap\u0103 cu poart\u0103 din o\u021bel inoxidabil conform API 603, ASME B16.34<\/p>\n<p>Inspec\u021bie \u0219i testare: API598, API600 sau API 6D<\/p>\n<p>Dimensiunea flan\u0219ei de cap\u0103t: ASME B16.5 (pentru NPS\u226424, ASME B 16.47 seria B, API 605, ASME B16.47 A Series, MSS SP-44 (pentru NPS\uff1e24)<\/p>\n<p>Dimensiune final\u0103 BW: ASME B16.25<\/p>\n<p>Fa\u021b\u0103 \u00een fa\u021b\u0103 \u0219i cap\u0103t la cap\u0103t: ASME B16.10<\/p>\n<p>Evalu\u0103ri presiune-temperatura: ASME B16.34<\/p>\n<p>Gam\u0103 de produse<\/p>\n<p>Material corp: o\u021bel carbon, o\u021bel inoxidabil, o\u021bel aliat<\/p>\n<p>Diametru nominal: 2\u2033~36\u2033(DN50~DN900)<\/p>\n<p>Termina\u021bi conexiunea: RF,RTJ, BW<\/p>\n<p>Interval de presiune: Class150~900(PN16~PN150)<\/p>\n<p>Temperatura de lucru: -29\u2103~+560\u2103<\/p>\n<p>Operare: roat\u0103 de m\u00e2n\u0103, angrenaj, actuator electric, etc.<\/p>\n<p>Cap\u0103t: RF\/RTJ\/FM\/FF cu flan\u0219\u0103, sudare cap la cap (BW)<\/p>\n<table>\n<tbody>\n<tr>\n<td width=\"200\"><strong>numele produsului<\/strong><\/td>\n<td width=\"481\">Supap\u0103 cu flan\u0219\u0103 din o\u021bel inoxidabil, 300 LB, corp CF8, DN50<\/td>\n<\/tr>\n<tr>\n<td width=\"200\">1. Material<\/td>\n<td width=\"481\">CF8<\/td>\n<\/tr>\n<tr>\n<td width=\"200\">2. Dimensiunea<\/td>\n<td width=\"481\">2\u201d<\/td>\n<\/tr>\n<tr>\n<td width=\"200\">4. Port<\/td>\n<td width=\"481\">Port complet<\/td>\n<\/tr>\n<tr>\n<td width=\"200\">5. Presiunea de lucru<\/td>\n<td width=\"481\">300 lb<\/td>\n<\/tr>\n<tr>\n<td width=\"200\">6. Conexiunea se termin\u0103<\/td>\n<td width=\"481\">RF<\/td>\n<\/tr>\n<tr>\n<td width=\"200\">7. Temp. de lucru.<\/td>\n<td width=\"481\">-29~425\u00baC,<\/td>\n<\/tr>\n<tr>\n<td width=\"200\">8. Mediu potrivit<\/td>\n<td width=\"481\">Ap\u0103, gaze naturale, ulei \u0219i ceva lichid coroziv<\/td>\n<\/tr>\n<tr>\n<td width=\"200\">9. Operat<\/td>\n<td width=\"481\">Roat\u0103 de m\u00e2n\u0103<\/td>\n<\/tr>\n<tr>\n<td width=\"200\">10. Inspec\u021bie \u0219i testare<\/td>\n<td width=\"481\">Conform API598<\/td>\n<\/tr>\n<tr>\n<td width=\"200\"><strong>Expediere<\/strong><\/td>\n<td width=\"481\"><\/td>\n<\/tr>\n<tr>\n<td width=\"200\">Timpul de livrare<\/td>\n<td width=\"481\">30 de zile<\/td>\n<\/tr>\n<tr>\n<td width=\"200\">Pachet<\/td>\n<td width=\"481\">Carcas\u0103 standard de export de placaj<\/td>\n<\/tr>\n<tr>\n<td width=\"200\">Portul de expediere<\/td>\n<td width=\"481\">Ningbo\/Shanghai, China<\/td>\n<\/tr>\n<tr>\n<td width=\"200\">Termeni de livrare<\/td>\n<td width=\"481\">Exw, FOB, CFR, CIF etc.<\/td>\n<\/tr>\n<tr>\n<td width=\"200\">Termeni de plat\u0103<\/td>\n<td width=\"481\">T\/T, Western Union, PayPal etc.<\/td>\n<\/tr>\n<tr>\n<td width=\"200\"><\/td>\n<td width=\"481\">Plat\u0103 anticipat\u0103 30%, sold 70% pl\u0103tit \u00eenainte de expediere<\/td>\n<\/tr>\n<tr>\n<td width=\"200\">\u021aara de origine<\/td>\n<td width=\"481\">Ora\u0219ul Wenzhou, China<\/td>\n<\/tr>\n<tr>\n<td width=\"200\">Capacitatea de produc\u021bie<\/td>\n<td width=\"481\">6000 tone\/an<\/td>\n<\/tr>\n<tr>\n<td width=\"200\">MOQ<\/td>\n<td width=\"481\">1 buc\/dimensiune<\/td>\n<\/tr>\n<\/tbody>\n<\/table>","protected":false},"excerpt":{"rendered":"<p>Model: J41H-300LB-304-2\u2033<\/p>\n<p>Valvele noastre cu glob din o\u021bel inoxidabil sunt proiectate \u00een strict\u0103 conformitate cu standardul ASME B16.34; conexiunea dintre corpul supapei \u0219i capot\u0103, cutia de presa, instalarea piuli\u021bei tijei \u0219i etan\u0219area superioar\u0103 sunt toate proiectate \u00een strict\u0103 conformitate cu API603. Selec\u021bia supapei este \u00een deplin\u0103 conformitate cu cerin\u021bele API603. Lungimea este \u00een conformitate cu ASME B16.10; dimensiunile conexiunii flan\u0219ei sunt \u00een conformitate cu ANSI \/ ASME B16.5a. Inspec\u021bia \u0219i testarea supapelor sunt efectuate \u00een strict\u0103 conformitate cu API598. Prin urmare, supapa este utilizat\u0103 pe scar\u0103 larg\u0103 \u00een conductele petrochimice \u0219i este, de asemenea, aplicabil\u0103 \u00een energie electric\u0103, metalurgie, textile \u0219i alte sisteme.<\/p>\n<p>C\u00e2nd supapa cu glob din o\u021bel inoxidabil este deschis\u0103, \u00een\u0103l\u021bimea de deschidere a clapetei supapei este de 25 p\u00e2n\u0103 la 30 din diametrul nominal, iar debitul a atins maximul, indic\u00e2nd c\u0103 supapa a ajuns \u00een pozi\u021bia complet deschis\u0103. Prin urmare, pozi\u021bia complet deschis\u0103 a supapei de \u00eenchidere ar trebui determinat\u0103 de cursa clapetei supapei.<\/p>\n<p>STV Valve Technology Group Co., Ltd este un lider profesionist din China, supap\u0103 cu glob din o\u021bel inoxidabil, supap\u0103 cu glob din o\u021bel inoxidabil de 2 inci 300#, supap\u0103 cu glob din o\u021bel inoxidabil 316, supape cu glob din o\u021bel inoxidabil turnat, robinet cu \u0219urub din o\u021bel inoxidabil, o\u021bel inoxidabil B16.34 Produc\u0103tor de supape glob cu \u00eenalt\u0103 calitate \u0219i pre\u021b sc\u0103zut. Pentru a afla mai multe despre aceste supape, Bine a\u021bi venit s\u0103 contacta\u021bi sales@stvvalve.com<br \/>\nFi\u0219\u0103 de date:<a href=\"https:\/\/www.stvvalves.com\/wp-content\/uploads\/2019\/01\/flange-stainless-steel-globe-valve-300lb-cf8-body-dn50-drawing.pdf\">Supap\u0103 cu flan\u0219\u0103 din o\u021bel inoxidabil, 300 LB, corp CF8, DN50<\/a><\/p>","protected":false},"featured_media":4363,"template":"","meta":[],"product_brand":[],"product_cat":[45,189],"product_tag":[524,525,528,527,526,192],"class_list":{"0":"post-4362","1":"product","2":"type-product","3":"status-publish","4":"has-post-thumbnail","6":"product_cat-globe-valve","7":"product_cat-stainless-steel-globe-valve","8":"product_tag-2-inch-stainless-steel-globe-valve-300","9":"product_tag-316-stainless-steel-globe-valve","10":"product_tag-b16-34-stainless-steel-globe-valves","11":"product_tag-bolt-bonnet-tainless-steel-globe-valve","12":"product_tag-cast-stainless-steel-globe-valves","13":"product_tag-stainless-steel-globe-valve","15":"first","16":"instock","17":"shipping-taxable","18":"product-type-simple"},"_links":{"self":[{"href":"https:\/\/www.stvvalves.com\/ro\/wp-json\/wp\/v2\/product\/4362","targetHints":{"allow":["GET"]}}],"collection":[{"href":"https:\/\/www.stvvalves.com\/ro\/wp-json\/wp\/v2\/product"}],"about":[{"href":"https:\/\/www.stvvalves.com\/ro\/wp-json\/wp\/v2\/types\/product"}],"wp:featuredmedia":[{"embeddable":true,"href":"https:\/\/www.stvvalves.com\/ro\/wp-json\/wp\/v2\/media\/4363"}],"wp:attachment":[{"href":"https:\/\/www.stvvalves.com\/ro\/wp-json\/wp\/v2\/media?parent=4362"}],"wp:term":[{"taxonomy":"product_brand","embeddable":true,"href":"https:\/\/www.stvvalves.com\/ro\/wp-json\/wp\/v2\/product_brand?post=4362"},{"taxonomy":"product_cat","embeddable":true,"href":"https:\/\/www.stvvalves.com\/ro\/wp-json\/wp\/v2\/product_cat?post=4362"},{"taxonomy":"product_tag","embeddable":true,"href":"https:\/\/www.stvvalves.com\/ro\/wp-json\/wp\/v2\/product_tag?post=4362"}],"curies":[{"name":"wp","href":"https:\/\/api.w.org\/{rel}","templated":true}]}}