{"id":4366,"date":"2019-01-10T14:30:45","date_gmt":"2019-01-10T14:30:45","guid":{"rendered":"https:\/\/www.stvvalves.com\/?post_type=product&#038;p=4366"},"modified":"2025-02-17T18:20:51","modified_gmt":"2025-02-17T10:20:51","slug":"300lb-cast-steel-floating-ball-valve-4-inch-rf-end","status":"publish","type":"product","link":"https:\/\/www.stvvalves.com\/ro\/products\/300lb-cast-steel-floating-ball-valve-4-inch-rf-end\/","title":{"rendered":"300LB Cast Steel Floating Ball Valve,4 Inch,RF End"},"content":{"rendered":"<p>Proiectare \u0219i fabrica\u021bie: API 6D, ASME B16.34 (BS5351), API 608, MSS-SP-72<\/p>\n<p>Dimensiune fa\u021b\u0103 \u00een fa\u021b\u0103: ASME B16.10, API 6D<\/p>\n<p>Dimensiunea conexiunii flan\u0219ei: ASME B 16.5<\/p>\n<p>Dimensiune conexiune BW: ASME B16.25<\/p>\n<p>Testare \u0219i inspec\u021bie: API 598, API 6D<\/p>\n<p>Design sigur la foc: API 607\/6FA<\/p>\n<p>Design antistatic \u0219i tij\u0103 anti-explozie<\/p>\n<p>Gam\u0103 de produse<\/p>\n<p>Material corp: o\u021bel carbon, o\u021bel inoxidabil, o\u021bel aliat<\/p>\n<p>Design cu alezaj complet \u0219i cu alezaj redus<\/p>\n<p>Diametru nominal: 1\/2\u2033~10\u2033(DN15~DN250)<\/p>\n<p>Termina\u021bi conexiunea: RF,RTJ, BW<\/p>\n<p>Interval de presiune: Class150~600\uff08PN16~PN100\uff09<\/p>\n<p>Temperatura de lucru: -46\u2103~+200\u2103<\/p>\n<p>Func\u021bionare: m\u00e2ner, angrenaj, actuator electric etc<\/p>\n<p>&nbsp;<\/p>\n<table>\n<tbody>\n<tr>\n<td width=\"200\"><strong>numele produsului<\/strong><\/td>\n<td width=\"481\">300LB Cast Steel Floating Ball Valve,4 Inch,RF End<\/td>\n<\/tr>\n<tr>\n<td width=\"200\">1. Material<\/td>\n<td width=\"481\">WCB<\/td>\n<\/tr>\n<tr>\n<td width=\"200\">2. Dimensiunea<\/td>\n<td width=\"481\">4\u201d<\/td>\n<\/tr>\n<tr>\n<td width=\"200\">4. Port<\/td>\n<td width=\"481\">Port complet<\/td>\n<\/tr>\n<tr>\n<td width=\"200\">5. Presiunea de lucru<\/td>\n<td width=\"481\">300 lb<\/td>\n<\/tr>\n<tr>\n<td width=\"200\">6. Conexiunea se termin\u0103<\/td>\n<td width=\"481\">RF<\/td>\n<\/tr>\n<tr>\n<td width=\"200\">7. Temp. de lucru.<\/td>\n<td width=\"481\">-29~120\u00baC,<\/td>\n<\/tr>\n<tr>\n<td width=\"200\">8. Mediu potrivit<\/td>\n<td width=\"481\">Ap\u0103, gaze naturale, ulei \u0219i ceva lichid coroziv<\/td>\n<\/tr>\n<tr>\n<td width=\"200\">9. Operat<\/td>\n<td width=\"481\">Roat\u0103 de m\u00e2n\u0103<\/td>\n<\/tr>\n<tr>\n<td width=\"200\">10. Inspec\u021bie \u0219i testare<\/td>\n<td width=\"481\">Conform API598<\/td>\n<\/tr>\n<tr>\n<td width=\"200\"><strong>Expediere<\/strong><\/td>\n<td width=\"481\"><\/td>\n<\/tr>\n<tr>\n<td width=\"200\">Timpul de livrare<\/td>\n<td width=\"481\">30 de zile<\/td>\n<\/tr>\n<tr>\n<td width=\"200\">Pachet<\/td>\n<td width=\"481\">Carcas\u0103 standard de export de placaj<\/td>\n<\/tr>\n<tr>\n<td width=\"200\">Portul de expediere<\/td>\n<td width=\"481\">Ningbo\/Shanghai, China<\/td>\n<\/tr>\n<tr>\n<td width=\"200\">Termeni de livrare<\/td>\n<td width=\"481\">Exw, FOB, CFR, CIF etc.<\/td>\n<\/tr>\n<tr>\n<td width=\"200\">Termeni de plat\u0103<\/td>\n<td width=\"481\">T\/T, Western Union, PayPal etc.<\/td>\n<\/tr>\n<tr>\n<td width=\"200\"><\/td>\n<td width=\"481\">Plat\u0103 anticipat\u0103 30%, sold 70% pl\u0103tit \u00eenainte de expediere<\/td>\n<\/tr>\n<tr>\n<td width=\"200\">\u021aara de origine<\/td>\n<td width=\"481\">Ora\u0219ul Wenzhou, China<\/td>\n<\/tr>\n<tr>\n<td width=\"200\">Capacitatea de produc\u021bie<\/td>\n<td width=\"481\">6000 tone\/an<\/td>\n<\/tr>\n<tr>\n<td width=\"200\">MOQ<\/td>\n<td width=\"481\">1 buc\/dimensiune<\/td>\n<\/tr>\n<\/tbody>\n<\/table>","protected":false},"excerpt":{"rendered":"<p>Model: Q41F-300LB-WCB-3\u2033<\/p>\n<p>Supapa noastr\u0103 cu bil\u0103 plutitoare din o\u021bel turnat de 300 LB cu supap\u0103 cu sfer\u0103 ANSI 300# cu pas complet din 2 piese. Un corp WCB \u0219i bil\u0103 din o\u021bel inoxidabil 316, cu scaune RPTFE pentru temperaturi ridicate.<br \/>\nPrincipiul supapei cu bil\u0103 plutitoare din o\u021bel turnat: Acest tip de supap\u0103 cu bil\u0103 are o bil\u0103 plutitoare sus\u021binut\u0103 de dou\u0103 scaune de supap\u0103. Sub efectul de presiune medie, o anumit\u0103 deplasare poate fi generat\u0103 de bil\u0103 \u00eens\u0103\u0219i, astfel \u00eenc\u00e2t s\u0103 fie presat\u0103 pe inelul de etan\u0219are al scaunului de la ie\u0219ire, garant\u00e2nd etan\u0219eitatea la ie\u0219ire.<br \/>\nSupapa cu bil\u0103 plutitoare este utilizat\u0103 \u00een principal \u00een aplica\u021bii cu presiune medie sau joas\u0103.<\/p>\n<p>STV Valve Technology Group Co., Ltd este un lider profesionist din China, supap\u0103 cu bil\u0103 plutitoare din o\u021bel turnat de 300 LB, supap\u0103 cu bil\u0103 plutitoare, supape cu bil\u0103 plutitoare Port complet, supap\u0103 cu bil\u0103 plutitoare din o\u021bel turnat, supap\u0103 cu bil\u0103 din o\u021bel turnat API, produc\u0103tor de supape cu bil\u0103 pentru cap\u0103tul cu flan\u0219\u0103 de \u00eenalt\u0103 calitate \u0219i pre\u021b sc\u0103zut. Pentru a afla mai multe despre aceste supape Bine a\u021bi venit s\u0103 contacta\u021bi sales@stvvalve.com<br \/>\nFi\u0219\u0103 de date:<a href=\"https:\/\/www.stvvalves.com\/wp-content\/uploads\/2019\/01\/300lb-cast-steel-floating-ball-valve.jpg\">Supap\u0103 cu bil\u0103 plutitoare din o\u021bel turnat de 300 LB<\/a>.<\/p>\n<p>&nbsp;<\/p>\n<p>&nbsp;<\/p>","protected":false},"featured_media":4367,"template":"","meta":[],"product_brand":[],"product_cat":[43,54,80,78],"product_tag":[531,530,532,125,529],"class_list":{"0":"post-4366","1":"product","2":"type-product","3":"status-publish","4":"has-post-thumbnail","6":"product_cat-ball-valve","7":"product_cat-cast-steel-ball-valve","8":"product_cat-flange-ball-valve","9":"product_cat-floating-ball-valve","10":"product_tag-api-cast-steel-ball-valve","11":"product_tag-cast-steel-floating-ball-valve","12":"product_tag-flange-end-ball-valve","13":"product_tag-floating-ball-valve","14":"product_tag-floating-ball-valves-full-port","16":"first","17":"instock","18":"shipping-taxable","19":"product-type-simple"},"_links":{"self":[{"href":"https:\/\/www.stvvalves.com\/ro\/wp-json\/wp\/v2\/product\/4366","targetHints":{"allow":["GET"]}}],"collection":[{"href":"https:\/\/www.stvvalves.com\/ro\/wp-json\/wp\/v2\/product"}],"about":[{"href":"https:\/\/www.stvvalves.com\/ro\/wp-json\/wp\/v2\/types\/product"}],"wp:featuredmedia":[{"embeddable":true,"href":"https:\/\/www.stvvalves.com\/ro\/wp-json\/wp\/v2\/media\/4367"}],"wp:attachment":[{"href":"https:\/\/www.stvvalves.com\/ro\/wp-json\/wp\/v2\/media?parent=4366"}],"wp:term":[{"taxonomy":"product_brand","embeddable":true,"href":"https:\/\/www.stvvalves.com\/ro\/wp-json\/wp\/v2\/product_brand?post=4366"},{"taxonomy":"product_cat","embeddable":true,"href":"https:\/\/www.stvvalves.com\/ro\/wp-json\/wp\/v2\/product_cat?post=4366"},{"taxonomy":"product_tag","embeddable":true,"href":"https:\/\/www.stvvalves.com\/ro\/wp-json\/wp\/v2\/product_tag?post=4366"}],"curies":[{"name":"wp","href":"https:\/\/api.w.org\/{rel}","templated":true}]}}