{"id":4390,"date":"2019-02-22T00:03:44","date_gmt":"2019-02-22T00:03:44","guid":{"rendered":"https:\/\/www.stvvalves.com\/?post_type=product&#038;p=4390"},"modified":"2025-02-17T18:20:49","modified_gmt":"2025-02-17T10:20:49","slug":"high-pressure-3-way-ball-valvet-type-dn25-800lb","status":"publish","type":"product","link":"https:\/\/www.stvvalves.com\/ro\/products\/high-pressure-3-way-ball-valvet-type-dn25-800lb\/","title":{"rendered":"Supap\u0103 cu bil\u0103 cu 3 c\u0103i de \u00eenalt\u0103 presiune, tip T, DN25,800LB"},"content":{"rendered":"<p>Supap\u0103 cu bil\u0103 cu 3 c\u0103i de \u00eenalt\u0103 presiune<\/p>\n<p>Caracteristici:<\/p>\n<p>Dimensiune: 1\/2\u2033-2\u2033<\/p>\n<p>Presiune normal\u0103: 800-2500LB<\/p>\n<p>Port redus<\/p>\n<p>TIP L \/ TIP , minge plutitoare<\/p>\n<p>Tija rezistent\u0103 la suflare<\/p>\n<p>Nivel<\/p>\n<p>Specifica\u021bii<\/p>\n<p>Design \u0219i fabrica\u021bie standard: API 608, API 607, API 6D, BS 5351<\/p>\n<p>Std. fa\u021b\u0103 \u00een fa\u021b\u0103: API B16.10, API 6D, DIN 3202<br \/>\nStd. conexiune final\u0103: NPT, BSP, BSPT, DIN259\/2999<\/p>\n<p>Standard de testare: ISO5208, API 6D, BS 6755, API598<br \/>\nMaterial caroserie: A105, F304, F316<\/p>\n<p>Scaun: RPTFE, PPL, Nylon<\/p>\n<p>Temperatura de lucru: -40-180\u2103<\/p>\n<p>Potrivit: ap\u0103, ulei, gaz<\/p>\n<p>&nbsp;<\/p>\n<table>\n<tbody>\n<tr>\n<td width=\"200\"><strong>numele produsului<\/strong><\/td>\n<td width=\"481\">Supap\u0103 cu bil\u0103 cu 3 c\u0103i de \u00eenalt\u0103 presiune, tip T, DN25,800LB<\/td>\n<\/tr>\n<tr>\n<td width=\"200\">1. Material<\/td>\n<td width=\"481\">A105<\/td>\n<\/tr>\n<tr>\n<td width=\"200\">2. Dimensiunea<\/td>\n<td width=\"481\">1\u201d<\/td>\n<\/tr>\n<tr>\n<td width=\"200\">4. Port<\/td>\n<td width=\"481\">Port reductor<\/td>\n<\/tr>\n<tr>\n<td width=\"200\">5. Presiunea de lucru<\/td>\n<td width=\"481\">800 lb<\/td>\n<\/tr>\n<tr>\n<td width=\"200\">6. Conexiunea se termin\u0103<\/td>\n<td width=\"481\">NPT<\/td>\n<\/tr>\n<tr>\n<td width=\"200\">7. Temp. de lucru.<\/td>\n<td width=\"481\">-29~180\u00baC,<\/td>\n<\/tr>\n<tr>\n<td width=\"200\">8. Mediu potrivit<\/td>\n<td width=\"481\">Ap\u0103, gaze naturale, ulei \u0219i ceva lichid coroziv<\/td>\n<\/tr>\n<tr>\n<td width=\"200\">9. Operat<\/td>\n<td width=\"481\">Roat\u0103 de m\u00e2n\u0103<\/td>\n<\/tr>\n<tr>\n<td width=\"200\">10. Inspec\u021bie \u0219i testare<\/td>\n<td width=\"481\">Conform API598<\/td>\n<\/tr>\n<tr>\n<td width=\"200\"><strong>Expediere<\/strong><\/td>\n<td width=\"481\"><\/td>\n<\/tr>\n<tr>\n<td width=\"200\">Timpul de livrare<\/td>\n<td width=\"481\">30 de zile<\/td>\n<\/tr>\n<tr>\n<td width=\"200\">Pachet<\/td>\n<td width=\"481\">Carcas\u0103 standard de export de placaj<\/td>\n<\/tr>\n<tr>\n<td width=\"200\">Portul de expediere<\/td>\n<td width=\"481\">Ningbo\/Shanghai, China<\/td>\n<\/tr>\n<tr>\n<td width=\"200\">Termeni de livrare<\/td>\n<td width=\"481\">Exw, FOB, CFR, CIF etc.<\/td>\n<\/tr>\n<tr>\n<td width=\"200\">Termeni de plat\u0103<\/td>\n<td width=\"481\">T\/T, Western Union, PayPal etc.<\/td>\n<\/tr>\n<tr>\n<td width=\"200\"><\/td>\n<td width=\"481\">Plat\u0103 anticipat\u0103 30%, sold 70% pl\u0103tit \u00eenainte de expediere<\/td>\n<\/tr>\n<tr>\n<td width=\"200\">\u021aara de origine<\/td>\n<td width=\"481\">Ora\u0219ul Wenzhou, China<\/td>\n<\/tr>\n<tr>\n<td width=\"200\">Capacitatea de produc\u021bie<\/td>\n<td width=\"481\">6000 tone\/an<\/td>\n<\/tr>\n<tr>\n<td width=\"200\">MOQ<\/td>\n<td width=\"481\">1 buc\/dimensiune<\/td>\n<\/tr>\n<\/tbody>\n<\/table>","protected":false},"excerpt":{"rendered":"<p>Model: Q14F-800LB-DN25<\/p>\n<p>Supapa noastr\u0103 cu bil\u0103 cu 3 c\u0103i de \u00eenalt\u0103 presiune adopt\u0103 o structur\u0103 cu bile plutitoare de etan\u0219are cu dou\u0103 locuri, care are avantajele unui aspect rafinat, performan\u021b\u0103 bun\u0103 de etan\u0219are, comutare convenabil\u0103, control convenabil al manev\u0103rii medii \u0219i confluen\u021bei \u00een conduct\u0103 \u0219i personalizat moale sau dur. sigila\u021bi \u00een func\u021bie de condi\u021biile de lucru ale clientului. Form\u0103 (etan\u0219are moale pentru 200 \u00b0 C mai jos)<\/p>\n<p>Material din o\u021bel forjat, supap\u0103 cu bil\u0103 cu trei c\u0103i de tip T, se poate adapta la temperaturi ridicate \u0219i la temperaturi ridicate. Poate fi folosit pentru a devia \u0219i \u00eembina proiectul \u00een proiect. Supapa cu bil\u0103 cu trei c\u0103i de tip T din o\u021bel forjat poate fi aplicat\u0103 la: petrol, chimie, energie electric\u0103, farmaceutice, etc. Domenii, potrivite pentru ap\u0103, gaz, petrol, gaze naturale \u0219i medii corozive acid-alcaline.<\/p>\n<p>V\u0103 rug\u0103m s\u0103 contacta\u021bi sales@stvvalve.com pentru alte materiale \u0219i detalii.<\/p>\n<p>Fi\u0219\u0103 de date:<a href=\"https:\/\/www.stvvalves.com\/wp-content\/uploads\/2019\/02\/high-pressure-3-way-ball-valvet-type-dn25-800lb-Drawing.pdf\">Supap\u0103 cu bil\u0103 cu 3 c\u0103i de \u00eenalt\u0103 presiune, tip T, DN25,800LB<\/a><\/p>\n<p>&nbsp;<\/p>","protected":false},"featured_media":4393,"template":"","meta":[],"product_brand":[],"product_cat":[43,78,55,79],"product_tag":[171,552],"class_list":{"0":"post-4390","1":"product","2":"type-product","3":"status-publish","4":"has-post-thumbnail","6":"product_cat-ball-valve","7":"product_cat-floating-ball-valve","8":"product_cat-forged-steel-ball-valve","9":"product_cat-threaded-ball-valve","10":"product_tag-3-way-ball-valve","11":"product_tag-3-way-high-pressure-ball-valves","13":"first","14":"instock","15":"shipping-taxable","16":"product-type-simple"},"_links":{"self":[{"href":"https:\/\/www.stvvalves.com\/ro\/wp-json\/wp\/v2\/product\/4390","targetHints":{"allow":["GET"]}}],"collection":[{"href":"https:\/\/www.stvvalves.com\/ro\/wp-json\/wp\/v2\/product"}],"about":[{"href":"https:\/\/www.stvvalves.com\/ro\/wp-json\/wp\/v2\/types\/product"}],"wp:featuredmedia":[{"embeddable":true,"href":"https:\/\/www.stvvalves.com\/ro\/wp-json\/wp\/v2\/media\/4393"}],"wp:attachment":[{"href":"https:\/\/www.stvvalves.com\/ro\/wp-json\/wp\/v2\/media?parent=4390"}],"wp:term":[{"taxonomy":"product_brand","embeddable":true,"href":"https:\/\/www.stvvalves.com\/ro\/wp-json\/wp\/v2\/product_brand?post=4390"},{"taxonomy":"product_cat","embeddable":true,"href":"https:\/\/www.stvvalves.com\/ro\/wp-json\/wp\/v2\/product_cat?post=4390"},{"taxonomy":"product_tag","embeddable":true,"href":"https:\/\/www.stvvalves.com\/ro\/wp-json\/wp\/v2\/product_tag?post=4390"}],"curies":[{"name":"wp","href":"https:\/\/api.w.org\/{rel}","templated":true}]}}