{"id":4401,"date":"2019-02-28T03:27:01","date_gmt":"2019-02-28T03:27:01","guid":{"rendered":"https:\/\/www.stvvalves.com\/?post_type=product&#038;p=4401"},"modified":"2025-02-17T18:20:48","modified_gmt":"2025-02-17T10:20:48","slug":"150lb-forged-steel-ball-valve-f304-body-reducer-bore-flange-end","status":"publish","type":"product","link":"https:\/\/www.stvvalves.com\/ro\/products\/150lb-forged-steel-ball-valve-f304-body-reducer-bore-flange-end\/","title":{"rendered":"Supap\u0103 cu bil\u0103 din o\u021bel forjat de 150 lb, corp F304, orificiu reductor, cap\u0103t cu flan\u0219\u0103"},"content":{"rendered":"<p>Product range<br \/>\n-Valve\u00a0size: 1\/2&#8243; &#8211; 24&#8243;\u00a0(DN15-DN600)<br \/>\n-Pressure: ANSI\u00a0Class\u00a0150-1500 (PN16-PN250)<br \/>\n-Temperature: -196\u2103 &#8211; 500\u2103<br \/>\n-Body materials:A105N,F304,F304L,F316,F316L,F11,F22,F51,F55<\/p>\n<p>Technical specifications<br \/>\n-Design: ASME 16.34\/ API 6D<br \/>\n-Face to face: ASME B16.10<br \/>\n-BW end: ASME B16.25<br \/>\n-Test: API 598\/BS 6755<br \/>\n-Fire safe test: API 607\/API 6FA<br \/>\n-Special: NACE MR-01-75<\/p>\n<p>Design features<br \/>\n-Forged or cast steel body<br \/>\n-Floating &amp; trunnion mounted ball<br \/>\n-Full Port or Reducer Port<br \/>\n-Anti-static device<br \/>\n-Blow-out proof stem<br \/>\n-Fire safe design<\/p>\n<table>\n<tbody>\n<tr>\n<td width=\"200\"><strong>numele produsului<\/strong><\/td>\n<td width=\"481\">Supap\u0103 cu bil\u0103 din o\u021bel forjat de 150 lb, corp F304, orificiu reductor, cap\u0103t cu flan\u0219\u0103<\/td>\n<\/tr>\n<tr>\n<td width=\"200\">1. Material<\/td>\n<td width=\"481\">F304<\/td>\n<\/tr>\n<tr>\n<td width=\"200\">2. Dimensiunea<\/td>\n<td width=\"481\">2\u201d<\/td>\n<\/tr>\n<tr>\n<td width=\"200\">4. Port<\/td>\n<td width=\"481\">Port complet<\/td>\n<\/tr>\n<tr>\n<td width=\"200\">5. Presiunea de lucru<\/td>\n<td width=\"481\">150 lb<\/td>\n<\/tr>\n<tr>\n<td width=\"200\">6. Conexiunea se termin\u0103<\/td>\n<td width=\"481\">RF<\/td>\n<\/tr>\n<tr>\n<td width=\"200\">7. Temp. de lucru.<\/td>\n<td width=\"481\">-29~120\u00baC,<\/td>\n<\/tr>\n<tr>\n<td width=\"200\">8. Mediu potrivit<\/td>\n<td width=\"481\">Ap\u0103, gaze naturale, ulei \u0219i ceva lichid coroziv<\/td>\n<\/tr>\n<tr>\n<td width=\"200\">9. Operat<\/td>\n<td width=\"481\">Roat\u0103 de m\u00e2n\u0103<\/td>\n<\/tr>\n<tr>\n<td width=\"200\">10. Inspec\u021bie \u0219i testare<\/td>\n<td width=\"481\">Conform API598<\/td>\n<\/tr>\n<tr>\n<td width=\"200\"><strong>Expediere<\/strong><\/td>\n<td width=\"481\"><\/td>\n<\/tr>\n<tr>\n<td width=\"200\">Timpul de livrare<\/td>\n<td width=\"481\">30 de zile<\/td>\n<\/tr>\n<tr>\n<td width=\"200\">Pachet<\/td>\n<td width=\"481\">Carcas\u0103 standard de export de placaj<\/td>\n<\/tr>\n<tr>\n<td width=\"200\">Portul de expediere<\/td>\n<td width=\"481\">Ningbo\/Shanghai, China<\/td>\n<\/tr>\n<tr>\n<td width=\"200\">Termeni de livrare<\/td>\n<td width=\"481\">Exw, FOB, CFR, CIF etc.<\/td>\n<\/tr>\n<tr>\n<td width=\"200\">Termeni de plat\u0103<\/td>\n<td width=\"481\">T\/T, Western Union, PayPal etc.<\/td>\n<\/tr>\n<tr>\n<td width=\"200\"><\/td>\n<td width=\"481\">Plat\u0103 anticipat\u0103 30%, sold 70% pl\u0103tit \u00eenainte de expediere<\/td>\n<\/tr>\n<tr>\n<td width=\"200\">\u021aara de origine<\/td>\n<td width=\"481\">Ora\u0219ul Wenzhou, China<\/td>\n<\/tr>\n<tr>\n<td width=\"200\">Capacitatea de produc\u021bie<\/td>\n<td width=\"481\">6000 tone\/an<\/td>\n<\/tr>\n<tr>\n<td width=\"200\">MOQ<\/td>\n<td width=\"481\">1 buc\/dimensiune<\/td>\n<\/tr>\n<\/tbody>\n<\/table>\n<p>&nbsp;<\/p>","protected":false},"excerpt":{"rendered":"<p>Model:SQ41F-150LB-PEEK<\/p>\n<p>The working principle of our\u00a0150LB Forged Steel Ball Valve\u00a0 is to rotate the valve stem to make the valve unblocked or occluded. It can be full-bore ball valve, 90\u00b0C angle, ball valve switch is light, small in size, can be made into large diameter, reliable in sealing, simple in structure, convenient in maintenance, sealing surface and spherical surface are often closed, not easily eroded by medium, in various industries. Widely used.<br \/>\nSTV Valve Technology Group Co., Ltd is a professional leader China 150LB Forged Steel Ball Valve,2PCS Type Forged Steel Flange Ball Valve ,A105 ball valve,High pressure forged steel ball valve,forged steel trunnion mounted ball valve manufacturer with high quality and competitive price.<\/p>\n<p>V\u0103 rug\u0103m s\u0103 contacta\u021bi sales@stvvalve.com pentru alte materiale \u0219i detalii.<\/p>\n<p>Fi\u0219\u0103 de date:<a href=\"https:\/\/www.stvvalves.com\/wp-content\/uploads\/2019\/02\/150lb-forged-steel-ball-valve-f304-body-reducer-bore-flange-end-drawing.pdf\">Supap\u0103 cu bil\u0103 din o\u021bel forjat de 150 lb, corp F304, orificiu reductor, cap\u0103t cu flan\u0219\u0103<\/a><\/p>","protected":false},"featured_media":4402,"template":"","meta":[],"product_brand":[],"product_cat":[43,80,78,55,53],"product_tag":[555,556,105,558,557],"class_list":{"0":"post-4401","1":"product","2":"type-product","3":"status-publish","4":"has-post-thumbnail","6":"product_cat-ball-valve","7":"product_cat-flange-ball-valve","8":"product_cat-floating-ball-valve","9":"product_cat-forged-steel-ball-valve","10":"product_cat-stainless-steel-ball-valve","11":"product_tag-2pcs-type-forged-steel-flange-ball-valve","12":"product_tag-a105-ball-valve","13":"product_tag-ball-valve","14":"product_tag-forged-steel-trunnion-mounted-ball-valve-manufacturer","15":"product_tag-high-pressure-forged-steel-ball-valve","17":"first","18":"instock","19":"shipping-taxable","20":"product-type-simple"},"_links":{"self":[{"href":"https:\/\/www.stvvalves.com\/ro\/wp-json\/wp\/v2\/product\/4401","targetHints":{"allow":["GET"]}}],"collection":[{"href":"https:\/\/www.stvvalves.com\/ro\/wp-json\/wp\/v2\/product"}],"about":[{"href":"https:\/\/www.stvvalves.com\/ro\/wp-json\/wp\/v2\/types\/product"}],"wp:featuredmedia":[{"embeddable":true,"href":"https:\/\/www.stvvalves.com\/ro\/wp-json\/wp\/v2\/media\/4402"}],"wp:attachment":[{"href":"https:\/\/www.stvvalves.com\/ro\/wp-json\/wp\/v2\/media?parent=4401"}],"wp:term":[{"taxonomy":"product_brand","embeddable":true,"href":"https:\/\/www.stvvalves.com\/ro\/wp-json\/wp\/v2\/product_brand?post=4401"},{"taxonomy":"product_cat","embeddable":true,"href":"https:\/\/www.stvvalves.com\/ro\/wp-json\/wp\/v2\/product_cat?post=4401"},{"taxonomy":"product_tag","embeddable":true,"href":"https:\/\/www.stvvalves.com\/ro\/wp-json\/wp\/v2\/product_tag?post=4401"}],"curies":[{"name":"wp","href":"https:\/\/api.w.org\/{rel}","templated":true}]}}