{"id":4405,"date":"2019-02-28T05:18:57","date_gmt":"2019-02-28T05:18:57","guid":{"rendered":"https:\/\/www.stvvalves.com\/?post_type=product&#038;p=4405"},"modified":"2025-02-17T18:20:47","modified_gmt":"2025-02-17T10:20:47","slug":"api-602-swing-check-valve-pressure-seal-bonnet-1-inch-2500lb-sw-end","status":"publish","type":"product","link":"https:\/\/www.stvvalves.com\/ro\/products\/api-602-swing-check-valve-pressure-seal-bonnet-1-inch-2500lb-sw-end\/","title":{"rendered":"Supap\u0103 de re\u021binere pivotant\u0103 API 602, capot\u0103 de etan\u0219are sub presiune, 1 inch, 2500 LB, cap\u0103t SW"},"content":{"rendered":"<p>Caracteristici de design:<\/p>\n<ul class=\"list-paddingleft-2\">\n<li>O\u021bel forjat, piston, bil\u0103 sau tip balansoar<\/li>\n<li>Scaun de corp integral pentru supape de re\u021binere cu piston \u0219i bil\u0103<\/li>\n<li>Design cu inel de scaun separat pentru supapele de re\u021binere basculante<\/li>\n<li>Garnitur\u0103 \u00eenf\u0103\u015furat\u0103 \u00een spiral\u0103 sau garnitur\u0103 de \u00eembinare cu inel oval<\/li>\n<li>Orificiu redus sau orificiu complet,<\/li>\n<li>T-Pattern sau Y-Pattern,<\/li>\n<li>Soclu sudat, filetat, sudat cap la cap, cap\u0103t cu flan\u0219\u0103.<\/li>\n<\/ul>\n<p>Specifica\u021bie:<\/p>\n<ul class=\"list-paddingleft-2\">\n<li>\u00a0API 602, ASME B16.34, BS 5352<\/li>\n<li>Testare conform API 598<\/li>\n<li>Marcare la MSS SP25<\/li>\n<li>Capetele sudate cu muf\u0103 conform ASME B16.11<\/li>\n<li>Capetele \u00een\u0219urubate conform ASME B1.20.1<\/li>\n<li>Capetele sudate cap la cap la ASME B16.25<\/li>\n<li>Capetele cu flan\u0219e conform ASME B16.5<\/li>\n<\/ul>\n<p>&nbsp;<\/p>\n<table>\n<tbody>\n<tr>\n<td width=\"200\"><strong>numele produsului<\/strong><\/td>\n<td width=\"481\">Supap\u0103 de re\u021binere pivotant\u0103 API 602, capot\u0103 de etan\u0219are sub presiune, 1 inch, 2500 LB, cap\u0103t SW<\/td>\n<\/tr>\n<tr>\n<td width=\"200\">1. Material<\/td>\n<td width=\"481\">A105N<\/td>\n<\/tr>\n<tr>\n<td width=\"200\">2. Dimensiunea<\/td>\n<td width=\"481\">1\u201d<\/td>\n<\/tr>\n<tr>\n<td width=\"200\">4. Port<\/td>\n<td width=\"481\">Port reductor<\/td>\n<\/tr>\n<tr>\n<td width=\"200\">5. Presiunea de lucru<\/td>\n<td width=\"481\">2500 lb<\/td>\n<\/tr>\n<tr>\n<td width=\"200\">6. Conexiunea se termin\u0103<\/td>\n<td width=\"481\">SW<\/td>\n<\/tr>\n<tr>\n<td width=\"200\">7. Temp. de lucru.<\/td>\n<td width=\"481\">-29~425\u00baC,<\/td>\n<\/tr>\n<tr>\n<td width=\"200\">8. Mediu potrivit<\/td>\n<td width=\"481\">Ap\u0103, gaze naturale, ulei \u0219i ceva lichid coroziv<\/td>\n<\/tr>\n<tr>\n<td width=\"200\">9. Operat<\/td>\n<td width=\"481\">\/<\/td>\n<\/tr>\n<tr>\n<td width=\"200\">10. Inspec\u021bie \u0219i testare<\/td>\n<td width=\"481\">Conform API598<\/td>\n<\/tr>\n<tr>\n<td width=\"200\"><strong>Expediere<\/strong><\/td>\n<td width=\"481\"><\/td>\n<\/tr>\n<tr>\n<td width=\"200\">Timpul de livrare<\/td>\n<td width=\"481\">30 de zile<\/td>\n<\/tr>\n<tr>\n<td width=\"200\">Pachet<\/td>\n<td width=\"481\">Carcas\u0103 standard de export de placaj<\/td>\n<\/tr>\n<tr>\n<td width=\"200\">Portul de expediere<\/td>\n<td width=\"481\">Ningbo\/Shanghai, China<\/td>\n<\/tr>\n<tr>\n<td width=\"200\">Termeni de livrare<\/td>\n<td width=\"481\">Exw, FOB, CFR, CIF etc.<\/td>\n<\/tr>\n<tr>\n<td width=\"200\">Termeni de plat\u0103<\/td>\n<td width=\"481\">T\/T, Western Union, PayPal etc.<\/td>\n<\/tr>\n<tr>\n<td width=\"200\"><\/td>\n<td width=\"481\">Plat\u0103 anticipat\u0103 30%, sold 70% pl\u0103tit \u00eenainte de expediere<\/td>\n<\/tr>\n<tr>\n<td width=\"200\">\u021aara de origine<\/td>\n<td width=\"481\">Ora\u0219ul Wenzhou, China<\/td>\n<\/tr>\n<tr>\n<td width=\"200\">Capacitatea de produc\u021bie<\/td>\n<td width=\"481\">6000 tone\/an<\/td>\n<\/tr>\n<tr>\n<td width=\"200\">MOQ<\/td>\n<td width=\"481\">1 buc\/dimensiune<\/td>\n<\/tr>\n<\/tbody>\n<\/table>","protected":false},"excerpt":{"rendered":"<p>Model: H64Y-2500LB-DN25<\/p>\n<p>Supapa noastr\u0103 de re\u021binere API 602 se refer\u0103 la o supap\u0103 care deschide \u0219i \u00eenchide automat clapeta supapei prin intermediul fluxului de mediu \u00een sine \u0219i este utilizat\u0103 pentru a preveni curgerea invers\u0103 a mediului, cunoscut\u0103 \u0219i ca supap\u0103 de re\u021binere, o supap\u0103 de re\u021binere. , o supap\u0103 de curgere invers\u0103 \u0219i o supap\u0103 de contrapresiune. Supapa de re\u021binere este o supap\u0103 automat\u0103 a c\u0103rei func\u021bie principal\u0103 este de a preveni refluxul mediului, de a \u00eempiedica inversarea pompei \u0219i a motorului de antrenare \u0219i de a desc\u0103rca mediul containerului. Supapa de re\u021binere poate fi, de asemenea, utilizat\u0103 pentru alimentarea unei conducte \u00een care presiunea poate cre\u0219te c\u0103tre un sistem auxiliar care dep\u0103\u0219e\u0219te presiunea sistemului. Supapa de re\u021binere poate fi \u00eemp\u0103r\u021bit\u0103 \u00een principal \u00eentr-o supap\u0103 de re\u021binere de tip balansoar (rota\u021bie \u00een func\u021bie de centrul de greutate) \u0219i o supap\u0103 de re\u021binere de ridicare (care se mi\u0219c\u0103 de-a lungul axei).<\/p>\n<p>Func\u021bia acestui tip de supap\u0103 este de a permite fluidului s\u0103 curg\u0103 doar \u00eentr-o singur\u0103 direc\u021bie \u0219i de a \u00eempiedica curgerea direc\u021biei. De obicei, supapa este ac\u021bionat\u0103 automat, iar clapeta supapei este deschis\u0103 de presiunea fluidului care curge \u00eentr-o direc\u021bie; c\u00e2nd fluidul curge \u00een direc\u021bia opus\u0103, presiunea fluidului \u0219i clapeta supapei cu auto-\u00eenchidere a discului supapei ac\u021bioneaz\u0103 asupra scaunului supapei pentru a \u00eentrerupe fluxul. Printre acestea, supapa de re\u021binere cu filet intern \u0219i supapa de re\u021binere fluture apar\u021bin acestui tip de supap\u0103 \u0219i includ o supap\u0103 de re\u021binere de tip balansoar \u0219i o supap\u0103 de re\u021binere de ridicare. Supapa de re\u021binere batant\u0103 are un mecanism de balama \u0219i o clap\u0103 asem\u0103n\u0103toare unei u\u0219i care se sprijin\u0103 liber pe suprafa\u021ba \u00eenclinat\u0103 a scaunului. Pentru a se asigura c\u0103 clapeta supapei poate ajunge \u00een pozi\u021bia corect\u0103 a suprafe\u021bei scaunului supapei de fiecare dat\u0103, clapeta supapei este proiectat\u0103 \u00een mecanismul balamalei, astfel \u00eenc\u00e2t clapeta supapei s\u0103 aib\u0103 suficient spa\u021biu de balansare \u0219i clapeta supapei s\u0103 fie \u00een contact cu adev\u0103rat \u0219i complet. cu scaunul supapei. Clapele pot fi toate din metal sau pot fi \u00eencrustate cu acoperiri din piele, cauciuc sau sintetice, \u00een func\u021bie de cerin\u021bele de performan\u021b\u0103. Cu supapa de re\u021binere deschis\u0103 complet deschis\u0103, presiunea fluidului este aproape nestingherit\u0103, astfel c\u0103 sc\u0103derea de presiune pe supap\u0103 este relativ mic\u0103. Clapeta supapei de re\u021binere a ridic\u0103rii este situat\u0103 pe suprafa\u021ba de etan\u0219are a scaunului supapei a corpului supapei. Pe l\u00e2ng\u0103 faptul c\u0103 clapeta este liber\u0103 s\u0103 se ridice \u0219i s\u0103 coboare, supapa este ca o supap\u0103 de \u00eenchidere. Presiunea fluidului face ca clapeta s\u0103 se ridice de pe suprafa\u021ba de etan\u0219are a scaunului. Refluxul mediu face ca clapeta s\u0103 cad\u0103 \u00eenapoi pe scaun \u0219i s\u0103 opreasc\u0103 fluxul. \u00cen func\u021bie de condi\u021biile de utilizare, clapeta poate fi din construc\u021bie integral\u0103 din metal sau poate fi sub form\u0103 de cauciuc sau inel de cauciuc pe suportul discului supapei. La fel ca supapa de \u00eenchidere, trecerea fluidului prin supapa de re\u021binere a liftului este, de asemenea, \u00eengust\u0103, astfel c\u0103 sc\u0103derea de presiune prin supapa de re\u021binere a liftului este mai mare dec\u00e2t cea a supapei de re\u021binere oscilante, iar debitul supapei de re\u021binere a liftului este limitat. . Foarte pu\u021bine. Aceast\u0103 supap\u0103 este utilizat\u0103 pe conductele industriale ca mijloc de prevenire a returului mediului.<\/p>\n<p>Pentru a afla mai multe despre aceste supape Bine a\u021bi venit s\u0103 contacta\u021bi sales@stvvalve.com<br \/>\nFi\u0219\u0103 de date:<a href=\"https:\/\/www.stvvalves.com\/wp-content\/uploads\/2019\/02\/API-602-Swing-Check-Valve-Pressure-Seal-Bonnet-1-Inch-2500LB-drawing.pdf\">Supap\u0103 de re\u021binere pivotant\u0103 API 602, capot\u0103 de etan\u0219are sub presiune, 1 inch, 2500 LB, cap\u0103t SW<\/a><\/p>","protected":false},"featured_media":4406,"template":"","meta":[],"product_brand":[],"product_cat":[46,66],"product_tag":[448,559,561,560,562],"class_list":{"0":"post-4405","1":"product","2":"type-product","3":"status-publish","4":"has-post-thumbnail","6":"product_cat-check-valves","7":"product_cat-swing-check-valve","8":"product_tag-api-602-forged-valves","9":"product_tag-forged-steel-api-602-swing-check-valve","10":"product_tag-forged-steel-check-valve-manufacturer","11":"product_tag-forged-steel-check-valves","12":"product_tag-forged-swing-check-valves","14":"first","15":"instock","16":"shipping-taxable","17":"product-type-simple"},"_links":{"self":[{"href":"https:\/\/www.stvvalves.com\/ro\/wp-json\/wp\/v2\/product\/4405","targetHints":{"allow":["GET"]}}],"collection":[{"href":"https:\/\/www.stvvalves.com\/ro\/wp-json\/wp\/v2\/product"}],"about":[{"href":"https:\/\/www.stvvalves.com\/ro\/wp-json\/wp\/v2\/types\/product"}],"wp:featuredmedia":[{"embeddable":true,"href":"https:\/\/www.stvvalves.com\/ro\/wp-json\/wp\/v2\/media\/4406"}],"wp:attachment":[{"href":"https:\/\/www.stvvalves.com\/ro\/wp-json\/wp\/v2\/media?parent=4405"}],"wp:term":[{"taxonomy":"product_brand","embeddable":true,"href":"https:\/\/www.stvvalves.com\/ro\/wp-json\/wp\/v2\/product_brand?post=4405"},{"taxonomy":"product_cat","embeddable":true,"href":"https:\/\/www.stvvalves.com\/ro\/wp-json\/wp\/v2\/product_cat?post=4405"},{"taxonomy":"product_tag","embeddable":true,"href":"https:\/\/www.stvvalves.com\/ro\/wp-json\/wp\/v2\/product_tag?post=4405"}],"curies":[{"name":"wp","href":"https:\/\/api.w.org\/{rel}","templated":true}]}}