{"id":4413,"date":"2019-02-28T13:51:13","date_gmt":"2019-02-28T13:51:13","guid":{"rendered":"https:\/\/www.stvvalves.com\/?post_type=product&#038;p=4413"},"modified":"2025-02-17T18:20:44","modified_gmt":"2025-02-17T10:20:44","slug":"jis-10k-flange-y-strainer-dn80-cf8m-body-and-trim","status":"publish","type":"product","link":"https:\/\/www.stvvalves.com\/ro\/products\/jis-10k-flange-y-strainer-dn80-cf8m-body-and-trim\/","title":{"rendered":"Filtru JIS 10K cu flan\u0219\u0103 Y, DN80, CF8M Corp \u0219i garnitur\u0103"},"content":{"rendered":"<p>1. Dimensiune: 1\/2\u2033~32\u2033 (DN15~DN800)<\/p>\n<p>2. Presiune de lucru: 150Lb~600Lb PN10-PN40<\/p>\n<p>3. Temperatura de lucru: -20\u00b0C~300\u00b0C<\/p>\n<p>4. Mediu potrivit: ap\u0103<\/p>\n<p>5. Material de turnare: WCB, WCC, C6, C12, LCB, LCC, CF8, CF3, CF8M, CF3M<\/p>\n<p>6. Conexiune final\u0103: flan\u0219\u0103, sudare cap la cap<\/p>\n<p><strong>Specifica\u021bie tehnic\u0103:<\/strong><\/p>\n<p>A. Standard de proiectare \u0219i fabrica\u021bie: ASME B16.34<\/p>\n<p>B. Fa\u021b\u0103 \u00een fa\u021b\u0103: Standard de produc\u0103tor sau conform cerin\u021belor clientului.<\/p>\n<p>C. Standard de flan\u0219\u0103: JIS B2220<\/p>\n<p>D: Standard Test&amp;Inspect: API 598<\/p>\n<p><img loading=\"lazy\" decoding=\"async\" class=\"alignnone size-full wp-image-4415\" src=\"https:\/\/www.stvvalves.com\/wp-content\/uploads\/2019\/02\/jis-10k-flange-y-strainer-dn80-cf8m-body-and-trim-drawing.jpg\" alt=\"\" width=\"2338\" height=\"1653\" srcset=\"https:\/\/www.stvvalves.com\/wp-content\/uploads\/2019\/02\/jis-10k-flange-y-strainer-dn80-cf8m-body-and-trim-drawing.jpg 2338w, https:\/\/www.stvvalves.com\/wp-content\/uploads\/2019\/02\/jis-10k-flange-y-strainer-dn80-cf8m-body-and-trim-drawing-600x424.jpg 600w, https:\/\/www.stvvalves.com\/wp-content\/uploads\/2019\/02\/jis-10k-flange-y-strainer-dn80-cf8m-body-and-trim-drawing-300x212.jpg 300w, https:\/\/www.stvvalves.com\/wp-content\/uploads\/2019\/02\/jis-10k-flange-y-strainer-dn80-cf8m-body-and-trim-drawing-768x543.jpg 768w, https:\/\/www.stvvalves.com\/wp-content\/uploads\/2019\/02\/jis-10k-flange-y-strainer-dn80-cf8m-body-and-trim-drawing-1030x728.jpg 1030w, https:\/\/www.stvvalves.com\/wp-content\/uploads\/2019\/02\/jis-10k-flange-y-strainer-dn80-cf8m-body-and-trim-drawing-1500x1061.jpg 1500w, https:\/\/www.stvvalves.com\/wp-content\/uploads\/2019\/02\/jis-10k-flange-y-strainer-dn80-cf8m-body-and-trim-drawing-260x185.jpg 260w, https:\/\/www.stvvalves.com\/wp-content\/uploads\/2019\/02\/jis-10k-flange-y-strainer-dn80-cf8m-body-and-trim-drawing-705x498.jpg 705w\" sizes=\"auto, (max-width: 2338px) 100vw, 2338px\" \/><\/p>","protected":false},"excerpt":{"rendered":"<p>Model: GL41H-JIS10K-CF8M<\/p>\n<p>Filtrul nostru JIS 10K cu flan\u0219\u0103 Y este un dispozitiv de filtrare indispensabil pentru transportul mediului. Filtrul tip Y este de obicei instalat la cap\u0103tul de intrare al supapei de reducere a presiunii, supapei de limitare a presiunii, supapei fixe de nivel a apei sau alte echipamente pentru a \u00eendep\u0103rta impurit\u0103\u021bile din mediu. Pentru a proteja utilizarea normal\u0103 a supapelor \u0219i echipamentelor. Sita Y de tip Y are caracteristicile unei structuri avansate, rezisten\u021b\u0103 sc\u0103zut\u0103 \u0219i evacuare convenabil\u0103 a apelor uzate. Filtrul de tip Y este potrivit pentru ap\u0103, ulei \u0219i gaz.<\/p>\n<p>STV Valve Technology Group Co., Ltd este un lider profesionist China JIS 10K Flan\u0219\u0103 Y Filtru, Flan\u0219\u0103 Y Tip Filter, JIS 10K Stainless Steel Flanged End Y Filter, produc\u0103tor de supape cu sit\u0103 din o\u021bel inoxidabil cu \u00eenalt\u0103 calitate \u0219i pre\u021b competitiv.<\/p>\n<p>V\u0103 rug\u0103m s\u0103 contacta\u021bi sales@stvvalve.com pentru alte materiale \u0219i mai multe detalii.<\/p>\n<p>Fi\u0219\u0103 de date:<a href=\"https:\/\/www.stvvalves.com\/wp-content\/uploads\/2019\/02\/jis-10k-flange-y-strainer-dn80-cf8m-body-and-trim-drawing.pdf\">Filtru JIS 10K cu flan\u0219\u0103 Y, DN80, CF8M Corp \u0219i garnitur\u0103<\/a><\/p>","protected":false},"featured_media":4414,"template":"","meta":[],"product_brand":[],"product_cat":[85,48],"product_tag":[567,566,568,569,457],"class_list":{"0":"post-4413","1":"product","2":"type-product","3":"status-publish","4":"has-post-thumbnail","6":"product_cat-stainless-steel-y-type-strainer","7":"product_cat-y-strainer","8":"product_tag-jis-10k-flange-y-strainer","9":"product_tag-jis-10k-stainless-steel-flanged-end-y-strainer","10":"product_tag-jis10k-y-strainers","11":"product_tag-stainless-steel-strainer-valve","12":"product_tag-y-type-flange-end-strainers","14":"first","15":"instock","16":"shipping-taxable","17":"product-type-simple"},"_links":{"self":[{"href":"https:\/\/www.stvvalves.com\/ro\/wp-json\/wp\/v2\/product\/4413","targetHints":{"allow":["GET"]}}],"collection":[{"href":"https:\/\/www.stvvalves.com\/ro\/wp-json\/wp\/v2\/product"}],"about":[{"href":"https:\/\/www.stvvalves.com\/ro\/wp-json\/wp\/v2\/types\/product"}],"wp:featuredmedia":[{"embeddable":true,"href":"https:\/\/www.stvvalves.com\/ro\/wp-json\/wp\/v2\/media\/4414"}],"wp:attachment":[{"href":"https:\/\/www.stvvalves.com\/ro\/wp-json\/wp\/v2\/media?parent=4413"}],"wp:term":[{"taxonomy":"product_brand","embeddable":true,"href":"https:\/\/www.stvvalves.com\/ro\/wp-json\/wp\/v2\/product_brand?post=4413"},{"taxonomy":"product_cat","embeddable":true,"href":"https:\/\/www.stvvalves.com\/ro\/wp-json\/wp\/v2\/product_cat?post=4413"},{"taxonomy":"product_tag","embeddable":true,"href":"https:\/\/www.stvvalves.com\/ro\/wp-json\/wp\/v2\/product_tag?post=4413"}],"curies":[{"name":"wp","href":"https:\/\/api.w.org\/{rel}","templated":true}]}}