{"id":4419,"date":"2019-03-02T15:01:22","date_gmt":"2019-03-02T15:01:22","guid":{"rendered":"https:\/\/www.stvvalves.com\/?post_type=product&#038;p=4419"},"modified":"2025-02-17T18:21:09","modified_gmt":"2025-02-17T10:21:09","slug":"2pc-forged-steel-floating-ball-valve-astm-a105-npt-800lb-peek-seat","status":"publish","type":"product","link":"https:\/\/www.stvvalves.com\/ro\/products\/2pc-forged-steel-floating-ball-valve-astm-a105-npt-800lb-peek-seat\/","title":{"rendered":"2 supape cu bil\u0103 plutitoare din o\u021bel forjat, ASTM A105, NPT, 800 LB, scaun peek"},"content":{"rendered":"<p>Supap\u0103 cu bil\u0103 cu filet de o\u021bel forjat - 800lbs p\u00e2n\u0103 la 2500lbs<br \/>\nAlezajul complet sau alezajul redus<br \/>\nEtan\u0219area scaunului \u00een siguran\u021b\u0103 la foc<br \/>\nTij\u0103 rezistent\u0103 la explozie<br \/>\nDispozitiv antistatic, emisii reduse<br \/>\nCorp: A105, A182 F304, A182 F316 \u0219i multe altele<br \/>\nMinge: A105+ENP, 13CR, A182 F304, F304L, F316, F316L \u0219i multe altele<br \/>\nScaun: PTFE, RPTFE, peek, metal pe metal<br \/>\nAc\u021bionat prin p\u00e2rghie<br \/>\nProiecta\u021bi \u0219i fabrica\u021bi ca baz\u0103 pe BS5351<br \/>\nDimensiune: 1\/2\u2033 p\u00e2n\u0103 la 2\u2033<br \/>\nCapetele sudate prin muf\u0103 se bazeaz\u0103 pe ASME B16.11<br \/>\nCapete \u00een\u0219urubate (NPT) baz\u0103 conform ANSI B1.20.1<br \/>\nBaza de testare \u0219i inspec\u021bie pe API 598<br \/>\nNACE MR-01-75<\/p>\n<p>&nbsp;<\/p>\n<table>\n<tbody>\n<tr>\n<td width=\"200\"><strong>numele produsului<\/strong><\/td>\n<td width=\"481\">2 supape cu bil\u0103 plutitoare din o\u021bel forjat, ASTM A105, NPT, 800 LB, scaun peek<\/td>\n<\/tr>\n<tr>\n<td width=\"200\">1. Material<\/td>\n<td width=\"481\">A105N<\/td>\n<\/tr>\n<tr>\n<td width=\"200\">2. Dimensiunea<\/td>\n<td width=\"481\">1\u201d<\/td>\n<\/tr>\n<tr>\n<td width=\"200\">4. Port<\/td>\n<td width=\"481\">Port complet<\/td>\n<\/tr>\n<tr>\n<td width=\"200\">5. Presiunea de lucru<\/td>\n<td width=\"481\">800 lb<\/td>\n<\/tr>\n<tr>\n<td width=\"200\">6. Conexiunea se termin\u0103<\/td>\n<td width=\"481\">NPT<\/td>\n<\/tr>\n<tr>\n<td width=\"200\">7. Temp. de lucru.<\/td>\n<td width=\"481\">-29~180\u00baC,<\/td>\n<\/tr>\n<tr>\n<td width=\"200\">8. Mediu potrivit<\/td>\n<td width=\"481\">Ap\u0103, gaze naturale, ulei \u0219i ceva lichid coroziv<\/td>\n<\/tr>\n<tr>\n<td width=\"200\">9. Operat<\/td>\n<td width=\"481\">Roat\u0103 de m\u00e2n\u0103<\/td>\n<\/tr>\n<tr>\n<td width=\"200\">10. Inspec\u021bie \u0219i testare<\/td>\n<td width=\"481\">Conform API598<\/td>\n<\/tr>\n<tr>\n<td width=\"200\"><strong>Expediere<\/strong><\/td>\n<td width=\"481\"><\/td>\n<\/tr>\n<tr>\n<td width=\"200\">Timpul de livrare<\/td>\n<td width=\"481\">30 de zile<\/td>\n<\/tr>\n<tr>\n<td width=\"200\">Pachet<\/td>\n<td width=\"481\">Carcas\u0103 standard de export de placaj<\/td>\n<\/tr>\n<tr>\n<td width=\"200\">Portul de expediere<\/td>\n<td width=\"481\">Ningbo\/Shanghai, China<\/td>\n<\/tr>\n<tr>\n<td width=\"200\">Termeni de livrare<\/td>\n<td width=\"481\">Exw, FOB, CFR, CIF etc.<\/td>\n<\/tr>\n<tr>\n<td width=\"200\">Termeni de plat\u0103<\/td>\n<td width=\"481\">T\/T, Western Union, PayPal etc.<\/td>\n<\/tr>\n<tr>\n<td width=\"200\"><\/td>\n<td width=\"481\">Plat\u0103 anticipat\u0103 30%, sold 70% pl\u0103tit \u00eenainte de expediere<\/td>\n<\/tr>\n<tr>\n<td width=\"200\">\u021aara de origine<\/td>\n<td width=\"481\">Ora\u0219ul Wenzhou, China<\/td>\n<\/tr>\n<tr>\n<td width=\"200\">Capacitatea de produc\u021bie<\/td>\n<td width=\"481\">6000 tone\/an<\/td>\n<\/tr>\n<tr>\n<td width=\"200\">MOQ<\/td>\n<td width=\"481\">1 buc\/dimensiune<\/td>\n<\/tr>\n<\/tbody>\n<\/table>","protected":false},"excerpt":{"rendered":"<p>Model: Q11F-800LB-DN40-A105<\/p>\n<p>Supapa cu bil\u0103 plutitoare din o\u021bel forjat 2PC este utilizat\u0103 pe scar\u0103 larg\u0103 \u00een industrii importante, cum ar fi petrolul, chimia, energia electric\u0103, conservarea apei, o\u021belul etc. Este, de asemenea, folosit\u0103 \u00een toate aspectele vie\u021bii. Supapa cu bil\u0103 din o\u021bel forjat de conectare din dou\u0103 piese este o supap\u0103 indispensabil\u0103 \u00een produc\u021bia \u0219i via\u021ba oamenilor. Supapa cu bil\u0103, cu o utilizare \u00een cre\u0219tere, a jucat un rol esen\u021bial \u00een economia na\u021bional\u0103.<\/p>\n<p>Supapa cu bil\u0103 plutitoare din o\u021bel forjat 2PC este o supap\u0103 care folose\u0219te o bil\u0103 cu un pasaj circular ca element de pornire \u0219i de \u00eenchidere, iar bila se rote\u0219te cu tija supapei pentru a realiza ac\u021biunea de deschidere \u0219i \u00eenchidere. Pentru proiectarea structural\u0103 a corpului supapei cu bil\u0103 din o\u021bel forjat, trebuie luat \u00een considerare mai \u00eent\u00e2i procesul de forjare. Adic\u0103, aloca\u021bia de prelucrare este mic\u0103, marja este mic\u0103, forma \u0219i dimensiunea sunt apropiate de piesele finite, iar rata de utilizare a materialului este mare. Echipamentele mari \u0219i speciale de forjare sunt costisitoare de utilizat, a\u0219a c\u0103, av\u00e2nd \u00een vedere economia supapelor cu bil\u0103 din o\u021bel forjat, supapele cu bil\u0103 din o\u021bel forjat sunt \u00een general selectate pentru prelucrare pe echipamente obi\u0219nuite de forjare.<\/p>\n<p>STV Valve Technology Group Co., Ltd este un lider profesionist din China, supap\u0103 cu bil\u0103 plutitoare din o\u021bel forjat 2PC, supap\u0103 cu bil\u0103 din o\u021bel forjat de 800 lb, supap\u0103 cu bil\u0103 din o\u021bel forjat din 2 piese din China, robinet cu bil\u0103 din o\u021bel forjat de \u00eenalt\u0103 presiune, robinet cu bil\u0103 cu filet din o\u021bel forjat, bil\u0103 forjat\u0103 din China Produc\u0103tor de supape cu \u00eenalt\u0103 calitate \u0219i pre\u021b competitiv.<\/p>\n<p>V\u0103 rug\u0103m s\u0103 contacta\u021bi sales@stvvalve.com pentru alte materiale \u0219i detalii.<\/p>\n<p>Fi\u0219\u0103 de date:<a href=\"https:\/\/www.stvvalves.com\/wp-content\/uploads\/2019\/03\/2PC-Forged-Steel-Floating-Ball-Valve-ASTM-A105-NPT-800LB-Peek-Seat-drawing.pdf\">2 supape cu bil\u0103 plutitoare din o\u021bel forjat, ASTM A105, NPT, 800 LB, scaun peek<\/a><\/p>","protected":false},"featured_media":4420,"template":"","meta":[],"product_brand":[],"product_cat":[43,78,55],"product_tag":[570,572,571,574,573,208],"class_list":{"0":"post-4419","1":"product","2":"type-product","3":"status-publish","4":"has-post-thumbnail","6":"product_cat-ball-valve","7":"product_cat-floating-ball-valve","8":"product_cat-forged-steel-ball-valve","9":"product_tag-800lb-forged-steel-ball-valve","10":"product_tag-china-2-piece-forged-steel-ball-valve","11":"product_tag-china-forged-ball-valve-manufacturer","12":"product_tag-forged-steel-high-pressure-ball-valve","13":"product_tag-forged-steel-thread-ball-valve","14":"product_tag-high-pressure-ball-valve","16":"first","17":"instock","18":"shipping-taxable","19":"product-type-simple"},"_links":{"self":[{"href":"https:\/\/www.stvvalves.com\/ro\/wp-json\/wp\/v2\/product\/4419","targetHints":{"allow":["GET"]}}],"collection":[{"href":"https:\/\/www.stvvalves.com\/ro\/wp-json\/wp\/v2\/product"}],"about":[{"href":"https:\/\/www.stvvalves.com\/ro\/wp-json\/wp\/v2\/types\/product"}],"wp:featuredmedia":[{"embeddable":true,"href":"https:\/\/www.stvvalves.com\/ro\/wp-json\/wp\/v2\/media\/4420"}],"wp:attachment":[{"href":"https:\/\/www.stvvalves.com\/ro\/wp-json\/wp\/v2\/media?parent=4419"}],"wp:term":[{"taxonomy":"product_brand","embeddable":true,"href":"https:\/\/www.stvvalves.com\/ro\/wp-json\/wp\/v2\/product_brand?post=4419"},{"taxonomy":"product_cat","embeddable":true,"href":"https:\/\/www.stvvalves.com\/ro\/wp-json\/wp\/v2\/product_cat?post=4419"},{"taxonomy":"product_tag","embeddable":true,"href":"https:\/\/www.stvvalves.com\/ro\/wp-json\/wp\/v2\/product_tag?post=4419"}],"curies":[{"name":"wp","href":"https:\/\/api.w.org\/{rel}","templated":true}]}}