{"id":4437,"date":"2019-03-08T07:51:18","date_gmt":"2019-03-08T07:51:18","guid":{"rendered":"https:\/\/www.stvvalves.com\/?post_type=product&#038;p=4437"},"modified":"2025-02-17T18:20:11","modified_gmt":"2025-02-17T10:20:11","slug":"weld-bonnet-globe-valvea105napi6021500lb2-inch","status":"publish","type":"product","link":"https:\/\/www.stvvalves.com\/ro\/products\/weld-bonnet-globe-valvea105napi6021500lb2-inch\/","title":{"rendered":"Supap\u0103 cu glob cu capot\u0103 sudat\u0103, A105N, API602, 1500LB, 2 inci"},"content":{"rendered":"<p>Standarde aplicabile pentru supape cu glob:<\/p>\n<p>Proiectare \u0219i fabricare conform: BS 1868<\/p>\n<p>Fa\u021b\u0103 \u00een fa\u021b\u0103 conform: ASME B16.10<\/p>\n<p>Dimensiuni flanse conform : ASME B16.5<\/p>\n<p>Presiune \u0219i temperatur\u0103 conform: ASME B16.34<\/p>\n<p>Testare \u0219i inspec\u021bie conform: API 6D \/ API 598<\/p>\n<p>Inspec\u021bie vizual\u0103 conform : MSS SP-55<\/p>\n<p>Marcare conform : MSS SP-25<\/p>\n<p>Caracteristici cheie:<br \/>\nOperator de roat\u0103 de m\u00e2n\u0103<br \/>\nCapot\u0103 de etan\u0219are, Capot\u0103 de sudur\u0103, Capot\u0103 de \u0219uruburi.<br \/>\n\u00cen\u0219urubat BSP, NPT sau Socket Weld. Butt-Weld<br \/>\nDimensiuni de la 1\/2\u2033 la 2\u2033<br \/>\nMaterial: A105\u3001LF2\u3001F5\u3001F11\u3001F22\u3001304\u3001316\u3001316L etc.<br \/>\nInterval de temperatur\u0103: -29\u00b0C p\u00e2n\u0103 la 560\u00b0C<br \/>\nPresiune p\u00e2n\u0103 la 420 bar (150LB-2500LB)<\/p>\n<table>\n<tbody>\n<tr>\n<td width=\"200\"><strong>numele produsului<\/strong><\/td>\n<td width=\"481\">Supap\u0103 cu glob cu capot\u0103 sudat\u0103, A105N, API602, 1500LB, 2 inci<\/td>\n<\/tr>\n<tr>\n<td width=\"200\">1. Material<\/td>\n<td width=\"481\">A105N<\/td>\n<\/tr>\n<tr>\n<td width=\"200\">2. Dimensiunea<\/td>\n<td width=\"481\">2\u201d<\/td>\n<\/tr>\n<tr>\n<td width=\"200\">4. Port<\/td>\n<td width=\"481\">Port complet<\/td>\n<\/tr>\n<tr>\n<td width=\"200\">5. Presiunea de lucru<\/td>\n<td width=\"481\">1500 lb<\/td>\n<\/tr>\n<tr>\n<td width=\"200\">6. Conexiunea se termin\u0103<\/td>\n<td width=\"481\">BW<\/td>\n<\/tr>\n<tr>\n<td width=\"200\">7. Temp. de lucru.<\/td>\n<td width=\"481\">-29~425\u00baC,<\/td>\n<\/tr>\n<tr>\n<td width=\"200\">8. Mediu potrivit<\/td>\n<td width=\"481\">Ap\u0103, gaze naturale, ulei \u0219i ceva lichid coroziv<\/td>\n<\/tr>\n<tr>\n<td width=\"200\">9. Operat<\/td>\n<td width=\"481\">Roat\u0103 de m\u00e2n\u0103<\/td>\n<\/tr>\n<tr>\n<td width=\"200\">10. Inspec\u021bie \u0219i testare<\/td>\n<td width=\"481\">Conform API598<\/td>\n<\/tr>\n<tr>\n<td width=\"200\"><strong>Expediere<\/strong><\/td>\n<td width=\"481\"><\/td>\n<\/tr>\n<tr>\n<td width=\"200\">Timpul de livrare<\/td>\n<td width=\"481\">30 de zile<\/td>\n<\/tr>\n<tr>\n<td width=\"200\">Pachet<\/td>\n<td width=\"481\">Carcas\u0103 standard de export de placaj<\/td>\n<\/tr>\n<tr>\n<td width=\"200\">Portul de expediere<\/td>\n<td width=\"481\">Ningbo\/Shanghai, China<\/td>\n<\/tr>\n<tr>\n<td width=\"200\">Termeni de livrare<\/td>\n<td width=\"481\">Exw, FOB, CFR, CIF etc.<\/td>\n<\/tr>\n<tr>\n<td width=\"200\">Termeni de plat\u0103<\/td>\n<td width=\"481\">T\/T, Western Union, PayPal etc.<\/td>\n<\/tr>\n<tr>\n<td width=\"200\"><\/td>\n<td width=\"481\">Plat\u0103 anticipat\u0103 30%, sold 70% pl\u0103tit \u00eenainte de expediere<\/td>\n<\/tr>\n<tr>\n<td width=\"200\">\u021aara de origine<\/td>\n<td width=\"481\">Ora\u0219ul Wenzhou, China<\/td>\n<\/tr>\n<tr>\n<td width=\"200\">Capacitatea de produc\u021bie<\/td>\n<td width=\"481\">6000 tone\/an<\/td>\n<\/tr>\n<tr>\n<td width=\"200\">MOQ<\/td>\n<td width=\"481\">1 buc\/dimensiune<\/td>\n<\/tr>\n<\/tbody>\n<\/table>\n<p>&nbsp;<\/p>","protected":false},"excerpt":{"rendered":"<p>Model: J61Y-1500LB-A105N<\/p>\n<p>Cele mai evidente avantaje ale supapei cu glob din o\u021bel forjat sunt: \u00cen timpul procesului de deschidere \u0219i \u00eenchidere, frecarea dintre clapeta supapei \u0219i suprafa\u021ba de etan\u0219are a corpului supapei este mai mic\u0103 dec\u00e2t cea a supapei cu gur\u0103, deci este rezistent\u0103 la uzur\u0103. \u00cen\u0103l\u021bimea deschiderii este, \u00een general, de numai 1\/4 din diametrul canalului scaunului \u0219i, prin urmare, mult mai mic\u0103 dec\u00e2t supapa de deschidere. De obicei, exist\u0103 o singur\u0103 suprafa\u021b\u0103 de etan\u0219are pe corpul supapei \u0219i pe clapeta supapei, astfel \u00eenc\u00e2t procesul de fabrica\u021bie este mai bun \u0219i u\u0219or de reparat. Temperatura aplicabil\u0103: -196\u00b0C~700\u00b0C Mod de conducere: manual\u0103, transmisie cu ro\u021bi conice, pneumatic\u0103, electric\u0103, hidraulic\u0103, leg\u0103tur\u0103 gaz-lichid, materialul corpului supapei de leg\u0103tur\u0103 electro-hidraulic: WCB, ZG1Cr18Ni9Ti, ZG1Cr18Ni12Mo2Ti, CF8(304), CF3 (304L), CF8M (316), CF3M (316L), Ti. Pot fi utilizate diferite materiale pentru ap\u0103, abur, ulei, acid azotic, acid acetic, mediu oxidant, uree \u0219i alte medii.<\/p>\n<p>STV Valve Technology Group Co., Ltd este un lider profesionist China Weld Bonnet Globe Supape, Supap\u0103 Globe din o\u021bel carbon forjat, Supap\u0103 Globe API 602, Produc\u0103tor de supape Globe din o\u021bel forjat API 602 cu \u00eenalt\u0103 calitate \u0219i pre\u021b competitiv.<\/p>\n<p>V\u0103 rug\u0103m s\u0103 contacta\u021bi sales@stvvalve.com pentru alte materiale \u0219i detalii.<\/p>\n<p>Fi\u0219\u0103 de date:<br \/>\n<a href=\"https:\/\/www.stvvalves.com\/wp-content\/uploads\/2019\/03\/Weld-Bonnet-Globe-Valve-A105N-API-602-1500-LB-2-Inch-DRAWING.pdf\">Supap\u0103 cu glob cu capot\u0103 sudat\u0103, A105N, API602, 1500LB, 2 inci<\/a><\/p>","protected":false},"featured_media":4438,"template":"","meta":[],"product_brand":[],"product_cat":[64,45],"product_tag":[307,212,586,439,585],"class_list":{"0":"post-4437","1":"product","2":"type-product","3":"status-publish","4":"has-post-thumbnail","6":"product_cat-foreged-steel-globe-valve","7":"product_cat-globe-valve","8":"product_tag-api-602-forged-steel-gate-valve","9":"product_tag-api-602-globe-valve","10":"product_tag-api602-forged-steel-valve-globe-valve-w","11":"product_tag-forged-carbon-steel-globe-valve","12":"product_tag-welded-bonnet-globe-valve","14":"first","15":"instock","16":"shipping-taxable","17":"product-type-simple"},"_links":{"self":[{"href":"https:\/\/www.stvvalves.com\/ro\/wp-json\/wp\/v2\/product\/4437","targetHints":{"allow":["GET"]}}],"collection":[{"href":"https:\/\/www.stvvalves.com\/ro\/wp-json\/wp\/v2\/product"}],"about":[{"href":"https:\/\/www.stvvalves.com\/ro\/wp-json\/wp\/v2\/types\/product"}],"wp:featuredmedia":[{"embeddable":true,"href":"https:\/\/www.stvvalves.com\/ro\/wp-json\/wp\/v2\/media\/4438"}],"wp:attachment":[{"href":"https:\/\/www.stvvalves.com\/ro\/wp-json\/wp\/v2\/media?parent=4437"}],"wp:term":[{"taxonomy":"product_brand","embeddable":true,"href":"https:\/\/www.stvvalves.com\/ro\/wp-json\/wp\/v2\/product_brand?post=4437"},{"taxonomy":"product_cat","embeddable":true,"href":"https:\/\/www.stvvalves.com\/ro\/wp-json\/wp\/v2\/product_cat?post=4437"},{"taxonomy":"product_tag","embeddable":true,"href":"https:\/\/www.stvvalves.com\/ro\/wp-json\/wp\/v2\/product_tag?post=4437"}],"curies":[{"name":"wp","href":"https:\/\/api.w.org\/{rel}","templated":true}]}}