{"id":4456,"date":"2019-03-18T02:04:31","date_gmt":"2019-03-18T02:04:31","guid":{"rendered":"https:\/\/www.stvvalves.com\/?post_type=product&#038;p=4456"},"modified":"2025-02-17T18:20:08","modified_gmt":"2025-02-17T10:20:08","slug":"stainless-steel-flanged-ball-valve-dn-25-150lb-3-piece","status":"publish","type":"product","link":"https:\/\/www.stvvalves.com\/ro\/products\/stainless-steel-flanged-ball-valve-dn-25-150lb-3-piece\/","title":{"rendered":"Supap\u0103 cu bil\u0103 cu flan\u0219\u0103 din o\u021bel inoxidabil, DN 25.150LB, 3 buc\u0103\u021bi"},"content":{"rendered":"<p>Supap\u0103 cu bil\u0103 cu flan\u0219\u0103 din o\u021bel inoxidabil, DN 25.150LB, 3 buc\u0103\u021bi<\/p>\n<p>Supap\u0103 cu bil\u0103 cu flan\u0219\u0103 \u00een trei piese Corp de turnare pentru investi\u021bii, supap\u0103 cu bil\u0103 cu flan\u0219\u0103 \u00een trei piese, puternic\u0103 \u0219i durabil\u0103, rezistent\u0103 la coroziune<br \/>\nO\u0163el inoxidabil<br \/>\nAISI-316 (DIN 1.4408) (ASTM-A351-CF8M)<br \/>\nAISI-304 (DIN 1.4308) (ASTM-A351-CF8)<br \/>\nCaracteristici:<br \/>\nFlan\u0219\u0103: DIN 2635 PN40<br \/>\nFa\u021b\u0103 \u00een fa\u021b\u0103: DIN 3202 F1<br \/>\nPresiune nominal\u0103: PN40<br \/>\nTij\u0103 rezistent\u0103 la explozie<br \/>\nCorp de turnare \u0219i capac<br \/>\nTij\u0103 rezistent\u0103 la explozie<br \/>\nTipuri de conexiune: cap\u0103t de flan\u0219\u0103<br \/>\nPlac\u0103 de montare direct\u0103 ISO 5211<br \/>\nStandarde de cap\u0103t de flan\u0219\u0103: ASME b16.5 clasa 150\/300lb \u0219i DIN PN10-PN40, JIS B2220 10\/20K<br \/>\nTestare \u0219i inspec\u021bie: API 598, EN 12266<br \/>\nGama de dimensiuni: NPS 1\/2 la 4\u2033, DN15 la 100<br \/>\nMediu de lucru: ap\u0103, ulei, gaz, linie de produc\u021bie a acidului<\/p>\n<p>&nbsp;<\/p>\n<table>\n<tbody>\n<tr>\n<td width=\"200\"><strong>numele produsului<\/strong><\/td>\n<td width=\"481\">Supap\u0103 cu bil\u0103 cu flan\u0219\u0103 din o\u021bel inoxidabil, DN 25.150LB, 3 buc\u0103\u021bi<\/td>\n<\/tr>\n<tr>\n<td width=\"200\">1. Material<\/td>\n<td width=\"481\">CF8M<\/td>\n<\/tr>\n<tr>\n<td width=\"200\">2. Dimensiunea<\/td>\n<td width=\"481\">1\u201d<\/td>\n<\/tr>\n<tr>\n<td width=\"200\">4. Port<\/td>\n<td width=\"481\">Port complet<\/td>\n<\/tr>\n<tr>\n<td width=\"200\">5. Presiunea de lucru<\/td>\n<td width=\"481\">150 lb<\/td>\n<\/tr>\n<tr>\n<td width=\"200\">6. Conexiunea se termin\u0103<\/td>\n<td width=\"481\">RF<\/td>\n<\/tr>\n<tr>\n<td width=\"200\">7. Temp. de lucru.<\/td>\n<td width=\"481\">-29~120\u00baC,<\/td>\n<\/tr>\n<tr>\n<td width=\"200\">8. Mediu potrivit<\/td>\n<td width=\"481\">Ap\u0103, gaze naturale, ulei \u0219i ceva lichid coroziv<\/td>\n<\/tr>\n<tr>\n<td width=\"200\">9. Operat<\/td>\n<td width=\"481\">Roat\u0103 de m\u00e2n\u0103<\/td>\n<\/tr>\n<tr>\n<td width=\"200\">10. Inspec\u021bie \u0219i testare<\/td>\n<td width=\"481\">Conform API598<\/td>\n<\/tr>\n<tr>\n<td width=\"200\"><strong>Expediere<\/strong><\/td>\n<td width=\"481\"><\/td>\n<\/tr>\n<tr>\n<td width=\"200\">Timpul de livrare<\/td>\n<td width=\"481\">30 de zile<\/td>\n<\/tr>\n<tr>\n<td width=\"200\">Pachet<\/td>\n<td width=\"481\">Carcas\u0103 standard de export de placaj<\/td>\n<\/tr>\n<tr>\n<td width=\"200\">Portul de expediere<\/td>\n<td width=\"481\">Ningbo\/Shanghai, China<\/td>\n<\/tr>\n<tr>\n<td width=\"200\">Termeni de livrare<\/td>\n<td width=\"481\">Exw, FOB, CFR, CIF etc.<\/td>\n<\/tr>\n<tr>\n<td width=\"200\">Termeni de plat\u0103<\/td>\n<td width=\"481\">T\/T, Western Union, PayPal etc.<\/td>\n<\/tr>\n<tr>\n<td width=\"200\"><\/td>\n<td width=\"481\">Plat\u0103 anticipat\u0103 30%, sold 70% pl\u0103tit \u00eenainte de expediere<\/td>\n<\/tr>\n<tr>\n<td width=\"200\">\u021aara de origine<\/td>\n<td width=\"481\">Ora\u0219ul Wenzhou, China<\/td>\n<\/tr>\n<tr>\n<td width=\"200\">Capacitatea de produc\u021bie<\/td>\n<td width=\"481\">6000 tone\/an<\/td>\n<\/tr>\n<tr>\n<td width=\"200\">MOQ<\/td>\n<td width=\"481\">1 buc\/dimensiune<\/td>\n<\/tr>\n<\/tbody>\n<\/table>","protected":false},"excerpt":{"rendered":"<p>Model: STV-Q41F-150LB-1\u2033<\/p>\n<p>Supapa noastr\u0103 cu bil\u0103 cu flan\u0219\u0103 din o\u021bel inoxidabil \u0219i supapa cu poart\u0103 sunt acela\u0219i tip de supap\u0103. diferen\u021ba este c\u0103 elementul de \u00eenchidere este o bil\u0103, iar bila se rote\u0219te \u00een jurul liniei centrale a corpului supapei pentru a deschide \u0219i \u00eenchide o supap\u0103. Supapa cu bil\u0103 este utilizat\u0103 \u00een principal \u00een conducte pentru a t\u0103ia, distribui \u0219i schimba direc\u021bia de curgere a mediului. Supapa cu bil\u0103 din trei piese este un nou tip de supap\u0103 care a fost utilizat pe scar\u0103 larg\u0103 \u00een ultimii ani.<\/p>\n<p>avantaj<br \/>\n1. Rezisten\u021ba fluidului este mic\u0103, iar coeficientul s\u0103u de rezisten\u021b\u0103 este egal cu lungimea \u021bevii de aceea\u0219i lungime.<br \/>\n2. Structura este simpla, de dimensiuni reduse si usoara.<br \/>\nSupapa cu bil\u0103 cu flan\u0219\u0103 din trei piese poate fi \u00eemp\u0103r\u021bit\u0103 \u00eentr-un tip drept, unul cu trei c\u0103i \u0219i un tip \u00een unghi drept, \u00een func\u021bie de pozi\u021bia canalului. Ultimele dou\u0103 supape cu bil\u0103 sunt folosite pentru a distribui mediul \u0219i pentru a schimba direc\u021bia de curgere a mediului<\/p>\n<p>STV Valve Technology Group Co., Ltd este un lider profesionist din China, supap\u0103 cu bil\u0103 cu flan\u0219\u0103 din o\u021bel inoxidabil, supap\u0103 cu bil\u0103 cu flan\u0219\u0103 din o\u021bel inoxidabil 3 buc\u0103\u021bi PN40, robinet cu bil\u0103 cu flan\u0219\u0103 3 buc\u0103\u021bi, supap\u0103 cu bil\u0103 cu flan\u0219\u0103 cu flan\u0219\u0103 cu 3 buc\u0103\u021bi, 3 buc robinet cu bil\u0103 cu flan\u0219\u0103 pentru cap\u0103tul flan\u0219ei, o\u021bel inoxidabil Produc\u0103tor de supape cu bil\u0103 cu flan\u0219\u0103 PN40 de 3 buc\u0103\u021bi, de \u00eenalt\u0103 calitate \u0219i pre\u021b competitiv.<\/p>\n<p>V\u0103 rug\u0103m s\u0103 contacta\u021bi sales@stvvalve.com pentru alte materiale \u0219i detalii.<\/p>\n<p><a href=\"http:\/\/Stainless-Steel-Flanged-Ball-Valve-DN-25-150LB-3-piece-drawing\">Foaie de date: supap\u0103 cu bil\u0103 cu flan\u0219\u0103 din o\u021bel inoxidabil, DN 25.150LB, 3 buc\u0103\u021bi<\/a><\/p>","protected":false},"featured_media":4457,"template":"","meta":[],"product_brand":[],"product_cat":[43,80,78,53],"product_tag":[598,594,597,595,599,596],"class_list":{"0":"post-4456","1":"product","2":"type-product","3":"status-publish","4":"has-post-thumbnail","6":"product_cat-ball-valve","7":"product_cat-flange-ball-valve","8":"product_cat-floating-ball-valve","9":"product_cat-stainless-steel-ball-valve","10":"product_tag-3pc-flange-end-full-bore-ball-valve","11":"product_tag-3pc-flanged-ball-valve","12":"product_tag-3pc-mounting-pad-flange-ball-valve","13":"product_tag-full-port-3-piece-stainless-steel-ball-valve","14":"product_tag-stainless-steel-3-piece-pn40-flanged-ball-valve","15":"product_tag-stainless-steel-ball-valves","17":"first","18":"instock","19":"shipping-taxable","20":"product-type-simple"},"_links":{"self":[{"href":"https:\/\/www.stvvalves.com\/ro\/wp-json\/wp\/v2\/product\/4456","targetHints":{"allow":["GET"]}}],"collection":[{"href":"https:\/\/www.stvvalves.com\/ro\/wp-json\/wp\/v2\/product"}],"about":[{"href":"https:\/\/www.stvvalves.com\/ro\/wp-json\/wp\/v2\/types\/product"}],"wp:featuredmedia":[{"embeddable":true,"href":"https:\/\/www.stvvalves.com\/ro\/wp-json\/wp\/v2\/media\/4457"}],"wp:attachment":[{"href":"https:\/\/www.stvvalves.com\/ro\/wp-json\/wp\/v2\/media?parent=4456"}],"wp:term":[{"taxonomy":"product_brand","embeddable":true,"href":"https:\/\/www.stvvalves.com\/ro\/wp-json\/wp\/v2\/product_brand?post=4456"},{"taxonomy":"product_cat","embeddable":true,"href":"https:\/\/www.stvvalves.com\/ro\/wp-json\/wp\/v2\/product_cat?post=4456"},{"taxonomy":"product_tag","embeddable":true,"href":"https:\/\/www.stvvalves.com\/ro\/wp-json\/wp\/v2\/product_tag?post=4456"}],"curies":[{"name":"wp","href":"https:\/\/api.w.org\/{rel}","templated":true}]}}