{"id":4463,"date":"2019-03-18T04:32:26","date_gmt":"2019-03-18T04:32:26","guid":{"rendered":"https:\/\/www.stvvalves.com\/?post_type=product&#038;p=4463"},"modified":"2025-02-19T19:49:26","modified_gmt":"2025-02-19T11:49:26","slug":"screwed-stainless-steel-ball-valves-3pc-body-ss304-dn150","status":"publish","type":"product","link":"https:\/\/www.stvvalves.com\/ro\/products\/screwed-stainless-steel-ball-valves-3pc-body-ss304-dn150\/","title":{"rendered":"Screwed Stainless Steel Ball Valves,3PC Body,SS304,DN150"},"content":{"rendered":"<p>Supap\u0103 cu bil\u0103:<br \/>\nPresiune nominal\u0103: 1000Psi<br \/>\nTemperatura aplicabila: -20~180\u00baC<br \/>\nCaroseria \u0219i capota: CF8(304)CF8M(316)<br \/>\nMinge: CF8(304)CF8M(316)<br \/>\nSupap\u0103 cu bil\u0103 servomotor pneumatic Tij\u0103:304 sau316<br \/>\nEtan\u0219are \u0219i ambalare: PTFE<br \/>\nSize:1\/4&#8243;-6&#8243;<br \/>\nCap\u0103t filet: BSP, BSPT, DIN2999, NPT<\/p>\n<p>Aplicatii:<br \/>\nRobinetele pneumatice cu bil\u0103 de ac\u0163ionare sunt foarte utilizate \u00een<br \/>\nMa\u0219ini de umplere a berii \u0219i a b\u0103uturilor<br \/>\nImprimare \u0219i vopsire textile<br \/>\nIndustria gazelor<br \/>\nFarmacie \u0219i echipamente medicale<br \/>\nIndustria chimica<br \/>\nDezinfectare<br \/>\nEchipament de spumare<br \/>\nEliminarea apei\/apelor uzate<\/p>\n<p>actuator pneumatic:<br \/>\nConformitate total\u0103 cu specifica\u021biile: ISO5211, DIN3337.<br \/>\nCorpurile din aluminiu extrudat de \u00eenalt\u0103 rezisten\u021b\u0103 sunt \u0219lefuite cu precizie \u0219i anodizate dur, ob\u021bin\u00e2nd o suprafa\u021b\u0103 intern\u0103 a g\u0103urii care poate oferi un coeficient sc\u0103zut de frecare, performan\u021b\u0103 neted\u0103 \u0219i o durat\u0103 lung\u0103 de via\u021b\u0103.<br \/>\nToate suprafe\u021bele de ac\u021biune sunt echipate cu rulmen\u021bi de \u00eenalt\u0103 calitate, rezult\u00e2nd o frecare sc\u0103zut\u0103, o durat\u0103 de via\u021b\u0103 lini\u0219tit\u0103 \u0219i mare.<br \/>\nCele dou\u0103 \u0219uruburi independente de reglare a opritorului de deplasare extern\u0103 se pot regla u\u0219or \u0219i precis p\u00e2n\u0103 la \u00b15\u00ba \u00een ambele direc\u021bii deschise \u0219i \u00eenchise.<br \/>\nIndicatorul de pozi\u021bie multifunc\u021bional cu standard NAMUR este convenabil pentru montarea accesoriilor.<br \/>\nArcurile de sarcin\u0103 precomprimate sunt convenabile pentru opera\u021biuni de montare \u0219i dezasamblare \u00een siguran\u021b\u0103.<br \/>\nPistoanele \u0219i capacele din aluminiu turnat sub presiune au rezisten\u021b\u0103 ridicat\u0103 \u0219i greutate redus\u0103.<br \/>\nGarniturile op\u021bionale din Viton \u0219i silicon sunt disponibile pentru aplica\u021bii la temperaturi joase \u0219i \u00eenalte.<\/p>\n<p>&nbsp;<\/p>\n<table>\n<tbody>\n<tr>\n<td width=\"200\"><strong>numele produsului<\/strong><\/td>\n<td width=\"481\">Screwed Stainless Steel Ball Valves,3PC Body,SS304,DN150<\/td>\n<\/tr>\n<tr>\n<td width=\"200\">1. Material<\/td>\n<td width=\"481\">304<\/td>\n<\/tr>\n<tr>\n<td width=\"200\">2. Dimensiunea<\/td>\n<td width=\"481\">6\u201d<\/td>\n<\/tr>\n<tr>\n<td width=\"200\">4. Port<\/td>\n<td width=\"481\">Port complet<\/td>\n<\/tr>\n<tr>\n<td width=\"200\">5. Presiunea de lucru<\/td>\n<td width=\"481\">1000WOG<\/td>\n<\/tr>\n<tr>\n<td width=\"200\">6. Conexiunea se termin\u0103<\/td>\n<td width=\"481\">NPT<\/td>\n<\/tr>\n<tr>\n<td width=\"200\">7. Temp. de lucru.<\/td>\n<td width=\"481\">-29~120\u00baC,<\/td>\n<\/tr>\n<tr>\n<td width=\"200\">8. Mediu potrivit<\/td>\n<td width=\"481\">Ap\u0103, gaze naturale, ulei \u0219i ceva lichid coroziv<\/td>\n<\/tr>\n<tr>\n<td width=\"200\">9. Operat<\/td>\n<td width=\"481\">Roat\u0103 de m\u00e2n\u0103<\/td>\n<\/tr>\n<tr>\n<td width=\"200\">10. Inspec\u021bie \u0219i testare<\/td>\n<td width=\"481\">Conform API598<\/td>\n<\/tr>\n<tr>\n<td width=\"200\"><strong>Expediere<\/strong><\/td>\n<td width=\"481\"><\/td>\n<\/tr>\n<tr>\n<td width=\"200\">Timpul de livrare<\/td>\n<td width=\"481\">30 de zile<\/td>\n<\/tr>\n<tr>\n<td width=\"200\">Pachet<\/td>\n<td width=\"481\">Carcas\u0103 standard de export de placaj<\/td>\n<\/tr>\n<tr>\n<td width=\"200\">Portul de expediere<\/td>\n<td width=\"481\">Ningbo\/Shanghai, China<\/td>\n<\/tr>\n<tr>\n<td width=\"200\">Termeni de livrare<\/td>\n<td width=\"481\">Exw, FOB, CFR, CIF etc.<\/td>\n<\/tr>\n<tr>\n<td width=\"200\">Termeni de plat\u0103<\/td>\n<td width=\"481\">T\/T, Western Union, PayPal etc.<\/td>\n<\/tr>\n<tr>\n<td width=\"200\"><\/td>\n<td width=\"481\">Plat\u0103 anticipat\u0103 30%, sold 70% pl\u0103tit \u00eenainte de expediere<\/td>\n<\/tr>\n<tr>\n<td width=\"200\">\u021aara de origine<\/td>\n<td width=\"481\">Ora\u0219ul Wenzhou, China<\/td>\n<\/tr>\n<tr>\n<td width=\"200\">Capacitatea de produc\u021bie<\/td>\n<td width=\"481\">6000 tone\/an<\/td>\n<\/tr>\n<tr>\n<td width=\"200\">MOQ<\/td>\n<td width=\"481\">1 buc\/dimensiune<\/td>\n<\/tr>\n<\/tbody>\n<\/table>","protected":false},"excerpt":{"rendered":"<p>Model\uff1bSTV-Q11F-DN150-6&#8243;<\/p>\n<div>Avem o gam\u0103 larg\u0103 de robinete pneumatice cu bil\u0103 pentru aplica\u021bii cu ap\u0103, gaz, aer \u0219i ulei. Aceast\u0103 supap\u0103 am proiectat 3 (trei) piese plutitoare, care are un design standard, dimensiunea supapei fa\u021b\u0103 \u00een fa\u021b\u0103, clasa de scurgere \u0219i alte specifica\u021bii utile.<\/div>\n<div><\/div>\n<div>We make Our Pneumatic Ball Valve in \u00bd\u201d to 6\u201d with three end connection Screwed End, Flanged End, and Socket Weld so complete solution for Industry and Users. Automation design and manufacture a range of high integrity instrumentation Pneumatic Ball valves for worldwide applications, yes we supply worldwide as per customer requirement and their drawing.<\/div>\n<div>\n<p>STV Valve Technology Group Co., Ltd is a professional leader China Screwed Stainless Steel Ball Valves ,6 Inch Screwed Stainless Steel Ball Valves ,3 pc Screwed Stainless Steel Ball Valves ,Electric Actuator Ball Valve Manufacturer with high quality and competitive price.<\/p>\n<p>&nbsp;<\/p>\n<\/div>","protected":false},"featured_media":7216,"template":"","meta":[],"product_brand":[],"product_cat":[43,78,79],"product_tag":[2447,2446,2445,2448],"class_list":{"0":"post-4463","1":"product","2":"type-product","3":"status-publish","4":"has-post-thumbnail","6":"product_cat-ball-valve","7":"product_cat-floating-ball-valve","8":"product_cat-threaded-ball-valve","9":"product_tag-3-pc-screwed-stainless-steel-ball-valves","10":"product_tag-6-inch-screwed-stainless-steel-ball-valves","11":"product_tag-china-screwed-stainless-steel-ball-valves","12":"product_tag-electric-actuator-ball-valve-manufacturer","14":"first","15":"instock","16":"shipping-taxable","17":"product-type-simple"},"_links":{"self":[{"href":"https:\/\/www.stvvalves.com\/ro\/wp-json\/wp\/v2\/product\/4463","targetHints":{"allow":["GET"]}}],"collection":[{"href":"https:\/\/www.stvvalves.com\/ro\/wp-json\/wp\/v2\/product"}],"about":[{"href":"https:\/\/www.stvvalves.com\/ro\/wp-json\/wp\/v2\/types\/product"}],"wp:featuredmedia":[{"embeddable":true,"href":"https:\/\/www.stvvalves.com\/ro\/wp-json\/wp\/v2\/media\/7216"}],"wp:attachment":[{"href":"https:\/\/www.stvvalves.com\/ro\/wp-json\/wp\/v2\/media?parent=4463"}],"wp:term":[{"taxonomy":"product_brand","embeddable":true,"href":"https:\/\/www.stvvalves.com\/ro\/wp-json\/wp\/v2\/product_brand?post=4463"},{"taxonomy":"product_cat","embeddable":true,"href":"https:\/\/www.stvvalves.com\/ro\/wp-json\/wp\/v2\/product_cat?post=4463"},{"taxonomy":"product_tag","embeddable":true,"href":"https:\/\/www.stvvalves.com\/ro\/wp-json\/wp\/v2\/product_tag?post=4463"}],"curies":[{"name":"wp","href":"https:\/\/api.w.org\/{rel}","templated":true}]}}