{"id":4486,"date":"2019-03-18T14:35:06","date_gmt":"2019-03-18T14:35:06","guid":{"rendered":"https:\/\/www.stvvalves.com\/?post_type=product&#038;p=4486"},"modified":"2025-02-17T18:22:02","modified_gmt":"2025-02-17T10:22:02","slug":"cast-steel-gate-valve-600lb-3-inch-api-600-flanged-end","status":"publish","type":"product","link":"https:\/\/www.stvvalves.com\/ro\/products\/cast-steel-gate-valve-600lb-3-inch-api-600-flanged-end\/","title":{"rendered":"Supap\u0103 cu poart\u0103 din o\u021bel turnat 600LB, 3 inch, API 600, cap\u0103t cu flan\u0219\u0103"},"content":{"rendered":"<p>CLASA 150~1500 VALV\u0102 DE O\u021aEL TURBAT<br \/>\nOS&amp;Y, tulpin\u0103 \u00een sus, pan\u0103 flexibil\u0103<br \/>\nCapot\u0103 cu \u0219uruburi, inel de scaun filetat sau sudat<br \/>\nASTM A216 WCB, A217 WC6, A351 CF8, A351 CF8M,<br \/>\nA351 CF3, A351 CF3M, A351 CN7M<\/p>\n<p>Conformitatea standardelor<br \/>\nProiectare \u0219i fabrica\u021bie: ANSIB16.34, API600 API6D, API603, BS1414<br \/>\nFa\u021b\u0103 \u00een fa\u021b\u0103 (cap\u0103t la cap\u0103t):ANSIB16.10,API6D<br \/>\nConexiune cu flan\u0219\u0103: 2\u2033~24\u2033 la ANSIB16.5,22\u2033, 26\u2033~36\u2033 la MSS-SP-44 la API605 la cerere<br \/>\nTest \u0219i inspec\u021bie: API598, API6D<br \/>\nCapat sudat cap la cap:ANSIB16.5<\/p>\n<table>\n<tbody>\n<tr>\n<td width=\"200\"><strong>numele produsului<\/strong><\/td>\n<td width=\"481\">Supap\u0103 cu poart\u0103 din o\u021bel turnat 600LB, 3 inch, API 600, cap\u0103t cu flan\u0219\u0103<\/td>\n<\/tr>\n<tr>\n<td width=\"200\">1. Material<\/td>\n<td width=\"481\">WCB<\/td>\n<\/tr>\n<tr>\n<td width=\"200\">2. Dimensiunea<\/td>\n<td width=\"481\">3\u201d<\/td>\n<\/tr>\n<tr>\n<td width=\"200\">4. Port<\/td>\n<td width=\"481\">Port complet<\/td>\n<\/tr>\n<tr>\n<td width=\"200\">5. Presiunea de lucru<\/td>\n<td width=\"481\">600 lb<\/td>\n<\/tr>\n<tr>\n<td width=\"200\">6. Conexiunea se termin\u0103<\/td>\n<td width=\"481\">RF<\/td>\n<\/tr>\n<tr>\n<td width=\"200\">7. Temp. de lucru.<\/td>\n<td width=\"481\">-29~425\u00baC,<\/td>\n<\/tr>\n<tr>\n<td width=\"200\">8. Mediu potrivit<\/td>\n<td width=\"481\">Ap\u0103, gaze naturale, ulei \u0219i ceva lichid coroziv<\/td>\n<\/tr>\n<tr>\n<td width=\"200\">9. Operat<\/td>\n<td width=\"481\">Roat\u0103 de m\u00e2n\u0103<\/td>\n<\/tr>\n<tr>\n<td width=\"200\">10. Inspec\u021bie \u0219i testare<\/td>\n<td width=\"481\">Conform API598<\/td>\n<\/tr>\n<tr>\n<td width=\"200\"><strong>Expediere<\/strong><\/td>\n<td width=\"481\"><\/td>\n<\/tr>\n<tr>\n<td width=\"200\">Timpul de livrare<\/td>\n<td width=\"481\">30 de zile<\/td>\n<\/tr>\n<tr>\n<td width=\"200\">Pachet<\/td>\n<td width=\"481\">Carcas\u0103 standard de export de placaj<\/td>\n<\/tr>\n<tr>\n<td width=\"200\">Portul de expediere<\/td>\n<td width=\"481\">Ningbo\/Shanghai, China<\/td>\n<\/tr>\n<tr>\n<td width=\"200\">Termeni de livrare<\/td>\n<td width=\"481\">Exw, FOB, CFR, CIF etc.<\/td>\n<\/tr>\n<tr>\n<td width=\"200\">Termeni de plat\u0103<\/td>\n<td width=\"481\">T\/T, Western Union, PayPal etc.<\/td>\n<\/tr>\n<tr>\n<td width=\"200\"><\/td>\n<td width=\"481\">Plat\u0103 anticipat\u0103 30%, sold 70% pl\u0103tit \u00eenainte de expediere<\/td>\n<\/tr>\n<tr>\n<td width=\"200\">\u021aara de origine<\/td>\n<td width=\"481\">Ora\u0219ul Wenzhou, China<\/td>\n<\/tr>\n<tr>\n<td width=\"200\">Capacitatea de produc\u021bie<\/td>\n<td width=\"481\">6000 tone\/an<\/td>\n<\/tr>\n<tr>\n<td width=\"200\">MOQ<\/td>\n<td width=\"481\">1 buc\/dimensiune<\/td>\n<\/tr>\n<\/tbody>\n<\/table>","protected":false},"excerpt":{"rendered":"<p>Model: STV-Z41Y-600LB-3\u2033-WCB<\/p>\n<p>Supapa cu gur\u0103 din o\u021bel turnat este potrivit\u0103 pentru clasa ANSI 150-600, PN2.0~16.0MPa, JIS10~20K, temperatura de lucru -29~425\u00b0C (o\u021bel carbon) \u0219i -40~500\u00b0C (o\u021bel inoxidabil) Pe drum , folosit pentru a t\u0103ia sau a porni mediul \u00een conduct\u0103. Prin utilizarea diferitelor materiale, supapa de o\u021bel standard american\u0103 poate fi aplicat\u0103 pe ap\u0103, abur, ulei, acid azotic, acid acetic, mediu puternic oxidant \u0219i uree. Exist\u0103 transmisie manual\u0103, cu ro\u021bi conice \u0219i putere electric\u0103.<\/p>\n<p>STV Valve Technology Group Co., Ltd este un lider profesionist din China, supape cu gur\u0103 din o\u021bel turnat de 600 lb, API 600, supape cu gur\u0103 din o\u021bel turnat, supape cu gur\u0103 din o\u021bel turnat, Asme B16.34 Clasa 600 lb, supape cu gur\u0103 din o\u021bel turnat, produc\u0103tor din China cu de \u00eenalt\u0103 calitate \u0219i pre\u021b competitiv.<\/p>\n<p>V\u0103 rug\u0103m s\u0103 contacta\u021bi sales@stvvalve.com pentru alte materiale \u0219i detalii.<\/p>\n<p>Fi\u0219\u0103 de date:<a href=\"https:\/\/www.stvvalves.com\/wp-content\/uploads\/2019\/03\/Cast-Steel-Gate-Valve-600LB-3-Inch-API-600-Flanged-END-drawing.pdf\">Supap\u0103 cu poart\u0103 din o\u021bel turnat 600LB, 3 inch, API 600, cap\u0103t cu flan\u0219\u0103<\/a><\/p>","protected":false},"featured_media":4487,"template":"","meta":[],"product_brand":[],"product_cat":[58,44],"product_tag":[615,613,616,614,617],"class_list":{"0":"post-4486","1":"product","2":"type-product","3":"status-publish","4":"has-post-thumbnail","6":"product_cat-cast-steel-gate-valve","7":"product_cat-gate-valve","8":"product_tag-api-600-cast-steel-gate-valves","9":"product_tag-asme-b16-34-class-600-lb-cast-steel-gate-valve","10":"product_tag-cast-steel-gate-valve","11":"product_tag-cast-steel-gate-valve-600lb","12":"product_tag-china-cast-steel-gate-valves-manufacturer","14":"first","15":"instock","16":"shipping-taxable","17":"product-type-simple"},"_links":{"self":[{"href":"https:\/\/www.stvvalves.com\/ro\/wp-json\/wp\/v2\/product\/4486","targetHints":{"allow":["GET"]}}],"collection":[{"href":"https:\/\/www.stvvalves.com\/ro\/wp-json\/wp\/v2\/product"}],"about":[{"href":"https:\/\/www.stvvalves.com\/ro\/wp-json\/wp\/v2\/types\/product"}],"wp:featuredmedia":[{"embeddable":true,"href":"https:\/\/www.stvvalves.com\/ro\/wp-json\/wp\/v2\/media\/4487"}],"wp:attachment":[{"href":"https:\/\/www.stvvalves.com\/ro\/wp-json\/wp\/v2\/media?parent=4486"}],"wp:term":[{"taxonomy":"product_brand","embeddable":true,"href":"https:\/\/www.stvvalves.com\/ro\/wp-json\/wp\/v2\/product_brand?post=4486"},{"taxonomy":"product_cat","embeddable":true,"href":"https:\/\/www.stvvalves.com\/ro\/wp-json\/wp\/v2\/product_cat?post=4486"},{"taxonomy":"product_tag","embeddable":true,"href":"https:\/\/www.stvvalves.com\/ro\/wp-json\/wp\/v2\/product_tag?post=4486"}],"curies":[{"name":"wp","href":"https:\/\/api.w.org\/{rel}","templated":true}]}}