{"id":4519,"date":"2019-03-19T07:52:32","date_gmt":"2019-03-19T07:52:32","guid":{"rendered":"https:\/\/www.stvvalves.com\/?post_type=product&#038;p=4519"},"modified":"2025-02-17T18:21:40","modified_gmt":"2025-02-17T10:21:40","slug":"forged-steel-y-type-piston-check-valve-800lb-dn25-sw-end","status":"publish","type":"product","link":"https:\/\/www.stvvalves.com\/ro\/products\/forged-steel-y-type-piston-check-valve-800lb-dn25-sw-end\/","title":{"rendered":"Supap\u0103 de re\u021binere cu piston tip Y din o\u021bel forjat, 800 LB, DN25, cap\u0103t SW"},"content":{"rendered":"<p>Caracteristici ale supapelor de re\u021binere cu piston din o\u021bel forjat (tip Y):<br \/>\nCorp de tip Y oblic, coeficient de debit mai mare<br \/>\nTip disc piston<br \/>\nCapot\u0103 cu \u0219uruburi, capot\u0103 sudat\u0103 sau capot\u0103 cu etan\u0219are sub presiune<br \/>\nSudura prin muf\u0103 (SW), sudare cap la cap (BW), cap\u0103t filetat disponibil<\/p>\n<p>Standarde aplicabile pentru supapele de re\u021binere cu piston din o\u021bel forjat (tip Y):<br \/>\na) Proiectare \u0219i fabrica\u021bie: API 602, BS 5352, ASME B16.34<br \/>\nb) Fa\u021b\u0103 \u00een fa\u021b\u0103: ASME B16.10, EN 558<br \/>\nc) Cap\u0103tul conexiunii: ASME B1.20.1, ASME B16.11, ASME B16.25, ASME B16.5, EN 1092<br \/>\nd) Testare \u0219i inspec\u021bie: API598, EN 12266<\/p>\n<p>Dimensiuni: 1\/2\u2033 \u2013 2\u2033 sau DN12 \u2013 DN50<br \/>\nPresiune nominal\u0103: Clasa 150 \u2013 Clasa 2500 sau PN 16 \u2013 PN 420<br \/>\nMaterialul corpului supapei: A105, LF2, F11, F22, F5, F304, F304L, F316, F316L, etc.<\/p>\n<table>\n<tbody>\n<tr>\n<td width=\"200\"><strong>numele produsului<\/strong><\/td>\n<td width=\"481\">Supap\u0103 de re\u021binere cu piston tip Y din o\u021bel forjat, 800 LB, DN25, cap\u0103t SW<\/td>\n<\/tr>\n<tr>\n<td width=\"200\">1. Material<\/td>\n<td width=\"481\">A105B<\/td>\n<\/tr>\n<tr>\n<td width=\"200\">2. Dimensiunea<\/td>\n<td width=\"481\">1\u201d<\/td>\n<\/tr>\n<tr>\n<td width=\"200\">4. Port<\/td>\n<td width=\"481\">Port reductor<\/td>\n<\/tr>\n<tr>\n<td width=\"200\">5. Presiunea de lucru<\/td>\n<td width=\"481\">800 lb<\/td>\n<\/tr>\n<tr>\n<td width=\"200\">6. Conexiunea se termin\u0103<\/td>\n<td width=\"481\">SW<\/td>\n<\/tr>\n<tr>\n<td width=\"200\">7. Temp. de lucru.<\/td>\n<td width=\"481\">-29~425\u00baC,<\/td>\n<\/tr>\n<tr>\n<td width=\"200\">8. Mediu potrivit<\/td>\n<td width=\"481\">Ap\u0103, gaze naturale, ulei \u0219i ceva lichid coroziv<\/td>\n<\/tr>\n<tr>\n<td width=\"200\">9. Operat<\/td>\n<td width=\"481\">\/<\/td>\n<\/tr>\n<tr>\n<td width=\"200\">10. Inspec\u021bie \u0219i testare<\/td>\n<td width=\"481\">Conform API598<\/td>\n<\/tr>\n<tr>\n<td width=\"200\"><strong>Expediere<\/strong><\/td>\n<td width=\"481\"><\/td>\n<\/tr>\n<tr>\n<td width=\"200\">Timpul de livrare<\/td>\n<td width=\"481\">30 de zile<\/td>\n<\/tr>\n<tr>\n<td width=\"200\">Pachet<\/td>\n<td width=\"481\">Carcas\u0103 standard de export de placaj<\/td>\n<\/tr>\n<tr>\n<td width=\"200\">Portul de expediere<\/td>\n<td width=\"481\">Ningbo\/Shanghai, China<\/td>\n<\/tr>\n<tr>\n<td width=\"200\">Termeni de livrare<\/td>\n<td width=\"481\">Exw, FOB, CFR, CIF etc.<\/td>\n<\/tr>\n<tr>\n<td width=\"200\">Termeni de plat\u0103<\/td>\n<td width=\"481\">T\/T, Western Union, PayPal etc.<\/td>\n<\/tr>\n<tr>\n<td width=\"200\"><\/td>\n<td width=\"481\">Plat\u0103 anticipat\u0103 30%, sold 70% pl\u0103tit \u00eenainte de expediere<\/td>\n<\/tr>\n<tr>\n<td width=\"200\">\u021aara de origine<\/td>\n<td width=\"481\">Ora\u0219ul Wenzhou, China<\/td>\n<\/tr>\n<tr>\n<td width=\"200\">Capacitatea de produc\u021bie<\/td>\n<td width=\"481\">6000 tone\/an<\/td>\n<\/tr>\n<tr>\n<td width=\"200\">MOQ<\/td>\n<td width=\"481\">1 buc\/dimensiune<\/td>\n<\/tr>\n<\/tbody>\n<\/table>\n<p>&nbsp;<\/p>\n<p>&nbsp;<\/p>","protected":false},"excerpt":{"rendered":"<p>Model: STV-HY42Y-800LB-A105N-1\u2033<\/p>\n<p>Supapele de re\u021binere cu piston tip Y din o\u021bel forjat sunt disponibile \u00een trei modele de capot\u0103.<br \/>\nPrimul tip este o capot\u0103 tip \u0219urub. Corpul supapei proiectat conform acestei forme de proiectare are un corp de supap\u0103 \u0219i un capac de supap\u0103 conectat prin \u0219uruburi \u0219i piuli\u021be \u0219i o garnitur\u0103 \u00eenf\u0103\u015furat\u0103.<br \/>\n(316 clip de fabrica\u021bie flexibil\u0103 grafit) etan\u0219are. Clien\u021bii pot folosi, de asemenea, conexiune cu inel metalic atunci c\u00e2nd exist\u0103 cerin\u021be speciale.<br \/>\nA doua form\u0103 de proiectare este o capot\u0103 sudat\u0103 care m\u0103tur\u0103 supapa acestei forme de proiectare, corpul supapei \u0219i capacul sunt \u00een\u0219urubate, iar presiunea intern\u0103 este auto-etan\u0219at\u0103.<br \/>\nExist\u0103 supape de \u00eenchidere \u0219i supape de re\u021binere care pot fi proiectate ca supape \u201eY\u201d.<\/p>\n<p>STV Valve Technology Group Co., Ltd este un lider profesionist din China Supape de re\u021binere din o\u021bel forjat, Supape de re\u021binere din o\u021bel forjat de tip ASME Y, Supape de re\u021binere de tip Y forjate, Supape de re\u021binere cu piston cu model Y din o\u021bel forjat 800Lb, 800lb Supap\u0103 de re\u021binere TIP Y,DN25 Y TIP Furnizor de supap\u0103 de re\u021binere cu \u00eenalt\u0103 calitate \u0219i pre\u021b sc\u0103zut.<br \/>\nPentru a afla mai multe despre aceste supape Bine a\u021bi venit s\u0103 contacta\u021bi sales@stvvalve.com<br \/>\nFi\u0219\u0103 de date:<a href=\"https:\/\/www.stvvalves.com\/wp-content\/uploads\/2019\/03\/forged-steel-y-type-piston-check-valve-800lb-dn25-sw-end-drawing.pdf\">Supap\u0103 de re\u021binere cu piston tip Y din o\u021bel forjat, 800 LB, DN25, cap\u0103t SW<\/a><\/p>","protected":false},"featured_media":4520,"template":"","meta":[],"product_brand":[],"product_cat":[46,66],"product_tag":[648,645,649,560,647,646],"class_list":{"0":"post-4519","1":"product","2":"type-product","3":"status-publish","4":"has-post-thumbnail","6":"product_cat-check-valves","7":"product_cat-swing-check-valve","8":"product_tag-800lb-y-type-check-valve","9":"product_tag-asme-y-type-forged-steel-check-valve","10":"product_tag-dn25-y-type-check-valve","11":"product_tag-forged-steel-check-valves","12":"product_tag-forged-steel-y-pattern-piston-check-valves-800lb","13":"product_tag-forged-y-type-check-valve","15":"first","16":"instock","17":"shipping-taxable","18":"product-type-simple"},"_links":{"self":[{"href":"https:\/\/www.stvvalves.com\/ro\/wp-json\/wp\/v2\/product\/4519","targetHints":{"allow":["GET"]}}],"collection":[{"href":"https:\/\/www.stvvalves.com\/ro\/wp-json\/wp\/v2\/product"}],"about":[{"href":"https:\/\/www.stvvalves.com\/ro\/wp-json\/wp\/v2\/types\/product"}],"wp:featuredmedia":[{"embeddable":true,"href":"https:\/\/www.stvvalves.com\/ro\/wp-json\/wp\/v2\/media\/4520"}],"wp:attachment":[{"href":"https:\/\/www.stvvalves.com\/ro\/wp-json\/wp\/v2\/media?parent=4519"}],"wp:term":[{"taxonomy":"product_brand","embeddable":true,"href":"https:\/\/www.stvvalves.com\/ro\/wp-json\/wp\/v2\/product_brand?post=4519"},{"taxonomy":"product_cat","embeddable":true,"href":"https:\/\/www.stvvalves.com\/ro\/wp-json\/wp\/v2\/product_cat?post=4519"},{"taxonomy":"product_tag","embeddable":true,"href":"https:\/\/www.stvvalves.com\/ro\/wp-json\/wp\/v2\/product_tag?post=4519"}],"curies":[{"name":"wp","href":"https:\/\/api.w.org\/{rel}","templated":true}]}}