{"id":4524,"date":"2019-03-20T02:11:16","date_gmt":"2019-03-20T02:11:16","guid":{"rendered":"https:\/\/www.stvvalves.com\/?post_type=product&#038;p=4524"},"modified":"2025-02-17T18:21:39","modified_gmt":"2025-02-17T10:21:39","slug":"2-piece-2000-wog-carbon-steel-ball-valve-full-port-bspp-end","status":"publish","type":"product","link":"https:\/\/www.stvvalves.com\/ro\/products\/2-piece-2000-wog-carbon-steel-ball-valve-full-port-bspp-end\/","title":{"rendered":"Supap\u0103 cu bil\u0103 din o\u021bel carbon WOG 2000, orificiu complet, cap\u0103t BSPP"},"content":{"rendered":"<p>Supap\u0103 cu bil\u0103 din o\u021bel carbon 2000 WOG 2 buc<br \/>\nPresiune de lucru: 2000PSI (PN140)<br \/>\nTemperatura de lucru: -29C-150C<br \/>\nMediu potrivit: ap\u0103 ulei gaz<br \/>\nCap\u0103t filetat: BSPT NPT ISO7\/1 ISO228<br \/>\nMaterial: o\u021bel carbon\/WCB<br \/>\nPort complet<br \/>\nCapetele filetate<br \/>\n1\/2\u2033-4\u2033: 2000 WOG<br \/>\nCu blocare a manerului<\/p>\n<p>Caracteristicile supapei<br \/>\nConstruc\u021bia consolidat\u0103 asigur\u0103 o presiune de lucru de 2000 psi.<br \/>\nScaunul TFE ranforsat mareste durabilitatea.<br \/>\nPresetup\u0103 reglabil\u0103.<br \/>\nTija rezistent\u0103 la explozie \u00eenc\u0103rcat\u0103 de jos.<br \/>\nProiectarea de baz\u0103 a respectat ANSI B16.34 \u0219i EN 12516-1.<br \/>\nCapetele filetate NPT au respectat ANSI B 1.20.1.<br \/>\nRc, Rp &amp; G Capetele filetate conform BS 21\/2779, JIS B-0203\/0202, DIN 259\/2999, ISO 228-1, AS 1722.1\/1722.2 sunt la cerere.<br \/>\nTestat conform API 598.<\/p>\n<table>\n<tbody>\n<tr>\n<td width=\"200\"><strong>Numele produsului 3<\/strong><\/td>\n<td width=\"481\">\u00a0Supap\u0103 cu bil\u0103 cu port complet din 2 piese, corp WCB, 2000WOG, cap\u0103t NPT<\/td>\n<\/tr>\n<tr>\n<td width=\"200\">1. Material<\/td>\n<td width=\"481\">WCB<\/td>\n<\/tr>\n<tr>\n<td width=\"200\">2. Dimensiunea<\/td>\n<td width=\"481\">2\u201d<\/td>\n<\/tr>\n<tr>\n<td width=\"200\">4. Port<\/td>\n<td width=\"481\">Port complet<\/td>\n<\/tr>\n<tr>\n<td width=\"200\">5. Presiunea de lucru<\/td>\n<td width=\"481\">1000WOG<\/td>\n<\/tr>\n<tr>\n<td width=\"200\">6. Conexiunea se termin\u0103<\/td>\n<td width=\"481\">NPT<\/td>\n<\/tr>\n<tr>\n<td width=\"200\">7. Temp. de lucru.<\/td>\n<td width=\"481\">-29~180\u00baC,<\/td>\n<\/tr>\n<tr>\n<td width=\"200\">8. Mediu potrivit<\/td>\n<td width=\"481\">Ap\u0103, gaze naturale, ulei \u0219i ceva lichid coroziv<\/td>\n<\/tr>\n<tr>\n<td width=\"200\">9. Operat<\/td>\n<td width=\"481\">Roat\u0103 de m\u00e2n\u0103<\/td>\n<\/tr>\n<tr>\n<td width=\"200\">10. Inspec\u021bie \u0219i testare<\/td>\n<td width=\"481\">Conform API598<\/td>\n<\/tr>\n<tr>\n<td width=\"200\"><strong>Expediere<\/strong><\/td>\n<td width=\"481\"><\/td>\n<\/tr>\n<tr>\n<td width=\"200\">Timpul de livrare<\/td>\n<td width=\"481\">30 de zile<\/td>\n<\/tr>\n<tr>\n<td width=\"200\">Pachet<\/td>\n<td width=\"481\">Carcas\u0103 standard de export de placaj<\/td>\n<\/tr>\n<tr>\n<td width=\"200\">Portul de expediere<\/td>\n<td width=\"481\">Ningbo\/Shanghai, China<\/td>\n<\/tr>\n<tr>\n<td width=\"200\">Termeni de livrare<\/td>\n<td width=\"481\">Exw, FOB, CFR, CIF etc.<\/td>\n<\/tr>\n<tr>\n<td width=\"200\">Termeni de plat\u0103<\/td>\n<td width=\"481\">T\/T, Western Union, PayPal etc.<\/td>\n<\/tr>\n<tr>\n<td width=\"200\"><\/td>\n<td width=\"481\">Plat\u0103 anticipat\u0103 30%, sold 70% pl\u0103tit \u00eenainte de expediere<\/td>\n<\/tr>\n<tr>\n<td width=\"200\">\u021aara de origine<\/td>\n<td width=\"481\">Ora\u0219ul Wenzhou, China<\/td>\n<\/tr>\n<tr>\n<td width=\"200\">Capacitatea de produc\u021bie<\/td>\n<td width=\"481\">6000 tone\/an<\/td>\n<\/tr>\n<tr>\n<td width=\"200\">MOQ<\/td>\n<td width=\"481\">1 buc\/dimensiune<\/td>\n<\/tr>\n<\/tbody>\n<\/table>","protected":false},"excerpt":{"rendered":"<p>Model: STV-Q11F-2000WOG-1\u2033<\/p>\n<p>Supapa cu bil\u0103 2000WOG este potrivit\u0103 pentru ap\u0103 dulce, canalizare, ap\u0103 de mare, aer, abur, alimente, medicamente, produse chimice, diverse uleiuri, acid \u0219i alcali \u0219i sare. Avantajele designului supapei cu bil\u0103 2000WOG: tip m\u00e2ner cu pozi\u021bie limitat\u0103, dispozitiv de blocare, prevenirea gre\u0219elilor Operare, mai sigur \u0219i mai fiabil. 2000WOG racord supap\u0103 cu bil\u0103: filet.<\/p>\n<p>STV Valve Technology Group Co., Ltd este un lider profesionist din China cu port complet 2000 WOG Robinet cu bil\u0103, supape cu sfer\u0103 2000 WOG A216 WCB, supap\u0103 cu bil\u0103 din o\u021bel carbon 2000 WOG, fabrica\u021bie din China 2000 WoG cu bil\u0103 cu \u00eenalt\u0103 calitate \u0219i pre\u021b competitiv.<\/p>\n<p>V\u0103 rug\u0103m s\u0103 contacta\u021bi sales@stvvalve.com pentru alte materiale \u0219i detalii.<\/p>\n<p>Fi\u0219\u0103 de date:<a href=\"https:\/\/www.stvvalves.com\/wp-content\/uploads\/2019\/03\/2-piece-2000-wog-carbon-steel-ball-valve-full-port-bspp-end-drawing.pdf\">Supap\u0103 cu bil\u0103 din o\u021bel carbon WOG 2000, orificiu complet, cap\u0103t BSPP<\/a><\/p>","protected":false},"featured_media":4528,"template":"","meta":[],"product_brand":[],"product_cat":[43,79],"product_tag":[652,653,651,650],"class_list":{"0":"post-4524","1":"product","2":"type-product","3":"status-publish","4":"has-post-thumbnail","6":"product_cat-ball-valve","7":"product_cat-threaded-ball-valve","8":"product_tag-2000-wog-ball-valve-manufacture","9":"product_tag-2000-wog-carbon-steel-ball-valve","10":"product_tag-ball-valves-2000-wog-a216-wcb","11":"product_tag-full-port-2000-wog-ball-valve","13":"first","14":"instock","15":"shipping-taxable","16":"product-type-simple"},"_links":{"self":[{"href":"https:\/\/www.stvvalves.com\/ro\/wp-json\/wp\/v2\/product\/4524","targetHints":{"allow":["GET"]}}],"collection":[{"href":"https:\/\/www.stvvalves.com\/ro\/wp-json\/wp\/v2\/product"}],"about":[{"href":"https:\/\/www.stvvalves.com\/ro\/wp-json\/wp\/v2\/types\/product"}],"wp:featuredmedia":[{"embeddable":true,"href":"https:\/\/www.stvvalves.com\/ro\/wp-json\/wp\/v2\/media\/4528"}],"wp:attachment":[{"href":"https:\/\/www.stvvalves.com\/ro\/wp-json\/wp\/v2\/media?parent=4524"}],"wp:term":[{"taxonomy":"product_brand","embeddable":true,"href":"https:\/\/www.stvvalves.com\/ro\/wp-json\/wp\/v2\/product_brand?post=4524"},{"taxonomy":"product_cat","embeddable":true,"href":"https:\/\/www.stvvalves.com\/ro\/wp-json\/wp\/v2\/product_cat?post=4524"},{"taxonomy":"product_tag","embeddable":true,"href":"https:\/\/www.stvvalves.com\/ro\/wp-json\/wp\/v2\/product_tag?post=4524"}],"curies":[{"name":"wp","href":"https:\/\/api.w.org\/{rel}","templated":true}]}}