{"id":4529,"date":"2019-03-20T02:49:55","date_gmt":"2019-03-20T02:49:55","guid":{"rendered":"https:\/\/www.stvvalves.com\/?post_type=product&#038;p=4529"},"modified":"2025-02-17T18:22:09","modified_gmt":"2025-02-17T10:22:09","slug":"1500lb-forged-steel-weld-bonnet-gate-valve-a105n-body-dn50-socket-weld-end","status":"publish","type":"product","link":"https:\/\/www.stvvalves.com\/ro\/products\/1500lb-forged-steel-weld-bonnet-gate-valve-a105n-body-dn50-socket-weld-end\/","title":{"rendered":"Supap\u0103 cu capot\u0103 sudat\u0103 din o\u021bel forjat de 1500 LB, corp A105N, DN50, cap\u0103t sudur\u0103 cu muf\u0103"},"content":{"rendered":"<p>Caracteristici de design<br \/>\n1. Port complet sau port conven\u021bional<br \/>\n2. \u0218urub \u0219i jug exterior (OS&amp;Y)<br \/>\n3. Presetup\u0103 cu auto-aliniere din dou\u0103 piese<br \/>\n4. Capot\u0103 cu \u0219uruburi cu garnitur\u0103 \u00eenf\u0103\u0219urat\u0103 \u00een spiral\u0103, capac filetat \u0219i etan\u0219at sudat sau capac filetat \u0219i etan\u0219are sub presiune<br \/>\n5. Banc\u0103 din spate integral\u0103<br \/>\n6.Disponibil \u00een ANSI 150-2500LB, dimensiuni: 1\/2\u2033 p\u00e2n\u0103 la 2\u2033.<br \/>\n7. Materiale: A105N, LF2, F304, F316, F11, F22, F5, F91, o\u021bel aliat etc.<br \/>\n8.Interval de temperatur\u0103: 0\u00b0C p\u00e2n\u0103 la 538\u00b0C.<br \/>\n9.Port: Port reductor \u0219i Port complet.<br \/>\n10.End Connect\uff1bNPT,BW,SW,RF,RTJ.<\/p>\n<table>\n<tbody>\n<tr>\n<td width=\"200\"><strong><b>numele produsului<\/b><\/strong><\/td>\n<td width=\"481\">Supap\u0103 cu capot\u0103 sudat\u0103 din o\u021bel forjat de 1500 LB, corp A105N, DN50, cap\u0103t sudur\u0103 cu muf\u0103<\/td>\n<\/tr>\n<tr>\n<td width=\"200\">1. Material<\/td>\n<td width=\"481\">A105N<\/td>\n<\/tr>\n<tr>\n<td width=\"200\">2. Dimensiunea<\/td>\n<td width=\"481\">2\u201d<\/td>\n<\/tr>\n<tr>\n<td width=\"200\">4. Port<\/td>\n<td width=\"481\">Port reductor<\/td>\n<\/tr>\n<tr>\n<td width=\"200\">5. Presiunea de lucru<\/td>\n<td width=\"481\">1500 LB<\/td>\n<\/tr>\n<tr>\n<td width=\"200\">6. Conexiunea se termin\u0103<\/td>\n<td width=\"481\">Cap\u0103t de sudur\u0103 priz\u0103<\/td>\n<\/tr>\n<tr>\n<td width=\"200\">7. Temp. de lucru.<\/td>\n<td width=\"481\">-29~425\u00baC,<\/td>\n<\/tr>\n<tr>\n<td width=\"200\">8. Mediu potrivit<\/td>\n<td width=\"481\">Ap\u0103, gaze naturale, ulei \u0219i ceva lichid coroziv<\/td>\n<\/tr>\n<tr>\n<td width=\"200\">9. Operat<\/td>\n<td width=\"481\">Roat\u0103 de m\u00e2n\u0103<\/td>\n<\/tr>\n<tr>\n<td width=\"200\">10. Inspec\u021bie \u0219i testare<\/td>\n<td width=\"481\">Conform API 598<\/td>\n<\/tr>\n<tr>\n<td width=\"200\"><strong><b>Expediere<\/b><\/strong><\/td>\n<td width=\"481\"><\/td>\n<\/tr>\n<tr>\n<td width=\"200\">Timpul de livrare<\/td>\n<td width=\"481\">30 de zile<\/td>\n<\/tr>\n<tr>\n<td width=\"200\">Pachet<\/td>\n<td width=\"481\">Carcas\u0103 standard de export de placaj<\/td>\n<\/tr>\n<tr>\n<td width=\"200\">Portul de expediere<\/td>\n<td width=\"481\">Ningbo\/Shanghai, China<\/td>\n<\/tr>\n<tr>\n<td width=\"200\">Termeni de livrare<\/td>\n<td width=\"481\">Exw, FOB, CFR, CIF etc.<\/td>\n<\/tr>\n<tr>\n<td width=\"200\">Termeni de plat\u0103<\/td>\n<td width=\"481\">T\/T, Western Union, PayPal etc.<\/td>\n<\/tr>\n<tr>\n<td width=\"200\"><\/td>\n<td width=\"481\">Plat\u0103 anticipat\u0103 30%, sold 70% pl\u0103tit \u00eenainte de expediere<\/td>\n<\/tr>\n<tr>\n<td width=\"200\">\u021aara de origine<\/td>\n<td width=\"481\">Ora\u0219ul Wenzhou, China<\/td>\n<\/tr>\n<tr>\n<td width=\"200\">Capacitatea de produc\u021bie<\/td>\n<td width=\"481\">6000 tone\/an<\/td>\n<\/tr>\n<tr>\n<td width=\"200\">MOQ<\/td>\n<td width=\"481\">10 buc\/dimensiune<\/td>\n<\/tr>\n<\/tbody>\n<\/table>","protected":false},"excerpt":{"rendered":"<p>Model: STV-Z61YW-1500LB-A105N-2\u2033<\/p>\n<p>Supapa cu capac din o\u021bel forjat de 1500LB a ro\u021bii de m\u00e2n\u0103 transmite cuplul tijei supapei prin piuli\u021ba tijei. tija supapei este forjat\u0103 \u0219i c\u0103lit\u0103 cu A182F6 (1Cr13) \u0219i are o duritate de HB220-250. pentru a reduce pierderea de putere \u00een timpul procesului de transmisie, piuli\u021ba tijei este realizat\u0103 din font\u0103 ductil\u0103 cu con\u021binut ridicat de nichel A439GR.D2 sau aliaj de cupru (fonta ductil\u0103 cu con\u021binut ridicat de nichel are anumite propriet\u0103\u021bi de auto-lubrifiere), iar duritatea este de aproximativ HB50 mai mic dec\u00e2t tija supapei.<\/p>\n<p>Supapele cu gur\u0103 din o\u021bel forjat sunt potrivite pentru \u021bevi cu diametru mic, cu temperaturi de func\u021bionare de -29-450 \u00b0 C (o\u021bel carbon) sau -29-500 \u00b0 C (o\u021bel inoxidabil). Este folosit pentru a t\u0103ia sau conecta mediul \u00een \u021beav\u0103. Pot fi folosite diferite materiale. \u00cen ap\u0103, abur, ulei, acid azotic, acid acetic, mediu oxidant, uree \u0219i alte medii.<\/p>\n<p>STV Valve Technology Group Co., Ltd este un lider profesionist din China. Supape cu gur\u0103 din o\u021bel forjat Clasa 1500 cu capac sudat, supape din o\u021bel forjat cu capot\u0103 sudate, supape cu o\u021bel forjat din o\u021bel forjat, supape cu gur\u0103 din o\u021bel forjat conform API 602, produc\u0103tor din China DN50 cu robinet cu \u00eenalt\u0103 calitate si pret competitiv.<\/p>\n<p>V\u0103 rug\u0103m s\u0103 contacta\u021bi sales@stvvalve.com pentru alte materiale \u0219i detalii.<\/p>\n<p>Fi\u0219\u0103 de date:<a href=\"https:\/\/www.stvvalves.com\/wp-content\/uploads\/2019\/03\/1500lb-forged-steel-weld-bonnet-gate-valve-a105n-body-dn50-socket-weld-end-drawing.pdf\">Supap\u0103 cu capot\u0103 sudat\u0103 din o\u021bel forjat de 1500 LB, corp A105N, DN50, cap\u0103t sudur\u0103 cu muf\u0103<\/a><\/p>","protected":false},"featured_media":4530,"template":"","meta":[],"product_brand":[],"product_cat":[59,44],"product_tag":[658,657,654,656,655],"class_list":{"0":"post-4529","1":"product","2":"type-product","3":"status-publish","4":"has-post-thumbnail","6":"product_cat-forged-steel-gate-valve","7":"product_cat-gate-valve","8":"product_tag-dn50-gate-valve","9":"product_tag-forged-steel-gate-valve-to-api-602","10":"product_tag-forged-steel-gate-valves-welded-bonnet-class-1500","11":"product_tag-forged-steel-weld-bonnet-gate-valve","12":"product_tag-welded-bonnet-forged-steel-valves","14":"first","15":"instock","16":"shipping-taxable","17":"product-type-simple"},"_links":{"self":[{"href":"https:\/\/www.stvvalves.com\/ro\/wp-json\/wp\/v2\/product\/4529","targetHints":{"allow":["GET"]}}],"collection":[{"href":"https:\/\/www.stvvalves.com\/ro\/wp-json\/wp\/v2\/product"}],"about":[{"href":"https:\/\/www.stvvalves.com\/ro\/wp-json\/wp\/v2\/types\/product"}],"wp:featuredmedia":[{"embeddable":true,"href":"https:\/\/www.stvvalves.com\/ro\/wp-json\/wp\/v2\/media\/4530"}],"wp:attachment":[{"href":"https:\/\/www.stvvalves.com\/ro\/wp-json\/wp\/v2\/media?parent=4529"}],"wp:term":[{"taxonomy":"product_brand","embeddable":true,"href":"https:\/\/www.stvvalves.com\/ro\/wp-json\/wp\/v2\/product_brand?post=4529"},{"taxonomy":"product_cat","embeddable":true,"href":"https:\/\/www.stvvalves.com\/ro\/wp-json\/wp\/v2\/product_cat?post=4529"},{"taxonomy":"product_tag","embeddable":true,"href":"https:\/\/www.stvvalves.com\/ro\/wp-json\/wp\/v2\/product_tag?post=4529"}],"curies":[{"name":"wp","href":"https:\/\/api.w.org\/{rel}","templated":true}]}}