{"id":4538,"date":"2019-03-20T06:45:22","date_gmt":"2019-03-20T06:45:22","guid":{"rendered":"https:\/\/www.stvvalves.com\/?post_type=product&#038;p=4538"},"modified":"2025-02-17T18:21:36","modified_gmt":"2025-02-17T10:21:36","slug":"f304-integral-flange-forged-gate-valve-dn20-150lb-api-602","status":"publish","type":"product","link":"https:\/\/www.stvvalves.com\/ro\/products\/f304-integral-flange-forged-gate-valve-dn20-150lb-api-602\/","title":{"rendered":"F304 Supap\u0103 forjat\u0103 cu flan\u0219\u0103 integral\u0103, DN20,150LB, API 602"},"content":{"rendered":"<p>Caracteristici:<br \/>\nO\u021bel forjat, \u0219urub \u0219i jug exterior, tij\u0103 \u00een sus,<br \/>\nRoat\u0103 de m\u00e2n\u0103 f\u0103r\u0103 ridicare, bancheta din spate integrat\u0103,<br \/>\nPan\u0103 solid\u0103, inele de scaun regenerabile, garnitur\u0103 spiralat\u0103,<br \/>\nOrificiu redus sau orificiu complet,<br \/>\nSoclu sudat, filetat, sudat cap la cap, cap\u0103t cu flan\u0219\u0103.<\/p>\n<p>Standard de aplicare:<br \/>\nAPI 602, ASME B16.34, BS 5352<br \/>\nTestare conform API 598<br \/>\nMarcare la MSS SP25<br \/>\nCapetele sudate cu muf\u0103 conform ASME B16.11<br \/>\nCapetele \u00een\u0219urubate conform ASME B1.20.1<br \/>\nCapetele sudate cap la cap la ASME B16.25<br \/>\nCapetele cu flan\u0219e conform ASME B16.5<br \/>\nDisponibil \u00een ANSI 150-2500LB, dimensiuni: 1\/2\u2033 p\u00e2n\u0103 la 2\u2033.<br \/>\nMateriale: A105N, LF2, F304, F316, F11, F22, F5, F91, o\u021bel aliat etc.<br \/>\nInterval de temperatur\u0103: -29\u00b0C p\u00e2n\u0103 la 538\u00b0C.<\/p>\n<p>&nbsp;<\/p>\n<table>\n<tbody>\n<tr>\n<td width=\"200\"><strong><b>numele produsului<\/b><\/strong><\/td>\n<td width=\"481\">F304 Supap\u0103 forjat\u0103 cu flan\u0219\u0103 integral\u0103, DN20,150LB, API 602<\/td>\n<\/tr>\n<tr>\n<td width=\"200\">1. Material<\/td>\n<td width=\"481\">F304<\/td>\n<\/tr>\n<tr>\n<td width=\"200\">2. Dimensiunea<\/td>\n<td width=\"481\">3\/4\u201d<\/td>\n<\/tr>\n<tr>\n<td width=\"200\">4. Port<\/td>\n<td width=\"481\">Port reductor<\/td>\n<\/tr>\n<tr>\n<td width=\"200\">5. Presiunea de lucru<\/td>\n<td width=\"481\">150 lb<\/td>\n<\/tr>\n<tr>\n<td width=\"200\">6. Conexiunea se termin\u0103<\/td>\n<td width=\"481\">RF<\/td>\n<\/tr>\n<tr>\n<td width=\"200\">7. Temp. de lucru.<\/td>\n<td width=\"481\">-29~600\u00baC,<\/td>\n<\/tr>\n<tr>\n<td width=\"200\">8. Mediu potrivit<\/td>\n<td width=\"481\">Ap\u0103, gaze naturale, ulei \u0219i ceva lichid coroziv<\/td>\n<\/tr>\n<tr>\n<td width=\"200\">9. Operat<\/td>\n<td width=\"481\">Roat\u0103 de m\u00e2n\u0103<\/td>\n<\/tr>\n<tr>\n<td width=\"200\">10. Inspec\u021bie \u0219i testare<\/td>\n<td width=\"481\">Conform API 598<\/td>\n<\/tr>\n<tr>\n<td width=\"200\"><strong><b>Expediere<\/b><\/strong><\/td>\n<td width=\"481\">&nbsp;<\/td>\n<\/tr>\n<tr>\n<td width=\"200\">Timpul de livrare<\/td>\n<td width=\"481\">30 de zile<\/td>\n<\/tr>\n<tr>\n<td width=\"200\">Pachet<\/td>\n<td width=\"481\">Carcas\u0103 standard de export de placaj<\/td>\n<\/tr>\n<tr>\n<td width=\"200\">Portul de expediere<\/td>\n<td width=\"481\">Ningbo\/Shanghai, China<\/td>\n<\/tr>\n<tr>\n<td width=\"200\">Termeni de livrare<\/td>\n<td width=\"481\">Exw, FOB, CFR, CIF etc.<\/td>\n<\/tr>\n<tr>\n<td width=\"200\">Termeni de plat\u0103<\/td>\n<td width=\"481\">T\/T, Western Union, PayPal etc.<\/td>\n<\/tr>\n<tr>\n<td width=\"200\">&nbsp;<\/td>\n<td width=\"481\">Plat\u0103 anticipat\u0103 30%, sold 70% pl\u0103tit \u00eenainte de expediere<\/td>\n<\/tr>\n<tr>\n<td width=\"200\">\u021aara de origine<\/td>\n<td width=\"481\">Ora\u0219ul Wenzhou, China<\/td>\n<\/tr>\n<tr>\n<td width=\"200\">Capacitatea de produc\u021bie<\/td>\n<td width=\"481\">6000 tone\/an<\/td>\n<\/tr>\n<tr>\n<td width=\"200\">MOQ<\/td>\n<td width=\"481\">10 buc\/dimensiune<\/td>\n<\/tr>\n<\/tbody>\n<\/table>","protected":false},"excerpt":{"rendered":"<p>Model: STV-Z41H-150LB-F304-DN20<\/p>\n<p>F304 Supap\u0103 forjat\u0103 cu flan\u0219\u0103 integral\u0103, potrivit\u0103 \u00een principal pentru conductele diferitelor sisteme de centrale termice, t\u0103ierea sau conectarea mediului conductei. Mediu aplicabil: mediu non-coroziv, cum ar fi apa \u0219i aburul. \u00cen compara\u021bie cu alte produse cu supap\u0103, supapa din o\u021bel forjat cu flan\u0219\u0103 integral\u0103 se caracterizeaz\u0103 prin temperatur\u0103 ridicat\u0103 \u0219i presiune ridicat\u0103 \u0219i un design unic cu autoetan\u0219are. Cu c\u00e2t presiunea este mai mare, cu at\u00e2t etan\u0219area este mai fiabil\u0103. Datorita caracteristicilor tehnice deosebite si conditiilor de lucru, produsele formeaza si caracteristici care nu pot fi inlocuite de alte produse.<\/p>\n<p>STV Valve Technology Group Co., Ltd este un lider profesionist din China. Supape de gur\u0103 cu flan\u0219\u0103 forjat\u0103 integral\u0103, supap\u0103 de blocare forjat\u0103 mic\u0103, supap\u0103 de blocare cu flan\u0219\u0103 integral\u0103, supap\u0103 de blocare cu flan\u0219\u0103 integral\u0103, supape de blocare cu flan\u0219\u0103 integral\u0103 din o\u021bel forjat, produc\u0103tor din China de supape de blocare de 150 lb, cu \u00eenalt\u0103 calitate \u0219i pre\u021b competitiv .<\/p>\n<p>V\u0103 rug\u0103m s\u0103 contacta\u021bi sales@stvvalve.com pentru alte materiale \u0219i detalii.<\/p>\n<p>Fi\u0219\u0103 de date:<a href=\"https:\/\/www.stvvalves.com\/wp-content\/uploads\/2019\/03\/f304-integral-flange-forged-gate-valve-dn20-150lb-api-602-DRAWING.pdf\">F304 Supap\u0103 forjat\u0103 cu flan\u0219\u0103 integral\u0103, DN20,150LB, API 602<\/a><\/p>","protected":false},"featured_media":4539,"template":"","meta":[],"product_brand":[],"product_cat":[59,44],"product_tag":[663,664,665,667,666],"class_list":{"0":"post-4538","1":"product","2":"type-product","3":"status-publish","4":"has-post-thumbnail","6":"product_cat-forged-steel-gate-valve","7":"product_cat-gate-valve","8":"product_tag-150lb-gate-valve","9":"product_tag-forged-steel-integral-flanged-end-gate-valves","10":"product_tag-integral-flanged-gate-valve","11":"product_tag-integral-forged-flange-gate-valve","12":"product_tag-small-forged-gate-valve-integral-flanged","14":"first","15":"instock","16":"shipping-taxable","17":"product-type-simple"},"_links":{"self":[{"href":"https:\/\/www.stvvalves.com\/ro\/wp-json\/wp\/v2\/product\/4538","targetHints":{"allow":["GET"]}}],"collection":[{"href":"https:\/\/www.stvvalves.com\/ro\/wp-json\/wp\/v2\/product"}],"about":[{"href":"https:\/\/www.stvvalves.com\/ro\/wp-json\/wp\/v2\/types\/product"}],"wp:featuredmedia":[{"embeddable":true,"href":"https:\/\/www.stvvalves.com\/ro\/wp-json\/wp\/v2\/media\/4539"}],"wp:attachment":[{"href":"https:\/\/www.stvvalves.com\/ro\/wp-json\/wp\/v2\/media?parent=4538"}],"wp:term":[{"taxonomy":"product_brand","embeddable":true,"href":"https:\/\/www.stvvalves.com\/ro\/wp-json\/wp\/v2\/product_brand?post=4538"},{"taxonomy":"product_cat","embeddable":true,"href":"https:\/\/www.stvvalves.com\/ro\/wp-json\/wp\/v2\/product_cat?post=4538"},{"taxonomy":"product_tag","embeddable":true,"href":"https:\/\/www.stvvalves.com\/ro\/wp-json\/wp\/v2\/product_tag?post=4538"}],"curies":[{"name":"wp","href":"https:\/\/api.w.org\/{rel}","templated":true}]}}