{"id":4559,"date":"2019-03-22T08:49:04","date_gmt":"2019-03-22T08:49:04","guid":{"rendered":"https:\/\/www.stvvalves.com\/?post_type=product&#038;p=4559"},"modified":"2025-02-17T18:21:57","modified_gmt":"2025-02-17T10:21:57","slug":"api-602-integral-flange-gate-valve-600lb-a105n-body-dn-20-rtj-end","status":"publish","type":"product","link":"https:\/\/www.stvvalves.com\/ro\/products\/api-602-integral-flange-gate-valve-600lb-a105n-body-dn-20-rtj-end\/","title":{"rendered":"API 602 Supap\u0103 cu flan\u0219\u0103 integral\u0103, 600 LB, corp A105N, DN 20, cap\u0103t RTJ"},"content":{"rendered":"<p>1. Proiectare \u0219i fabrica\u021bie: API 602<br \/>\n2. Construc\u021bii: OS&amp;Y, Capot\u0103 cu \u0219uruburi, Capot\u0103 sudat\u0103 \u0219i Capot\u0103 etan\u0219at\u0103 la presiune;<br \/>\n3. Tip alezaj: Port complet<br \/>\n4. Interval de dimensiuni: 1\/2\u2033 p\u00e2n\u0103 la 2\u2033.<br \/>\n5. Presiune nominal\u0103: ANSI 150, 300, 600, 900, 1500 \u0219i 2500LBS<br \/>\n6. Conexiuni la cap\u0103t: cu flan\u0219\u0103 (RF, RTJ)<br \/>\nAlte capete disponibile, de asemenea: filetat (\u00een\u0219urubat, NPT), sudare cap la cap (BW), sudare prin soclu (SW).<br \/>\n7. Materiale disponibile \u00een: A105 (N), LF2, F5, F11, F22, F304, F316, F51, F53 sau Echivalent;<br \/>\n8. Sunt disponibile diverse materiale de finisare pentru a se potrivi diferitelor condi\u021bii de service<br \/>\n9. NACE MR 0175 la cerere<br \/>\n10.Test \u0219i inspec\u021bie: API598<\/p>\n<table>\n<tbody>\n<tr>\n<td width=\"200\"><strong><b>numele produsului<\/b><\/strong><\/td>\n<td width=\"481\">API 602 Supap\u0103 cu flan\u0219\u0103 integral\u0103, 600 LB, corp A105N, DN 20, cap\u0103t RTJ<\/td>\n<\/tr>\n<tr>\n<td width=\"200\">1. Material<\/td>\n<td width=\"481\">A105 (N), LF2, F5, F11, F22, F304, F316, F51, F53 sau echivalent;<\/td>\n<\/tr>\n<tr>\n<td width=\"200\">2. Dimensiunea<\/td>\n<td width=\"481\">1\/2&#8243;~2&#8243; &#8216; (\u00a015~50)<\/td>\n<\/tr>\n<tr>\n<td width=\"200\">4. Port<\/td>\n<td width=\"481\">Port reductor<\/td>\n<\/tr>\n<tr>\n<td width=\"200\">5. Presiunea de lucru<\/td>\n<td width=\"481\">150LB-2500LB<\/td>\n<\/tr>\n<tr>\n<td width=\"200\">6. Conexiunea se termin\u0103<\/td>\n<td width=\"481\">FF,RF.RTJ<\/td>\n<\/tr>\n<tr>\n<td width=\"200\">7. Temp. de lucru.<\/td>\n<td width=\"481\">-29~600\u00baC,<\/td>\n<\/tr>\n<tr>\n<td width=\"200\">8. Mediu potrivit<\/td>\n<td width=\"481\">Ap\u0103, gaze naturale, ulei \u0219i ceva lichid coroziv<\/td>\n<\/tr>\n<tr>\n<td width=\"200\">9. Operat<\/td>\n<td width=\"481\">Roat\u0103 de m\u00e2n\u0103<\/td>\n<\/tr>\n<tr>\n<td width=\"200\">10. Inspec\u021bie \u0219i testare<\/td>\n<td width=\"481\">Conform API 598<\/td>\n<\/tr>\n<tr>\n<td width=\"200\"><strong><b>Expediere<\/b><\/strong><\/td>\n<td width=\"481\">&nbsp;<\/td>\n<\/tr>\n<tr>\n<td width=\"200\">Timpul de livrare<\/td>\n<td width=\"481\">30 de zile<\/td>\n<\/tr>\n<tr>\n<td width=\"200\">Pachet<\/td>\n<td width=\"481\">Carcas\u0103 standard de export de placaj<\/td>\n<\/tr>\n<tr>\n<td width=\"200\">Portul de expediere<\/td>\n<td width=\"481\">Ningbo\/Shanghai, China<\/td>\n<\/tr>\n<tr>\n<td width=\"200\">Termeni de livrare<\/td>\n<td width=\"481\">Exw, FOB, CFR, CIF etc.<\/td>\n<\/tr>\n<tr>\n<td width=\"200\">Termeni de plat\u0103<\/td>\n<td width=\"481\">T\/T, Western Union, PayPal etc.<\/td>\n<\/tr>\n<tr>\n<td width=\"200\">&nbsp;<\/td>\n<td width=\"481\">Plat\u0103 anticipat\u0103 30%, sold 70% pl\u0103tit \u00eenainte de expediere<\/td>\n<\/tr>\n<tr>\n<td width=\"200\">\u021aara de origine<\/td>\n<td width=\"481\">Ora\u0219ul Wenzhou, China<\/td>\n<\/tr>\n<tr>\n<td width=\"200\">Capacitatea de produc\u021bie<\/td>\n<td width=\"481\">6000 tone\/an<\/td>\n<\/tr>\n<tr>\n<td width=\"200\">MOQ<\/td>\n<td width=\"481\">10 buc\/dimensiune<\/td>\n<\/tr>\n<\/tbody>\n<\/table>\n<p>&nbsp;<\/p>\n<p>&nbsp;<\/p>","protected":false},"excerpt":{"rendered":"<p>Model: STV-Z41H-600LB-A105N-DN20<\/p>\n<p>Supape de gur\u0103 cu flan\u0219\u0103 integral\u0103 API 602: industrial\u0103, cu poart\u0103 solid\u0103 sau cu pan\u0103, supape cu gur\u0103 din o\u021bel carbon forjat Api 602, supape cu gur\u0103 din o\u021bel inoxidabil \u0219i supape cu blocaj din o\u021bel aliat, garnituri \u00een 13CR, 8#, 5# \u0219i o\u021bel inoxidabil; Dimensiuni de la 1\/2\u2033 la 2\u2033, Clasa de presiune ANSI 150LBS, 300LBS, 600LBS, 900LBS, 1500LBS \u0219i 2500LBS;<br \/>\nTipuri de flan\u0219e de cap\u0103t: supap\u0103 de blocare cu flan\u0219\u0103 integral\u0103 \u0219i supap\u0103 de blocare cu flan\u0219\u0103 sudata, RF \u0219i RTJ. Tij\u0103 \u00een ridicare, modele BB \u0219i WB, ac\u021bionat cu roat\u0103 sau tij\u0103 goal\u0103<\/p>\n<p>STV Valve Technology Group Co., Ltd este un lider profesionist din China API 602 Robinet, API 602 Integral Flange Forged Gate Supape, Integral Flanged Gate Supape, Robinete de guard cu flan\u0219\u0103 integral\u0103, Robine de gur\u0103 forjat mic cu flan\u0219\u0103 integral\u0103, Supap\u0103 de cap\u0103t cu flan\u0219\u0103 integral\u0103 600LB, China DN20 Produc\u0103tor de supape de cap\u0103t cu flan\u0219\u0103 integral\u0103 cu \u00eenalt\u0103 calitate \u0219i pre\u021b competitiv.<\/p>\n<p>V\u0103 rug\u0103m s\u0103 contacta\u021bi sales@stvvalve.com pentru alte materiale \u0219i detalii.<\/p>\n<p>Fi\u0219\u0103 de date:<a href=\"https:\/\/www.stvvalves.com\/wp-content\/uploads\/2019\/03\/api-602-integral-flange-gate-valve-600lb-a105n-body-dn-20-rtj-end-drawing.pdf\">API 602 Supap\u0103 cu flan\u0219\u0103 integral\u0103, 600 LB, corp A105N, DN 20, cap\u0103t RTJ<\/a><\/p>","protected":false},"featured_media":4560,"template":"","meta":[],"product_brand":[],"product_cat":[59,44],"product_tag":[678,223,676,679,677,666],"class_list":{"0":"post-4559","1":"product","2":"type-product","3":"status-publish","4":"has-post-thumbnail","6":"product_cat-forged-steel-gate-valve","7":"product_cat-gate-valve","8":"product_tag-600lb-integral-flange-end-gate-valve","9":"product_tag-api-602-gate-valve","10":"product_tag-api-602-integral-flange-forged-gate-valve","11":"product_tag-dn20-integral-flange-end-gate-valve","12":"product_tag-integral-flanged-gate-valves","13":"product_tag-small-forged-gate-valve-integral-flanged","15":"first","16":"instock","17":"shipping-taxable","18":"product-type-simple"},"_links":{"self":[{"href":"https:\/\/www.stvvalves.com\/ro\/wp-json\/wp\/v2\/product\/4559","targetHints":{"allow":["GET"]}}],"collection":[{"href":"https:\/\/www.stvvalves.com\/ro\/wp-json\/wp\/v2\/product"}],"about":[{"href":"https:\/\/www.stvvalves.com\/ro\/wp-json\/wp\/v2\/types\/product"}],"wp:featuredmedia":[{"embeddable":true,"href":"https:\/\/www.stvvalves.com\/ro\/wp-json\/wp\/v2\/media\/4560"}],"wp:attachment":[{"href":"https:\/\/www.stvvalves.com\/ro\/wp-json\/wp\/v2\/media?parent=4559"}],"wp:term":[{"taxonomy":"product_brand","embeddable":true,"href":"https:\/\/www.stvvalves.com\/ro\/wp-json\/wp\/v2\/product_brand?post=4559"},{"taxonomy":"product_cat","embeddable":true,"href":"https:\/\/www.stvvalves.com\/ro\/wp-json\/wp\/v2\/product_cat?post=4559"},{"taxonomy":"product_tag","embeddable":true,"href":"https:\/\/www.stvvalves.com\/ro\/wp-json\/wp\/v2\/product_tag?post=4559"}],"curies":[{"name":"wp","href":"https:\/\/api.w.org\/{rel}","templated":true}]}}