{"id":4563,"date":"2019-03-24T13:23:33","date_gmt":"2019-03-24T13:23:33","guid":{"rendered":"https:\/\/www.stvvalves.com\/?post_type=product&#038;p=4563"},"modified":"2025-02-17T18:21:35","modified_gmt":"2025-02-17T10:21:35","slug":"2500lb-weld-bonnet-globe-valve-f3161-inch-api-602-bw-end","status":"publish","type":"product","link":"https:\/\/www.stvvalves.com\/ro\/products\/2500lb-weld-bonnet-globe-valve-f3161-inch-api-602-bw-end\/","title":{"rendered":"Supap\u0103 cu glob cu capot\u0103 sudat\u0103 de 2500 lb, F316, 1 inch, API602, cap\u0103t BW"},"content":{"rendered":"<p>Caracteristici de design<br \/>\nDesign port complet sau port redus<br \/>\nDisc general sau ac<br \/>\nCapot\u0103 cu \u0219uruburi, capot\u0103 sudat\u0103 sau capot\u0103 etan\u0219at\u0103 la presiune<br \/>\nCapetele cu flan\u0219\u0103, sudate cap la cap, sudate prin soclu sau filetate<br \/>\nStructura Y op\u021bional\u0103<\/p>\n<p>Materiale caroserie: A105, LF2, F9, F11, F22, F304, F304L, F316, F316L, F321, F51, o\u021bel aliat, etc.<br \/>\nTrim: conform API 602<br \/>\nOperare: roat\u0103 de m\u00e2n\u0103<\/p>\n<p>Standard aplicabil<br \/>\nStandard de proiectare: API 602, ASME B16.34, BS 5352, DIN3352<br \/>\nFa\u021b\u0103 \u00een fa\u021b\u0103: ASME B16.10, EN 558, DIN3202<br \/>\nFlan\u0219\u0103 de cap\u0103t: ASME B16.5, DIN2533<br \/>\nCapetele de sudare cap la cap: ASME B16.25, DIN3239<br \/>\nCapetele sudate prin muf\u0103: ASME B16.11<br \/>\nCapetele filetate: ASME B1.20.1<br \/>\nInspec\u021bie \u0219i testare: API 598, DIN 3202<\/p>\n<p>Gama de produse<br \/>\nDimensiune: 1\/2\u2033 ~ 2\u2033 (DN15 ~ DN50)<br \/>\nEvaluare: ANSI 150lb ~ 2500lb (PN 1.0 ~ PN 320)<\/p>\n<p><img loading=\"lazy\" decoding=\"async\" class=\"alignleft size-full wp-image-4564\" src=\"https:\/\/www.stvvalves.com\/wp-content\/uploads\/2019\/03\/2500lb-weld-bonnet-globe-valve-f3161-inch-api-602-bw-end-drawing.jpg\" alt=\"\" width=\"2338\" height=\"1653\" srcset=\"https:\/\/www.stvvalves.com\/wp-content\/uploads\/2019\/03\/2500lb-weld-bonnet-globe-valve-f3161-inch-api-602-bw-end-drawing.jpg 2338w, https:\/\/www.stvvalves.com\/wp-content\/uploads\/2019\/03\/2500lb-weld-bonnet-globe-valve-f3161-inch-api-602-bw-end-drawing-600x424.jpg 600w, https:\/\/www.stvvalves.com\/wp-content\/uploads\/2019\/03\/2500lb-weld-bonnet-globe-valve-f3161-inch-api-602-bw-end-drawing-300x212.jpg 300w, https:\/\/www.stvvalves.com\/wp-content\/uploads\/2019\/03\/2500lb-weld-bonnet-globe-valve-f3161-inch-api-602-bw-end-drawing-768x543.jpg 768w, https:\/\/www.stvvalves.com\/wp-content\/uploads\/2019\/03\/2500lb-weld-bonnet-globe-valve-f3161-inch-api-602-bw-end-drawing-1030x728.jpg 1030w, https:\/\/www.stvvalves.com\/wp-content\/uploads\/2019\/03\/2500lb-weld-bonnet-globe-valve-f3161-inch-api-602-bw-end-drawing-1500x1061.jpg 1500w, https:\/\/www.stvvalves.com\/wp-content\/uploads\/2019\/03\/2500lb-weld-bonnet-globe-valve-f3161-inch-api-602-bw-end-drawing-260x185.jpg 260w, https:\/\/www.stvvalves.com\/wp-content\/uploads\/2019\/03\/2500lb-weld-bonnet-globe-valve-f3161-inch-api-602-bw-end-drawing-705x498.jpg 705w\" sizes=\"auto, (max-width: 2338px) 100vw, 2338px\" \/><\/p>","protected":false},"excerpt":{"rendered":"<p>Model: STV-J61Y-2500LB-F316-1\u2033<\/p>\n<p>Supapa cu glob cu capot\u0103 de sudur\u0103 de 2500LB este utilizat\u0103 \u00een principal pe conductele diferitelor sisteme ale centralelor termice, t\u0103ind sau conect\u00e2nd mediile de conduct\u0103. Mediu aplicabil: mediu non-coroziv, cum ar fi apa \u0219i aburul. \u00cen compara\u021bie cu alte produse cu supape, supapele din o\u021bel forjat se caracterizeaz\u0103 prin temperatur\u0103 ridicat\u0103 \u0219i presiune ridicat\u0103, design unic cu autoetan\u0219are, cu c\u00e2t presiunea este mai mare, cu at\u00e2t etan\u0219area este mai fiabil\u0103. Datorita caracteristicilor tehnice si conditiilor de lucru deosebite, produsele formeaza si caracteristici care nu pot fi inlocuite de alte produse.<\/p>\n<p>STV Valve Technology Group Co., Ltd este un lider profesionist China Weld Bonnet Globe Valve, Supap\u0103 Globe din o\u021bel carbon forjat, Supap\u0103 Globe API 602, Supap\u0103 Globe API 602 2500LB, Supap\u0103 Globe F316, Produc\u0103tor de Supape Globe cu capot\u0103 de 1 inch de \u00eenalt\u0103 calitate \u0219i pre\u021b competitiv.<\/p>\n<p>V\u0103 rug\u0103m s\u0103 contacta\u021bi sales@stvvalve.com pentru alte materiale \u0219i detalii.<\/p>\n<p>Fi\u0219\u0103 de date:<a href=\"https:\/\/www.stvvalves.com\/wp-content\/uploads\/2019\/03\/2500lb-weld-bonnet-globe-valve-f3161-inch-api-602-bw-end-drawing.pdf\">Supap\u0103 cu glob cu capot\u0103 sudat\u0103 de 2500 lb, F316, 1 inch, API602, cap\u0103t BW<\/a><\/p>","protected":false},"featured_media":4565,"template":"","meta":[],"product_brand":[],"product_cat":[64,45],"product_tag":[682,210,680,681,585],"class_list":{"0":"post-4563","1":"product","2":"type-product","3":"status-publish","4":"has-post-thumbnail","6":"product_cat-foreged-steel-globe-valve","7":"product_cat-globe-valve","8":"product_tag-1-inch-weld-bonnet-globe-valve","9":"product_tag-2500lb-globe-valve","10":"product_tag-butt-weld-end-globe-valves","11":"product_tag-f316-globe-valve","12":"product_tag-welded-bonnet-globe-valve","14":"first","15":"instock","16":"shipping-taxable","17":"product-type-simple"},"_links":{"self":[{"href":"https:\/\/www.stvvalves.com\/ro\/wp-json\/wp\/v2\/product\/4563","targetHints":{"allow":["GET"]}}],"collection":[{"href":"https:\/\/www.stvvalves.com\/ro\/wp-json\/wp\/v2\/product"}],"about":[{"href":"https:\/\/www.stvvalves.com\/ro\/wp-json\/wp\/v2\/types\/product"}],"wp:featuredmedia":[{"embeddable":true,"href":"https:\/\/www.stvvalves.com\/ro\/wp-json\/wp\/v2\/media\/4565"}],"wp:attachment":[{"href":"https:\/\/www.stvvalves.com\/ro\/wp-json\/wp\/v2\/media?parent=4563"}],"wp:term":[{"taxonomy":"product_brand","embeddable":true,"href":"https:\/\/www.stvvalves.com\/ro\/wp-json\/wp\/v2\/product_brand?post=4563"},{"taxonomy":"product_cat","embeddable":true,"href":"https:\/\/www.stvvalves.com\/ro\/wp-json\/wp\/v2\/product_cat?post=4563"},{"taxonomy":"product_tag","embeddable":true,"href":"https:\/\/www.stvvalves.com\/ro\/wp-json\/wp\/v2\/product_tag?post=4563"}],"curies":[{"name":"wp","href":"https:\/\/api.w.org\/{rel}","templated":true}]}}