{"id":4567,"date":"2019-03-24T14:15:25","date_gmt":"2019-03-24T14:15:25","guid":{"rendered":"https:\/\/www.stvvalves.com\/?post_type=product&#038;p=4567"},"modified":"2025-02-17T18:21:34","modified_gmt":"2025-02-17T10:21:34","slug":"2pc-ball-valve-flanged-end-with-direct-mounting-pad-150lb-304","status":"publish","type":"product","link":"https:\/\/www.stvvalves.com\/ro\/products\/2pc-ball-valve-flanged-end-with-direct-mounting-pad-150lb-304\/","title":{"rendered":"Cap\u0103t cu flan\u0219\u0103 cu robinet cu bil\u0103 2 buc, cu suport de montare direct\u0103, 150 LB, 304"},"content":{"rendered":"<p>Caracteristici cheie<\/p>\n<p>Cap\u0103t cu flan\u0219\u0103 cu robinet cu bil\u0103 2 buc, cu suport de montare direct\u0103, 150 LB, 304<br \/>\nPad de montare direct\u0103 ISO<br \/>\nFull Bore<br \/>\nPresiune nominal\u0103: ANSI CL150 \/ EN1092-1 PN10~40 \/JIS 10K<br \/>\nDimensiune: DN15 ~ DN200<br \/>\nTij\u0103 rezistent\u0103 la explozie din o\u021bel inoxidabil<br \/>\nScaun: RTFE<br \/>\nMinge: CF8M Minge solid\u0103<br \/>\nGrosimea peretelui este \u00een conformitate cu ASME B16.34<br \/>\nDesign de etan\u0219are a treia tulpin\u0103 cu inele O duble<br \/>\nTij\u0103 rezistent\u0103 la explozie<br \/>\nPre\u00eenc\u0103rca\u021bi 2 ma\u0219ini de sp\u0103lat Belleville pentru a auto-ajusta ambalajul<br \/>\nDispozitive antistatice pentru minge, tulpin\u0103 \u0219i corp<br \/>\nProiectare \u0219i construc\u021bie sigure la incendiu<br \/>\nMateriale: WCB, CF8, CF3, CF8M, CF3M etc (materialul special este disponibil \u00een func\u021bie de cerin\u021be.)<br \/>\nTemperatura de lucru: -20\u00b0C~180\u00b0C<\/p>\n<p>STANDARDE:<br \/>\n1. Proiectare \u0219i fabricare: API6D<br \/>\n2. Inspec\u021bie \u0219i testare: API 598, API 6D<br \/>\n3. Dimensiunea flan\u0219ei de cap\u0103t: ASME B16.5<br \/>\n4. Dimensiunea capete BW: ASME B16.25<br \/>\n5. Fa\u021b\u0103 \u00een fa\u021b\u0103 sau Capat la capete: ASME B16.10<br \/>\n6. Evaluare presiune-temperatura: ASME B16.34<\/p>\n<table>\n<tbody>\n<tr>\n<td width=\"200\"><strong>numele produsului<\/strong><\/td>\n<td width=\"481\">Cap\u0103t cu flan\u0219\u0103 cu robinet cu bil\u0103 2 buc, cu suport de montare direct\u0103, 150 LB, 304<\/td>\n<\/tr>\n<tr>\n<td width=\"200\">1. Material<\/td>\n<td width=\"481\">304<\/td>\n<\/tr>\n<tr>\n<td width=\"200\">2. Dimensiunea<\/td>\n<td width=\"481\">2\u201d<\/td>\n<\/tr>\n<tr>\n<td width=\"200\">4. Port<\/td>\n<td width=\"481\">Port complet<\/td>\n<\/tr>\n<tr>\n<td width=\"200\">5. Presiunea de lucru<\/td>\n<td width=\"481\">150 lb<\/td>\n<\/tr>\n<tr>\n<td width=\"200\">6. Conexiunea se termin\u0103<\/td>\n<td width=\"481\">RF<\/td>\n<\/tr>\n<tr>\n<td width=\"200\">7. Temp. de lucru.<\/td>\n<td width=\"481\">-29~180\u00baC,<\/td>\n<\/tr>\n<tr>\n<td width=\"200\">8. Mediu potrivit<\/td>\n<td width=\"481\">Ap\u0103, gaze naturale, ulei \u0219i ceva lichid coroziv<\/td>\n<\/tr>\n<tr>\n<td width=\"200\">9. Operat<\/td>\n<td width=\"481\">Roat\u0103 de m\u00e2n\u0103<\/td>\n<\/tr>\n<tr>\n<td width=\"200\">10. Inspec\u021bie \u0219i testare<\/td>\n<td width=\"481\">Conform API598<\/td>\n<\/tr>\n<tr>\n<td width=\"200\"><strong>Expediere<\/strong><\/td>\n<td width=\"481\"><\/td>\n<\/tr>\n<tr>\n<td width=\"200\">Timpul de livrare<\/td>\n<td width=\"481\">30 de zile<\/td>\n<\/tr>\n<tr>\n<td width=\"200\">Pachet<\/td>\n<td width=\"481\">Carcas\u0103 standard de export de placaj<\/td>\n<\/tr>\n<tr>\n<td width=\"200\">Portul de expediere<\/td>\n<td width=\"481\">Ningbo\/Shanghai, China<\/td>\n<\/tr>\n<tr>\n<td width=\"200\">Termeni de livrare<\/td>\n<td width=\"481\">Exw, FOB, CFR, CIF etc.<\/td>\n<\/tr>\n<tr>\n<td width=\"200\">Termeni de plat\u0103<\/td>\n<td width=\"481\">T\/T, Western Union, PayPal etc.<\/td>\n<\/tr>\n<tr>\n<td width=\"200\"><\/td>\n<td width=\"481\">Plat\u0103 anticipat\u0103 30%, sold 70% pl\u0103tit \u00eenainte de expediere<\/td>\n<\/tr>\n<tr>\n<td width=\"200\">\u021aara de origine<\/td>\n<td width=\"481\">Ora\u0219ul Wenzhou, China<\/td>\n<\/tr>\n<tr>\n<td width=\"200\">Capacitatea de produc\u021bie<\/td>\n<td width=\"481\">6000 tone\/an<\/td>\n<\/tr>\n<tr>\n<td width=\"200\">MOQ<\/td>\n<td width=\"481\">1 buc\/dimensiune<\/td>\n<\/tr>\n<\/tbody>\n<\/table>","protected":false},"excerpt":{"rendered":"<p>Model: STV-Q41F-150LB-304-2\u2033<\/p>\n<p>Cap\u0103tul cu flan\u0219\u0103 cu robinet cu bil\u0103 de 2 buc cu suport de montare direct\u0103 este utilizat pe scar\u0103 larg\u0103 \u00een: chimie, petrochimie, petrol, h\u00e2rtie, minerit, energie electric\u0103, gaz petrolier lichefiat, alimente, farmaceutice, alimentare cu ap\u0103 \u0219i drenaj, echipamente municipale, mecanice, industria electronic\u0103, construc\u021bii urbane \u0219i alte c\u00e2mpuri. are orificiu complet, corp din o\u021bel inoxidabil, scaun PTFE ranforsat, etan\u0219are din grafit \u0219i partea superioar\u0103 de montare ISO pentru ac\u021bionare. Beneficiind dintr-un corp divizat, design \u00een dou\u0103 piese, certificat Fire Safe conform API607 edi\u021bia a 4-a cu o tij\u0103 antistatic\u0103 cu arc. -la-bil\u0103&quot; \u0219i &quot;tulpin\u0103-la-corp&quot; montate standard.<\/p>\n<p>STV Valve Technology Group Co., Ltd este un lider profesionist din China 2 supape cu bil\u0103 cu flan\u0219\u0103, supap\u0103 cu bil\u0103 din o\u021bel inoxidabil, supap\u0103 cu bil\u0103 plutitoare cu flan\u0219\u0103 \u00een 2 piese, supap\u0103 cu bil\u0103 direct\u0103 pentru supap\u0103 cu sfer\u0103, supap\u0103 cu bil\u0103 cu flan\u0219\u0103 cu montare direct\u0103, supap\u0103 cu bil\u0103 cu flan\u0219\u0103, suport pentru montare direct\u0103 Fabricare de supape cu bil\u0103 de \u00eenalt\u0103 calitate \u0219i pre\u021b competitiv.<\/p>\n<p>V\u0103 rug\u0103m s\u0103 contacta\u021bi sales@stvvalve.com pentru alte materiale \u0219i detalii.<\/p>\n<p>Fi\u0219\u0103 de date:<a href=\"https:\/\/www.stvvalves.com\/wp-content\/uploads\/2019\/03\/2pc-ball-valve-flanged-end-with-direct-mounting-pad-150lb-304-drawing.pdf\">Cap\u0103t cu flan\u0219\u0103 cu robinet cu bil\u0103 2 buc, cu suport de montare direct\u0103, 150 LB, 304<\/a><\/p>","protected":false},"featured_media":4569,"template":"","meta":[],"product_brand":[],"product_cat":[43,53],"product_tag":[685,687,424,684,683,177,686],"class_list":{"0":"post-4567","1":"product","2":"type-product","3":"status-publish","4":"has-post-thumbnail","6":"product_cat-ball-valve","7":"product_cat-stainless-steel-ball-valve","8":"product_tag-2-piece-flanged-floating-ball-valve","9":"product_tag-2pc-flanged-ball-valve","10":"product_tag-ball-valve-direct-mounting-pad","11":"product_tag-direct-mounting-flanged-end-ball-valves","12":"product_tag-direct-mounting-pad-ball-valve","13":"product_tag-flanged-ball-valve","14":"product_tag-stainless-steel-ball-valve","16":"first","17":"instock","18":"shipping-taxable","19":"product-type-simple"},"_links":{"self":[{"href":"https:\/\/www.stvvalves.com\/ro\/wp-json\/wp\/v2\/product\/4567","targetHints":{"allow":["GET"]}}],"collection":[{"href":"https:\/\/www.stvvalves.com\/ro\/wp-json\/wp\/v2\/product"}],"about":[{"href":"https:\/\/www.stvvalves.com\/ro\/wp-json\/wp\/v2\/types\/product"}],"wp:featuredmedia":[{"embeddable":true,"href":"https:\/\/www.stvvalves.com\/ro\/wp-json\/wp\/v2\/media\/4569"}],"wp:attachment":[{"href":"https:\/\/www.stvvalves.com\/ro\/wp-json\/wp\/v2\/media?parent=4567"}],"wp:term":[{"taxonomy":"product_brand","embeddable":true,"href":"https:\/\/www.stvvalves.com\/ro\/wp-json\/wp\/v2\/product_brand?post=4567"},{"taxonomy":"product_cat","embeddable":true,"href":"https:\/\/www.stvvalves.com\/ro\/wp-json\/wp\/v2\/product_cat?post=4567"},{"taxonomy":"product_tag","embeddable":true,"href":"https:\/\/www.stvvalves.com\/ro\/wp-json\/wp\/v2\/product_tag?post=4567"}],"curies":[{"name":"wp","href":"https:\/\/api.w.org\/{rel}","templated":true}]}}