{"id":4603,"date":"2019-04-02T14:06:30","date_gmt":"2019-04-02T14:06:30","guid":{"rendered":"https:\/\/www.stvvalves.com\/?post_type=product&#038;p=4603"},"modified":"2025-02-17T18:21:32","modified_gmt":"2025-02-17T10:21:32","slug":"api-600-flanged-gate-valve-10-inch-cl900-wcb-body-rf","status":"publish","type":"product","link":"https:\/\/www.stvvalves.com\/ro\/products\/api-600-flanged-gate-valve-10-inch-cl900-wcb-body-rf\/","title":{"rendered":"Supap\u0103 cu poart\u0103 cu flan\u0219\u0103 API 600, 10 inchi, CL900, corp WCB, RF"},"content":{"rendered":"<p>Proiectare \u0219i fabrica\u021bie: Supap\u0103 de gunoi din o\u021bel turnat la API 600 (ISO 10434) \u3001 API 6D; Supap\u0103 de blocare din o\u021bel inoxidabil turnat la API 603, API 600<\/p>\n<p>Inspec\u021bie \u0219i testare: API598, API600 sau API 6D<\/p>\n<p>Dimensiunea flan\u0219ei de cap\u0103t: ASME B16.5 (pentru NPS\u226424, ASME B 16.47 seria B, API 605, ASME B16.47 A Series, MSS SP-44 (pentru NPS\uff1e24)<\/p>\n<p>Dimensiune final\u0103 BW: ASME B16.25<\/p>\n<p>Fa\u021b\u0103 \u00een fa\u021b\u0103 \u0219i cap\u0103t la cap\u0103t: ASME B16.10<\/p>\n<p>Evalu\u0103ri presiune-temperatura: ASME B16.34<\/p>\n<p>Gam\u0103 de produse<\/p>\n<p>Material corp: o\u021bel carbon, o\u021bel inoxidabil, o\u021bel aliat<\/p>\n<p>Diametru nominal: 2\u2033~36\u2033(DN50~DN900)<\/p>\n<p>Termina\u021bi conexiunea: RF,RTJ, BW<\/p>\n<p>Interval de presiune: Class150~900(PN16~PN150)<\/p>\n<p>Temperatura de lucru: -29\u2103~+560\u2103<\/p>\n<p>Operare: roat\u0103 de m\u00e2n\u0103, angrenaj, actuator electric, etc.<\/p>\n<p>&nbsp;<\/p>\n<table>\n<tbody>\n<tr>\n<td width=\"200\"><strong>numele produsului<\/strong><\/td>\n<td width=\"481\">Supap\u0103 cu poart\u0103 cu flan\u0219\u0103 API 600, 10 inchi, CL900, corp WCB, RF<\/td>\n<\/tr>\n<tr>\n<td width=\"200\">1. Material<\/td>\n<td width=\"481\">WCB<\/td>\n<\/tr>\n<tr>\n<td width=\"200\">2. Dimensiunea<\/td>\n<td width=\"481\">10\u201d<\/td>\n<\/tr>\n<tr>\n<td width=\"200\">4. Port<\/td>\n<td width=\"481\">Port complet<\/td>\n<\/tr>\n<tr>\n<td width=\"200\">5. Presiunea de lucru<\/td>\n<td width=\"481\">900 lb<\/td>\n<\/tr>\n<tr>\n<td width=\"200\">6. Conexiunea se termin\u0103<\/td>\n<td width=\"481\">RF<\/td>\n<\/tr>\n<tr>\n<td width=\"200\">7. Temp. de lucru.<\/td>\n<td width=\"481\">-29~425\u00baC,<\/td>\n<\/tr>\n<tr>\n<td width=\"200\">8. Mediu potrivit<\/td>\n<td width=\"481\">Ap\u0103, gaze naturale, ulei \u0219i ceva lichid coroziv<\/td>\n<\/tr>\n<tr>\n<td width=\"200\">9. Operat<\/td>\n<td width=\"481\">Cutie de viteze<\/td>\n<\/tr>\n<tr>\n<td width=\"200\">10. Inspec\u021bie \u0219i testare<\/td>\n<td width=\"481\">Conform API598<\/td>\n<\/tr>\n<tr>\n<td width=\"200\"><strong>Expediere<\/strong><\/td>\n<td width=\"481\"><\/td>\n<\/tr>\n<tr>\n<td width=\"200\">Timpul de livrare<\/td>\n<td width=\"481\">30 de zile<\/td>\n<\/tr>\n<tr>\n<td width=\"200\">Pachet<\/td>\n<td width=\"481\">Carcas\u0103 standard de export de placaj<\/td>\n<\/tr>\n<tr>\n<td width=\"200\">Portul de expediere<\/td>\n<td width=\"481\">Ningbo\/Shanghai, China<\/td>\n<\/tr>\n<tr>\n<td width=\"200\">Termeni de livrare<\/td>\n<td width=\"481\">Exw, FOB, CFR, CIF etc.<\/td>\n<\/tr>\n<tr>\n<td width=\"200\">Termeni de plat\u0103<\/td>\n<td width=\"481\">T\/T, Western Union, PayPal etc.<\/td>\n<\/tr>\n<tr>\n<td width=\"200\"><\/td>\n<td width=\"481\">Plat\u0103 anticipat\u0103 30%, sold 70% pl\u0103tit \u00eenainte de expediere<\/td>\n<\/tr>\n<tr>\n<td width=\"200\">\u021aara de origine<\/td>\n<td width=\"481\">Ora\u0219ul Wenzhou, China<\/td>\n<\/tr>\n<tr>\n<td width=\"200\">Capacitatea de produc\u021bie<\/td>\n<td width=\"481\">6000 tone\/an<\/td>\n<\/tr>\n<tr>\n<td width=\"200\">MOQ<\/td>\n<td width=\"481\">1 buc\/dimensiune<\/td>\n<\/tr>\n<\/tbody>\n<\/table>","protected":false},"excerpt":{"rendered":"<p>Model: STV-Z541Y-900LB-WCB-10Inch<\/p>\n<p>Supapa cu poart\u0103 cu flan\u0219\u0103 API 600 are rezisten\u021b\u0103 mic\u0103 la fluid, eroziune mic\u0103 a suprafe\u021bei de etan\u0219are, f\u0103r\u0103 schimbare a direc\u021biei de curgere medie, f\u0103r\u0103 perturb\u0103ri, c\u0103dere mic\u0103 de presiune, cuplu mic de deschidere \u0219i \u00eenchidere, lungime mic\u0103 a structurii, performan\u021b\u0103 bun\u0103 a procesului, presiune aplicabil\u0103, gam\u0103 larg\u0103 de temperatur\u0103, etc. Direc\u021bia de mi\u0219care a elementului de deschidere \u0219i \u00eenchidere este perpendicular\u0103 pe direc\u021bia de curgere a mediului (nu pentru supapa de accelera\u021bie). Este cea mai comun\u0103 supap\u0103 de \u00eenchidere folosit\u0103 pentru a \u00eentrerupe sau a porni mediul din conduct\u0103.<\/p>\n<p>STV Valve Technology Group Co., Ltd este un lider profesionist din China. Supape de gur\u0103 din o\u021bel turnat, Supape de gur\u0103 din o\u021bel turnat API 600, Supape de gur\u0103 cu pan\u0103, Asme B16.34 Clasa 900 Lb Supape de gur\u0103 din o\u021bel turnat, Supape de blocare cu flan\u0219\u0103 de 10 inch, o\u021bel turnat din China Produc\u0103tor de supape de \u00eenchidere cu \u00eenalt\u0103 calitate \u0219i pre\u021b competitiv.<\/p>\n<p>V\u0103 rug\u0103m s\u0103 contacta\u021bi sales@stvvalve.com pentru alte materiale \u0219i detalii.<\/p>\n<p>Fi\u0219\u0103 de date:<a href=\"https:\/\/www.stvvalves.com\/wp-content\/uploads\/2019\/04\/API-600-Flanged-Gate-Valve-10-Inch-CL900-WCB-Body-RF-drwaing.pdf\">Supap\u0103 cu poart\u0103 cu flan\u0219\u0103 API 600, 10 inchi, CL900, corp WCB, cap\u0103t RF<\/a><\/p>","protected":false},"featured_media":4604,"template":"","meta":[],"product_brand":[],"product_cat":[58,44],"product_tag":[716,715,714,713,431],"class_list":{"0":"post-4603","1":"product","2":"type-product","3":"status-publish","4":"has-post-thumbnail","6":"product_cat-cast-steel-gate-valve","7":"product_cat-gate-valve","8":"product_tag-10-inch-flanged-gate-valve","9":"product_tag-900lb-flanged-gate-valve","10":"product_tag-api-600-cast-steel-gate-valve","11":"product_tag-api-600-gate-valves","12":"product_tag-wedge-gate-valve","14":"first","15":"instock","16":"shipping-taxable","17":"product-type-simple"},"_links":{"self":[{"href":"https:\/\/www.stvvalves.com\/ro\/wp-json\/wp\/v2\/product\/4603","targetHints":{"allow":["GET"]}}],"collection":[{"href":"https:\/\/www.stvvalves.com\/ro\/wp-json\/wp\/v2\/product"}],"about":[{"href":"https:\/\/www.stvvalves.com\/ro\/wp-json\/wp\/v2\/types\/product"}],"wp:featuredmedia":[{"embeddable":true,"href":"https:\/\/www.stvvalves.com\/ro\/wp-json\/wp\/v2\/media\/4604"}],"wp:attachment":[{"href":"https:\/\/www.stvvalves.com\/ro\/wp-json\/wp\/v2\/media?parent=4603"}],"wp:term":[{"taxonomy":"product_brand","embeddable":true,"href":"https:\/\/www.stvvalves.com\/ro\/wp-json\/wp\/v2\/product_brand?post=4603"},{"taxonomy":"product_cat","embeddable":true,"href":"https:\/\/www.stvvalves.com\/ro\/wp-json\/wp\/v2\/product_cat?post=4603"},{"taxonomy":"product_tag","embeddable":true,"href":"https:\/\/www.stvvalves.com\/ro\/wp-json\/wp\/v2\/product_tag?post=4603"}],"curies":[{"name":"wp","href":"https:\/\/api.w.org\/{rel}","templated":true}]}}