{"id":4609,"date":"2019-04-02T14:38:53","date_gmt":"2019-04-02T14:38:53","guid":{"rendered":"https:\/\/www.stvvalves.com\/?post_type=product&#038;p=4609"},"modified":"2025-05-20T20:47:26","modified_gmt":"2025-05-20T12:47:26","slug":"flange-knife-gate-valve-din-pn16-cf8-body-dn450","status":"publish","type":"product","link":"https:\/\/www.stvvalves.com\/ro\/products\/flange-knife-gate-valve-din-pn16-cf8-body-dn450\/","title":{"rendered":"Supap\u0103 cu\u021bit cu flan\u0219\u0103, DIN, PN16, Corp CF8, DN450"},"content":{"rendered":"<p>Features of Flange Knife Gate Valve:<br \/>\nDesign unidirec\u021bional<br \/>\nCorp din o\u021bel turnat cu flan\u0219\u0103 complet\u0103<br \/>\nMecanism de autocuratare<br \/>\nTij\u0103 \u00een sus, \u0219urub exterior \u0219i jug<br \/>\nTip jug: plac\u0103 sau turnare<\/p>\n<p>Standarde aplicabile pentru robinetul cu\u021bit cu flan\u0219\u0103:<br \/>\na) Proiectare \u0219i fabrica\u021bie: MSS SP-61, ASME 16.34<br \/>\nb) Fa\u021b\u0103 \u00een fa\u021b\u0103: MSS SP-81, ASME B16.10, EN 558<br \/>\nc) Cap\u0103tul conexiunii: ASME B16.5, EN 1092, JIS B2220<br \/>\nd) Test: MSS SP-81<\/p>\n<p>Dimensiuni: 2\u2033 \u2013 48\u2033 sau DN 50 \u2013 DN 1200<br \/>\nPresiune nominal\u0103: Clasa 150 sau PN6 \u2013 PN16<br \/>\nMaterialele corpului supapei: WCB, LCB, WC6, CF8, CF3, CF8M, CF3M, 4A etc.<br \/>\nOperare: actuator manual, angrenaj, pneumatic, hidraulic \u0219i electric<\/p>\n<table>\n<tbody>\n<tr>\n<td width=\"200\"><strong>numele produsului<\/strong><\/td>\n<td width=\"481\">Supap\u0103 cu\u021bit cu flan\u0219\u0103, DIN, PN16, Corp CF8, DN450<\/td>\n<\/tr>\n<tr>\n<td width=\"200\">1. Material<\/td>\n<td width=\"481\">CF8<\/td>\n<\/tr>\n<tr>\n<td width=\"200\">2. Dimensiunea<\/td>\n<td width=\"481\">14\u201d<\/td>\n<\/tr>\n<tr>\n<td width=\"200\">4. Port<\/td>\n<td width=\"481\">Port complet<\/td>\n<\/tr>\n<tr>\n<td width=\"200\">5. Presiunea de lucru<\/td>\n<td width=\"481\">PN16<\/td>\n<\/tr>\n<tr>\n<td width=\"200\">6. Conexiunea se termin\u0103<\/td>\n<td width=\"481\">RF<\/td>\n<\/tr>\n<tr>\n<td width=\"200\">7. Temp. de lucru.<\/td>\n<td width=\"481\">-29~425\u00baC,<\/td>\n<\/tr>\n<tr>\n<td width=\"200\">8. Mediu potrivit<\/td>\n<td width=\"481\">Ap\u0103, gaze naturale, ulei \u0219i ceva lichid coroziv<\/td>\n<\/tr>\n<tr>\n<td width=\"200\">9. Operat<\/td>\n<td width=\"481\">Roat\u0103 de m\u00e2n\u0103<\/td>\n<\/tr>\n<tr>\n<td width=\"200\">10. Inspec\u021bie \u0219i testare<\/td>\n<td width=\"481\">Conform API598<\/td>\n<\/tr>\n<tr>\n<td width=\"200\"><strong>Expediere<\/strong><\/td>\n<td width=\"481\"><\/td>\n<\/tr>\n<tr>\n<td width=\"200\">Timpul de livrare<\/td>\n<td width=\"481\">30 de zile<\/td>\n<\/tr>\n<tr>\n<td width=\"200\">Pachet<\/td>\n<td width=\"481\">Carcas\u0103 standard de export de placaj<\/td>\n<\/tr>\n<tr>\n<td width=\"200\">Portul de expediere<\/td>\n<td width=\"481\">Ningbo\/Shanghai, China<\/td>\n<\/tr>\n<tr>\n<td width=\"200\">Termeni de livrare<\/td>\n<td width=\"481\">Exw, FOB, CFR, CIF etc.<\/td>\n<\/tr>\n<tr>\n<td width=\"200\">Termeni de plat\u0103<\/td>\n<td width=\"481\">T\/T, Western Union, PayPal etc.<\/td>\n<\/tr>\n<tr>\n<td width=\"200\"><\/td>\n<td width=\"481\">Plat\u0103 anticipat\u0103 30%, sold 70% pl\u0103tit \u00eenainte de expediere<\/td>\n<\/tr>\n<tr>\n<td width=\"200\">\u021aara de origine<\/td>\n<td width=\"481\">Ora\u0219ul Wenzhou, China<\/td>\n<\/tr>\n<tr>\n<td width=\"200\">Capacitatea de produc\u021bie<\/td>\n<td width=\"481\">6000 tone\/an<\/td>\n<\/tr>\n<tr>\n<td width=\"200\">MOQ<\/td>\n<td width=\"481\">1 buc\/dimensiune<\/td>\n<\/tr>\n<\/tbody>\n<\/table>\n<p>&nbsp;<\/p>","protected":false},"excerpt":{"rendered":"<p>Model:STV-Z43H-PN16-CF8-DN200<\/p>\n<p>The Flange Knife Gate Valve has compact structure, reasonable design, light material, reliable sealing, light and flexible operation, small volume, smooth passage, small flow resistance, light weight, easy installation and easy disassembly. It can work at a pressure of 0.6MPa-1.6. MPa, normal operation with temperature -29-550 \u00b0C. The knife-type gate valve has a shearing function, which can scrape off the adhesive on the sealing surface and automatically remove debris. The stainless steel gate can prevent sealing leakage caused by corrosion.<\/p>\n<p>Flange Knife Gate Valve are widely used in coal preparation, slag discharge, urban sewage treatment, food, paper, medicine, petroleum, chemical and other oil, water, steam pipelines.<\/p>\n<p>STV Valve Technology Group Co., Ltd is a professional leader China Knife Gate Valve,Flange Knife Gate Valve,DIN standard Knife Gate Valve,CF8 Flange Knife Gate Valve,China Flange Manual Knife Gate Valve Manufacturer with high quality and competitive price.<\/p>\n<p>V\u0103 rug\u0103m s\u0103 contacta\u021bi sales@stvvalve.com pentru alte materiale \u0219i detalii.<\/p>\n<p>Fi\u0219\u0103 de date:<a href=\"https:\/\/www.stvvalves.com\/wp-content\/uploads\/2019\/04\/flange-knife-gate-valve-din-pn16-cf8-body-dn450-drawing.jpg\">Supap\u0103 cu\u021bit cu flan\u0219\u0103, DIN, PN16, Corp CF8, DN450<\/a><\/p>","protected":false},"featured_media":4610,"template":"","meta":[],"product_brand":[],"product_cat":[44,62],"product_tag":[720,719,718,721,717],"class_list":{"0":"post-4609","1":"product","2":"type-product","3":"status-publish","4":"has-post-thumbnail","6":"product_cat-gate-valve","7":"product_cat-knife-gate-valve","8":"product_tag-cf8-flange-knife-gate-valve","9":"product_tag-din-standard-knife-gate-valve","10":"product_tag-flange-knife-gate-valve","11":"product_tag-flange-manual-knife-gate-valve","12":"product_tag-knife-gate-valve","14":"first","15":"instock","16":"shipping-taxable","17":"product-type-simple"},"_links":{"self":[{"href":"https:\/\/www.stvvalves.com\/ro\/wp-json\/wp\/v2\/product\/4609","targetHints":{"allow":["GET"]}}],"collection":[{"href":"https:\/\/www.stvvalves.com\/ro\/wp-json\/wp\/v2\/product"}],"about":[{"href":"https:\/\/www.stvvalves.com\/ro\/wp-json\/wp\/v2\/types\/product"}],"wp:featuredmedia":[{"embeddable":true,"href":"https:\/\/www.stvvalves.com\/ro\/wp-json\/wp\/v2\/media\/4610"}],"wp:attachment":[{"href":"https:\/\/www.stvvalves.com\/ro\/wp-json\/wp\/v2\/media?parent=4609"}],"wp:term":[{"taxonomy":"product_brand","embeddable":true,"href":"https:\/\/www.stvvalves.com\/ro\/wp-json\/wp\/v2\/product_brand?post=4609"},{"taxonomy":"product_cat","embeddable":true,"href":"https:\/\/www.stvvalves.com\/ro\/wp-json\/wp\/v2\/product_cat?post=4609"},{"taxonomy":"product_tag","embeddable":true,"href":"https:\/\/www.stvvalves.com\/ro\/wp-json\/wp\/v2\/product_tag?post=4609"}],"curies":[{"name":"wp","href":"https:\/\/api.w.org\/{rel}","templated":true}]}}