{"id":4638,"date":"2019-04-12T02:50:05","date_gmt":"2019-04-12T02:50:05","guid":{"rendered":"https:\/\/www.stvvalves.com\/?post_type=product&#038;p=4638"},"modified":"2025-02-17T18:21:29","modified_gmt":"2025-02-17T10:21:29","slug":"32-inch-wafer-butterfly-valve-wcb-body-304-ptfe-trim-150lb-worm-gear-op","status":"publish","type":"product","link":"https:\/\/www.stvvalves.com\/ro\/products\/32-inch-wafer-butterfly-valve-wcb-body-304-ptfe-trim-150lb-worm-gear-op\/","title":{"rendered":"Supap\u0103 fluture napolitan\u0103 de 32 inch, corp WCB, 304, PTFE, ornament, 150 LB, roat\u0103 melcat\u0103 OP"},"content":{"rendered":"<p>Caracteristici principale:<\/p>\n<p>Pentru structura supapei fluture cu etan\u0219are cu tripl\u0103 excentricitate, atunci c\u00e2nd supapa se afl\u0103 \u00een starea complet\u0103 deschis\u0103, fa\u021ba sa de etan\u0219are a pl\u0103cii fluture se va desprinde complet de fa\u021ba de etan\u0219are a scaunului supapei; c\u00e2nd este deschis\u0103 de la 0 la 90\u00b0, fa\u021ba de etan\u0219are a pl\u0103cii fluture se va rupe de fa\u021ba de etan\u0219are a scaunului supapei la deschidere; c\u00e2nd este \u00eenchis de la 90\u00b0 la 0\u00b0 \u0219i numai la \u00eenchidere, fa\u021ba de etan\u0219are a pl\u0103cii fluture poate intra \u00een contact \u0219i ap\u0103sa str\u00e2ns pe fa\u021ba de etan\u0219are a scaunului supapei.<\/p>\n<p>Specifica\u021bia parametrului principal<\/p>\n<p>Proiectare \u0219i fabrica\u021bie: API 609<\/p>\n<p>Dimensiune fa\u021b\u0103 \u00een fa\u021b\u0103: API609, ISO5752, ASME B16.10<\/p>\n<p>Dimensiunea conexiunii flan\u0219ei: ASME B16.5, ASME B16.47<\/p>\n<p>Test \u0219i inspec\u021bie: API 598<\/p>\n<p>Evaluare de temperatur\u0103 a presiunii: API 609, ASME B16.34<br \/>\nGam\u0103 de produse<\/p>\n<p>Material corpului: o\u021bel turnat, o\u021bel inoxidabil, monel<\/p>\n<p>Diametru nominal: 2\u2033~120\u2033 (DN50~DN3000)<\/p>\n<p>Conexiune final\u0103: flan\u0219\u0103 dubl\u0103, napolitan\u0103, umplutur\u0103, etc<\/p>\n<p>Interval de presiune: Clasa 150 ~ 600 (PN16 ~ PN100)<\/p>\n<p>Temperatura de lucru: -46\u2103 ~ +550\u2103<\/p>\n<p>Func\u021bionare: m\u00e2ner, angrenaj, actuator electric etc<\/p>\n<table>\n<tbody>\n<tr>\n<td width=\"200\"><strong><b>numele produsului<\/b><\/strong><\/td>\n<td width=\"481\">Supap\u0103 fluture napolitan\u0103 de 32 inch, corp WCB, 304, PTFE, ornament, 150 LB, roat\u0103 melcat\u0103 OP<\/td>\n<\/tr>\n<tr>\n<td width=\"200\">1. Material<\/td>\n<td width=\"481\">WCB<\/td>\n<\/tr>\n<tr>\n<td width=\"200\">2. Dimensiunea<\/td>\n<td width=\"481\">32\u201d<\/td>\n<\/tr>\n<tr>\n<td width=\"200\">4. Port<\/td>\n<td width=\"481\">Port complet<\/td>\n<\/tr>\n<tr>\n<td width=\"200\">5. Presiunea de lucru<\/td>\n<td width=\"481\">150 lb<\/td>\n<\/tr>\n<tr>\n<td width=\"200\">6. Conexiunea se termin\u0103<\/td>\n<td width=\"481\">napolitana<\/td>\n<\/tr>\n<tr>\n<td width=\"200\">7. Temp. de lucru.<\/td>\n<td width=\"481\">-29~120\u00baC,<\/td>\n<\/tr>\n<tr>\n<td width=\"200\">8. Mediu potrivit<\/td>\n<td width=\"481\">Ap\u0103, gaze naturale, ulei \u0219i ceva lichid coroziv<\/td>\n<\/tr>\n<tr>\n<td width=\"200\">9. Operat<\/td>\n<td width=\"481\">Cutie de viteze<\/td>\n<\/tr>\n<tr>\n<td width=\"200\">10. Inspec\u021bie \u0219i testare<\/td>\n<td width=\"481\">Conform API 598<\/td>\n<\/tr>\n<tr>\n<td width=\"200\">Expediere<\/td>\n<td width=\"481\">&nbsp;<\/td>\n<\/tr>\n<tr>\n<td width=\"200\">Timpul de livrare<\/td>\n<td width=\"481\">30 de zile<\/td>\n<\/tr>\n<tr>\n<td width=\"200\">Pachet<\/td>\n<td width=\"481\">Carcas\u0103 standard de export de placaj<\/td>\n<\/tr>\n<tr>\n<td width=\"200\">Portul de expediere<\/td>\n<td width=\"481\">Ningbo\/Shanghai, China<\/td>\n<\/tr>\n<tr>\n<td width=\"200\">Termeni de livrare<\/td>\n<td width=\"481\">Exw, FOB, CFR, CIF etc.<\/td>\n<\/tr>\n<tr>\n<td width=\"200\">Termeni de plat\u0103<\/td>\n<td width=\"481\">T\/T, Western Union, PayPal etc.<\/td>\n<\/tr>\n<tr>\n<td width=\"200\">&nbsp;<\/td>\n<td width=\"481\">Plat\u0103 anticipat\u0103 30%, sold 70% pl\u0103tit \u00eenainte de expediere<\/td>\n<\/tr>\n<tr>\n<td width=\"200\">\u021aara de origine<\/td>\n<td width=\"481\">Ora\u0219ul Wenzhou, China<\/td>\n<\/tr>\n<tr>\n<td width=\"200\">Capacitatea de produc\u021bie<\/td>\n<td width=\"481\">6000 tone\/an<\/td>\n<\/tr>\n<tr>\n<td width=\"200\">MOQ<\/td>\n<td width=\"481\">10 buc\/dimensiune<\/td>\n<\/tr>\n<\/tbody>\n<\/table>","protected":false},"excerpt":{"rendered":"<p>Model: STV-D373F-150LB-WCB-32\u2033<\/p>\n<p>Valvele noastre fluture de 32 inch sunt utilizate pe scar\u0103 larg\u0103 \u00een petrol, tratarea apei chimice \u0219i industriale a mediului, cl\u0103diri \u00eenalte, alimentare cu ap\u0103 \u0219i drenaj \u0219i alte conducte. Caracteristicile sale sunt: datorit\u0103 structurii cu trei excentrice, performan\u021ba de etan\u0219are este fiabil\u0103, asigur\u00e2ndu-se c\u0103 placa fluture nu intr\u0103 \u00een contact cu scaunul de etan\u0219are la deschidere, elimin\u00e2nd sarcina neuniform\u0103 a scaunului de etan\u0219are, prelungind durata de via\u021b\u0103, asigur\u00e2nd o performan\u021b\u0103 de etan\u0219are fiabil\u0103, \u0219i av\u00e2nd rezisten\u021b\u0103 \u0219i rezisten\u021b\u0103 la temperaturi ridicate. Uzur\u0103, rezisten\u021b\u0103 la coroziune \u0219i alte avantaje.<\/p>\n<p>Acest produs const\u0103 din componente principale, cum ar fi corpul supapei, placa fluture, inelul de etan\u0219are \u0219i mecanismul de transmisie. Structura adopt\u0103 designul principiului excentric tridimensional, iar etan\u0219area elastic\u0103 \u0219i etan\u0219area multistrat dur \u0219i moale sunt compatibile cu noua tehnologie de procesare, astfel \u00eenc\u00e2t supapa fluture s\u0103 \u00ee\u0219i poat\u0103 reduce for\u021ba de cuplu \u0219i func\u021bia de economisire a energiei \u00een timpul func\u021bion\u0103rii. Asigur\u00e2nd astfel rezisten\u021ba general\u0103 la coroziune, rezisten\u021ba la temperaturi ridicate \u0219i rezisten\u021ba la uzur\u0103 a supapei fluture. Principalele sale caracteristici de performan\u021b\u0103 sunt:<\/p>\n<p>1. Structur\u0103 unic\u0103, dimensiuni mici, u\u0219oar\u0103 \u0219i flexibil\u0103, func\u021bionare flexibil\u0103, economie de munc\u0103 \u0219i convenabil\u0103;<\/p>\n<p>2, etan\u0219area este fiabil\u0103, poate ob\u021bine scurgeri zero de etan\u0219are de gaz;<\/p>\n<p>3. Caracteristicile debitului tind s\u0103 fie cele mai bune \u00een performan\u021ba de reglare liniar\u0103;<\/p>\n<p>4, folosind principiul trei excentricit\u0103\u021bi, astfel \u00eenc\u00e2t suprafa\u021ba de etan\u0219are s\u0103 fie aproximativ zero uzur\u0103 \u0219i s\u0103 prelungeasc\u0103 durata de via\u021b\u0103 a supapei;<\/p>\n<p>5, o gam\u0103 larg\u0103 de aplica\u021bii. Cum ar fi: poate fi folosit pentru ap\u0103, abur, ulei, aer, gaz \u0219i alte medii;<\/p>\n<p>6, aplicabil la diferite temperaturi \u0219i niveluri de presiune de 10.0Mpa \u0219i sub 600LB, rezisten\u021b\u0103 la coroziune \u0219i alte conducte media<\/p>\n<p>STV Valve Technology Group Co., Ltd este un lider profesionist Van\u0103 fluture napolitan\u0103 din China, supape fluture de \u00eenalt\u0103 performan\u021b\u0103, supape fluture napolitane, supap\u0103 fluture excentric\u0103 tripl\u0103, supap\u0103 fluture napolitan\u0103 de 32 inch, supap\u0103 fluture tip napolitan\u0103 din China cu cutie de viteze Fabricare de \u00eenalt\u0103 calitate si pret competitiv.<\/p>\n<p>V\u0103 rug\u0103m s\u0103 contacta\u021bi sales@stvvalve.com pentru alte materiale \u0219i detalii.<\/p>\n<p>Fi\u0219\u0103 de date:<a href=\"https:\/\/www.stvvalves.com\/wp-content\/uploads\/2019\/04\/32-inch-wafer-butterfly-valve-wcb-body-304-ptfe-trim-150lb-worm-gear-op-drawing.pdf\">32-inch-wafer-butterfly-valve-wcb-body-304-ptfe-trim-150lb-worm-grear-op-drawing<\/a><\/p>","protected":false},"featured_media":4639,"template":"","meta":[],"product_brand":[],"product_cat":[965,971],"product_tag":[734,732,733,731,735],"class_list":{"0":"post-4638","1":"product","2":"type-product","3":"status-publish","4":"has-post-thumbnail","6":"product_cat-butterfly-valve","7":"product_cat-wafer-butterfly-valve","8":"product_tag-32-inch-wafer-butterfly-valve","9":"product_tag-high-performance-butterfly-valves","10":"product_tag-triple-eccentric-butterfly-valve","11":"product_tag-wafer-butterfly-valve","12":"product_tag-wafer-type-metal-seal-butterfly-valve-with-gearbox","14":"first","15":"instock","16":"shipping-taxable","17":"product-type-simple"},"_links":{"self":[{"href":"https:\/\/www.stvvalves.com\/ro\/wp-json\/wp\/v2\/product\/4638","targetHints":{"allow":["GET"]}}],"collection":[{"href":"https:\/\/www.stvvalves.com\/ro\/wp-json\/wp\/v2\/product"}],"about":[{"href":"https:\/\/www.stvvalves.com\/ro\/wp-json\/wp\/v2\/types\/product"}],"wp:featuredmedia":[{"embeddable":true,"href":"https:\/\/www.stvvalves.com\/ro\/wp-json\/wp\/v2\/media\/4639"}],"wp:attachment":[{"href":"https:\/\/www.stvvalves.com\/ro\/wp-json\/wp\/v2\/media?parent=4638"}],"wp:term":[{"taxonomy":"product_brand","embeddable":true,"href":"https:\/\/www.stvvalves.com\/ro\/wp-json\/wp\/v2\/product_brand?post=4638"},{"taxonomy":"product_cat","embeddable":true,"href":"https:\/\/www.stvvalves.com\/ro\/wp-json\/wp\/v2\/product_cat?post=4638"},{"taxonomy":"product_tag","embeddable":true,"href":"https:\/\/www.stvvalves.com\/ro\/wp-json\/wp\/v2\/product_tag?post=4638"}],"curies":[{"name":"wp","href":"https:\/\/api.w.org\/{rel}","templated":true}]}}