{"id":4655,"date":"2019-04-19T01:47:27","date_gmt":"2019-04-19T01:47:27","guid":{"rendered":"https:\/\/www.stvvalves.com\/?post_type=product&#038;p=4655"},"modified":"2025-02-17T18:29:01","modified_gmt":"2025-02-17T10:29:01","slug":"npt-equal-tee-150lb-316-stainless-steel","status":"publish","type":"product","link":"https:\/\/www.stvvalves.com\/ro\/products\/npt-equal-tee-150lb-316-stainless-steel\/","title":{"rendered":"NPT Equal Tee 150LB O\u021bel inoxidabil 316"},"content":{"rendered":"<p>NPT Equal Tee 150LB O\u021bel inoxidabil 316<\/p>\n<table width=\"457\">\n<tbody>\n<tr>\n<td style=\"font-weight: 400;\" width=\"194\">Standarde de produs<\/td>\n<td style=\"font-weight: 400;\" width=\"263\">ISO4144\u3001EN10241\u3001SP114\u3001JIS<\/td>\n<\/tr>\n<tr>\n<td style=\"font-weight: 400;\" width=\"194\">Proces de produc\u021bie<\/td>\n<td style=\"font-weight: 400;\" width=\"263\">Turnare de precizie din o\u021bel inoxidabil<\/td>\n<\/tr>\n<tr>\n<td style=\"font-weight: 400;\" width=\"194\">Standarde de proces<\/td>\n<td style=\"font-weight: 400;\" width=\"263\">ASTM A351<\/td>\n<\/tr>\n<tr>\n<td style=\"font-weight: 400;\" width=\"194\">Tehnologia de procesare<\/td>\n<td style=\"font-weight: 400;\" width=\"263\">strung CNC<\/td>\n<\/tr>\n<tr>\n<td style=\"font-weight: 400;\" rowspan=\"2\" width=\"194\">Mediu<\/td>\n<td style=\"font-weight: 400;\" width=\"263\">Aer, abur, kerosen, ap\u0103,<\/td>\n<\/tr>\n<tr>\n<td style=\"font-weight: 400;\" width=\"263\">ulei \u0219i alte fluide<\/td>\n<\/tr>\n<tr>\n<td style=\"font-weight: 400;\" width=\"194\">materie<\/td>\n<td style=\"font-weight: 400;\" width=\"263\">304,304L,316,316L<\/td>\n<\/tr>\n<tr>\n<td style=\"font-weight: 400;\" width=\"194\">Specifica\u021bii<\/td>\n<td style=\"font-weight: 400;\" width=\"263\">1\/8\u2033\u20144\u2033<\/td>\n<\/tr>\n<tr>\n<td style=\"font-weight: 400;\" rowspan=\"2\" width=\"194\">Filet standard<\/td>\n<td style=\"font-weight: 400;\" width=\"263\">ISO7\/1(BSP\/DIN2999)<\/td>\n<\/tr>\n<tr>\n<td style=\"font-weight: 400;\" width=\"263\">NPT(B1.20.1)<\/td>\n<\/tr>\n<tr>\n<td style=\"font-weight: 400;\" width=\"194\">presiune de lucru<\/td>\n<td style=\"font-weight: 400;\" width=\"263\">150 LBS<\/td>\n<\/tr>\n<tr>\n<td style=\"font-weight: 400;\" width=\"194\">temperatura de lucru<\/td>\n<td style=\"font-weight: 400;\" width=\"263\">\ufe6320\u2103\ufe62220\u2103<\/td>\n<\/tr>\n<tr>\n<td style=\"font-weight: 400;\" width=\"194\">Standard de inspec\u021bie<\/td>\n<td style=\"font-weight: 400;\" width=\"263\">ISO7-2, ISO4990, ISO4991<\/td>\n<\/tr>\n<tr>\n<td style=\"font-weight: 400;\" width=\"194\">Metoda de ambalare<\/td>\n<td style=\"font-weight: 400;\" width=\"263\">Pung\u0103 de plastic\uff06carton\uff06placaj tra<\/td>\n<\/tr>\n<\/tbody>\n<\/table>\n<p>&nbsp;<\/p>\n<div id=\"attachment_4656\" style=\"width: 1561px\" class=\"wp-caption alignleft\"><img loading=\"lazy\" decoding=\"async\" aria-describedby=\"caption-attachment-4656\" class=\"size-full wp-image-4656\" src=\"https:\/\/www.stvvalves.com\/wp-content\/uploads\/2019\/04\/npt-equal-tee-150lb-316-stainless-steel-CATALOG.jpg\" alt=\"\" width=\"1551\" height=\"343\" srcset=\"https:\/\/www.stvvalves.com\/wp-content\/uploads\/2019\/04\/npt-equal-tee-150lb-316-stainless-steel-CATALOG.jpg 1551w, https:\/\/www.stvvalves.com\/wp-content\/uploads\/2019\/04\/npt-equal-tee-150lb-316-stainless-steel-CATALOG-600x133.jpg 600w, https:\/\/www.stvvalves.com\/wp-content\/uploads\/2019\/04\/npt-equal-tee-150lb-316-stainless-steel-CATALOG-300x66.jpg 300w, https:\/\/www.stvvalves.com\/wp-content\/uploads\/2019\/04\/npt-equal-tee-150lb-316-stainless-steel-CATALOG-768x170.jpg 768w, https:\/\/www.stvvalves.com\/wp-content\/uploads\/2019\/04\/npt-equal-tee-150lb-316-stainless-steel-CATALOG-1030x228.jpg 1030w, https:\/\/www.stvvalves.com\/wp-content\/uploads\/2019\/04\/npt-equal-tee-150lb-316-stainless-steel-CATALOG-1500x332.jpg 1500w, https:\/\/www.stvvalves.com\/wp-content\/uploads\/2019\/04\/npt-equal-tee-150lb-316-stainless-steel-CATALOG-705x156.jpg 705w\" sizes=\"auto, (max-width: 1551px) 100vw, 1551px\" \/><p id=\"caption-attachment-4656\" class=\"wp-caption-text\">China o\u021bel inoxidabil Equal Tee, Female Equal Tee, bspt Equal Tee, Produc\u0103tor de fitinguri filetate de 150 LB<\/p><\/div>","protected":false},"excerpt":{"rendered":"<p>NPT Equal Tee 150LB O\u021bel inoxidabil 316<br \/>\nFabricat conform ISO 4144.<br \/>\nPresiune maxim\u0103 de lucru 300 psi (20 bar).<br \/>\nFiletat NPT la ANSI B2.1.<br \/>\nAplica\u021bii potrivite: ap\u0103 cald\u0103 \u0219i rece, ulei, gaz \u0219i alte medii<\/p>\n<p>STV Valve Technology Group Co., Ltd este un lider profesionist China din o\u021bel inoxidabil Equal Tee, Female Equal Tee, bspt Equal Tee, Produc\u0103tor de fitinguri filetate de 150 LB cu \u00eenalt\u0103 calitate \u0219i pre\u021b competitiv.<\/p>","protected":false},"featured_media":4717,"template":"","meta":[],"product_brand":[],"product_cat":[968,966],"product_tag":[740,746,747],"class_list":{"0":"post-4655","1":"product","2":"type-product","3":"status-publish","4":"has-post-thumbnail","6":"product_cat-150lb-threaded-pipe-fitting","7":"product_cat-pipe-fitting","8":"product_tag-150lb-threaded-fittings","9":"product_tag-bspt-equal-tee","10":"product_tag-stainless-steel-equal-tee","12":"first","13":"instock","14":"shipping-taxable","15":"product-type-simple"},"_links":{"self":[{"href":"https:\/\/www.stvvalves.com\/ro\/wp-json\/wp\/v2\/product\/4655","targetHints":{"allow":["GET"]}}],"collection":[{"href":"https:\/\/www.stvvalves.com\/ro\/wp-json\/wp\/v2\/product"}],"about":[{"href":"https:\/\/www.stvvalves.com\/ro\/wp-json\/wp\/v2\/types\/product"}],"wp:featuredmedia":[{"embeddable":true,"href":"https:\/\/www.stvvalves.com\/ro\/wp-json\/wp\/v2\/media\/4717"}],"wp:attachment":[{"href":"https:\/\/www.stvvalves.com\/ro\/wp-json\/wp\/v2\/media?parent=4655"}],"wp:term":[{"taxonomy":"product_brand","embeddable":true,"href":"https:\/\/www.stvvalves.com\/ro\/wp-json\/wp\/v2\/product_brand?post=4655"},{"taxonomy":"product_cat","embeddable":true,"href":"https:\/\/www.stvvalves.com\/ro\/wp-json\/wp\/v2\/product_cat?post=4655"},{"taxonomy":"product_tag","embeddable":true,"href":"https:\/\/www.stvvalves.com\/ro\/wp-json\/wp\/v2\/product_tag?post=4655"}],"curies":[{"name":"wp","href":"https:\/\/api.w.org\/{rel}","templated":true}]}}