{"id":4661,"date":"2019-04-19T02:21:55","date_gmt":"2019-04-19T02:21:55","guid":{"rendered":"https:\/\/www.stvvalves.com\/?post_type=product&#038;p=4661"},"modified":"2025-02-17T18:28:58","modified_gmt":"2025-02-17T10:28:58","slug":"cross-316-stainless-steel-npt","status":"publish","type":"product","link":"https:\/\/www.stvvalves.com\/ro\/products\/cross-316-stainless-steel-npt\/","title":{"rendered":"CROSS 316 INOX NPT"},"content":{"rendered":"<p>CROSS 316 INOX NPT<\/p>\n<table width=\"457\">\n<tbody>\n<tr>\n<td style=\"font-weight: 400;\" width=\"194\">Standarde de produs<\/td>\n<td style=\"font-weight: 400;\" width=\"263\">ISO4144\u3001EN10241\u3001SP114\u3001JIS<\/td>\n<\/tr>\n<tr>\n<td style=\"font-weight: 400;\" width=\"194\">Proces de produc\u021bie<\/td>\n<td style=\"font-weight: 400;\" width=\"263\">Turnare de precizie din o\u021bel inoxidabil<\/td>\n<\/tr>\n<tr>\n<td style=\"font-weight: 400;\" width=\"194\">Standarde de proces<\/td>\n<td style=\"font-weight: 400;\" width=\"263\">ASTM A351<\/td>\n<\/tr>\n<tr>\n<td style=\"font-weight: 400;\" width=\"194\">Tehnologia de procesare<\/td>\n<td style=\"font-weight: 400;\" width=\"263\">strung CNC<\/td>\n<\/tr>\n<tr>\n<td style=\"font-weight: 400;\" rowspan=\"2\" width=\"194\">Mediu<\/td>\n<td style=\"font-weight: 400;\" width=\"263\">Aer, abur, kerosen, ap\u0103,<\/td>\n<\/tr>\n<tr>\n<td style=\"font-weight: 400;\" width=\"263\">ulei \u0219i alte fluide<\/td>\n<\/tr>\n<tr>\n<td style=\"font-weight: 400;\" width=\"194\">materie<\/td>\n<td style=\"font-weight: 400;\" width=\"263\">304,304L,316,316L<\/td>\n<\/tr>\n<tr>\n<td style=\"font-weight: 400;\" width=\"194\">Specifica\u021bii<\/td>\n<td style=\"font-weight: 400;\" width=\"263\">1\/8\u2033\u20144\u2033<\/td>\n<\/tr>\n<tr>\n<td style=\"font-weight: 400;\" rowspan=\"2\" width=\"194\">Filet standard<\/td>\n<td style=\"font-weight: 400;\" width=\"263\">ISO7\/1(BSP\/DIN2999)<\/td>\n<\/tr>\n<tr>\n<td style=\"font-weight: 400;\" width=\"263\">NPT(B1.20.1)<\/td>\n<\/tr>\n<tr>\n<td style=\"font-weight: 400;\" width=\"194\">presiune de lucru<\/td>\n<td style=\"font-weight: 400;\" width=\"263\">150 LBS<\/td>\n<\/tr>\n<tr>\n<td style=\"font-weight: 400;\" width=\"194\">temperatura de lucru<\/td>\n<td style=\"font-weight: 400;\" width=\"263\">\ufe6320\u2103\ufe62220\u2103<\/td>\n<\/tr>\n<tr>\n<td style=\"font-weight: 400;\" width=\"194\">Standard de inspec\u021bie<\/td>\n<td style=\"font-weight: 400;\" width=\"263\">ISO7-2, ISO4990, ISO4991<\/td>\n<\/tr>\n<tr>\n<td style=\"font-weight: 400;\" width=\"194\">Metoda de ambalare<\/td>\n<td style=\"font-weight: 400;\" width=\"263\">Pung\u0103 de plastic\uff06carton\uff06placaj tra<\/td>\n<\/tr>\n<\/tbody>\n<\/table>\n<div id=\"attachment_4662\" style=\"width: 1555px\" class=\"wp-caption alignleft\"><img loading=\"lazy\" decoding=\"async\" aria-describedby=\"caption-attachment-4662\" class=\"size-full wp-image-4662\" src=\"https:\/\/www.stvvalves.com\/wp-content\/uploads\/2019\/04\/cross-316-stainless-steel-npt-CATALOG.jpg\" alt=\"\" width=\"1545\" height=\"340\" srcset=\"https:\/\/www.stvvalves.com\/wp-content\/uploads\/2019\/04\/cross-316-stainless-steel-npt-CATALOG.jpg 1545w, https:\/\/www.stvvalves.com\/wp-content\/uploads\/2019\/04\/cross-316-stainless-steel-npt-CATALOG-600x132.jpg 600w, https:\/\/www.stvvalves.com\/wp-content\/uploads\/2019\/04\/cross-316-stainless-steel-npt-CATALOG-300x66.jpg 300w, https:\/\/www.stvvalves.com\/wp-content\/uploads\/2019\/04\/cross-316-stainless-steel-npt-CATALOG-768x169.jpg 768w, https:\/\/www.stvvalves.com\/wp-content\/uploads\/2019\/04\/cross-316-stainless-steel-npt-CATALOG-1030x227.jpg 1030w, https:\/\/www.stvvalves.com\/wp-content\/uploads\/2019\/04\/cross-316-stainless-steel-npt-CATALOG-1500x330.jpg 1500w, https:\/\/www.stvvalves.com\/wp-content\/uploads\/2019\/04\/cross-316-stainless-steel-npt-CATALOG-705x155.jpg 705w\" sizes=\"auto, (max-width: 1545px) 100vw, 1545px\" \/><p id=\"caption-attachment-4662\" class=\"wp-caption-text\">Cruce BSPP din o\u021bel inoxidabil din China, cruce egal\u0103 femel\u0103, cruce din o\u021bel inoxidabil, cruce 316, produc\u0103tor de fitinguri filetate 150LB<\/p><\/div>\n<p>&nbsp;<\/p>","protected":false},"excerpt":{"rendered":"<p>Fabricat conform ISO 4144.<br \/>\nPresiune maxim\u0103 de lucru 300 psi (20 bar).<br \/>\nFiletat NPT la ANSI B2.1.<br \/>\nAplica\u021bii potrivite: ap\u0103 cald\u0103 \u0219i rece, ulei, gaz \u0219i alte medii<\/p>\n<p>STV Valve Technology Group Co., Ltd este un lider profesionist China din o\u021bel inoxidabil BSPP Cross, Female Equal Cross, Cross din o\u021bel inoxidabil, 316 Cross, Produc\u0103tor de fitinguri filetate 150LB cu \u00eenalt\u0103 calitate \u0219i pre\u021b competitiv.<\/p>","protected":false},"featured_media":4663,"template":"","meta":[],"product_brand":[],"product_cat":[968,966],"product_tag":[751,750,753,752],"class_list":{"0":"post-4661","1":"product","2":"type-product","3":"status-publish","4":"has-post-thumbnail","6":"product_cat-150lb-threaded-pipe-fitting","7":"product_cat-pipe-fitting","8":"product_tag-316-cross","9":"product_tag-bspp-cross","10":"product_tag-equal-cross","11":"product_tag-stainless-steel-cross","13":"first","14":"instock","15":"shipping-taxable","16":"product-type-simple"},"_links":{"self":[{"href":"https:\/\/www.stvvalves.com\/ro\/wp-json\/wp\/v2\/product\/4661","targetHints":{"allow":["GET"]}}],"collection":[{"href":"https:\/\/www.stvvalves.com\/ro\/wp-json\/wp\/v2\/product"}],"about":[{"href":"https:\/\/www.stvvalves.com\/ro\/wp-json\/wp\/v2\/types\/product"}],"wp:featuredmedia":[{"embeddable":true,"href":"https:\/\/www.stvvalves.com\/ro\/wp-json\/wp\/v2\/media\/4663"}],"wp:attachment":[{"href":"https:\/\/www.stvvalves.com\/ro\/wp-json\/wp\/v2\/media?parent=4661"}],"wp:term":[{"taxonomy":"product_brand","embeddable":true,"href":"https:\/\/www.stvvalves.com\/ro\/wp-json\/wp\/v2\/product_brand?post=4661"},{"taxonomy":"product_cat","embeddable":true,"href":"https:\/\/www.stvvalves.com\/ro\/wp-json\/wp\/v2\/product_cat?post=4661"},{"taxonomy":"product_tag","embeddable":true,"href":"https:\/\/www.stvvalves.com\/ro\/wp-json\/wp\/v2\/product_tag?post=4661"}],"curies":[{"name":"wp","href":"https:\/\/api.w.org\/{rel}","templated":true}]}}