{"id":4694,"date":"2019-04-19T05:06:50","date_gmt":"2019-04-19T05:06:50","guid":{"rendered":"https:\/\/www.stvvalves.com\/?post_type=product&#038;p=4694"},"modified":"2025-02-17T18:28:54","modified_gmt":"2025-02-17T10:28:54","slug":"hexagon-nipple-npt-stainless-steel","status":"publish","type":"product","link":"https:\/\/www.stvvalves.com\/ro\/products\/hexagon-nipple-npt-stainless-steel\/","title":{"rendered":"NIPPUL HEXAGON NPT OTEL INOX"},"content":{"rendered":"<p>NIPPUL HEXAGON NPT OTEL INOX<\/p>\n<table width=\"457\">\n<tbody>\n<tr>\n<td style=\"font-weight: 400;\" width=\"194\">Standarde de produs<\/td>\n<td style=\"font-weight: 400;\" width=\"263\">ISO4144\u3001EN10241\u3001SP114\u3001JIS<\/td>\n<\/tr>\n<tr>\n<td style=\"font-weight: 400;\" width=\"194\">Proces de produc\u021bie<\/td>\n<td style=\"font-weight: 400;\" width=\"263\">Turnare de precizie din o\u021bel inoxidabil<\/td>\n<\/tr>\n<tr>\n<td style=\"font-weight: 400;\" width=\"194\">Standarde de proces<\/td>\n<td style=\"font-weight: 400;\" width=\"263\">ASTM A351<\/td>\n<\/tr>\n<tr>\n<td style=\"font-weight: 400;\" width=\"194\">Tehnologia de procesare<\/td>\n<td style=\"font-weight: 400;\" width=\"263\">strung CNC<\/td>\n<\/tr>\n<tr>\n<td style=\"font-weight: 400;\" rowspan=\"2\" width=\"194\">Mediu<\/td>\n<td style=\"font-weight: 400;\" width=\"263\">Aer, abur, kerosen, ap\u0103,<\/td>\n<\/tr>\n<tr>\n<td style=\"font-weight: 400;\" width=\"263\">ulei \u0219i alte fluide<\/td>\n<\/tr>\n<tr>\n<td style=\"font-weight: 400;\" width=\"194\">materie<\/td>\n<td style=\"font-weight: 400;\" width=\"263\">304,304L,316,316L<\/td>\n<\/tr>\n<tr>\n<td style=\"font-weight: 400;\" width=\"194\">Specifica\u021bii<\/td>\n<td style=\"font-weight: 400;\" width=\"263\">1\/8\u2033\u20144\u2033<\/td>\n<\/tr>\n<tr>\n<td style=\"font-weight: 400;\" rowspan=\"2\" width=\"194\">Filet standard<\/td>\n<td style=\"font-weight: 400;\" width=\"263\">ISO7\/1(BSP\/DIN2999)<\/td>\n<\/tr>\n<tr>\n<td style=\"font-weight: 400;\" width=\"263\">NPT(B1.20.1)<\/td>\n<\/tr>\n<tr>\n<td style=\"font-weight: 400;\" width=\"194\">presiune de lucru<\/td>\n<td style=\"font-weight: 400;\" width=\"263\">150 LBS<\/td>\n<\/tr>\n<tr>\n<td style=\"font-weight: 400;\" width=\"194\">temperatura de lucru<\/td>\n<td style=\"font-weight: 400;\" width=\"263\">\ufe6320\u2103\ufe62220\u2103<\/td>\n<\/tr>\n<tr>\n<td style=\"font-weight: 400;\" width=\"194\">Standard de inspec\u021bie<\/td>\n<td style=\"font-weight: 400;\" width=\"263\">ISO7-2, ISO4990, ISO4991<\/td>\n<\/tr>\n<tr>\n<td style=\"font-weight: 400;\" width=\"194\">Metoda de ambalare<\/td>\n<td style=\"font-weight: 400;\" width=\"263\">Pung\u0103 de plastic\uff06carton\uff06placaj tra<\/td>\n<\/tr>\n<\/tbody>\n<\/table>\n<div id=\"attachment_4696\" style=\"width: 981px\" class=\"wp-caption alignleft\"><img loading=\"lazy\" decoding=\"async\" aria-describedby=\"caption-attachment-4696\" class=\"size-full wp-image-4696\" src=\"https:\/\/www.stvvalves.com\/wp-content\/uploads\/2019\/04\/hexagon-nipple-npt-stainless-steel-catalog.jpg\" alt=\"\" width=\"971\" height=\"212\" srcset=\"https:\/\/www.stvvalves.com\/wp-content\/uploads\/2019\/04\/hexagon-nipple-npt-stainless-steel-catalog.jpg 971w, https:\/\/www.stvvalves.com\/wp-content\/uploads\/2019\/04\/hexagon-nipple-npt-stainless-steel-catalog-600x131.jpg 600w, https:\/\/www.stvvalves.com\/wp-content\/uploads\/2019\/04\/hexagon-nipple-npt-stainless-steel-catalog-300x65.jpg 300w, https:\/\/www.stvvalves.com\/wp-content\/uploads\/2019\/04\/hexagon-nipple-npt-stainless-steel-catalog-768x168.jpg 768w, https:\/\/www.stvvalves.com\/wp-content\/uploads\/2019\/04\/hexagon-nipple-npt-stainless-steel-catalog-705x154.jpg 705w\" sizes=\"auto, (max-width: 971px) 100vw, 971px\" \/><p id=\"caption-attachment-4696\" class=\"wp-caption-text\">China HEXAGON NIPPLE NPT, mamelon hexagonal din o\u021bel inoxidabil, 316 mamelon hexagonal Produc\u0103tor<\/p><\/div>","protected":false},"excerpt":{"rendered":"<p>Fabricat conform ISO 4144.<br \/>\nPresiune maxim\u0103 de lucru 300 psi (20 bar).<br \/>\nFiletat NPT la ANSI B2.1.<br \/>\nAplica\u021bii potrivite: ap\u0103 cald\u0103 \u0219i rece, ulei, gaz \u0219i alte medii<\/p>\n<p>STV Valve Technology Group Co., Ltd este un lider profesionist China HEXAGON NIPPLE NPT, mamelon hexagonal din o\u021bel inoxidabil, 316 niplu hexgon Produc\u0103tor cu \u00eenalt\u0103 calitate \u0219i pre\u021b competitiv.<\/p>","protected":false},"featured_media":4695,"template":"","meta":[],"product_brand":[],"product_cat":[968,966],"product_tag":[764,765],"class_list":{"0":"post-4694","1":"product","2":"type-product","3":"status-publish","4":"has-post-thumbnail","6":"product_cat-150lb-threaded-pipe-fitting","7":"product_cat-pipe-fitting","8":"product_tag-hexagon-nipple-npt","9":"product_tag-stainless-steel-hexgon-nipple","11":"first","12":"instock","13":"shipping-taxable","14":"product-type-simple"},"_links":{"self":[{"href":"https:\/\/www.stvvalves.com\/ro\/wp-json\/wp\/v2\/product\/4694","targetHints":{"allow":["GET"]}}],"collection":[{"href":"https:\/\/www.stvvalves.com\/ro\/wp-json\/wp\/v2\/product"}],"about":[{"href":"https:\/\/www.stvvalves.com\/ro\/wp-json\/wp\/v2\/types\/product"}],"wp:featuredmedia":[{"embeddable":true,"href":"https:\/\/www.stvvalves.com\/ro\/wp-json\/wp\/v2\/media\/4695"}],"wp:attachment":[{"href":"https:\/\/www.stvvalves.com\/ro\/wp-json\/wp\/v2\/media?parent=4694"}],"wp:term":[{"taxonomy":"product_brand","embeddable":true,"href":"https:\/\/www.stvvalves.com\/ro\/wp-json\/wp\/v2\/product_brand?post=4694"},{"taxonomy":"product_cat","embeddable":true,"href":"https:\/\/www.stvvalves.com\/ro\/wp-json\/wp\/v2\/product_cat?post=4694"},{"taxonomy":"product_tag","embeddable":true,"href":"https:\/\/www.stvvalves.com\/ro\/wp-json\/wp\/v2\/product_tag?post=4694"}],"curies":[{"name":"wp","href":"https:\/\/api.w.org\/{rel}","templated":true}]}}