{"id":4705,"date":"2019-04-19T06:02:51","date_gmt":"2019-04-19T06:02:51","guid":{"rendered":"https:\/\/www.stvvalves.com\/?post_type=product&#038;p=4705"},"modified":"2025-02-17T18:26:50","modified_gmt":"2025-02-17T10:26:50","slug":"reducing-bush-npt-stainless-steel-304","status":"publish","type":"product","link":"https:\/\/www.stvvalves.com\/ro\/products\/reducing-bush-npt-stainless-steel-304\/","title":{"rendered":"Buc\u0219\u0103 reduc\u0103toare NPT din o\u021bel inoxidabil 304"},"content":{"rendered":"<p>Buc\u0219\u0103 reduc\u0103toare NPT din o\u021bel inoxidabil 304<\/p>\n<table width=\"457\">\n<tbody>\n<tr>\n<td style=\"font-weight: 400;\" width=\"194\">Standarde de produs<\/td>\n<td style=\"font-weight: 400;\" width=\"263\">ISO4144\u3001EN10241\u3001SP114\u3001JIS<\/td>\n<\/tr>\n<tr>\n<td style=\"font-weight: 400;\" width=\"194\">Proces de produc\u021bie<\/td>\n<td style=\"font-weight: 400;\" width=\"263\">Turnare de precizie din o\u021bel inoxidabil<\/td>\n<\/tr>\n<tr>\n<td style=\"font-weight: 400;\" width=\"194\">Standarde de proces<\/td>\n<td style=\"font-weight: 400;\" width=\"263\">ASTM A351<\/td>\n<\/tr>\n<tr>\n<td style=\"font-weight: 400;\" width=\"194\">Tehnologia de procesare<\/td>\n<td style=\"font-weight: 400;\" width=\"263\">strung CNC<\/td>\n<\/tr>\n<tr>\n<td style=\"font-weight: 400;\" rowspan=\"2\" width=\"194\">Mediu<\/td>\n<td style=\"font-weight: 400;\" width=\"263\">Aer, abur, kerosen, ap\u0103,<\/td>\n<\/tr>\n<tr>\n<td style=\"font-weight: 400;\" width=\"263\">ulei \u0219i alte fluide<\/td>\n<\/tr>\n<tr>\n<td style=\"font-weight: 400;\" width=\"194\">materie<\/td>\n<td style=\"font-weight: 400;\" width=\"263\">304,304L,316,316L<\/td>\n<\/tr>\n<tr>\n<td style=\"font-weight: 400;\" width=\"194\">Specifica\u021bii<\/td>\n<td style=\"font-weight: 400;\" width=\"263\">1\/8\u2033\u20144\u2033<\/td>\n<\/tr>\n<tr>\n<td style=\"font-weight: 400;\" rowspan=\"2\" width=\"194\">Filet standard<\/td>\n<td style=\"font-weight: 400;\" width=\"263\">ISO7\/1(BSP\/DIN2999)<\/td>\n<\/tr>\n<tr>\n<td style=\"font-weight: 400;\" width=\"263\">NPT(B1.20.1)<\/td>\n<\/tr>\n<tr>\n<td style=\"font-weight: 400;\" width=\"194\">presiune de lucru<\/td>\n<td style=\"font-weight: 400;\" width=\"263\">150 LBS<\/td>\n<\/tr>\n<tr>\n<td style=\"font-weight: 400;\" width=\"194\">temperatura de lucru<\/td>\n<td style=\"font-weight: 400;\" width=\"263\">\ufe6320\u2103\ufe62220\u2103<\/td>\n<\/tr>\n<tr>\n<td style=\"font-weight: 400;\" width=\"194\">Standard de inspec\u021bie<\/td>\n<td style=\"font-weight: 400;\" width=\"263\">ISO7-2, ISO4990, ISO4991<\/td>\n<\/tr>\n<tr>\n<td style=\"font-weight: 400;\" width=\"194\">Metoda de ambalare<\/td>\n<td style=\"font-weight: 400;\" width=\"263\">Pung\u0103 de plastic\uff06carton\uff06placaj tra<\/td>\n<\/tr>\n<\/tbody>\n<\/table>\n<div id=\"attachment_4706\" style=\"width: 1250px\" class=\"wp-caption alignleft\"><img loading=\"lazy\" decoding=\"async\" aria-describedby=\"caption-attachment-4706\" class=\"size-full wp-image-4706\" src=\"https:\/\/www.stvvalves.com\/wp-content\/uploads\/2019\/04\/reducing-bush-npt-stainless-steel-304-catalog.jpg\" alt=\"\" width=\"1240\" height=\"355\" srcset=\"https:\/\/www.stvvalves.com\/wp-content\/uploads\/2019\/04\/reducing-bush-npt-stainless-steel-304-catalog.jpg 1240w, https:\/\/www.stvvalves.com\/wp-content\/uploads\/2019\/04\/reducing-bush-npt-stainless-steel-304-catalog-600x172.jpg 600w, https:\/\/www.stvvalves.com\/wp-content\/uploads\/2019\/04\/reducing-bush-npt-stainless-steel-304-catalog-300x86.jpg 300w, https:\/\/www.stvvalves.com\/wp-content\/uploads\/2019\/04\/reducing-bush-npt-stainless-steel-304-catalog-768x220.jpg 768w, https:\/\/www.stvvalves.com\/wp-content\/uploads\/2019\/04\/reducing-bush-npt-stainless-steel-304-catalog-1030x295.jpg 1030w, https:\/\/www.stvvalves.com\/wp-content\/uploads\/2019\/04\/reducing-bush-npt-stainless-steel-304-catalog-705x202.jpg 705w\" sizes=\"auto, (max-width: 1240px) 100vw, 1240px\" \/><p id=\"caption-attachment-4706\" class=\"wp-caption-text\">China NPT buc\u0219\u0103 reduc\u0103toare, buc\u0219\u0103 reduc\u0103toare NPT din o\u021bel inoxidabil, buc\u0219\u0103 reduc\u0103toare NPT 150LB, buc\u0219\u0103 reduc\u0103toare 316 Produc\u0103tor Proces de produc\u021bie Turnare de precizie din o\u021bel inoxidabil<br \/>Standarde de proces ASTM A351<br \/>Tehnologia de prelucrare strung CNC<br \/>Mediu Aer, abur, kerosen, ap\u0103,\u00a0<br \/>ulei \u0219i alte fluide<br \/>materia 304,304L,316,316L<br \/>Specifica\u021bii 1\/8\u2033\u20144\u2033<br \/>Filet standard ISO7\/1 (BSP\/DIN2999)<br \/>NPT(B1.20.1)<br \/>presiune de lucru 150LBS<br \/>temperatura de lucru \ufe6320\u2103\ufe62220\u2103<br \/>Standard de inspec\u021bie ISO7-2\u3001ISO4990\u3001ISO4991<br \/>Metoda de ambalare Pung\u0103 de plastic\uff06carton\uff06placaj tra<\/p><\/div>","protected":false},"excerpt":{"rendered":"<p>Fabricat conform ISO 4144.<br \/>\nPresiune maxim\u0103 de lucru 300 psi (20 bar).<br \/>\nFiletat NPT la ANSI B2.1.<br \/>\nAplica\u021bii potrivite: ap\u0103 cald\u0103 \u0219i rece, ulei, gaz \u0219i alte medii<\/p>\n<p>STV Valve Technology Group Co., Ltd este un lider profesionist China NPT tufa de reducere, buc\u0219\u0103 de reducere NPT din o\u021bel inoxidabil, buc\u0219\u0103 de reducere NPT de 150LB, produc\u0103tor de buc\u0219\u0103 de reducere 316 cu \u00eenalt\u0103 calitate \u0219i pre\u021b competitiv.<\/p>","protected":false},"featured_media":4707,"template":"","meta":[],"product_brand":[],"product_cat":[968,966],"product_tag":[775,773,774],"class_list":{"0":"post-4705","1":"product","2":"type-product","3":"status-publish","4":"has-post-thumbnail","6":"product_cat-150lb-threaded-pipe-fitting","7":"product_cat-pipe-fitting","8":"product_tag-150lb-npt-reducing-bush","9":"product_tag-npt-reducing-bush","10":"product_tag-stainless-steel-npt-reducing-bush","12":"first","13":"instock","14":"shipping-taxable","15":"product-type-simple"},"_links":{"self":[{"href":"https:\/\/www.stvvalves.com\/ro\/wp-json\/wp\/v2\/product\/4705","targetHints":{"allow":["GET"]}}],"collection":[{"href":"https:\/\/www.stvvalves.com\/ro\/wp-json\/wp\/v2\/product"}],"about":[{"href":"https:\/\/www.stvvalves.com\/ro\/wp-json\/wp\/v2\/types\/product"}],"wp:featuredmedia":[{"embeddable":true,"href":"https:\/\/www.stvvalves.com\/ro\/wp-json\/wp\/v2\/media\/4707"}],"wp:attachment":[{"href":"https:\/\/www.stvvalves.com\/ro\/wp-json\/wp\/v2\/media?parent=4705"}],"wp:term":[{"taxonomy":"product_brand","embeddable":true,"href":"https:\/\/www.stvvalves.com\/ro\/wp-json\/wp\/v2\/product_brand?post=4705"},{"taxonomy":"product_cat","embeddable":true,"href":"https:\/\/www.stvvalves.com\/ro\/wp-json\/wp\/v2\/product_cat?post=4705"},{"taxonomy":"product_tag","embeddable":true,"href":"https:\/\/www.stvvalves.com\/ro\/wp-json\/wp\/v2\/product_tag?post=4705"}],"curies":[{"name":"wp","href":"https:\/\/api.w.org\/{rel}","templated":true}]}}